{"id":209464,"date":"2025-09-20T13:27:10","date_gmt":"2025-09-20T11:27:10","guid":{"rendered":"https:\/\/www.voustensports.com\/stone-island-polo-sweatshirt-beige-41537\/"},"modified":"2026-02-05T12:36:33","modified_gmt":"2026-02-05T11:36:33","slug":"stone-island-polo-sweatshirt-beige-41537","status":"publish","type":"product","link":"https:\/\/www.voustensports.com\/nl\/stone-island-polo-sweatshirt-beige-41537\/","title":{"rendered":"STONE ISLAND &#8211; POLO SWEATSHIRT BEIGE (41537)"},"content":{"rendered":"<div>PRODUCTDETAILS<\/div>\n<div>Polo sweatshirt van vanis\u00e9 geborstelde zware katoenen jersey. Garment dyed.<\/div>\n<div><\/div>\n<div>STIJL<\/div>\n<ul>\n<li>Onderkraag gevoerd met katoenen twill.<\/li>\n<li>Halssluiting met twee drukknopen, \u00e9\u00e9n zichtbaar en \u00e9\u00e9n verborgen.<\/li>\n<li>Inzetstukken onder de armen en aan de zijkanten.<\/li>\n<li>Stone Island-badge op de linkermouw.<\/li>\n<li>Platte manchetten en onderband.<\/li>\n<li>Normale pasvorm.<\/li>\n<\/ul>\n<div>SAMENSTELLING<\/div>\n<ul>\n<li>100% Katoen<\/li>\n<li>Stone Island nr: 6100054 0093<\/li>\n<li>ID nr: 41537<\/li>\n<\/ul>\n","protected":false},"excerpt":{"rendered":"<p>PRODUCTDETAILS Polo sweatshirt van vanis\u00e9 geborstelde zware katoenen jersey. Garment dyed. STIJL Onderkraag gevoerd met katoenen twill. Halssluiting met twee drukknopen, \u00e9\u00e9n zichtbaar en \u00e9\u00e9n verborgen. Inzetstukken onder de armen en aan de zijkanten. Stone Island-badge op de linkermouw. Platte manchetten en onderband. Normale pasvorm. SAMENSTELLING 100% Katoen Stone Island nr: 6100054 0093 ID nr: [&#8230;]\n","protected":false},"featured_media":212809,"comment_status":"open","ping_status":"closed","template":"","meta":{"rank_math_lock_modified_date":false},"product_cat":[444,448,460,476,480,532,557,692],"product_tag":[],"class_list":{"0":"post-209464","1":"product","2":"type-product","3":"status-publish","4":"has-post-thumbnail","6":"product_cat-kleding-nl","7":"product_cat-heren-nl","8":"product_cat-vousten-sports-nl","9":"product_cat-polos-nl","10":"product_cat-stone-island-nl","11":"product_cat-truien-nl","12":"product_cat-sweaters-nl","13":"product_cat-truien-vesten-nl","15":"first","16":"instock","17":"taxable","18":"shipping-taxable","19":"purchasable","20":"product-type-variable"},"acf":[],"yoast_head":"<!-- This site is optimized with the Yoast SEO plugin v23.9 - https:\/\/yoast.com\/wordpress\/plugins\/seo\/ -->\n<title>STONE ISLAND - POLO SWEATSHIRT BEIGE (41537) - Vousten Sports<\/title>\n<meta name=\"robots\" content=\"index, follow, max-snippet:-1, max-image-preview:large, max-video-preview:-1\" \/>\n<link rel=\"canonical\" href=\"https:\/\/www.voustensports.com\/nl\/stone-island-polo-sweatshirt-beige-41537\/\" \/>\n<meta property=\"og:locale\" content=\"nl_NL\" \/>\n<meta property=\"og:type\" content=\"article\" \/>\n<meta property=\"og:title\" content=\"STONE ISLAND - POLO SWEATSHIRT BEIGE (41537) - Vousten Sports\" \/>\n<meta property=\"og:description\" content=\"PRODUCTDETAILS Polo sweatshirt van vanis\u00e9 geborstelde zware katoenen jersey. Garment dyed. STIJL Onderkraag gevoerd met katoenen twill. Halssluiting met twee drukknopen, \u00e9\u00e9n zichtbaar en \u00e9\u00e9n verborgen. Inzetstukken onder de armen en aan de zijkanten. Stone Island-badge op de linkermouw. Platte manchetten en onderband. Normale pasvorm. SAMENSTELLING 100% Katoen Stone Island nr: 6100054 0093 ID nr: [...]\" \/>\n<meta property=\"og:url\" content=\"https:\/\/www.voustensports.com\/nl\/stone-island-polo-sweatshirt-beige-41537\/\" \/>\n<meta property=\"og:site_name\" content=\"Vousten Sports\" \/>\n<meta property=\"article:modified_time\" content=\"2026-02-05T11:36:33+00:00\" \/>\n<meta property=\"og:image\" content=\"https:\/\/www.voustensports.com\/wp-content\/uploads\/2023\/06\/POLO-SWEATSHIRT-BEIGE-415371.jpg\" \/>\n\t<meta property=\"og:image:width\" content=\"1365\" \/>\n\t<meta property=\"og:image:height\" content=\"2048\" \/>\n\t<meta property=\"og:image:type\" content=\"image\/jpeg\" \/>\n<meta name=\"twitter:card\" content=\"summary_large_image\" \/>\n<script type=\"application\/ld+json\" class=\"yoast-schema-graph\">{\"@context\":\"https:\/\/schema.org\",\"@graph\":[{\"@type\":\"WebPage\",\"@id\":\"https:\/\/www.voustensports.com\/nl\/stone-island-polo-sweatshirt-beige-41537\/\",\"url\":\"https:\/\/www.voustensports.com\/nl\/stone-island-polo-sweatshirt-beige-41537\/\",\"name\":\"STONE ISLAND - POLO SWEATSHIRT BEIGE (41537) - Vousten Sports\",\"isPartOf\":{\"@id\":\"https:\/\/www.voustensports.com\/nl\/#website\"},\"primaryImageOfPage\":{\"@id\":\"https:\/\/www.voustensports.com\/nl\/stone-island-polo-sweatshirt-beige-41537\/#primaryimage\"},\"image\":{\"@id\":\"https:\/\/www.voustensports.com\/nl\/stone-island-polo-sweatshirt-beige-41537\/#primaryimage\"},\"thumbnailUrl\":\"https:\/\/www.voustensports.com\/wp-content\/uploads\/2023\/06\/POLO-SWEATSHIRT-BEIGE-415371-1.jpg\",\"datePublished\":\"2025-09-20T11:27:10+00:00\",\"dateModified\":\"2026-02-05T11:36:33+00:00\",\"breadcrumb\":{\"@id\":\"https:\/\/www.voustensports.com\/nl\/stone-island-polo-sweatshirt-beige-41537\/#breadcrumb\"},\"inLanguage\":\"nl-NL\",\"potentialAction\":[{\"@type\":\"ReadAction\",\"target\":[\"https:\/\/www.voustensports.com\/nl\/stone-island-polo-sweatshirt-beige-41537\/\"]}]},{\"@type\":\"ImageObject\",\"inLanguage\":\"nl-NL\",\"@id\":\"https:\/\/www.voustensports.com\/nl\/stone-island-polo-sweatshirt-beige-41537\/#primaryimage\",\"url\":\"https:\/\/www.voustensports.com\/wp-content\/uploads\/2023\/06\/POLO-SWEATSHIRT-BEIGE-415371-1.jpg\",\"contentUrl\":\"https:\/\/www.voustensports.com\/wp-content\/uploads\/2023\/06\/POLO-SWEATSHIRT-BEIGE-415371-1.jpg\",\"width\":1365,\"height\":2048},{\"@type\":\"BreadcrumbList\",\"@id\":\"https:\/\/www.voustensports.com\/nl\/stone-island-polo-sweatshirt-beige-41537\/#breadcrumb\",\"itemListElement\":[{\"@type\":\"ListItem\",\"position\":1,\"name\":\"Home\",\"item\":\"https:\/\/www.voustensports.com\/nl\/\"},{\"@type\":\"ListItem\",\"position\":2,\"name\":\"Shop\",\"item\":\"https:\/\/www.voustensports.com\/nl\/shop\/\"},{\"@type\":\"ListItem\",\"position\":3,\"name\":\"STONE ISLAND &#8211; POLO SWEATSHIRT BEIGE (41537)\"}]},{\"@type\":\"WebSite\",\"@id\":\"https:\/\/www.voustensports.com\/nl\/#website\",\"url\":\"https:\/\/www.voustensports.com\/nl\/\",\"name\":\"Vousten Sports\",\"description\":\"\",\"potentialAction\":[{\"@type\":\"SearchAction\",\"target\":{\"@type\":\"EntryPoint\",\"urlTemplate\":\"https:\/\/www.voustensports.com\/nl\/?s={search_term_string}\"},\"query-input\":{\"@type\":\"PropertyValueSpecification\",\"valueRequired\":true,\"valueName\":\"search_term_string\"}}],\"inLanguage\":\"nl-NL\"}]}<\/script>\n<!-- \/ Yoast SEO plugin. -->","yoast_head_json":{"title":"STONE ISLAND - POLO SWEATSHIRT BEIGE (41537) - Vousten Sports","robots":{"index":"index","follow":"follow","max-snippet":"max-snippet:-1","max-image-preview":"max-image-preview:large","max-video-preview":"max-video-preview:-1"},"canonical":"https:\/\/www.voustensports.com\/nl\/stone-island-polo-sweatshirt-beige-41537\/","og_locale":"nl_NL","og_type":"article","og_title":"STONE ISLAND - POLO SWEATSHIRT BEIGE (41537) - Vousten Sports","og_description":"PRODUCTDETAILS Polo sweatshirt van vanis\u00e9 geborstelde zware katoenen jersey. Garment dyed. STIJL Onderkraag gevoerd met katoenen twill. Halssluiting met twee drukknopen, \u00e9\u00e9n zichtbaar en \u00e9\u00e9n verborgen. Inzetstukken onder de armen en aan de zijkanten. Stone Island-badge op de linkermouw. Platte manchetten en onderband. Normale pasvorm. SAMENSTELLING 100% Katoen Stone Island nr: 6100054 0093 ID nr: [...]","og_url":"https:\/\/www.voustensports.com\/nl\/stone-island-polo-sweatshirt-beige-41537\/","og_site_name":"Vousten Sports","article_modified_time":"2026-02-05T11:36:33+00:00","og_image":[{"width":1365,"height":2048,"url":"https:\/\/www.voustensports.com\/wp-content\/uploads\/2023\/06\/POLO-SWEATSHIRT-BEIGE-415371.jpg","type":"image\/jpeg"}],"twitter_card":"summary_large_image","schema":{"@context":"https:\/\/schema.org","@graph":[{"@type":"WebPage","@id":"https:\/\/www.voustensports.com\/nl\/stone-island-polo-sweatshirt-beige-41537\/","url":"https:\/\/www.voustensports.com\/nl\/stone-island-polo-sweatshirt-beige-41537\/","name":"STONE ISLAND - POLO SWEATSHIRT BEIGE (41537) - Vousten Sports","isPartOf":{"@id":"https:\/\/www.voustensports.com\/nl\/#website"},"primaryImageOfPage":{"@id":"https:\/\/www.voustensports.com\/nl\/stone-island-polo-sweatshirt-beige-41537\/#primaryimage"},"image":{"@id":"https:\/\/www.voustensports.com\/nl\/stone-island-polo-sweatshirt-beige-41537\/#primaryimage"},"thumbnailUrl":"https:\/\/www.voustensports.com\/wp-content\/uploads\/2023\/06\/POLO-SWEATSHIRT-BEIGE-415371-1.jpg","datePublished":"2025-09-20T11:27:10+00:00","dateModified":"2026-02-05T11:36:33+00:00","breadcrumb":{"@id":"https:\/\/www.voustensports.com\/nl\/stone-island-polo-sweatshirt-beige-41537\/#breadcrumb"},"inLanguage":"nl-NL","potentialAction":[{"@type":"ReadAction","target":["https:\/\/www.voustensports.com\/nl\/stone-island-polo-sweatshirt-beige-41537\/"]}]},{"@type":"ImageObject","inLanguage":"nl-NL","@id":"https:\/\/www.voustensports.com\/nl\/stone-island-polo-sweatshirt-beige-41537\/#primaryimage","url":"https:\/\/www.voustensports.com\/wp-content\/uploads\/2023\/06\/POLO-SWEATSHIRT-BEIGE-415371-1.jpg","contentUrl":"https:\/\/www.voustensports.com\/wp-content\/uploads\/2023\/06\/POLO-SWEATSHIRT-BEIGE-415371-1.jpg","width":1365,"height":2048},{"@type":"BreadcrumbList","@id":"https:\/\/www.voustensports.com\/nl\/stone-island-polo-sweatshirt-beige-41537\/#breadcrumb","itemListElement":[{"@type":"ListItem","position":1,"name":"Home","item":"https:\/\/www.voustensports.com\/nl\/"},{"@type":"ListItem","position":2,"name":"Shop","item":"https:\/\/www.voustensports.com\/nl\/shop\/"},{"@type":"ListItem","position":3,"name":"STONE ISLAND &#8211; POLO SWEATSHIRT BEIGE (41537)"}]},{"@type":"WebSite","@id":"https:\/\/www.voustensports.com\/nl\/#website","url":"https:\/\/www.voustensports.com\/nl\/","name":"Vousten Sports","description":"","potentialAction":[{"@type":"SearchAction","target":{"@type":"EntryPoint","urlTemplate":"https:\/\/www.voustensports.com\/nl\/?s={search_term_string}"},"query-input":{"@type":"PropertyValueSpecification","valueRequired":true,"valueName":"search_term_string"}}],"inLanguage":"nl-NL"}]}},"_links":{"self":[{"href":"https:\/\/www.voustensports.com\/nl\/wp-json\/wp\/v2\/product\/209464","targetHints":{"allow":["GET"]}}],"collection":[{"href":"https:\/\/www.voustensports.com\/nl\/wp-json\/wp\/v2\/product"}],"about":[{"href":"https:\/\/www.voustensports.com\/nl\/wp-json\/wp\/v2\/types\/product"}],"replies":[{"embeddable":true,"href":"https:\/\/www.voustensports.com\/nl\/wp-json\/wp\/v2\/comments?post=209464"}],"wp:featuredmedia":[{"embeddable":true,"href":"https:\/\/www.voustensports.com\/nl\/wp-json\/wp\/v2\/media\/212809"}],"wp:attachment":[{"href":"https:\/\/www.voustensports.com\/nl\/wp-json\/wp\/v2\/media?parent=209464"}],"wp:term":[{"taxonomy":"product_cat","embeddable":true,"href":"https:\/\/www.voustensports.com\/nl\/wp-json\/wp\/v2\/product_cat?post=209464"},{"taxonomy":"product_tag","embeddable":true,"href":"https:\/\/www.voustensports.com\/nl\/wp-json\/wp\/v2\/product_tag?post=209464"}],"curies":[{"name":"wp","href":"https:\/\/api.w.org\/{rel}","templated":true}]}}