{"id":163420,"date":"2023-12-13T21:46:16","date_gmt":"2023-12-13T20:46:16","guid":{"rendered":"https:\/\/www.voustensports.com\/valenza-t-shirt-tea-rose-38635\/"},"modified":"2026-02-16T05:09:09","modified_gmt":"2026-02-16T04:09:09","slug":"valenza-t-shirt-tea-rose-38635","status":"publish","type":"product","link":"https:\/\/www.voustensports.com\/nl\/valenza-t-shirt-tea-rose-38635\/","title":{"rendered":"VALENZA &#8211; T-shirt tea rose (38635)"},"content":{"rendered":"<ul>\n<li>Getailleerd T-shirt<\/li>\n<li>Glans effect<\/li>\n<li>Kies een maat groter voor een oversized look<\/li>\n<li>Ronde hals<\/li>\n<li>Interlock Supima-katoen<\/li>\n<li>Materiaal: 100% katoen<\/li>\n<li>Gewicht: 190 g\/m\u00b2<\/li>\n<li>Etiketten van gerecycled katoen<\/li>\n<li>Hangtags van gerecycled papier<\/li>\n<li>Made in Itali\u00eb<\/li>\n<\/ul>\n<div><\/div>\n<div>Geproduceerd in Marche, Itali\u00eb. Gecertificeerd 100% gemaakt in Itali\u00eb, volgens ambachtelijke procedures.<\/div>\n","protected":false},"excerpt":{"rendered":"<p>Getailleerd T-shirt Glans effect Kies een maat groter voor een oversized look Ronde hals Interlock Supima-katoen Materiaal: 100% katoen Gewicht: 190 g\/m\u00b2 Etiketten van gerecycled katoen Hangtags van gerecycled papier Made in Itali\u00eb Geproduceerd in Marche, Itali\u00eb. Gecertificeerd 100% gemaakt in Itali\u00eb, volgens ambachtelijke procedures.<\/p>\n","protected":false},"featured_media":163400,"comment_status":"open","ping_status":"closed","template":"","meta":{"rank_math_lock_modified_date":false},"product_cat":[488,776,444,448,460],"product_tag":[],"class_list":{"0":"post-163420","1":"product","2":"type-product","3":"status-publish","4":"has-post-thumbnail","6":"product_cat-t-shirts-nl","7":"product_cat-valenza-nl","8":"product_cat-kleding-nl","9":"product_cat-heren-nl","10":"product_cat-vousten-sports-nl","12":"first","13":"instock","14":"taxable","15":"shipping-taxable","16":"purchasable","17":"product-type-variable"},"acf":[],"yoast_head":"<!-- This site is optimized with the Yoast SEO plugin v23.9 - https:\/\/yoast.com\/wordpress\/plugins\/seo\/ -->\n<title>VALENZA - T-shirt tea rose (38635) - Vousten Sports<\/title>\n<meta name=\"robots\" content=\"index, follow, max-snippet:-1, max-image-preview:large, max-video-preview:-1\" \/>\n<link rel=\"canonical\" href=\"https:\/\/www.voustensports.com\/nl\/valenza-t-shirt-tea-rose-38635\/\" \/>\n<meta property=\"og:locale\" content=\"nl_NL\" \/>\n<meta property=\"og:type\" content=\"article\" \/>\n<meta property=\"og:title\" content=\"VALENZA - T-shirt tea rose (38635) - Vousten Sports\" \/>\n<meta property=\"og:description\" content=\"Getailleerd T-shirt Glans effect Kies een maat groter voor een oversized look Ronde hals Interlock Supima-katoen Materiaal: 100% katoen Gewicht: 190 g\/m\u00b2 Etiketten van gerecycled katoen Hangtags van gerecycled papier Made in Itali\u00eb Geproduceerd in Marche, Itali\u00eb. Gecertificeerd 100% gemaakt in Itali\u00eb, volgens ambachtelijke procedures.\" \/>\n<meta property=\"og:url\" content=\"https:\/\/www.voustensports.com\/nl\/valenza-t-shirt-tea-rose-38635\/\" \/>\n<meta property=\"og:site_name\" content=\"Vousten Sports\" \/>\n<meta property=\"article:modified_time\" content=\"2026-02-16T04:09:09+00:00\" \/>\n<meta property=\"og:image\" content=\"https:\/\/www.voustensports.com\/wp-content\/uploads\/2023\/06\/VALENZA-T-shirt-tea-rose-38635.png\" \/>\n\t<meta property=\"og:image:width\" content=\"1875\" \/>\n\t<meta property=\"og:image:height\" content=\"2500\" \/>\n\t<meta property=\"og:image:type\" content=\"image\/png\" \/>\n<meta name=\"twitter:card\" content=\"summary_large_image\" \/>\n<script type=\"application\/ld+json\" class=\"yoast-schema-graph\">{\"@context\":\"https:\/\/schema.org\",\"@graph\":[{\"@type\":\"WebPage\",\"@id\":\"https:\/\/www.voustensports.com\/nl\/valenza-t-shirt-tea-rose-38635\/\",\"url\":\"https:\/\/www.voustensports.com\/nl\/valenza-t-shirt-tea-rose-38635\/\",\"name\":\"VALENZA - T-shirt tea rose (38635) - Vousten Sports\",\"isPartOf\":{\"@id\":\"https:\/\/www.voustensports.com\/nl\/#website\"},\"primaryImageOfPage\":{\"@id\":\"https:\/\/www.voustensports.com\/nl\/valenza-t-shirt-tea-rose-38635\/#primaryimage\"},\"image\":{\"@id\":\"https:\/\/www.voustensports.com\/nl\/valenza-t-shirt-tea-rose-38635\/#primaryimage\"},\"thumbnailUrl\":\"https:\/\/www.voustensports.com\/wp-content\/uploads\/2023\/06\/VALENZA-T-shirt-tea-rose-38635.png\",\"datePublished\":\"2023-12-13T20:46:16+00:00\",\"dateModified\":\"2026-02-16T04:09:09+00:00\",\"breadcrumb\":{\"@id\":\"https:\/\/www.voustensports.com\/nl\/valenza-t-shirt-tea-rose-38635\/#breadcrumb\"},\"inLanguage\":\"nl-NL\",\"potentialAction\":[{\"@type\":\"ReadAction\",\"target\":[\"https:\/\/www.voustensports.com\/nl\/valenza-t-shirt-tea-rose-38635\/\"]}]},{\"@type\":\"ImageObject\",\"inLanguage\":\"nl-NL\",\"@id\":\"https:\/\/www.voustensports.com\/nl\/valenza-t-shirt-tea-rose-38635\/#primaryimage\",\"url\":\"https:\/\/www.voustensports.com\/wp-content\/uploads\/2023\/06\/VALENZA-T-shirt-tea-rose-38635.png\",\"contentUrl\":\"https:\/\/www.voustensports.com\/wp-content\/uploads\/2023\/06\/VALENZA-T-shirt-tea-rose-38635.png\",\"width\":1875,\"height\":2500},{\"@type\":\"BreadcrumbList\",\"@id\":\"https:\/\/www.voustensports.com\/nl\/valenza-t-shirt-tea-rose-38635\/#breadcrumb\",\"itemListElement\":[{\"@type\":\"ListItem\",\"position\":1,\"name\":\"Home\",\"item\":\"https:\/\/www.voustensports.com\/nl\/\"},{\"@type\":\"ListItem\",\"position\":2,\"name\":\"Shop\",\"item\":\"https:\/\/www.voustensports.com\/nl\/shop\/\"},{\"@type\":\"ListItem\",\"position\":3,\"name\":\"VALENZA &#8211; T-shirt tea rose (38635)\"}]},{\"@type\":\"WebSite\",\"@id\":\"https:\/\/www.voustensports.com\/nl\/#website\",\"url\":\"https:\/\/www.voustensports.com\/nl\/\",\"name\":\"Vousten Sports\",\"description\":\"\",\"potentialAction\":[{\"@type\":\"SearchAction\",\"target\":{\"@type\":\"EntryPoint\",\"urlTemplate\":\"https:\/\/www.voustensports.com\/nl\/?s={search_term_string}\"},\"query-input\":{\"@type\":\"PropertyValueSpecification\",\"valueRequired\":true,\"valueName\":\"search_term_string\"}}],\"inLanguage\":\"nl-NL\"}]}<\/script>\n<!-- \/ Yoast SEO plugin. -->","yoast_head_json":{"title":"VALENZA - T-shirt tea rose (38635) - Vousten Sports","robots":{"index":"index","follow":"follow","max-snippet":"max-snippet:-1","max-image-preview":"max-image-preview:large","max-video-preview":"max-video-preview:-1"},"canonical":"https:\/\/www.voustensports.com\/nl\/valenza-t-shirt-tea-rose-38635\/","og_locale":"nl_NL","og_type":"article","og_title":"VALENZA - T-shirt tea rose (38635) - Vousten Sports","og_description":"Getailleerd T-shirt Glans effect Kies een maat groter voor een oversized look Ronde hals Interlock Supima-katoen Materiaal: 100% katoen Gewicht: 190 g\/m\u00b2 Etiketten van gerecycled katoen Hangtags van gerecycled papier Made in Itali\u00eb Geproduceerd in Marche, Itali\u00eb. Gecertificeerd 100% gemaakt in Itali\u00eb, volgens ambachtelijke procedures.","og_url":"https:\/\/www.voustensports.com\/nl\/valenza-t-shirt-tea-rose-38635\/","og_site_name":"Vousten Sports","article_modified_time":"2026-02-16T04:09:09+00:00","og_image":[{"width":1875,"height":2500,"url":"https:\/\/www.voustensports.com\/wp-content\/uploads\/2023\/06\/VALENZA-T-shirt-tea-rose-38635.png","type":"image\/png"}],"twitter_card":"summary_large_image","schema":{"@context":"https:\/\/schema.org","@graph":[{"@type":"WebPage","@id":"https:\/\/www.voustensports.com\/nl\/valenza-t-shirt-tea-rose-38635\/","url":"https:\/\/www.voustensports.com\/nl\/valenza-t-shirt-tea-rose-38635\/","name":"VALENZA - T-shirt tea rose (38635) - Vousten Sports","isPartOf":{"@id":"https:\/\/www.voustensports.com\/nl\/#website"},"primaryImageOfPage":{"@id":"https:\/\/www.voustensports.com\/nl\/valenza-t-shirt-tea-rose-38635\/#primaryimage"},"image":{"@id":"https:\/\/www.voustensports.com\/nl\/valenza-t-shirt-tea-rose-38635\/#primaryimage"},"thumbnailUrl":"https:\/\/www.voustensports.com\/wp-content\/uploads\/2023\/06\/VALENZA-T-shirt-tea-rose-38635.png","datePublished":"2023-12-13T20:46:16+00:00","dateModified":"2026-02-16T04:09:09+00:00","breadcrumb":{"@id":"https:\/\/www.voustensports.com\/nl\/valenza-t-shirt-tea-rose-38635\/#breadcrumb"},"inLanguage":"nl-NL","potentialAction":[{"@type":"ReadAction","target":["https:\/\/www.voustensports.com\/nl\/valenza-t-shirt-tea-rose-38635\/"]}]},{"@type":"ImageObject","inLanguage":"nl-NL","@id":"https:\/\/www.voustensports.com\/nl\/valenza-t-shirt-tea-rose-38635\/#primaryimage","url":"https:\/\/www.voustensports.com\/wp-content\/uploads\/2023\/06\/VALENZA-T-shirt-tea-rose-38635.png","contentUrl":"https:\/\/www.voustensports.com\/wp-content\/uploads\/2023\/06\/VALENZA-T-shirt-tea-rose-38635.png","width":1875,"height":2500},{"@type":"BreadcrumbList","@id":"https:\/\/www.voustensports.com\/nl\/valenza-t-shirt-tea-rose-38635\/#breadcrumb","itemListElement":[{"@type":"ListItem","position":1,"name":"Home","item":"https:\/\/www.voustensports.com\/nl\/"},{"@type":"ListItem","position":2,"name":"Shop","item":"https:\/\/www.voustensports.com\/nl\/shop\/"},{"@type":"ListItem","position":3,"name":"VALENZA &#8211; T-shirt tea rose (38635)"}]},{"@type":"WebSite","@id":"https:\/\/www.voustensports.com\/nl\/#website","url":"https:\/\/www.voustensports.com\/nl\/","name":"Vousten Sports","description":"","potentialAction":[{"@type":"SearchAction","target":{"@type":"EntryPoint","urlTemplate":"https:\/\/www.voustensports.com\/nl\/?s={search_term_string}"},"query-input":{"@type":"PropertyValueSpecification","valueRequired":true,"valueName":"search_term_string"}}],"inLanguage":"nl-NL"}]}},"_links":{"self":[{"href":"https:\/\/www.voustensports.com\/nl\/wp-json\/wp\/v2\/product\/163420","targetHints":{"allow":["GET"]}}],"collection":[{"href":"https:\/\/www.voustensports.com\/nl\/wp-json\/wp\/v2\/product"}],"about":[{"href":"https:\/\/www.voustensports.com\/nl\/wp-json\/wp\/v2\/types\/product"}],"replies":[{"embeddable":true,"href":"https:\/\/www.voustensports.com\/nl\/wp-json\/wp\/v2\/comments?post=163420"}],"wp:featuredmedia":[{"embeddable":true,"href":"https:\/\/www.voustensports.com\/nl\/wp-json\/wp\/v2\/media\/163400"}],"wp:attachment":[{"href":"https:\/\/www.voustensports.com\/nl\/wp-json\/wp\/v2\/media?parent=163420"}],"wp:term":[{"taxonomy":"product_cat","embeddable":true,"href":"https:\/\/www.voustensports.com\/nl\/wp-json\/wp\/v2\/product_cat?post=163420"},{"taxonomy":"product_tag","embeddable":true,"href":"https:\/\/www.voustensports.com\/nl\/wp-json\/wp\/v2\/product_tag?post=163420"}],"curies":[{"name":"wp","href":"https:\/\/api.w.org\/{rel}","templated":true}]}}