{"id":36845,"date":"2023-10-22T17:42:19","date_gmt":"2023-10-22T15:42:19","guid":{"rendered":"https:\/\/www.voustensports.com\/product\/stone-island-down-ghost-piece_o-ventile-37875\/"},"modified":"2026-02-05T12:06:22","modified_gmt":"2026-02-05T11:06:22","slug":"stone-island-down-ghost-piece_o-ventile-37875","status":"publish","type":"product","link":"https:\/\/www.voustensports.com\/fr\/stone-island-down-ghost-piece_o-ventile-37875\/","title":{"rendered":"STONE ISLAND &#8211; DOWN GHOST PIECE_O-VENTILE\u00ae (37875)"},"content":{"rendered":"<p>RECHERCHE ET TRAITEMENT DES TISSUS<br \/>\nSTONE ISLAND GHOST PIECE_O-VENTILE\u00ae DOWN : Les pi\u00e8ces Ghost sont bas\u00e9es sur le concept de camouflage et sont totalement monochromes. M\u00eame leur badge Stone Island a \u00e9t\u00e9 cr\u00e9\u00e9 dans une version sp\u00e9ciale monochrome pour se fondre avec le v\u00eatement. Gilet en O-Ventile, une version 100% biologique du Ventile\u00ae. D\u00e9velopp\u00e9 au Royaume-Uni \u00e0 partir des meilleures fibres de coton \u00e0 fibres longues, il n&rsquo;est ni enduit ni lamin\u00e9. La combinaison d&rsquo;un tissage dense et des propri\u00e9t\u00e9s de gonflement de la fibre lorsqu&rsquo;elle est mouill\u00e9e offre une excellente barri\u00e8re toutes saisons. Ventile\u00ae est un produit enti\u00e8rement naturel offrant un niveau de confort et de toucher unique. Il est coupe-vent, respirant et tr\u00e8s r\u00e9sistant. La version bio conserve toutes les qualit\u00e9s originales du tissu. Coutures thermosoud\u00e9es pour une protection suppl\u00e9mentaire. Le v\u00eatement est rembourr\u00e9 de plumes de qualit\u00e9 sup\u00e9rieure. Certifi\u00e9 RDS &#8211; Responsible Down Standard.<\/p>\n<p>STYLE<br \/>\nCol montant rembourr\u00e9. Emmanchure avec empi\u00e8cement int\u00e9rieur \u00e9lastiqu\u00e9. Deux poches plaqu\u00e9es poitrine plac\u00e9es en diagonale, avec rabat fixe surpiqu\u00e9 dissimulant la fermeture zipp\u00e9e. Poches repose-mains en biais avec fermeture zipp\u00e9e. Empi\u00e8cement au dos. Fermeture zipp\u00e9e \u00e0 double curseur, sous patte maintenue par des boutons-pression cach\u00e9s. Badge Stone Island Ghost en bas \u00e0 gauche.<\/p>\n<p>COMPOSITION<br \/>\nTissu ext\u00e9rieur : 100% Coton<br \/>\nDoublure : 100% Polyamide \/ Nylon<br \/>\nRembourrage (plume) : duvet de canard (minimum 80 % duvet) 80 % duvet de canard, 20 % PLUME DE CANARD<br \/>\nContient des parties non textiles d&rsquo;origine animale<\/p>\n","protected":false},"excerpt":{"rendered":"<p>RECHERCHE ET TRAITEMENT DES TISSUS STONE ISLAND GHOST PIECE_O-VENTILE\u00ae DOWN : Les pi\u00e8ces Ghost sont bas\u00e9es sur le concept de camouflage et sont totalement monochromes. M\u00eame leur badge Stone Island a \u00e9t\u00e9 cr\u00e9\u00e9 dans une version sp\u00e9ciale monochrome pour se fondre avec le v\u00eatement. Gilet en O-Ventile, une version 100% biologique du Ventile\u00ae. D\u00e9velopp\u00e9 au [&#8230;]\n","protected":false},"featured_media":37953,"comment_status":"open","ping_status":"closed","template":"","meta":{"rank_math_lock_modified_date":false},"product_cat":[743,822,843,446,450,462,482,542,701,705],"product_tag":[],"class_list":{"0":"post-36845","1":"product","2":"type-product","3":"status-publish","4":"has-post-thumbnail","6":"product_cat-bodywarmers-fr","7":"product_cat-bodywarmer-fr","8":"product_cat-stone-presale-23-fr","9":"product_cat-kleding-fr","10":"product_cat-heren-fr","11":"product_cat-vousten-sports-fr-2","12":"product_cat-stone-island-fr-2","13":"product_cat-jassen-fr","14":"product_cat-jackets-fr","15":"product_cat-jassen-jacks-fr","17":"first","18":"outofstock","19":"taxable","20":"shipping-taxable","21":"purchasable","22":"product-type-variable"},"acf":[],"yoast_head":"<!-- This site is optimized with the Yoast SEO plugin v23.9 - https:\/\/yoast.com\/wordpress\/plugins\/seo\/ -->\n<title>STONE ISLAND - DOWN GHOST PIECE_O-VENTILE\u00ae (37875) - Vousten Sports<\/title>\n<meta name=\"robots\" content=\"index, follow, max-snippet:-1, max-image-preview:large, max-video-preview:-1\" \/>\n<link rel=\"canonical\" href=\"https:\/\/www.voustensports.com\/fr\/stone-island-down-ghost-piece_o-ventile-37875\/\" \/>\n<meta property=\"og:locale\" content=\"fr_FR\" \/>\n<meta property=\"og:type\" content=\"article\" \/>\n<meta property=\"og:title\" content=\"STONE ISLAND - DOWN GHOST PIECE_O-VENTILE\u00ae (37875) - Vousten Sports\" \/>\n<meta property=\"og:description\" content=\"RECHERCHE ET TRAITEMENT DES TISSUS STONE ISLAND GHOST PIECE_O-VENTILE\u00ae DOWN : Les pi\u00e8ces Ghost sont bas\u00e9es sur le concept de camouflage et sont totalement monochromes. M\u00eame leur badge Stone Island a \u00e9t\u00e9 cr\u00e9\u00e9 dans une version sp\u00e9ciale monochrome pour se fondre avec le v\u00eatement. Gilet en O-Ventile, une version 100% biologique du Ventile\u00ae. D\u00e9velopp\u00e9 au [...]\" \/>\n<meta property=\"og:url\" content=\"https:\/\/www.voustensports.com\/fr\/stone-island-down-ghost-piece_o-ventile-37875\/\" \/>\n<meta property=\"og:site_name\" content=\"Vousten Sports\" \/>\n<meta property=\"article:modified_time\" content=\"2026-02-05T11:06:22+00:00\" \/>\n<meta property=\"og:image\" content=\"https:\/\/www.voustensports.com\/wp-content\/uploads\/2023\/06\/DSCF4533.png\" \/>\n\t<meta property=\"og:image:width\" content=\"1365\" \/>\n\t<meta property=\"og:image:height\" content=\"2048\" \/>\n\t<meta property=\"og:image:type\" content=\"image\/png\" \/>\n<meta name=\"twitter:card\" content=\"summary_large_image\" \/>\n<meta name=\"twitter:label1\" content=\"Est. reading time\" \/>\n\t<meta name=\"twitter:data1\" content=\"1 minute\" \/>\n<script type=\"application\/ld+json\" class=\"yoast-schema-graph\">{\"@context\":\"https:\/\/schema.org\",\"@graph\":[{\"@type\":\"WebPage\",\"@id\":\"https:\/\/www.voustensports.com\/fr\/stone-island-down-ghost-piece_o-ventile-37875\/\",\"url\":\"https:\/\/www.voustensports.com\/fr\/stone-island-down-ghost-piece_o-ventile-37875\/\",\"name\":\"STONE ISLAND - DOWN GHOST PIECE_O-VENTILE\u00ae (37875) - Vousten Sports\",\"isPartOf\":{\"@id\":\"https:\/\/www.voustensports.com\/nl\/#website\"},\"primaryImageOfPage\":{\"@id\":\"https:\/\/www.voustensports.com\/fr\/stone-island-down-ghost-piece_o-ventile-37875\/#primaryimage\"},\"image\":{\"@id\":\"https:\/\/www.voustensports.com\/fr\/stone-island-down-ghost-piece_o-ventile-37875\/#primaryimage\"},\"thumbnailUrl\":\"https:\/\/www.voustensports.com\/wp-content\/uploads\/2023\/06\/DSCF4533.png\",\"datePublished\":\"2023-10-22T15:42:19+00:00\",\"dateModified\":\"2026-02-05T11:06:22+00:00\",\"breadcrumb\":{\"@id\":\"https:\/\/www.voustensports.com\/fr\/stone-island-down-ghost-piece_o-ventile-37875\/#breadcrumb\"},\"inLanguage\":\"fr-FR\",\"potentialAction\":[{\"@type\":\"ReadAction\",\"target\":[\"https:\/\/www.voustensports.com\/fr\/stone-island-down-ghost-piece_o-ventile-37875\/\"]}]},{\"@type\":\"ImageObject\",\"inLanguage\":\"fr-FR\",\"@id\":\"https:\/\/www.voustensports.com\/fr\/stone-island-down-ghost-piece_o-ventile-37875\/#primaryimage\",\"url\":\"https:\/\/www.voustensports.com\/wp-content\/uploads\/2023\/06\/DSCF4533.png\",\"contentUrl\":\"https:\/\/www.voustensports.com\/wp-content\/uploads\/2023\/06\/DSCF4533.png\",\"width\":1365,\"height\":2048},{\"@type\":\"BreadcrumbList\",\"@id\":\"https:\/\/www.voustensports.com\/fr\/stone-island-down-ghost-piece_o-ventile-37875\/#breadcrumb\",\"itemListElement\":[{\"@type\":\"ListItem\",\"position\":1,\"name\":\"Home\",\"item\":\"https:\/\/www.voustensports.com\/fr\/\"},{\"@type\":\"ListItem\",\"position\":2,\"name\":\"Boutique\",\"item\":\"https:\/\/www.voustensports.com\/fr\/shop\/\"},{\"@type\":\"ListItem\",\"position\":3,\"name\":\"STONE ISLAND &#8211; DOWN GHOST PIECE_O-VENTILE\u00ae (37875)\"}]},{\"@type\":\"WebSite\",\"@id\":\"https:\/\/www.voustensports.com\/nl\/#website\",\"url\":\"https:\/\/www.voustensports.com\/nl\/\",\"name\":\"Vousten Sports\",\"description\":\"\",\"potentialAction\":[{\"@type\":\"SearchAction\",\"target\":{\"@type\":\"EntryPoint\",\"urlTemplate\":\"https:\/\/www.voustensports.com\/nl\/?s={search_term_string}\"},\"query-input\":{\"@type\":\"PropertyValueSpecification\",\"valueRequired\":true,\"valueName\":\"search_term_string\"}}],\"inLanguage\":\"fr-FR\"}]}<\/script>\n<!-- \/ Yoast SEO plugin. -->","yoast_head_json":{"title":"STONE ISLAND - DOWN GHOST PIECE_O-VENTILE\u00ae (37875) - Vousten Sports","robots":{"index":"index","follow":"follow","max-snippet":"max-snippet:-1","max-image-preview":"max-image-preview:large","max-video-preview":"max-video-preview:-1"},"canonical":"https:\/\/www.voustensports.com\/fr\/stone-island-down-ghost-piece_o-ventile-37875\/","og_locale":"fr_FR","og_type":"article","og_title":"STONE ISLAND - DOWN GHOST PIECE_O-VENTILE\u00ae (37875) - Vousten Sports","og_description":"RECHERCHE ET TRAITEMENT DES TISSUS STONE ISLAND GHOST PIECE_O-VENTILE\u00ae DOWN : Les pi\u00e8ces Ghost sont bas\u00e9es sur le concept de camouflage et sont totalement monochromes. M\u00eame leur badge Stone Island a \u00e9t\u00e9 cr\u00e9\u00e9 dans une version sp\u00e9ciale monochrome pour se fondre avec le v\u00eatement. Gilet en O-Ventile, une version 100% biologique du Ventile\u00ae. D\u00e9velopp\u00e9 au [...]","og_url":"https:\/\/www.voustensports.com\/fr\/stone-island-down-ghost-piece_o-ventile-37875\/","og_site_name":"Vousten Sports","article_modified_time":"2026-02-05T11:06:22+00:00","og_image":[{"width":1365,"height":2048,"url":"https:\/\/www.voustensports.com\/wp-content\/uploads\/2023\/06\/DSCF4533.png","type":"image\/png"}],"twitter_card":"summary_large_image","twitter_misc":{"Est. reading time":"1 minute"},"schema":{"@context":"https:\/\/schema.org","@graph":[{"@type":"WebPage","@id":"https:\/\/www.voustensports.com\/fr\/stone-island-down-ghost-piece_o-ventile-37875\/","url":"https:\/\/www.voustensports.com\/fr\/stone-island-down-ghost-piece_o-ventile-37875\/","name":"STONE ISLAND - DOWN GHOST PIECE_O-VENTILE\u00ae (37875) - Vousten Sports","isPartOf":{"@id":"https:\/\/www.voustensports.com\/nl\/#website"},"primaryImageOfPage":{"@id":"https:\/\/www.voustensports.com\/fr\/stone-island-down-ghost-piece_o-ventile-37875\/#primaryimage"},"image":{"@id":"https:\/\/www.voustensports.com\/fr\/stone-island-down-ghost-piece_o-ventile-37875\/#primaryimage"},"thumbnailUrl":"https:\/\/www.voustensports.com\/wp-content\/uploads\/2023\/06\/DSCF4533.png","datePublished":"2023-10-22T15:42:19+00:00","dateModified":"2026-02-05T11:06:22+00:00","breadcrumb":{"@id":"https:\/\/www.voustensports.com\/fr\/stone-island-down-ghost-piece_o-ventile-37875\/#breadcrumb"},"inLanguage":"fr-FR","potentialAction":[{"@type":"ReadAction","target":["https:\/\/www.voustensports.com\/fr\/stone-island-down-ghost-piece_o-ventile-37875\/"]}]},{"@type":"ImageObject","inLanguage":"fr-FR","@id":"https:\/\/www.voustensports.com\/fr\/stone-island-down-ghost-piece_o-ventile-37875\/#primaryimage","url":"https:\/\/www.voustensports.com\/wp-content\/uploads\/2023\/06\/DSCF4533.png","contentUrl":"https:\/\/www.voustensports.com\/wp-content\/uploads\/2023\/06\/DSCF4533.png","width":1365,"height":2048},{"@type":"BreadcrumbList","@id":"https:\/\/www.voustensports.com\/fr\/stone-island-down-ghost-piece_o-ventile-37875\/#breadcrumb","itemListElement":[{"@type":"ListItem","position":1,"name":"Home","item":"https:\/\/www.voustensports.com\/fr\/"},{"@type":"ListItem","position":2,"name":"Boutique","item":"https:\/\/www.voustensports.com\/fr\/shop\/"},{"@type":"ListItem","position":3,"name":"STONE ISLAND &#8211; DOWN GHOST PIECE_O-VENTILE\u00ae (37875)"}]},{"@type":"WebSite","@id":"https:\/\/www.voustensports.com\/nl\/#website","url":"https:\/\/www.voustensports.com\/nl\/","name":"Vousten Sports","description":"","potentialAction":[{"@type":"SearchAction","target":{"@type":"EntryPoint","urlTemplate":"https:\/\/www.voustensports.com\/nl\/?s={search_term_string}"},"query-input":{"@type":"PropertyValueSpecification","valueRequired":true,"valueName":"search_term_string"}}],"inLanguage":"fr-FR"}]}},"_links":{"self":[{"href":"https:\/\/www.voustensports.com\/fr\/wp-json\/wp\/v2\/product\/36845","targetHints":{"allow":["GET"]}}],"collection":[{"href":"https:\/\/www.voustensports.com\/fr\/wp-json\/wp\/v2\/product"}],"about":[{"href":"https:\/\/www.voustensports.com\/fr\/wp-json\/wp\/v2\/types\/product"}],"replies":[{"embeddable":true,"href":"https:\/\/www.voustensports.com\/fr\/wp-json\/wp\/v2\/comments?post=36845"}],"wp:featuredmedia":[{"embeddable":true,"href":"https:\/\/www.voustensports.com\/fr\/wp-json\/wp\/v2\/media\/37953"}],"wp:attachment":[{"href":"https:\/\/www.voustensports.com\/fr\/wp-json\/wp\/v2\/media?parent=36845"}],"wp:term":[{"taxonomy":"product_cat","embeddable":true,"href":"https:\/\/www.voustensports.com\/fr\/wp-json\/wp\/v2\/product_cat?post=36845"},{"taxonomy":"product_tag","embeddable":true,"href":"https:\/\/www.voustensports.com\/fr\/wp-json\/wp\/v2\/product_tag?post=36845"}],"curies":[{"name":"wp","href":"https:\/\/api.w.org\/{rel}","templated":true}]}}