{"id":35464,"date":"2023-10-22T13:30:16","date_gmt":"2023-10-22T11:30:16","guid":{"rendered":"https:\/\/www.voustensports.com\/product\/damico-croco-cognac-20233-2\/"},"modified":"2026-03-29T01:03:05","modified_gmt":"2026-03-29T00:03:05","slug":"damico-croco-cognac-20233-2","status":"publish","type":"product","link":"https:\/\/www.voustensports.com\/fr\/damico-croco-cognac-20233-2\/","title":{"rendered":"D&#8217;Amico Croco Cognac (20233)"},"content":{"rendered":"<p>Est une ceinture de croco unique par Andrea D&rsquo;Amico avec une longueur de 115\/130 cm.<\/p>\n<ul>\n<li>Largeur de la ceinture: 3,5 cm<\/li>\n<li>Mati\u00e8re: 100% cuir de crocodile<\/li>\n<li>Structure tiss\u00e9e<\/li>\n<li>Couleur: cognac<\/li>\n<li>Boucle \u00e0 d\u00e9gagement rapide<\/li>\n<li>Fabriqu\u00e9 \u00e0 partir de la queue de crocodile<\/li>\n<\/ul>\n<p>Apr\u00e8s la commande, nous vous proposons la ceinture \u00e0 la longueur souhait\u00e9e. Apr\u00e8s la personnalisation, les retours ne sont plus possibles.<\/p>\n","protected":false},"excerpt":{"rendered":"<p>Est une ceinture de croco unique par Andrea D&rsquo;Amico avec une longueur de 115\/130 cm. Largeur de la ceinture: 3,5 cm Mati\u00e8re: 100% cuir de crocodile Structure tiss\u00e9e Couleur: cognac Boucle \u00e0 d\u00e9gagement rapide Fabriqu\u00e9 \u00e0 partir de la queue de crocodile Apr\u00e8s la commande, nous vous proposons la ceinture \u00e0 la longueur souhait\u00e9e. Apr\u00e8s [&#8230;]\n","protected":false},"featured_media":35459,"comment_status":"open","ping_status":"closed","template":"","meta":{"rank_math_lock_modified_date":false},"product_cat":[450,495,512,798,805,812],"product_tag":[],"class_list":{"0":"post-35464","1":"product","2":"type-product","3":"status-publish","4":"has-post-thumbnail","6":"product_cat-heren-fr","7":"product_cat-accessoires-fr","8":"product_cat-riemen-fr-2","9":"product_cat-andrea-damico-croco-ceintuur-fr","10":"product_cat-andrea-damico-croco-riemen-fr","11":"product_cat-d-amico-fr","13":"first","14":"instock","15":"taxable","16":"shipping-taxable","17":"purchasable","18":"product-type-variable"},"acf":[],"yoast_head":"<!-- This site is optimized with the Yoast SEO plugin v23.9 - https:\/\/yoast.com\/wordpress\/plugins\/seo\/ -->\n<title>D&#8217;Amico Croco Cognac (20233) - Vousten Sports<\/title>\n<meta name=\"robots\" content=\"index, follow, max-snippet:-1, max-image-preview:large, max-video-preview:-1\" \/>\n<link rel=\"canonical\" href=\"https:\/\/www.voustensports.com\/fr\/damico-croco-cognac-20233-2\/\" \/>\n<meta property=\"og:locale\" content=\"fr_FR\" \/>\n<meta property=\"og:type\" content=\"article\" \/>\n<meta property=\"og:title\" content=\"D&#8217;Amico Croco Cognac (20233) - Vousten Sports\" \/>\n<meta property=\"og:description\" content=\"Est une ceinture de croco unique par Andrea D&rsquo;Amico avec une longueur de 115\/130 cm. Largeur de la ceinture: 3,5 cm Mati\u00e8re: 100% cuir de crocodile Structure tiss\u00e9e Couleur: cognac Boucle \u00e0 d\u00e9gagement rapide Fabriqu\u00e9 \u00e0 partir de la queue de crocodile Apr\u00e8s la commande, nous vous proposons la ceinture \u00e0 la longueur souhait\u00e9e. Apr\u00e8s [...]\" \/>\n<meta property=\"og:url\" content=\"https:\/\/www.voustensports.com\/fr\/damico-croco-cognac-20233-2\/\" \/>\n<meta property=\"og:site_name\" content=\"Vousten Sports\" \/>\n<meta property=\"article:modified_time\" content=\"2026-03-29T00:03:05+00:00\" \/>\n<meta property=\"og:image\" content=\"https:\/\/www.voustensports.com\/wp-content\/uploads\/2023\/06\/damico_diverse_2_van_8.jpg\" \/>\n\t<meta property=\"og:image:width\" content=\"973\" \/>\n\t<meta property=\"og:image:height\" content=\"973\" \/>\n\t<meta property=\"og:image:type\" content=\"image\/jpeg\" \/>\n<meta name=\"twitter:card\" content=\"summary_large_image\" \/>\n<script type=\"application\/ld+json\" class=\"yoast-schema-graph\">{\"@context\":\"https:\/\/schema.org\",\"@graph\":[{\"@type\":\"WebPage\",\"@id\":\"https:\/\/www.voustensports.com\/fr\/damico-croco-cognac-20233-2\/\",\"url\":\"https:\/\/www.voustensports.com\/fr\/damico-croco-cognac-20233-2\/\",\"name\":\"D&#8217;Amico Croco Cognac (20233) - Vousten Sports\",\"isPartOf\":{\"@id\":\"https:\/\/www.voustensports.com\/nl\/#website\"},\"primaryImageOfPage\":{\"@id\":\"https:\/\/www.voustensports.com\/fr\/damico-croco-cognac-20233-2\/#primaryimage\"},\"image\":{\"@id\":\"https:\/\/www.voustensports.com\/fr\/damico-croco-cognac-20233-2\/#primaryimage\"},\"thumbnailUrl\":\"https:\/\/www.voustensports.com\/wp-content\/uploads\/2023\/06\/damico_diverse_2_van_8.jpg\",\"datePublished\":\"2023-10-22T11:30:16+00:00\",\"dateModified\":\"2026-03-29T00:03:05+00:00\",\"breadcrumb\":{\"@id\":\"https:\/\/www.voustensports.com\/fr\/damico-croco-cognac-20233-2\/#breadcrumb\"},\"inLanguage\":\"fr-FR\",\"potentialAction\":[{\"@type\":\"ReadAction\",\"target\":[\"https:\/\/www.voustensports.com\/fr\/damico-croco-cognac-20233-2\/\"]}]},{\"@type\":\"ImageObject\",\"inLanguage\":\"fr-FR\",\"@id\":\"https:\/\/www.voustensports.com\/fr\/damico-croco-cognac-20233-2\/#primaryimage\",\"url\":\"https:\/\/www.voustensports.com\/wp-content\/uploads\/2023\/06\/damico_diverse_2_van_8.jpg\",\"contentUrl\":\"https:\/\/www.voustensports.com\/wp-content\/uploads\/2023\/06\/damico_diverse_2_van_8.jpg\",\"width\":973,\"height\":973},{\"@type\":\"BreadcrumbList\",\"@id\":\"https:\/\/www.voustensports.com\/fr\/damico-croco-cognac-20233-2\/#breadcrumb\",\"itemListElement\":[{\"@type\":\"ListItem\",\"position\":1,\"name\":\"Home\",\"item\":\"https:\/\/www.voustensports.com\/fr\/\"},{\"@type\":\"ListItem\",\"position\":2,\"name\":\"Boutique\",\"item\":\"https:\/\/www.voustensports.com\/fr\/shop\/\"},{\"@type\":\"ListItem\",\"position\":3,\"name\":\"D&#8217;Amico Croco Cognac (20233)\"}]},{\"@type\":\"WebSite\",\"@id\":\"https:\/\/www.voustensports.com\/nl\/#website\",\"url\":\"https:\/\/www.voustensports.com\/nl\/\",\"name\":\"Vousten Sports\",\"description\":\"\",\"potentialAction\":[{\"@type\":\"SearchAction\",\"target\":{\"@type\":\"EntryPoint\",\"urlTemplate\":\"https:\/\/www.voustensports.com\/nl\/?s={search_term_string}\"},\"query-input\":{\"@type\":\"PropertyValueSpecification\",\"valueRequired\":true,\"valueName\":\"search_term_string\"}}],\"inLanguage\":\"fr-FR\"}]}<\/script>\n<!-- \/ Yoast SEO plugin. -->","yoast_head_json":{"title":"D&#8217;Amico Croco Cognac (20233) - Vousten Sports","robots":{"index":"index","follow":"follow","max-snippet":"max-snippet:-1","max-image-preview":"max-image-preview:large","max-video-preview":"max-video-preview:-1"},"canonical":"https:\/\/www.voustensports.com\/fr\/damico-croco-cognac-20233-2\/","og_locale":"fr_FR","og_type":"article","og_title":"D&#8217;Amico Croco Cognac (20233) - Vousten Sports","og_description":"Est une ceinture de croco unique par Andrea D&rsquo;Amico avec une longueur de 115\/130 cm. Largeur de la ceinture: 3,5 cm Mati\u00e8re: 100% cuir de crocodile Structure tiss\u00e9e Couleur: cognac Boucle \u00e0 d\u00e9gagement rapide Fabriqu\u00e9 \u00e0 partir de la queue de crocodile Apr\u00e8s la commande, nous vous proposons la ceinture \u00e0 la longueur souhait\u00e9e. Apr\u00e8s [...]","og_url":"https:\/\/www.voustensports.com\/fr\/damico-croco-cognac-20233-2\/","og_site_name":"Vousten Sports","article_modified_time":"2026-03-29T00:03:05+00:00","og_image":[{"width":973,"height":973,"url":"https:\/\/www.voustensports.com\/wp-content\/uploads\/2023\/06\/damico_diverse_2_van_8.jpg","type":"image\/jpeg"}],"twitter_card":"summary_large_image","schema":{"@context":"https:\/\/schema.org","@graph":[{"@type":"WebPage","@id":"https:\/\/www.voustensports.com\/fr\/damico-croco-cognac-20233-2\/","url":"https:\/\/www.voustensports.com\/fr\/damico-croco-cognac-20233-2\/","name":"D&#8217;Amico Croco Cognac (20233) - Vousten Sports","isPartOf":{"@id":"https:\/\/www.voustensports.com\/nl\/#website"},"primaryImageOfPage":{"@id":"https:\/\/www.voustensports.com\/fr\/damico-croco-cognac-20233-2\/#primaryimage"},"image":{"@id":"https:\/\/www.voustensports.com\/fr\/damico-croco-cognac-20233-2\/#primaryimage"},"thumbnailUrl":"https:\/\/www.voustensports.com\/wp-content\/uploads\/2023\/06\/damico_diverse_2_van_8.jpg","datePublished":"2023-10-22T11:30:16+00:00","dateModified":"2026-03-29T00:03:05+00:00","breadcrumb":{"@id":"https:\/\/www.voustensports.com\/fr\/damico-croco-cognac-20233-2\/#breadcrumb"},"inLanguage":"fr-FR","potentialAction":[{"@type":"ReadAction","target":["https:\/\/www.voustensports.com\/fr\/damico-croco-cognac-20233-2\/"]}]},{"@type":"ImageObject","inLanguage":"fr-FR","@id":"https:\/\/www.voustensports.com\/fr\/damico-croco-cognac-20233-2\/#primaryimage","url":"https:\/\/www.voustensports.com\/wp-content\/uploads\/2023\/06\/damico_diverse_2_van_8.jpg","contentUrl":"https:\/\/www.voustensports.com\/wp-content\/uploads\/2023\/06\/damico_diverse_2_van_8.jpg","width":973,"height":973},{"@type":"BreadcrumbList","@id":"https:\/\/www.voustensports.com\/fr\/damico-croco-cognac-20233-2\/#breadcrumb","itemListElement":[{"@type":"ListItem","position":1,"name":"Home","item":"https:\/\/www.voustensports.com\/fr\/"},{"@type":"ListItem","position":2,"name":"Boutique","item":"https:\/\/www.voustensports.com\/fr\/shop\/"},{"@type":"ListItem","position":3,"name":"D&#8217;Amico Croco Cognac (20233)"}]},{"@type":"WebSite","@id":"https:\/\/www.voustensports.com\/nl\/#website","url":"https:\/\/www.voustensports.com\/nl\/","name":"Vousten Sports","description":"","potentialAction":[{"@type":"SearchAction","target":{"@type":"EntryPoint","urlTemplate":"https:\/\/www.voustensports.com\/nl\/?s={search_term_string}"},"query-input":{"@type":"PropertyValueSpecification","valueRequired":true,"valueName":"search_term_string"}}],"inLanguage":"fr-FR"}]}},"_links":{"self":[{"href":"https:\/\/www.voustensports.com\/fr\/wp-json\/wp\/v2\/product\/35464","targetHints":{"allow":["GET"]}}],"collection":[{"href":"https:\/\/www.voustensports.com\/fr\/wp-json\/wp\/v2\/product"}],"about":[{"href":"https:\/\/www.voustensports.com\/fr\/wp-json\/wp\/v2\/types\/product"}],"replies":[{"embeddable":true,"href":"https:\/\/www.voustensports.com\/fr\/wp-json\/wp\/v2\/comments?post=35464"}],"wp:featuredmedia":[{"embeddable":true,"href":"https:\/\/www.voustensports.com\/fr\/wp-json\/wp\/v2\/media\/35459"}],"wp:attachment":[{"href":"https:\/\/www.voustensports.com\/fr\/wp-json\/wp\/v2\/media?parent=35464"}],"wp:term":[{"taxonomy":"product_cat","embeddable":true,"href":"https:\/\/www.voustensports.com\/fr\/wp-json\/wp\/v2\/product_cat?post=35464"},{"taxonomy":"product_tag","embeddable":true,"href":"https:\/\/www.voustensports.com\/fr\/wp-json\/wp\/v2\/product_tag?post=35464"}],"curies":[{"name":"wp","href":"https:\/\/api.w.org\/{rel}","templated":true}]}}