{"id":32650,"date":"2023-10-22T02:48:10","date_gmt":"2023-10-22T00:48:10","guid":{"rendered":"https:\/\/www.voustensports.com\/product\/stone-island-cardigan-en-maille-bleu-fonce-37813\/"},"modified":"2026-02-05T12:05:08","modified_gmt":"2026-02-05T11:05:08","slug":"stone-island-cardigan-en-maille-bleu-fonce-37813","status":"publish","type":"product","link":"https:\/\/www.voustensports.com\/fr\/stone-island-cardigan-en-maille-bleu-fonce-37813\/","title":{"rendered":"STONE ISLAND &#8211; cardigan en maille bleu fonc\u00e9 (37813)"},"content":{"rendered":"<p>Composition : 80 % laine, 20 % nylon<\/p>\n<p>Num\u00e9ro de Stone Island : 547A3<\/p>\n<p>Num\u00e9ro de couleur : V0020<\/p>\n<p>ID: 37813<\/p>\n","protected":false},"excerpt":{"rendered":"<p>Composition : 80 % laine, 20 % nylon Num\u00e9ro de Stone Island : 547A3 Num\u00e9ro de couleur : V0020 ID: 37813<\/p>\n","protected":false},"featured_media":32638,"comment_status":"open","ping_status":"closed","template":"","meta":{"rank_math_lock_modified_date":false},"product_cat":[446,450,462,482,538,677,694,843],"product_tag":[],"class_list":{"0":"post-32650","1":"product","2":"type-product","3":"status-publish","4":"has-post-thumbnail","6":"product_cat-kleding-fr","7":"product_cat-heren-fr","8":"product_cat-vousten-sports-fr-2","9":"product_cat-stone-island-fr-2","10":"product_cat-knitwear-fr","11":"product_cat-gilets-fr","12":"product_cat-truien-vesten-fr-2","13":"product_cat-stone-presale-23-fr","15":"first","16":"outofstock","17":"taxable","18":"shipping-taxable","19":"purchasable","20":"product-type-variable"},"acf":[],"yoast_head":"<!-- This site is optimized with the Yoast SEO plugin v23.9 - https:\/\/yoast.com\/wordpress\/plugins\/seo\/ -->\n<title>STONE ISLAND - cardigan en maille bleu fonc\u00e9 (37813) - Vousten Sports<\/title>\n<meta name=\"robots\" content=\"index, follow, max-snippet:-1, max-image-preview:large, max-video-preview:-1\" \/>\n<link rel=\"canonical\" href=\"https:\/\/www.voustensports.com\/fr\/stone-island-cardigan-en-maille-bleu-fonce-37813\/\" \/>\n<meta property=\"og:locale\" content=\"fr_FR\" \/>\n<meta property=\"og:type\" content=\"article\" \/>\n<meta property=\"og:title\" content=\"STONE ISLAND - cardigan en maille bleu fonc\u00e9 (37813) - Vousten Sports\" \/>\n<meta property=\"og:description\" content=\"Composition : 80 % laine, 20 % nylon Num\u00e9ro de Stone Island : 547A3 Num\u00e9ro de couleur : V0020 ID: 37813\" \/>\n<meta property=\"og:url\" content=\"https:\/\/www.voustensports.com\/fr\/stone-island-cardigan-en-maille-bleu-fonce-37813\/\" \/>\n<meta property=\"og:site_name\" content=\"Vousten Sports\" \/>\n<meta property=\"article:modified_time\" content=\"2026-02-05T11:05:08+00:00\" \/>\n<meta property=\"og:image\" content=\"https:\/\/www.voustensports.com\/wp-content\/uploads\/2023\/06\/DSCF4008-2.jpg\" \/>\n\t<meta property=\"og:image:width\" content=\"1365\" \/>\n\t<meta property=\"og:image:height\" content=\"2048\" \/>\n\t<meta property=\"og:image:type\" content=\"image\/jpeg\" \/>\n<meta name=\"twitter:card\" content=\"summary_large_image\" \/>\n<script type=\"application\/ld+json\" class=\"yoast-schema-graph\">{\"@context\":\"https:\/\/schema.org\",\"@graph\":[{\"@type\":\"WebPage\",\"@id\":\"https:\/\/www.voustensports.com\/fr\/stone-island-cardigan-en-maille-bleu-fonce-37813\/\",\"url\":\"https:\/\/www.voustensports.com\/fr\/stone-island-cardigan-en-maille-bleu-fonce-37813\/\",\"name\":\"STONE ISLAND - cardigan en maille bleu fonc\u00e9 (37813) - Vousten Sports\",\"isPartOf\":{\"@id\":\"https:\/\/www.voustensports.com\/nl\/#website\"},\"primaryImageOfPage\":{\"@id\":\"https:\/\/www.voustensports.com\/fr\/stone-island-cardigan-en-maille-bleu-fonce-37813\/#primaryimage\"},\"image\":{\"@id\":\"https:\/\/www.voustensports.com\/fr\/stone-island-cardigan-en-maille-bleu-fonce-37813\/#primaryimage\"},\"thumbnailUrl\":\"https:\/\/www.voustensports.com\/wp-content\/uploads\/2023\/06\/DSCF4008-2.jpg\",\"datePublished\":\"2023-10-22T00:48:10+00:00\",\"dateModified\":\"2026-02-05T11:05:08+00:00\",\"breadcrumb\":{\"@id\":\"https:\/\/www.voustensports.com\/fr\/stone-island-cardigan-en-maille-bleu-fonce-37813\/#breadcrumb\"},\"inLanguage\":\"fr-FR\",\"potentialAction\":[{\"@type\":\"ReadAction\",\"target\":[\"https:\/\/www.voustensports.com\/fr\/stone-island-cardigan-en-maille-bleu-fonce-37813\/\"]}]},{\"@type\":\"ImageObject\",\"inLanguage\":\"fr-FR\",\"@id\":\"https:\/\/www.voustensports.com\/fr\/stone-island-cardigan-en-maille-bleu-fonce-37813\/#primaryimage\",\"url\":\"https:\/\/www.voustensports.com\/wp-content\/uploads\/2023\/06\/DSCF4008-2.jpg\",\"contentUrl\":\"https:\/\/www.voustensports.com\/wp-content\/uploads\/2023\/06\/DSCF4008-2.jpg\",\"width\":1365,\"height\":2048},{\"@type\":\"BreadcrumbList\",\"@id\":\"https:\/\/www.voustensports.com\/fr\/stone-island-cardigan-en-maille-bleu-fonce-37813\/#breadcrumb\",\"itemListElement\":[{\"@type\":\"ListItem\",\"position\":1,\"name\":\"Home\",\"item\":\"https:\/\/www.voustensports.com\/fr\/\"},{\"@type\":\"ListItem\",\"position\":2,\"name\":\"Boutique\",\"item\":\"https:\/\/www.voustensports.com\/fr\/shop\/\"},{\"@type\":\"ListItem\",\"position\":3,\"name\":\"STONE ISLAND &#8211; cardigan en maille bleu fonc\u00e9 (37813)\"}]},{\"@type\":\"WebSite\",\"@id\":\"https:\/\/www.voustensports.com\/nl\/#website\",\"url\":\"https:\/\/www.voustensports.com\/nl\/\",\"name\":\"Vousten Sports\",\"description\":\"\",\"potentialAction\":[{\"@type\":\"SearchAction\",\"target\":{\"@type\":\"EntryPoint\",\"urlTemplate\":\"https:\/\/www.voustensports.com\/nl\/?s={search_term_string}\"},\"query-input\":{\"@type\":\"PropertyValueSpecification\",\"valueRequired\":true,\"valueName\":\"search_term_string\"}}],\"inLanguage\":\"fr-FR\"}]}<\/script>\n<!-- \/ Yoast SEO plugin. -->","yoast_head_json":{"title":"STONE ISLAND - cardigan en maille bleu fonc\u00e9 (37813) - Vousten Sports","robots":{"index":"index","follow":"follow","max-snippet":"max-snippet:-1","max-image-preview":"max-image-preview:large","max-video-preview":"max-video-preview:-1"},"canonical":"https:\/\/www.voustensports.com\/fr\/stone-island-cardigan-en-maille-bleu-fonce-37813\/","og_locale":"fr_FR","og_type":"article","og_title":"STONE ISLAND - cardigan en maille bleu fonc\u00e9 (37813) - Vousten Sports","og_description":"Composition : 80 % laine, 20 % nylon Num\u00e9ro de Stone Island : 547A3 Num\u00e9ro de couleur : V0020 ID: 37813","og_url":"https:\/\/www.voustensports.com\/fr\/stone-island-cardigan-en-maille-bleu-fonce-37813\/","og_site_name":"Vousten Sports","article_modified_time":"2026-02-05T11:05:08+00:00","og_image":[{"width":1365,"height":2048,"url":"https:\/\/www.voustensports.com\/wp-content\/uploads\/2023\/06\/DSCF4008-2.jpg","type":"image\/jpeg"}],"twitter_card":"summary_large_image","schema":{"@context":"https:\/\/schema.org","@graph":[{"@type":"WebPage","@id":"https:\/\/www.voustensports.com\/fr\/stone-island-cardigan-en-maille-bleu-fonce-37813\/","url":"https:\/\/www.voustensports.com\/fr\/stone-island-cardigan-en-maille-bleu-fonce-37813\/","name":"STONE ISLAND - cardigan en maille bleu fonc\u00e9 (37813) - Vousten Sports","isPartOf":{"@id":"https:\/\/www.voustensports.com\/nl\/#website"},"primaryImageOfPage":{"@id":"https:\/\/www.voustensports.com\/fr\/stone-island-cardigan-en-maille-bleu-fonce-37813\/#primaryimage"},"image":{"@id":"https:\/\/www.voustensports.com\/fr\/stone-island-cardigan-en-maille-bleu-fonce-37813\/#primaryimage"},"thumbnailUrl":"https:\/\/www.voustensports.com\/wp-content\/uploads\/2023\/06\/DSCF4008-2.jpg","datePublished":"2023-10-22T00:48:10+00:00","dateModified":"2026-02-05T11:05:08+00:00","breadcrumb":{"@id":"https:\/\/www.voustensports.com\/fr\/stone-island-cardigan-en-maille-bleu-fonce-37813\/#breadcrumb"},"inLanguage":"fr-FR","potentialAction":[{"@type":"ReadAction","target":["https:\/\/www.voustensports.com\/fr\/stone-island-cardigan-en-maille-bleu-fonce-37813\/"]}]},{"@type":"ImageObject","inLanguage":"fr-FR","@id":"https:\/\/www.voustensports.com\/fr\/stone-island-cardigan-en-maille-bleu-fonce-37813\/#primaryimage","url":"https:\/\/www.voustensports.com\/wp-content\/uploads\/2023\/06\/DSCF4008-2.jpg","contentUrl":"https:\/\/www.voustensports.com\/wp-content\/uploads\/2023\/06\/DSCF4008-2.jpg","width":1365,"height":2048},{"@type":"BreadcrumbList","@id":"https:\/\/www.voustensports.com\/fr\/stone-island-cardigan-en-maille-bleu-fonce-37813\/#breadcrumb","itemListElement":[{"@type":"ListItem","position":1,"name":"Home","item":"https:\/\/www.voustensports.com\/fr\/"},{"@type":"ListItem","position":2,"name":"Boutique","item":"https:\/\/www.voustensports.com\/fr\/shop\/"},{"@type":"ListItem","position":3,"name":"STONE ISLAND &#8211; cardigan en maille bleu fonc\u00e9 (37813)"}]},{"@type":"WebSite","@id":"https:\/\/www.voustensports.com\/nl\/#website","url":"https:\/\/www.voustensports.com\/nl\/","name":"Vousten Sports","description":"","potentialAction":[{"@type":"SearchAction","target":{"@type":"EntryPoint","urlTemplate":"https:\/\/www.voustensports.com\/nl\/?s={search_term_string}"},"query-input":{"@type":"PropertyValueSpecification","valueRequired":true,"valueName":"search_term_string"}}],"inLanguage":"fr-FR"}]}},"_links":{"self":[{"href":"https:\/\/www.voustensports.com\/fr\/wp-json\/wp\/v2\/product\/32650","targetHints":{"allow":["GET"]}}],"collection":[{"href":"https:\/\/www.voustensports.com\/fr\/wp-json\/wp\/v2\/product"}],"about":[{"href":"https:\/\/www.voustensports.com\/fr\/wp-json\/wp\/v2\/types\/product"}],"replies":[{"embeddable":true,"href":"https:\/\/www.voustensports.com\/fr\/wp-json\/wp\/v2\/comments?post=32650"}],"wp:featuredmedia":[{"embeddable":true,"href":"https:\/\/www.voustensports.com\/fr\/wp-json\/wp\/v2\/media\/32638"}],"wp:attachment":[{"href":"https:\/\/www.voustensports.com\/fr\/wp-json\/wp\/v2\/media?parent=32650"}],"wp:term":[{"taxonomy":"product_cat","embeddable":true,"href":"https:\/\/www.voustensports.com\/fr\/wp-json\/wp\/v2\/product_cat?post=32650"},{"taxonomy":"product_tag","embeddable":true,"href":"https:\/\/www.voustensports.com\/fr\/wp-json\/wp\/v2\/product_tag?post=32650"}],"curies":[{"name":"wp","href":"https:\/\/api.w.org\/{rel}","templated":true}]}}