{"id":25824,"date":"2023-06-09T15:02:30","date_gmt":"2023-06-09T13:02:30","guid":{"rendered":"https:\/\/www.voustensports.com\/product\/herno-laminar-gore-tex-windstopper-creme-36556\/"},"modified":"2026-02-05T11:59:14","modified_gmt":"2026-02-05T10:59:14","slug":"herno-laminar-gore-tex-windstopper-creme-36556","status":"publish","type":"product","link":"https:\/\/www.voustensports.com\/fr\/herno-laminar-gore-tex-windstopper-creme-36556\/","title":{"rendered":"HERNO &#8211; Laminar Gore-Tex Windstopper cr\u00e8me (36556)"},"content":{"rendered":"<div>Veste en tissu 2 couches GORE-TEX INFINIUM\u2122 WINDSTOPPER\u00ae.<\/div>\n<div>Silhouette sur mesure du blazer modernis\u00e9e avec un mat\u00e9riau hydrofuge, totalement coupe-vent et extr\u00eamement respirant, et avec une fermeture \u00e0 glissi\u00e8re bidirectionnelle enduite de polyur\u00e9thane et des boutons pour pi\u00e9ger le vent.<\/div>\n<div>Il fait partie du nouveau label Herno Laminar Sartorial Engineering, une collection qui repr\u00e9sente l&rsquo;\u00e9volution de Laminar.<\/div>\n<div>\n<p><strong>Le mannequin mesure 186 cm, p\u00e8se 80 kg et porte une taille 50.<\/strong><\/p>\n<\/div>\n<ul>\n<li>Coupe ajust\u00e9e<\/li>\n<li>Col crant\u00e9<\/li>\n<li>Fermeture \u00e9clair double sens et boutons enduits de polyur\u00e9thane imperm\u00e9able<\/li>\n<li>Poche poitrine passepoil\u00e9e<\/li>\n<li>Poches \u00e0 rabat<\/li>\n<li>Poignets int\u00e9rieurs extensibles<\/li>\n<\/ul>\n<div><\/div>\n<div>Performance:<\/div>\n<div>Hydrofuge, Totalement coupe-vent, Extr\u00eamement respirant<\/div>\n<div>Code : PI108UL111061250<\/div>\n","protected":false},"excerpt":{"rendered":"<p>Veste en tissu 2 couches GORE-TEX INFINIUM\u2122 WINDSTOPPER\u00ae. Silhouette sur mesure du blazer modernis\u00e9e avec un mat\u00e9riau hydrofuge, totalement coupe-vent et extr\u00eamement respirant, et avec une fermeture \u00e0 glissi\u00e8re bidirectionnelle enduite de polyur\u00e9thane et des boutons pour pi\u00e9ger le vent. Il fait partie du nouveau label Herno Laminar Sartorial Engineering, une collection qui repr\u00e9sente l&rsquo;\u00e9volution [&#8230;]\n","protected":false},"featured_media":25812,"comment_status":"open","ping_status":"closed","template":"","meta":{"rank_math_lock_modified_date":false},"product_cat":[446,450,462,542,727],"product_tag":[],"class_list":{"0":"post-25824","1":"product","2":"type-product","3":"status-publish","4":"has-post-thumbnail","6":"product_cat-kleding-fr","7":"product_cat-heren-fr","8":"product_cat-vousten-sports-fr-2","9":"product_cat-jassen-fr","10":"product_cat-herno-fr","12":"first","13":"instock","14":"taxable","15":"shipping-taxable","16":"purchasable","17":"product-type-variable"},"acf":[],"yoast_head":"<!-- This site is optimized with the Yoast SEO plugin v23.9 - https:\/\/yoast.com\/wordpress\/plugins\/seo\/ -->\n<title>HERNO - Laminar Gore-Tex Windstopper cr\u00e8me (36556) - Vousten Sports<\/title>\n<meta name=\"robots\" content=\"index, follow, max-snippet:-1, max-image-preview:large, max-video-preview:-1\" \/>\n<link rel=\"canonical\" href=\"https:\/\/www.voustensports.com\/fr\/herno-laminar-gore-tex-windstopper-creme-36556\/\" \/>\n<meta property=\"og:locale\" content=\"fr_FR\" \/>\n<meta property=\"og:type\" content=\"article\" \/>\n<meta property=\"og:title\" content=\"HERNO - Laminar Gore-Tex Windstopper cr\u00e8me (36556) - Vousten Sports\" \/>\n<meta property=\"og:description\" content=\"Veste en tissu 2 couches GORE-TEX INFINIUM\u2122 WINDSTOPPER\u00ae. Silhouette sur mesure du blazer modernis\u00e9e avec un mat\u00e9riau hydrofuge, totalement coupe-vent et extr\u00eamement respirant, et avec une fermeture \u00e0 glissi\u00e8re bidirectionnelle enduite de polyur\u00e9thane et des boutons pour pi\u00e9ger le vent. Il fait partie du nouveau label Herno Laminar Sartorial Engineering, une collection qui repr\u00e9sente l&rsquo;\u00e9volution [...]\" \/>\n<meta property=\"og:url\" content=\"https:\/\/www.voustensports.com\/fr\/herno-laminar-gore-tex-windstopper-creme-36556\/\" \/>\n<meta property=\"og:site_name\" content=\"Vousten Sports\" \/>\n<meta property=\"article:modified_time\" content=\"2026-02-05T10:59:14+00:00\" \/>\n<meta property=\"og:image\" content=\"https:\/\/www.voustensports.com\/wp-content\/uploads\/2023\/03\/PI108UL_11106_1250_TRADE_FRONT_GHOST-1-4.jpg\" \/>\n\t<meta property=\"og:image:width\" content=\"1365\" \/>\n\t<meta property=\"og:image:height\" content=\"2048\" \/>\n\t<meta property=\"og:image:type\" content=\"image\/jpeg\" \/>\n<meta name=\"twitter:card\" content=\"summary_large_image\" \/>\n<meta name=\"twitter:label1\" content=\"Est. reading time\" \/>\n\t<meta name=\"twitter:data1\" content=\"1 minute\" \/>\n<script type=\"application\/ld+json\" class=\"yoast-schema-graph\">{\"@context\":\"https:\/\/schema.org\",\"@graph\":[{\"@type\":\"WebPage\",\"@id\":\"https:\/\/www.voustensports.com\/fr\/herno-laminar-gore-tex-windstopper-creme-36556\/\",\"url\":\"https:\/\/www.voustensports.com\/fr\/herno-laminar-gore-tex-windstopper-creme-36556\/\",\"name\":\"HERNO - Laminar Gore-Tex Windstopper cr\u00e8me (36556) - Vousten Sports\",\"isPartOf\":{\"@id\":\"https:\/\/www.voustensports.com\/nl\/#website\"},\"primaryImageOfPage\":{\"@id\":\"https:\/\/www.voustensports.com\/fr\/herno-laminar-gore-tex-windstopper-creme-36556\/#primaryimage\"},\"image\":{\"@id\":\"https:\/\/www.voustensports.com\/fr\/herno-laminar-gore-tex-windstopper-creme-36556\/#primaryimage\"},\"thumbnailUrl\":\"https:\/\/www.voustensports.com\/wp-content\/uploads\/2023\/03\/PI108UL_11106_1250_TRADE_FRONT_GHOST-1-4.jpg\",\"datePublished\":\"2023-06-09T13:02:30+00:00\",\"dateModified\":\"2026-02-05T10:59:14+00:00\",\"breadcrumb\":{\"@id\":\"https:\/\/www.voustensports.com\/fr\/herno-laminar-gore-tex-windstopper-creme-36556\/#breadcrumb\"},\"inLanguage\":\"fr-FR\",\"potentialAction\":[{\"@type\":\"ReadAction\",\"target\":[\"https:\/\/www.voustensports.com\/fr\/herno-laminar-gore-tex-windstopper-creme-36556\/\"]}]},{\"@type\":\"ImageObject\",\"inLanguage\":\"fr-FR\",\"@id\":\"https:\/\/www.voustensports.com\/fr\/herno-laminar-gore-tex-windstopper-creme-36556\/#primaryimage\",\"url\":\"https:\/\/www.voustensports.com\/wp-content\/uploads\/2023\/03\/PI108UL_11106_1250_TRADE_FRONT_GHOST-1-4.jpg\",\"contentUrl\":\"https:\/\/www.voustensports.com\/wp-content\/uploads\/2023\/03\/PI108UL_11106_1250_TRADE_FRONT_GHOST-1-4.jpg\",\"width\":1365,\"height\":2048},{\"@type\":\"BreadcrumbList\",\"@id\":\"https:\/\/www.voustensports.com\/fr\/herno-laminar-gore-tex-windstopper-creme-36556\/#breadcrumb\",\"itemListElement\":[{\"@type\":\"ListItem\",\"position\":1,\"name\":\"Home\",\"item\":\"https:\/\/www.voustensports.com\/fr\/\"},{\"@type\":\"ListItem\",\"position\":2,\"name\":\"Boutique\",\"item\":\"https:\/\/www.voustensports.com\/fr\/shop\/\"},{\"@type\":\"ListItem\",\"position\":3,\"name\":\"HERNO &#8211; Laminar Gore-Tex Windstopper cr\u00e8me (36556)\"}]},{\"@type\":\"WebSite\",\"@id\":\"https:\/\/www.voustensports.com\/nl\/#website\",\"url\":\"https:\/\/www.voustensports.com\/nl\/\",\"name\":\"Vousten Sports\",\"description\":\"\",\"potentialAction\":[{\"@type\":\"SearchAction\",\"target\":{\"@type\":\"EntryPoint\",\"urlTemplate\":\"https:\/\/www.voustensports.com\/nl\/?s={search_term_string}\"},\"query-input\":{\"@type\":\"PropertyValueSpecification\",\"valueRequired\":true,\"valueName\":\"search_term_string\"}}],\"inLanguage\":\"fr-FR\"}]}<\/script>\n<!-- \/ Yoast SEO plugin. -->","yoast_head_json":{"title":"HERNO - Laminar Gore-Tex Windstopper cr\u00e8me (36556) - Vousten Sports","robots":{"index":"index","follow":"follow","max-snippet":"max-snippet:-1","max-image-preview":"max-image-preview:large","max-video-preview":"max-video-preview:-1"},"canonical":"https:\/\/www.voustensports.com\/fr\/herno-laminar-gore-tex-windstopper-creme-36556\/","og_locale":"fr_FR","og_type":"article","og_title":"HERNO - Laminar Gore-Tex Windstopper cr\u00e8me (36556) - Vousten Sports","og_description":"Veste en tissu 2 couches GORE-TEX INFINIUM\u2122 WINDSTOPPER\u00ae. Silhouette sur mesure du blazer modernis\u00e9e avec un mat\u00e9riau hydrofuge, totalement coupe-vent et extr\u00eamement respirant, et avec une fermeture \u00e0 glissi\u00e8re bidirectionnelle enduite de polyur\u00e9thane et des boutons pour pi\u00e9ger le vent. Il fait partie du nouveau label Herno Laminar Sartorial Engineering, une collection qui repr\u00e9sente l&rsquo;\u00e9volution [...]","og_url":"https:\/\/www.voustensports.com\/fr\/herno-laminar-gore-tex-windstopper-creme-36556\/","og_site_name":"Vousten Sports","article_modified_time":"2026-02-05T10:59:14+00:00","og_image":[{"width":1365,"height":2048,"url":"https:\/\/www.voustensports.com\/wp-content\/uploads\/2023\/03\/PI108UL_11106_1250_TRADE_FRONT_GHOST-1-4.jpg","type":"image\/jpeg"}],"twitter_card":"summary_large_image","twitter_misc":{"Est. reading time":"1 minute"},"schema":{"@context":"https:\/\/schema.org","@graph":[{"@type":"WebPage","@id":"https:\/\/www.voustensports.com\/fr\/herno-laminar-gore-tex-windstopper-creme-36556\/","url":"https:\/\/www.voustensports.com\/fr\/herno-laminar-gore-tex-windstopper-creme-36556\/","name":"HERNO - Laminar Gore-Tex Windstopper cr\u00e8me (36556) - Vousten Sports","isPartOf":{"@id":"https:\/\/www.voustensports.com\/nl\/#website"},"primaryImageOfPage":{"@id":"https:\/\/www.voustensports.com\/fr\/herno-laminar-gore-tex-windstopper-creme-36556\/#primaryimage"},"image":{"@id":"https:\/\/www.voustensports.com\/fr\/herno-laminar-gore-tex-windstopper-creme-36556\/#primaryimage"},"thumbnailUrl":"https:\/\/www.voustensports.com\/wp-content\/uploads\/2023\/03\/PI108UL_11106_1250_TRADE_FRONT_GHOST-1-4.jpg","datePublished":"2023-06-09T13:02:30+00:00","dateModified":"2026-02-05T10:59:14+00:00","breadcrumb":{"@id":"https:\/\/www.voustensports.com\/fr\/herno-laminar-gore-tex-windstopper-creme-36556\/#breadcrumb"},"inLanguage":"fr-FR","potentialAction":[{"@type":"ReadAction","target":["https:\/\/www.voustensports.com\/fr\/herno-laminar-gore-tex-windstopper-creme-36556\/"]}]},{"@type":"ImageObject","inLanguage":"fr-FR","@id":"https:\/\/www.voustensports.com\/fr\/herno-laminar-gore-tex-windstopper-creme-36556\/#primaryimage","url":"https:\/\/www.voustensports.com\/wp-content\/uploads\/2023\/03\/PI108UL_11106_1250_TRADE_FRONT_GHOST-1-4.jpg","contentUrl":"https:\/\/www.voustensports.com\/wp-content\/uploads\/2023\/03\/PI108UL_11106_1250_TRADE_FRONT_GHOST-1-4.jpg","width":1365,"height":2048},{"@type":"BreadcrumbList","@id":"https:\/\/www.voustensports.com\/fr\/herno-laminar-gore-tex-windstopper-creme-36556\/#breadcrumb","itemListElement":[{"@type":"ListItem","position":1,"name":"Home","item":"https:\/\/www.voustensports.com\/fr\/"},{"@type":"ListItem","position":2,"name":"Boutique","item":"https:\/\/www.voustensports.com\/fr\/shop\/"},{"@type":"ListItem","position":3,"name":"HERNO &#8211; Laminar Gore-Tex Windstopper cr\u00e8me (36556)"}]},{"@type":"WebSite","@id":"https:\/\/www.voustensports.com\/nl\/#website","url":"https:\/\/www.voustensports.com\/nl\/","name":"Vousten Sports","description":"","potentialAction":[{"@type":"SearchAction","target":{"@type":"EntryPoint","urlTemplate":"https:\/\/www.voustensports.com\/nl\/?s={search_term_string}"},"query-input":{"@type":"PropertyValueSpecification","valueRequired":true,"valueName":"search_term_string"}}],"inLanguage":"fr-FR"}]}},"_links":{"self":[{"href":"https:\/\/www.voustensports.com\/fr\/wp-json\/wp\/v2\/product\/25824","targetHints":{"allow":["GET"]}}],"collection":[{"href":"https:\/\/www.voustensports.com\/fr\/wp-json\/wp\/v2\/product"}],"about":[{"href":"https:\/\/www.voustensports.com\/fr\/wp-json\/wp\/v2\/types\/product"}],"replies":[{"embeddable":true,"href":"https:\/\/www.voustensports.com\/fr\/wp-json\/wp\/v2\/comments?post=25824"}],"wp:featuredmedia":[{"embeddable":true,"href":"https:\/\/www.voustensports.com\/fr\/wp-json\/wp\/v2\/media\/25812"}],"wp:attachment":[{"href":"https:\/\/www.voustensports.com\/fr\/wp-json\/wp\/v2\/media?parent=25824"}],"wp:term":[{"taxonomy":"product_cat","embeddable":true,"href":"https:\/\/www.voustensports.com\/fr\/wp-json\/wp\/v2\/product_cat?post=25824"},{"taxonomy":"product_tag","embeddable":true,"href":"https:\/\/www.voustensports.com\/fr\/wp-json\/wp\/v2\/product_tag?post=25824"}],"curies":[{"name":"wp","href":"https:\/\/api.w.org\/{rel}","templated":true}]}}