{"id":24816,"date":"2023-06-09T14:51:31","date_gmt":"2023-06-09T12:51:31","guid":{"rendered":"https:\/\/www.voustensports.com\/product\/stone-island-knitwear-bleu-fonce-36181\/"},"modified":"2026-02-05T11:57:57","modified_gmt":"2026-02-05T10:57:57","slug":"stone-island-knitwear-bleu-fonce-36181","status":"publish","type":"product","link":"https:\/\/www.voustensports.com\/fr\/stone-island-knitwear-bleu-fonce-36181\/","title":{"rendered":"STONE ISLAND &#8211; Knitwear bleu fonc\u00e9 (36181)"},"content":{"rendered":"<p><span class=\"JLqJ4b ChMk0b\" data-language-for-alternatives=\"fr\" data-language-to-translate-into=\"nl\" data-phrase-index=\"0\" data-number-of-phrases=\"7\"><span class=\"Q4iAWc\">Composition : 88 % laine, 12 % polyester<\/span><\/span><\/p>\n<p><span class=\"JLqJ4b ChMk0b\" data-language-for-alternatives=\"fr\" data-language-to-translate-into=\"nl\" data-phrase-index=\"2\" data-number-of-phrases=\"7\"><span class=\"Q4iAWc\">Num\u00e9ro de Stone Island : 503A1<\/span><\/span><\/p>\n<p><span class=\"JLqJ4b ChMk0b\" data-language-for-alternatives=\"fr\" data-language-to-translate-into=\"nl\" data-phrase-index=\"4\" data-number-of-phrases=\"7\"><span class=\"Q4iAWc\">Num\u00e9ro de couleur : V0020<\/span><\/span><\/p>\n<p><span class=\"JLqJ4b ChMk0b\" data-language-for-alternatives=\"fr\" data-language-to-translate-into=\"nl\" data-phrase-index=\"6\" data-number-of-phrases=\"7\"><span class=\"Q4iAWc\">N\u00b0 d&rsquo;identification\u00a0: 36181<\/span><\/span><\/p>\n","protected":false},"excerpt":{"rendered":"<p>Composition : 88 % laine, 12 % polyester Num\u00e9ro de Stone Island : 503A1 Num\u00e9ro de couleur : V0020 N\u00b0 d&rsquo;identification\u00a0: 36181<\/p>\n","protected":false},"featured_media":6830,"comment_status":"open","ping_status":"closed","template":"","meta":{"rank_math_lock_modified_date":false},"product_cat":[446,538],"product_tag":[],"class_list":{"0":"post-24816","1":"product","2":"type-product","3":"status-publish","4":"has-post-thumbnail","6":"product_cat-kleding-fr","7":"product_cat-knitwear-fr","9":"first","10":"instock","11":"taxable","12":"shipping-taxable","13":"purchasable","14":"product-type-variable"},"acf":[],"yoast_head":"<!-- This site is optimized with the Yoast SEO plugin v23.9 - https:\/\/yoast.com\/wordpress\/plugins\/seo\/ -->\n<title>STONE ISLAND - Knitwear bleu fonc\u00e9 (36181) - Vousten Sports<\/title>\n<meta name=\"robots\" content=\"index, follow, max-snippet:-1, max-image-preview:large, max-video-preview:-1\" \/>\n<link rel=\"canonical\" href=\"https:\/\/www.voustensports.com\/fr\/stone-island-knitwear-bleu-fonce-36181\/\" \/>\n<meta property=\"og:locale\" content=\"fr_FR\" \/>\n<meta property=\"og:type\" content=\"article\" \/>\n<meta property=\"og:title\" content=\"STONE ISLAND - Knitwear bleu fonc\u00e9 (36181) - Vousten Sports\" \/>\n<meta property=\"og:description\" content=\"Composition : 88 % laine, 12 % polyester Num\u00e9ro de Stone Island : 503A1 Num\u00e9ro de couleur : V0020 N\u00b0 d&rsquo;identification\u00a0: 36181\" \/>\n<meta property=\"og:url\" content=\"https:\/\/www.voustensports.com\/fr\/stone-island-knitwear-bleu-fonce-36181\/\" \/>\n<meta property=\"og:site_name\" content=\"Vousten Sports\" \/>\n<meta property=\"article:modified_time\" content=\"2026-02-05T10:57:57+00:00\" \/>\n<meta property=\"og:image\" content=\"https:\/\/www.voustensports.com\/wp-content\/uploads\/2023\/03\/36181-1-3.jpg\" \/>\n\t<meta property=\"og:image:width\" content=\"1365\" \/>\n\t<meta property=\"og:image:height\" content=\"2048\" \/>\n\t<meta property=\"og:image:type\" content=\"image\/jpeg\" \/>\n<meta name=\"twitter:card\" content=\"summary_large_image\" \/>\n<script type=\"application\/ld+json\" class=\"yoast-schema-graph\">{\"@context\":\"https:\/\/schema.org\",\"@graph\":[{\"@type\":\"WebPage\",\"@id\":\"https:\/\/www.voustensports.com\/fr\/stone-island-knitwear-bleu-fonce-36181\/\",\"url\":\"https:\/\/www.voustensports.com\/fr\/stone-island-knitwear-bleu-fonce-36181\/\",\"name\":\"STONE ISLAND - Knitwear bleu fonc\u00e9 (36181) - Vousten Sports\",\"isPartOf\":{\"@id\":\"https:\/\/www.voustensports.com\/nl\/#website\"},\"primaryImageOfPage\":{\"@id\":\"https:\/\/www.voustensports.com\/fr\/stone-island-knitwear-bleu-fonce-36181\/#primaryimage\"},\"image\":{\"@id\":\"https:\/\/www.voustensports.com\/fr\/stone-island-knitwear-bleu-fonce-36181\/#primaryimage\"},\"thumbnailUrl\":\"https:\/\/www.voustensports.com\/wp-content\/uploads\/2023\/03\/36181-1-3.jpg\",\"datePublished\":\"2023-06-09T12:51:31+00:00\",\"dateModified\":\"2026-02-05T10:57:57+00:00\",\"breadcrumb\":{\"@id\":\"https:\/\/www.voustensports.com\/fr\/stone-island-knitwear-bleu-fonce-36181\/#breadcrumb\"},\"inLanguage\":\"fr-FR\",\"potentialAction\":[{\"@type\":\"ReadAction\",\"target\":[\"https:\/\/www.voustensports.com\/fr\/stone-island-knitwear-bleu-fonce-36181\/\"]}]},{\"@type\":\"ImageObject\",\"inLanguage\":\"fr-FR\",\"@id\":\"https:\/\/www.voustensports.com\/fr\/stone-island-knitwear-bleu-fonce-36181\/#primaryimage\",\"url\":\"https:\/\/www.voustensports.com\/wp-content\/uploads\/2023\/03\/36181-1-3.jpg\",\"contentUrl\":\"https:\/\/www.voustensports.com\/wp-content\/uploads\/2023\/03\/36181-1-3.jpg\",\"width\":1365,\"height\":2048},{\"@type\":\"BreadcrumbList\",\"@id\":\"https:\/\/www.voustensports.com\/fr\/stone-island-knitwear-bleu-fonce-36181\/#breadcrumb\",\"itemListElement\":[{\"@type\":\"ListItem\",\"position\":1,\"name\":\"Home\",\"item\":\"https:\/\/www.voustensports.com\/fr\/\"},{\"@type\":\"ListItem\",\"position\":2,\"name\":\"Boutique\",\"item\":\"https:\/\/www.voustensports.com\/fr\/shop\/\"},{\"@type\":\"ListItem\",\"position\":3,\"name\":\"STONE ISLAND &#8211; Knitwear bleu fonc\u00e9 (36181)\"}]},{\"@type\":\"WebSite\",\"@id\":\"https:\/\/www.voustensports.com\/nl\/#website\",\"url\":\"https:\/\/www.voustensports.com\/nl\/\",\"name\":\"Vousten Sports\",\"description\":\"\",\"potentialAction\":[{\"@type\":\"SearchAction\",\"target\":{\"@type\":\"EntryPoint\",\"urlTemplate\":\"https:\/\/www.voustensports.com\/nl\/?s={search_term_string}\"},\"query-input\":{\"@type\":\"PropertyValueSpecification\",\"valueRequired\":true,\"valueName\":\"search_term_string\"}}],\"inLanguage\":\"fr-FR\"}]}<\/script>\n<!-- \/ Yoast SEO plugin. -->","yoast_head_json":{"title":"STONE ISLAND - Knitwear bleu fonc\u00e9 (36181) - Vousten Sports","robots":{"index":"index","follow":"follow","max-snippet":"max-snippet:-1","max-image-preview":"max-image-preview:large","max-video-preview":"max-video-preview:-1"},"canonical":"https:\/\/www.voustensports.com\/fr\/stone-island-knitwear-bleu-fonce-36181\/","og_locale":"fr_FR","og_type":"article","og_title":"STONE ISLAND - Knitwear bleu fonc\u00e9 (36181) - Vousten Sports","og_description":"Composition : 88 % laine, 12 % polyester Num\u00e9ro de Stone Island : 503A1 Num\u00e9ro de couleur : V0020 N\u00b0 d&rsquo;identification\u00a0: 36181","og_url":"https:\/\/www.voustensports.com\/fr\/stone-island-knitwear-bleu-fonce-36181\/","og_site_name":"Vousten Sports","article_modified_time":"2026-02-05T10:57:57+00:00","og_image":[{"width":1365,"height":2048,"url":"https:\/\/www.voustensports.com\/wp-content\/uploads\/2023\/03\/36181-1-3.jpg","type":"image\/jpeg"}],"twitter_card":"summary_large_image","schema":{"@context":"https:\/\/schema.org","@graph":[{"@type":"WebPage","@id":"https:\/\/www.voustensports.com\/fr\/stone-island-knitwear-bleu-fonce-36181\/","url":"https:\/\/www.voustensports.com\/fr\/stone-island-knitwear-bleu-fonce-36181\/","name":"STONE ISLAND - Knitwear bleu fonc\u00e9 (36181) - Vousten Sports","isPartOf":{"@id":"https:\/\/www.voustensports.com\/nl\/#website"},"primaryImageOfPage":{"@id":"https:\/\/www.voustensports.com\/fr\/stone-island-knitwear-bleu-fonce-36181\/#primaryimage"},"image":{"@id":"https:\/\/www.voustensports.com\/fr\/stone-island-knitwear-bleu-fonce-36181\/#primaryimage"},"thumbnailUrl":"https:\/\/www.voustensports.com\/wp-content\/uploads\/2023\/03\/36181-1-3.jpg","datePublished":"2023-06-09T12:51:31+00:00","dateModified":"2026-02-05T10:57:57+00:00","breadcrumb":{"@id":"https:\/\/www.voustensports.com\/fr\/stone-island-knitwear-bleu-fonce-36181\/#breadcrumb"},"inLanguage":"fr-FR","potentialAction":[{"@type":"ReadAction","target":["https:\/\/www.voustensports.com\/fr\/stone-island-knitwear-bleu-fonce-36181\/"]}]},{"@type":"ImageObject","inLanguage":"fr-FR","@id":"https:\/\/www.voustensports.com\/fr\/stone-island-knitwear-bleu-fonce-36181\/#primaryimage","url":"https:\/\/www.voustensports.com\/wp-content\/uploads\/2023\/03\/36181-1-3.jpg","contentUrl":"https:\/\/www.voustensports.com\/wp-content\/uploads\/2023\/03\/36181-1-3.jpg","width":1365,"height":2048},{"@type":"BreadcrumbList","@id":"https:\/\/www.voustensports.com\/fr\/stone-island-knitwear-bleu-fonce-36181\/#breadcrumb","itemListElement":[{"@type":"ListItem","position":1,"name":"Home","item":"https:\/\/www.voustensports.com\/fr\/"},{"@type":"ListItem","position":2,"name":"Boutique","item":"https:\/\/www.voustensports.com\/fr\/shop\/"},{"@type":"ListItem","position":3,"name":"STONE ISLAND &#8211; Knitwear bleu fonc\u00e9 (36181)"}]},{"@type":"WebSite","@id":"https:\/\/www.voustensports.com\/nl\/#website","url":"https:\/\/www.voustensports.com\/nl\/","name":"Vousten Sports","description":"","potentialAction":[{"@type":"SearchAction","target":{"@type":"EntryPoint","urlTemplate":"https:\/\/www.voustensports.com\/nl\/?s={search_term_string}"},"query-input":{"@type":"PropertyValueSpecification","valueRequired":true,"valueName":"search_term_string"}}],"inLanguage":"fr-FR"}]}},"_links":{"self":[{"href":"https:\/\/www.voustensports.com\/fr\/wp-json\/wp\/v2\/product\/24816","targetHints":{"allow":["GET"]}}],"collection":[{"href":"https:\/\/www.voustensports.com\/fr\/wp-json\/wp\/v2\/product"}],"about":[{"href":"https:\/\/www.voustensports.com\/fr\/wp-json\/wp\/v2\/types\/product"}],"replies":[{"embeddable":true,"href":"https:\/\/www.voustensports.com\/fr\/wp-json\/wp\/v2\/comments?post=24816"}],"wp:featuredmedia":[{"embeddable":true,"href":"https:\/\/www.voustensports.com\/fr\/wp-json\/wp\/v2\/media\/6830"}],"wp:attachment":[{"href":"https:\/\/www.voustensports.com\/fr\/wp-json\/wp\/v2\/media?parent=24816"}],"wp:term":[{"taxonomy":"product_cat","embeddable":true,"href":"https:\/\/www.voustensports.com\/fr\/wp-json\/wp\/v2\/product_cat?post=24816"},{"taxonomy":"product_tag","embeddable":true,"href":"https:\/\/www.voustensports.com\/fr\/wp-json\/wp\/v2\/product_tag?post=24816"}],"curies":[{"name":"wp","href":"https:\/\/api.w.org\/{rel}","templated":true}]}}