{"id":230045,"date":"2026-05-09T14:12:10","date_gmt":"2026-05-09T12:12:10","guid":{"rendered":"https:\/\/www.voustensports.com\/brams-fruit-chemise-oxford-rayee-a-manches-courtes-bleu-clair-42694\/"},"modified":"2026-05-13T14:12:10","modified_gmt":"2026-05-13T12:12:10","slug":"brams-fruit-chemise-oxford-rayee-a-manches-courtes-bleu-clair-42694","status":"publish","type":"product","link":"https:\/\/www.voustensports.com\/fr\/brams-fruit-chemise-oxford-rayee-a-manches-courtes-bleu-clair-42694\/","title":{"rendered":"BRAM&#8217;S FRUIT &#8211; Chemise Oxford ray\u00e9e \u00e0 manches courtes bleu clair (42694)"},"content":{"rendered":"<div>D\u00c9TAILS DU PRODUIT<\/div>\n<div>Chemise Oxford ray\u00e9e \u00e0 manches courtes effet d\u00e9lav\u00e9<\/div>\n<ul>\n<li>Coupe ample \u00e0 \u00e9paules tombantes<\/li>\n<li>Tissu ray\u00e9 effet d\u00e9lav\u00e9<\/li>\n<li>Logo brod\u00e9 ton sur ton sur la poche poitrine<\/li>\n<li>Col boutonn\u00e9, boutons personnalis\u00e9s<\/li>\n<li>Composition : 100 % coton<\/li>\n<\/ul>\n","protected":false},"excerpt":{"rendered":"<p>D\u00c9TAILS DU PRODUIT Chemise Oxford ray\u00e9e \u00e0 manches courtes effet d\u00e9lav\u00e9 Coupe ample \u00e0 \u00e9paules tombantes Tissu ray\u00e9 effet d\u00e9lav\u00e9 Logo brod\u00e9 ton sur ton sur la poche poitrine Col boutonn\u00e9, boutons personnalis\u00e9s Composition : 100 % coton<\/p>\n","protected":false},"featured_media":230029,"comment_status":"open","ping_status":"closed","template":"","meta":{"rank_math_lock_modified_date":false},"product_cat":[446,450,462,486,891,1170],"product_tag":[],"class_list":{"0":"post-230045","1":"product","2":"type-product","3":"status-publish","4":"has-post-thumbnail","6":"product_cat-kleding-fr","7":"product_cat-heren-fr","8":"product_cat-vousten-sports-fr-2","9":"product_cat-shirt-fr-2","10":"product_cat-overhemd-blouse-fr","11":"product_cat-brams-fruit-fr","13":"first","14":"instock","15":"taxable","16":"shipping-taxable","17":"purchasable","18":"product-type-variable"},"acf":[],"yoast_head":"<!-- This site is optimized with the Yoast SEO plugin v23.9 - https:\/\/yoast.com\/wordpress\/plugins\/seo\/ -->\n<title>BRAM&#8217;S FRUIT - Chemise Oxford ray\u00e9e \u00e0 manches courtes bleu clair (42694) - Vousten Sports<\/title>\n<meta name=\"robots\" content=\"index, follow, max-snippet:-1, max-image-preview:large, max-video-preview:-1\" \/>\n<link rel=\"canonical\" href=\"https:\/\/www.voustensports.com\/fr\/brams-fruit-chemise-oxford-rayee-a-manches-courtes-bleu-clair-42694\/\" \/>\n<meta property=\"og:locale\" content=\"fr_FR\" \/>\n<meta property=\"og:type\" content=\"article\" \/>\n<meta property=\"og:title\" content=\"BRAM&#8217;S FRUIT - Chemise Oxford ray\u00e9e \u00e0 manches courtes bleu clair (42694) - Vousten Sports\" \/>\n<meta property=\"og:description\" content=\"D\u00c9TAILS DU PRODUIT Chemise Oxford ray\u00e9e \u00e0 manches courtes effet d\u00e9lav\u00e9 Coupe ample \u00e0 \u00e9paules tombantes Tissu ray\u00e9 effet d\u00e9lav\u00e9 Logo brod\u00e9 ton sur ton sur la poche poitrine Col boutonn\u00e9, boutons personnalis\u00e9s Composition : 100 % coton\" \/>\n<meta property=\"og:url\" content=\"https:\/\/www.voustensports.com\/fr\/brams-fruit-chemise-oxford-rayee-a-manches-courtes-bleu-clair-42694\/\" \/>\n<meta property=\"og:site_name\" content=\"Vousten Sports\" \/>\n<meta property=\"article:modified_time\" content=\"2026-05-13T12:12:10+00:00\" \/>\n<meta property=\"og:image\" content=\"https:\/\/www.voustensports.com\/wp-content\/uploads\/2023\/06\/Gestreept-Oxford-Overhemd-Shortsleeve-lichtblauw-426941.jpg\" \/>\n\t<meta property=\"og:image:width\" content=\"2048\" \/>\n\t<meta property=\"og:image:height\" content=\"2048\" \/>\n\t<meta property=\"og:image:type\" content=\"image\/jpeg\" \/>\n<meta name=\"twitter:card\" content=\"summary_large_image\" \/>\n<script type=\"application\/ld+json\" class=\"yoast-schema-graph\">{\"@context\":\"https:\/\/schema.org\",\"@graph\":[{\"@type\":\"WebPage\",\"@id\":\"https:\/\/www.voustensports.com\/fr\/brams-fruit-chemise-oxford-rayee-a-manches-courtes-bleu-clair-42694\/\",\"url\":\"https:\/\/www.voustensports.com\/fr\/brams-fruit-chemise-oxford-rayee-a-manches-courtes-bleu-clair-42694\/\",\"name\":\"BRAM&#8217;S FRUIT - Chemise Oxford ray\u00e9e \u00e0 manches courtes bleu clair (42694) - Vousten Sports\",\"isPartOf\":{\"@id\":\"https:\/\/www.voustensports.com\/nl\/#website\"},\"primaryImageOfPage\":{\"@id\":\"https:\/\/www.voustensports.com\/fr\/brams-fruit-chemise-oxford-rayee-a-manches-courtes-bleu-clair-42694\/#primaryimage\"},\"image\":{\"@id\":\"https:\/\/www.voustensports.com\/fr\/brams-fruit-chemise-oxford-rayee-a-manches-courtes-bleu-clair-42694\/#primaryimage\"},\"thumbnailUrl\":\"https:\/\/www.voustensports.com\/wp-content\/uploads\/2023\/06\/Gestreept-Oxford-Overhemd-Shortsleeve-lichtblauw-426941.jpg\",\"datePublished\":\"2026-05-09T12:12:10+00:00\",\"dateModified\":\"2026-05-13T12:12:10+00:00\",\"breadcrumb\":{\"@id\":\"https:\/\/www.voustensports.com\/fr\/brams-fruit-chemise-oxford-rayee-a-manches-courtes-bleu-clair-42694\/#breadcrumb\"},\"inLanguage\":\"fr-FR\",\"potentialAction\":[{\"@type\":\"ReadAction\",\"target\":[\"https:\/\/www.voustensports.com\/fr\/brams-fruit-chemise-oxford-rayee-a-manches-courtes-bleu-clair-42694\/\"]}]},{\"@type\":\"ImageObject\",\"inLanguage\":\"fr-FR\",\"@id\":\"https:\/\/www.voustensports.com\/fr\/brams-fruit-chemise-oxford-rayee-a-manches-courtes-bleu-clair-42694\/#primaryimage\",\"url\":\"https:\/\/www.voustensports.com\/wp-content\/uploads\/2023\/06\/Gestreept-Oxford-Overhemd-Shortsleeve-lichtblauw-426941.jpg\",\"contentUrl\":\"https:\/\/www.voustensports.com\/wp-content\/uploads\/2023\/06\/Gestreept-Oxford-Overhemd-Shortsleeve-lichtblauw-426941.jpg\",\"width\":2048,\"height\":2048},{\"@type\":\"BreadcrumbList\",\"@id\":\"https:\/\/www.voustensports.com\/fr\/brams-fruit-chemise-oxford-rayee-a-manches-courtes-bleu-clair-42694\/#breadcrumb\",\"itemListElement\":[{\"@type\":\"ListItem\",\"position\":1,\"name\":\"Home\",\"item\":\"https:\/\/www.voustensports.com\/fr\/\"},{\"@type\":\"ListItem\",\"position\":2,\"name\":\"Boutique\",\"item\":\"https:\/\/www.voustensports.com\/fr\/shop\/\"},{\"@type\":\"ListItem\",\"position\":3,\"name\":\"BRAM&#8217;S FRUIT &#8211; Chemise Oxford ray\u00e9e \u00e0 manches courtes bleu clair (42694)\"}]},{\"@type\":\"WebSite\",\"@id\":\"https:\/\/www.voustensports.com\/nl\/#website\",\"url\":\"https:\/\/www.voustensports.com\/nl\/\",\"name\":\"Vousten Sports\",\"description\":\"\",\"potentialAction\":[{\"@type\":\"SearchAction\",\"target\":{\"@type\":\"EntryPoint\",\"urlTemplate\":\"https:\/\/www.voustensports.com\/nl\/?s={search_term_string}\"},\"query-input\":{\"@type\":\"PropertyValueSpecification\",\"valueRequired\":true,\"valueName\":\"search_term_string\"}}],\"inLanguage\":\"fr-FR\"}]}<\/script>\n<!-- \/ Yoast SEO plugin. -->","yoast_head_json":{"title":"BRAM&#8217;S FRUIT - Chemise Oxford ray\u00e9e \u00e0 manches courtes bleu clair (42694) - Vousten Sports","robots":{"index":"index","follow":"follow","max-snippet":"max-snippet:-1","max-image-preview":"max-image-preview:large","max-video-preview":"max-video-preview:-1"},"canonical":"https:\/\/www.voustensports.com\/fr\/brams-fruit-chemise-oxford-rayee-a-manches-courtes-bleu-clair-42694\/","og_locale":"fr_FR","og_type":"article","og_title":"BRAM&#8217;S FRUIT - Chemise Oxford ray\u00e9e \u00e0 manches courtes bleu clair (42694) - Vousten Sports","og_description":"D\u00c9TAILS DU PRODUIT Chemise Oxford ray\u00e9e \u00e0 manches courtes effet d\u00e9lav\u00e9 Coupe ample \u00e0 \u00e9paules tombantes Tissu ray\u00e9 effet d\u00e9lav\u00e9 Logo brod\u00e9 ton sur ton sur la poche poitrine Col boutonn\u00e9, boutons personnalis\u00e9s Composition : 100 % coton","og_url":"https:\/\/www.voustensports.com\/fr\/brams-fruit-chemise-oxford-rayee-a-manches-courtes-bleu-clair-42694\/","og_site_name":"Vousten Sports","article_modified_time":"2026-05-13T12:12:10+00:00","og_image":[{"width":2048,"height":2048,"url":"https:\/\/www.voustensports.com\/wp-content\/uploads\/2023\/06\/Gestreept-Oxford-Overhemd-Shortsleeve-lichtblauw-426941.jpg","type":"image\/jpeg"}],"twitter_card":"summary_large_image","schema":{"@context":"https:\/\/schema.org","@graph":[{"@type":"WebPage","@id":"https:\/\/www.voustensports.com\/fr\/brams-fruit-chemise-oxford-rayee-a-manches-courtes-bleu-clair-42694\/","url":"https:\/\/www.voustensports.com\/fr\/brams-fruit-chemise-oxford-rayee-a-manches-courtes-bleu-clair-42694\/","name":"BRAM&#8217;S FRUIT - Chemise Oxford ray\u00e9e \u00e0 manches courtes bleu clair (42694) - Vousten Sports","isPartOf":{"@id":"https:\/\/www.voustensports.com\/nl\/#website"},"primaryImageOfPage":{"@id":"https:\/\/www.voustensports.com\/fr\/brams-fruit-chemise-oxford-rayee-a-manches-courtes-bleu-clair-42694\/#primaryimage"},"image":{"@id":"https:\/\/www.voustensports.com\/fr\/brams-fruit-chemise-oxford-rayee-a-manches-courtes-bleu-clair-42694\/#primaryimage"},"thumbnailUrl":"https:\/\/www.voustensports.com\/wp-content\/uploads\/2023\/06\/Gestreept-Oxford-Overhemd-Shortsleeve-lichtblauw-426941.jpg","datePublished":"2026-05-09T12:12:10+00:00","dateModified":"2026-05-13T12:12:10+00:00","breadcrumb":{"@id":"https:\/\/www.voustensports.com\/fr\/brams-fruit-chemise-oxford-rayee-a-manches-courtes-bleu-clair-42694\/#breadcrumb"},"inLanguage":"fr-FR","potentialAction":[{"@type":"ReadAction","target":["https:\/\/www.voustensports.com\/fr\/brams-fruit-chemise-oxford-rayee-a-manches-courtes-bleu-clair-42694\/"]}]},{"@type":"ImageObject","inLanguage":"fr-FR","@id":"https:\/\/www.voustensports.com\/fr\/brams-fruit-chemise-oxford-rayee-a-manches-courtes-bleu-clair-42694\/#primaryimage","url":"https:\/\/www.voustensports.com\/wp-content\/uploads\/2023\/06\/Gestreept-Oxford-Overhemd-Shortsleeve-lichtblauw-426941.jpg","contentUrl":"https:\/\/www.voustensports.com\/wp-content\/uploads\/2023\/06\/Gestreept-Oxford-Overhemd-Shortsleeve-lichtblauw-426941.jpg","width":2048,"height":2048},{"@type":"BreadcrumbList","@id":"https:\/\/www.voustensports.com\/fr\/brams-fruit-chemise-oxford-rayee-a-manches-courtes-bleu-clair-42694\/#breadcrumb","itemListElement":[{"@type":"ListItem","position":1,"name":"Home","item":"https:\/\/www.voustensports.com\/fr\/"},{"@type":"ListItem","position":2,"name":"Boutique","item":"https:\/\/www.voustensports.com\/fr\/shop\/"},{"@type":"ListItem","position":3,"name":"BRAM&#8217;S FRUIT &#8211; Chemise Oxford ray\u00e9e \u00e0 manches courtes bleu clair (42694)"}]},{"@type":"WebSite","@id":"https:\/\/www.voustensports.com\/nl\/#website","url":"https:\/\/www.voustensports.com\/nl\/","name":"Vousten Sports","description":"","potentialAction":[{"@type":"SearchAction","target":{"@type":"EntryPoint","urlTemplate":"https:\/\/www.voustensports.com\/nl\/?s={search_term_string}"},"query-input":{"@type":"PropertyValueSpecification","valueRequired":true,"valueName":"search_term_string"}}],"inLanguage":"fr-FR"}]}},"_links":{"self":[{"href":"https:\/\/www.voustensports.com\/fr\/wp-json\/wp\/v2\/product\/230045","targetHints":{"allow":["GET"]}}],"collection":[{"href":"https:\/\/www.voustensports.com\/fr\/wp-json\/wp\/v2\/product"}],"about":[{"href":"https:\/\/www.voustensports.com\/fr\/wp-json\/wp\/v2\/types\/product"}],"replies":[{"embeddable":true,"href":"https:\/\/www.voustensports.com\/fr\/wp-json\/wp\/v2\/comments?post=230045"}],"wp:featuredmedia":[{"embeddable":true,"href":"https:\/\/www.voustensports.com\/fr\/wp-json\/wp\/v2\/media\/230029"}],"wp:attachment":[{"href":"https:\/\/www.voustensports.com\/fr\/wp-json\/wp\/v2\/media?parent=230045"}],"wp:term":[{"taxonomy":"product_cat","embeddable":true,"href":"https:\/\/www.voustensports.com\/fr\/wp-json\/wp\/v2\/product_cat?post=230045"},{"taxonomy":"product_tag","embeddable":true,"href":"https:\/\/www.voustensports.com\/fr\/wp-json\/wp\/v2\/product_tag?post=230045"}],"curies":[{"name":"wp","href":"https:\/\/api.w.org\/{rel}","templated":true}]}}