{"id":229927,"date":"2026-05-02T17:24:09","date_gmt":"2026-05-02T15:24:09","guid":{"rendered":"https:\/\/www.voustensports.com\/gran-sasso-polo-skipper-en-maille-point-de-riz-beige-42714\/"},"modified":"2026-05-02T18:57:09","modified_gmt":"2026-05-02T16:57:09","slug":"gran-sasso-polo-skipper-en-maille-point-de-riz-beige-42714","status":"publish","type":"product","link":"https:\/\/www.voustensports.com\/fr\/gran-sasso-polo-skipper-en-maille-point-de-riz-beige-42714\/","title":{"rendered":"Gran Sasso &#8211; POLO SKIPPER EN MAILLE POINT DE RIZ BEIGE (42714)"},"content":{"rendered":"<div>Polo \u00e0 manches courtes en coton frais. Les d\u00e9tails contrast\u00e9s au col et le point de riz lui conf\u00e8rent une allure tendance. Id\u00e9al pour diff\u00e9rents styles, des tenues habill\u00e9es avec une veste en maille aux looks d\u00e9contract\u00e9s avec un bermuda. Coupe \u00e9l\u00e9gante.<\/div>\n<ul>\n<li>100 % coton<\/li>\n<\/ul>\n","protected":false},"excerpt":{"rendered":"<p>Polo \u00e0 manches courtes en coton frais. Les d\u00e9tails contrast\u00e9s au col et le point de riz lui conf\u00e8rent une allure tendance. Id\u00e9al pour diff\u00e9rents styles, des tenues habill\u00e9es avec une veste en maille aux looks d\u00e9contract\u00e9s avec un bermuda. Coupe \u00e9l\u00e9gante. 100 % coton<\/p>\n","protected":false},"featured_media":229915,"comment_status":"open","ping_status":"closed","template":"","meta":{"rank_math_lock_modified_date":false},"product_cat":[446,450,462,478,486,538,924],"product_tag":[],"class_list":{"0":"post-229927","1":"product","2":"type-product","3":"status-publish","4":"has-post-thumbnail","6":"product_cat-kleding-fr","7":"product_cat-heren-fr","8":"product_cat-vousten-sports-fr-2","9":"product_cat-polos-fr-2","10":"product_cat-shirt-fr-2","11":"product_cat-knitwear-fr","12":"product_cat-gran-sasso-fr","14":"first","15":"instock","16":"taxable","17":"shipping-taxable","18":"purchasable","19":"product-type-variable"},"acf":[],"yoast_head":"<!-- This site is optimized with the Yoast SEO plugin v23.9 - https:\/\/yoast.com\/wordpress\/plugins\/seo\/ -->\n<title>Gran Sasso - POLO SKIPPER EN MAILLE POINT DE RIZ BEIGE (42714) - Vousten Sports<\/title>\n<meta name=\"robots\" content=\"index, follow, max-snippet:-1, max-image-preview:large, max-video-preview:-1\" \/>\n<link rel=\"canonical\" href=\"https:\/\/www.voustensports.com\/fr\/gran-sasso-polo-skipper-en-maille-point-de-riz-beige-42714\/\" \/>\n<meta property=\"og:locale\" content=\"fr_FR\" \/>\n<meta property=\"og:type\" content=\"article\" \/>\n<meta property=\"og:title\" content=\"Gran Sasso - POLO SKIPPER EN MAILLE POINT DE RIZ BEIGE (42714) - Vousten Sports\" \/>\n<meta property=\"og:description\" content=\"Polo \u00e0 manches courtes en coton frais. Les d\u00e9tails contrast\u00e9s au col et le point de riz lui conf\u00e8rent une allure tendance. Id\u00e9al pour diff\u00e9rents styles, des tenues habill\u00e9es avec une veste en maille aux looks d\u00e9contract\u00e9s avec un bermuda. Coupe \u00e9l\u00e9gante. 100 % coton\" \/>\n<meta property=\"og:url\" content=\"https:\/\/www.voustensports.com\/fr\/gran-sasso-polo-skipper-en-maille-point-de-riz-beige-42714\/\" \/>\n<meta property=\"og:site_name\" content=\"Vousten Sports\" \/>\n<meta property=\"article:modified_time\" content=\"2026-05-02T16:57:09+00:00\" \/>\n<meta property=\"og:image\" content=\"https:\/\/www.voustensports.com\/wp-content\/uploads\/2023\/06\/SKIPPER-KNIT-POLO-RICE-STITCH-BEIGE-427141.jpg\" \/>\n\t<meta property=\"og:image:width\" content=\"1353\" \/>\n\t<meta property=\"og:image:height\" content=\"2048\" \/>\n\t<meta property=\"og:image:type\" content=\"image\/jpeg\" \/>\n<meta name=\"twitter:card\" content=\"summary_large_image\" \/>\n<script type=\"application\/ld+json\" class=\"yoast-schema-graph\">{\"@context\":\"https:\/\/schema.org\",\"@graph\":[{\"@type\":\"WebPage\",\"@id\":\"https:\/\/www.voustensports.com\/fr\/gran-sasso-polo-skipper-en-maille-point-de-riz-beige-42714\/\",\"url\":\"https:\/\/www.voustensports.com\/fr\/gran-sasso-polo-skipper-en-maille-point-de-riz-beige-42714\/\",\"name\":\"Gran Sasso - POLO SKIPPER EN MAILLE POINT DE RIZ BEIGE (42714) - Vousten Sports\",\"isPartOf\":{\"@id\":\"https:\/\/www.voustensports.com\/nl\/#website\"},\"primaryImageOfPage\":{\"@id\":\"https:\/\/www.voustensports.com\/fr\/gran-sasso-polo-skipper-en-maille-point-de-riz-beige-42714\/#primaryimage\"},\"image\":{\"@id\":\"https:\/\/www.voustensports.com\/fr\/gran-sasso-polo-skipper-en-maille-point-de-riz-beige-42714\/#primaryimage\"},\"thumbnailUrl\":\"https:\/\/www.voustensports.com\/wp-content\/uploads\/2023\/06\/SKIPPER-KNIT-POLO-RICE-STITCH-BEIGE-427141.jpg\",\"datePublished\":\"2026-05-02T15:24:09+00:00\",\"dateModified\":\"2026-05-02T16:57:09+00:00\",\"breadcrumb\":{\"@id\":\"https:\/\/www.voustensports.com\/fr\/gran-sasso-polo-skipper-en-maille-point-de-riz-beige-42714\/#breadcrumb\"},\"inLanguage\":\"fr-FR\",\"potentialAction\":[{\"@type\":\"ReadAction\",\"target\":[\"https:\/\/www.voustensports.com\/fr\/gran-sasso-polo-skipper-en-maille-point-de-riz-beige-42714\/\"]}]},{\"@type\":\"ImageObject\",\"inLanguage\":\"fr-FR\",\"@id\":\"https:\/\/www.voustensports.com\/fr\/gran-sasso-polo-skipper-en-maille-point-de-riz-beige-42714\/#primaryimage\",\"url\":\"https:\/\/www.voustensports.com\/wp-content\/uploads\/2023\/06\/SKIPPER-KNIT-POLO-RICE-STITCH-BEIGE-427141.jpg\",\"contentUrl\":\"https:\/\/www.voustensports.com\/wp-content\/uploads\/2023\/06\/SKIPPER-KNIT-POLO-RICE-STITCH-BEIGE-427141.jpg\",\"width\":1353,\"height\":2048},{\"@type\":\"BreadcrumbList\",\"@id\":\"https:\/\/www.voustensports.com\/fr\/gran-sasso-polo-skipper-en-maille-point-de-riz-beige-42714\/#breadcrumb\",\"itemListElement\":[{\"@type\":\"ListItem\",\"position\":1,\"name\":\"Home\",\"item\":\"https:\/\/www.voustensports.com\/fr\/\"},{\"@type\":\"ListItem\",\"position\":2,\"name\":\"Boutique\",\"item\":\"https:\/\/www.voustensports.com\/fr\/shop\/\"},{\"@type\":\"ListItem\",\"position\":3,\"name\":\"Gran Sasso &#8211; POLO SKIPPER EN MAILLE POINT DE RIZ BEIGE (42714)\"}]},{\"@type\":\"WebSite\",\"@id\":\"https:\/\/www.voustensports.com\/nl\/#website\",\"url\":\"https:\/\/www.voustensports.com\/nl\/\",\"name\":\"Vousten Sports\",\"description\":\"\",\"potentialAction\":[{\"@type\":\"SearchAction\",\"target\":{\"@type\":\"EntryPoint\",\"urlTemplate\":\"https:\/\/www.voustensports.com\/nl\/?s={search_term_string}\"},\"query-input\":{\"@type\":\"PropertyValueSpecification\",\"valueRequired\":true,\"valueName\":\"search_term_string\"}}],\"inLanguage\":\"fr-FR\"}]}<\/script>\n<!-- \/ Yoast SEO plugin. -->","yoast_head_json":{"title":"Gran Sasso - POLO SKIPPER EN MAILLE POINT DE RIZ BEIGE (42714) - Vousten Sports","robots":{"index":"index","follow":"follow","max-snippet":"max-snippet:-1","max-image-preview":"max-image-preview:large","max-video-preview":"max-video-preview:-1"},"canonical":"https:\/\/www.voustensports.com\/fr\/gran-sasso-polo-skipper-en-maille-point-de-riz-beige-42714\/","og_locale":"fr_FR","og_type":"article","og_title":"Gran Sasso - POLO SKIPPER EN MAILLE POINT DE RIZ BEIGE (42714) - Vousten Sports","og_description":"Polo \u00e0 manches courtes en coton frais. Les d\u00e9tails contrast\u00e9s au col et le point de riz lui conf\u00e8rent une allure tendance. Id\u00e9al pour diff\u00e9rents styles, des tenues habill\u00e9es avec une veste en maille aux looks d\u00e9contract\u00e9s avec un bermuda. Coupe \u00e9l\u00e9gante. 100 % coton","og_url":"https:\/\/www.voustensports.com\/fr\/gran-sasso-polo-skipper-en-maille-point-de-riz-beige-42714\/","og_site_name":"Vousten Sports","article_modified_time":"2026-05-02T16:57:09+00:00","og_image":[{"width":1353,"height":2048,"url":"https:\/\/www.voustensports.com\/wp-content\/uploads\/2023\/06\/SKIPPER-KNIT-POLO-RICE-STITCH-BEIGE-427141.jpg","type":"image\/jpeg"}],"twitter_card":"summary_large_image","schema":{"@context":"https:\/\/schema.org","@graph":[{"@type":"WebPage","@id":"https:\/\/www.voustensports.com\/fr\/gran-sasso-polo-skipper-en-maille-point-de-riz-beige-42714\/","url":"https:\/\/www.voustensports.com\/fr\/gran-sasso-polo-skipper-en-maille-point-de-riz-beige-42714\/","name":"Gran Sasso - POLO SKIPPER EN MAILLE POINT DE RIZ BEIGE (42714) - Vousten Sports","isPartOf":{"@id":"https:\/\/www.voustensports.com\/nl\/#website"},"primaryImageOfPage":{"@id":"https:\/\/www.voustensports.com\/fr\/gran-sasso-polo-skipper-en-maille-point-de-riz-beige-42714\/#primaryimage"},"image":{"@id":"https:\/\/www.voustensports.com\/fr\/gran-sasso-polo-skipper-en-maille-point-de-riz-beige-42714\/#primaryimage"},"thumbnailUrl":"https:\/\/www.voustensports.com\/wp-content\/uploads\/2023\/06\/SKIPPER-KNIT-POLO-RICE-STITCH-BEIGE-427141.jpg","datePublished":"2026-05-02T15:24:09+00:00","dateModified":"2026-05-02T16:57:09+00:00","breadcrumb":{"@id":"https:\/\/www.voustensports.com\/fr\/gran-sasso-polo-skipper-en-maille-point-de-riz-beige-42714\/#breadcrumb"},"inLanguage":"fr-FR","potentialAction":[{"@type":"ReadAction","target":["https:\/\/www.voustensports.com\/fr\/gran-sasso-polo-skipper-en-maille-point-de-riz-beige-42714\/"]}]},{"@type":"ImageObject","inLanguage":"fr-FR","@id":"https:\/\/www.voustensports.com\/fr\/gran-sasso-polo-skipper-en-maille-point-de-riz-beige-42714\/#primaryimage","url":"https:\/\/www.voustensports.com\/wp-content\/uploads\/2023\/06\/SKIPPER-KNIT-POLO-RICE-STITCH-BEIGE-427141.jpg","contentUrl":"https:\/\/www.voustensports.com\/wp-content\/uploads\/2023\/06\/SKIPPER-KNIT-POLO-RICE-STITCH-BEIGE-427141.jpg","width":1353,"height":2048},{"@type":"BreadcrumbList","@id":"https:\/\/www.voustensports.com\/fr\/gran-sasso-polo-skipper-en-maille-point-de-riz-beige-42714\/#breadcrumb","itemListElement":[{"@type":"ListItem","position":1,"name":"Home","item":"https:\/\/www.voustensports.com\/fr\/"},{"@type":"ListItem","position":2,"name":"Boutique","item":"https:\/\/www.voustensports.com\/fr\/shop\/"},{"@type":"ListItem","position":3,"name":"Gran Sasso &#8211; POLO SKIPPER EN MAILLE POINT DE RIZ BEIGE (42714)"}]},{"@type":"WebSite","@id":"https:\/\/www.voustensports.com\/nl\/#website","url":"https:\/\/www.voustensports.com\/nl\/","name":"Vousten Sports","description":"","potentialAction":[{"@type":"SearchAction","target":{"@type":"EntryPoint","urlTemplate":"https:\/\/www.voustensports.com\/nl\/?s={search_term_string}"},"query-input":{"@type":"PropertyValueSpecification","valueRequired":true,"valueName":"search_term_string"}}],"inLanguage":"fr-FR"}]}},"_links":{"self":[{"href":"https:\/\/www.voustensports.com\/fr\/wp-json\/wp\/v2\/product\/229927","targetHints":{"allow":["GET"]}}],"collection":[{"href":"https:\/\/www.voustensports.com\/fr\/wp-json\/wp\/v2\/product"}],"about":[{"href":"https:\/\/www.voustensports.com\/fr\/wp-json\/wp\/v2\/types\/product"}],"replies":[{"embeddable":true,"href":"https:\/\/www.voustensports.com\/fr\/wp-json\/wp\/v2\/comments?post=229927"}],"wp:featuredmedia":[{"embeddable":true,"href":"https:\/\/www.voustensports.com\/fr\/wp-json\/wp\/v2\/media\/229915"}],"wp:attachment":[{"href":"https:\/\/www.voustensports.com\/fr\/wp-json\/wp\/v2\/media?parent=229927"}],"wp:term":[{"taxonomy":"product_cat","embeddable":true,"href":"https:\/\/www.voustensports.com\/fr\/wp-json\/wp\/v2\/product_cat?post=229927"},{"taxonomy":"product_tag","embeddable":true,"href":"https:\/\/www.voustensports.com\/fr\/wp-json\/wp\/v2\/product_tag?post=229927"}],"curies":[{"name":"wp","href":"https:\/\/api.w.org\/{rel}","templated":true}]}}