{"id":229871,"date":"2026-05-02T13:39:07","date_gmt":"2026-05-02T11:39:07","guid":{"rendered":"https:\/\/www.voustensports.com\/gran-sasso-polo-en-maille-gaufree-sable-42711\/"},"modified":"2026-05-02T15:09:08","modified_gmt":"2026-05-02T13:09:08","slug":"gran-sasso-polo-en-maille-gaufree-sable-42711","status":"publish","type":"product","link":"https:\/\/www.voustensports.com\/fr\/gran-sasso-polo-en-maille-gaufree-sable-42711\/","title":{"rendered":"Gran Sasso &#8211; POLO EN MAILLE GAUFR\u00c9E SABLE (42711)"},"content":{"rendered":"<div>Polo en maille gaufr\u00e9e de coton biologique. Le coton et le proc\u00e9d\u00e9 de teinture sont certifi\u00e9s GOTS (Global Organic Textile Standard). Cultiv\u00e9 sans pesticides ni substances toxiques, le coton biologique respecte l&rsquo;environnement et les personnes et contribue au d\u00e9veloppement durable. Coupe classique. Fabriqu\u00e9 en Italie.<\/div>\n<ul>\n<li>100 % COTON<\/li>\n<\/ul>\n","protected":false},"excerpt":{"rendered":"<p>Polo en maille gaufr\u00e9e de coton biologique. Le coton et le proc\u00e9d\u00e9 de teinture sont certifi\u00e9s GOTS (Global Organic Textile Standard). Cultiv\u00e9 sans pesticides ni substances toxiques, le coton biologique respecte l&rsquo;environnement et les personnes et contribue au d\u00e9veloppement durable. Coupe classique. Fabriqu\u00e9 en Italie. 100 % COTON<\/p>\n","protected":false},"featured_media":229863,"comment_status":"open","ping_status":"closed","template":"","meta":{"rank_math_lock_modified_date":false},"product_cat":[446,450,462,478,486,538,924],"product_tag":[],"class_list":{"0":"post-229871","1":"product","2":"type-product","3":"status-publish","4":"has-post-thumbnail","6":"product_cat-kleding-fr","7":"product_cat-heren-fr","8":"product_cat-vousten-sports-fr-2","9":"product_cat-polos-fr-2","10":"product_cat-shirt-fr-2","11":"product_cat-knitwear-fr","12":"product_cat-gran-sasso-fr","14":"first","15":"instock","16":"taxable","17":"shipping-taxable","18":"purchasable","19":"product-type-variable"},"acf":[],"yoast_head":"<!-- This site is optimized with the Yoast SEO plugin v23.9 - https:\/\/yoast.com\/wordpress\/plugins\/seo\/ -->\n<title>Gran Sasso - POLO EN MAILLE GAUFR\u00c9E SABLE (42711) - Vousten Sports<\/title>\n<meta name=\"robots\" content=\"index, follow, max-snippet:-1, max-image-preview:large, max-video-preview:-1\" \/>\n<link rel=\"canonical\" href=\"https:\/\/www.voustensports.com\/fr\/gran-sasso-polo-en-maille-gaufree-sable-42711\/\" \/>\n<meta property=\"og:locale\" content=\"fr_FR\" \/>\n<meta property=\"og:type\" content=\"article\" \/>\n<meta property=\"og:title\" content=\"Gran Sasso - POLO EN MAILLE GAUFR\u00c9E SABLE (42711) - Vousten Sports\" \/>\n<meta property=\"og:description\" content=\"Polo en maille gaufr\u00e9e de coton biologique. Le coton et le proc\u00e9d\u00e9 de teinture sont certifi\u00e9s GOTS (Global Organic Textile Standard). Cultiv\u00e9 sans pesticides ni substances toxiques, le coton biologique respecte l&rsquo;environnement et les personnes et contribue au d\u00e9veloppement durable. Coupe classique. Fabriqu\u00e9 en Italie. 100 % COTON\" \/>\n<meta property=\"og:url\" content=\"https:\/\/www.voustensports.com\/fr\/gran-sasso-polo-en-maille-gaufree-sable-42711\/\" \/>\n<meta property=\"og:site_name\" content=\"Vousten Sports\" \/>\n<meta property=\"article:modified_time\" content=\"2026-05-02T13:09:08+00:00\" \/>\n<meta property=\"og:image\" content=\"https:\/\/www.voustensports.com\/wp-content\/uploads\/2023\/06\/WAFFLE-STITCH-KNITTED-POLO-SAND-427111.jpg\" \/>\n\t<meta property=\"og:image:width\" content=\"1536\" \/>\n\t<meta property=\"og:image:height\" content=\"2048\" \/>\n\t<meta property=\"og:image:type\" content=\"image\/jpeg\" \/>\n<meta name=\"twitter:card\" content=\"summary_large_image\" \/>\n<script type=\"application\/ld+json\" class=\"yoast-schema-graph\">{\"@context\":\"https:\/\/schema.org\",\"@graph\":[{\"@type\":\"WebPage\",\"@id\":\"https:\/\/www.voustensports.com\/fr\/gran-sasso-polo-en-maille-gaufree-sable-42711\/\",\"url\":\"https:\/\/www.voustensports.com\/fr\/gran-sasso-polo-en-maille-gaufree-sable-42711\/\",\"name\":\"Gran Sasso - POLO EN MAILLE GAUFR\u00c9E SABLE (42711) - Vousten Sports\",\"isPartOf\":{\"@id\":\"https:\/\/www.voustensports.com\/nl\/#website\"},\"primaryImageOfPage\":{\"@id\":\"https:\/\/www.voustensports.com\/fr\/gran-sasso-polo-en-maille-gaufree-sable-42711\/#primaryimage\"},\"image\":{\"@id\":\"https:\/\/www.voustensports.com\/fr\/gran-sasso-polo-en-maille-gaufree-sable-42711\/#primaryimage\"},\"thumbnailUrl\":\"https:\/\/www.voustensports.com\/wp-content\/uploads\/2023\/06\/WAFFLE-STITCH-KNITTED-POLO-SAND-427111.jpg\",\"datePublished\":\"2026-05-02T11:39:07+00:00\",\"dateModified\":\"2026-05-02T13:09:08+00:00\",\"breadcrumb\":{\"@id\":\"https:\/\/www.voustensports.com\/fr\/gran-sasso-polo-en-maille-gaufree-sable-42711\/#breadcrumb\"},\"inLanguage\":\"fr-FR\",\"potentialAction\":[{\"@type\":\"ReadAction\",\"target\":[\"https:\/\/www.voustensports.com\/fr\/gran-sasso-polo-en-maille-gaufree-sable-42711\/\"]}]},{\"@type\":\"ImageObject\",\"inLanguage\":\"fr-FR\",\"@id\":\"https:\/\/www.voustensports.com\/fr\/gran-sasso-polo-en-maille-gaufree-sable-42711\/#primaryimage\",\"url\":\"https:\/\/www.voustensports.com\/wp-content\/uploads\/2023\/06\/WAFFLE-STITCH-KNITTED-POLO-SAND-427111.jpg\",\"contentUrl\":\"https:\/\/www.voustensports.com\/wp-content\/uploads\/2023\/06\/WAFFLE-STITCH-KNITTED-POLO-SAND-427111.jpg\",\"width\":1536,\"height\":2048},{\"@type\":\"BreadcrumbList\",\"@id\":\"https:\/\/www.voustensports.com\/fr\/gran-sasso-polo-en-maille-gaufree-sable-42711\/#breadcrumb\",\"itemListElement\":[{\"@type\":\"ListItem\",\"position\":1,\"name\":\"Home\",\"item\":\"https:\/\/www.voustensports.com\/fr\/\"},{\"@type\":\"ListItem\",\"position\":2,\"name\":\"Boutique\",\"item\":\"https:\/\/www.voustensports.com\/fr\/shop\/\"},{\"@type\":\"ListItem\",\"position\":3,\"name\":\"Gran Sasso &#8211; POLO EN MAILLE GAUFR\u00c9E SABLE (42711)\"}]},{\"@type\":\"WebSite\",\"@id\":\"https:\/\/www.voustensports.com\/nl\/#website\",\"url\":\"https:\/\/www.voustensports.com\/nl\/\",\"name\":\"Vousten Sports\",\"description\":\"\",\"potentialAction\":[{\"@type\":\"SearchAction\",\"target\":{\"@type\":\"EntryPoint\",\"urlTemplate\":\"https:\/\/www.voustensports.com\/nl\/?s={search_term_string}\"},\"query-input\":{\"@type\":\"PropertyValueSpecification\",\"valueRequired\":true,\"valueName\":\"search_term_string\"}}],\"inLanguage\":\"fr-FR\"}]}<\/script>\n<!-- \/ Yoast SEO plugin. -->","yoast_head_json":{"title":"Gran Sasso - POLO EN MAILLE GAUFR\u00c9E SABLE (42711) - Vousten Sports","robots":{"index":"index","follow":"follow","max-snippet":"max-snippet:-1","max-image-preview":"max-image-preview:large","max-video-preview":"max-video-preview:-1"},"canonical":"https:\/\/www.voustensports.com\/fr\/gran-sasso-polo-en-maille-gaufree-sable-42711\/","og_locale":"fr_FR","og_type":"article","og_title":"Gran Sasso - POLO EN MAILLE GAUFR\u00c9E SABLE (42711) - Vousten Sports","og_description":"Polo en maille gaufr\u00e9e de coton biologique. Le coton et le proc\u00e9d\u00e9 de teinture sont certifi\u00e9s GOTS (Global Organic Textile Standard). Cultiv\u00e9 sans pesticides ni substances toxiques, le coton biologique respecte l&rsquo;environnement et les personnes et contribue au d\u00e9veloppement durable. Coupe classique. Fabriqu\u00e9 en Italie. 100 % COTON","og_url":"https:\/\/www.voustensports.com\/fr\/gran-sasso-polo-en-maille-gaufree-sable-42711\/","og_site_name":"Vousten Sports","article_modified_time":"2026-05-02T13:09:08+00:00","og_image":[{"width":1536,"height":2048,"url":"https:\/\/www.voustensports.com\/wp-content\/uploads\/2023\/06\/WAFFLE-STITCH-KNITTED-POLO-SAND-427111.jpg","type":"image\/jpeg"}],"twitter_card":"summary_large_image","schema":{"@context":"https:\/\/schema.org","@graph":[{"@type":"WebPage","@id":"https:\/\/www.voustensports.com\/fr\/gran-sasso-polo-en-maille-gaufree-sable-42711\/","url":"https:\/\/www.voustensports.com\/fr\/gran-sasso-polo-en-maille-gaufree-sable-42711\/","name":"Gran Sasso - POLO EN MAILLE GAUFR\u00c9E SABLE (42711) - Vousten Sports","isPartOf":{"@id":"https:\/\/www.voustensports.com\/nl\/#website"},"primaryImageOfPage":{"@id":"https:\/\/www.voustensports.com\/fr\/gran-sasso-polo-en-maille-gaufree-sable-42711\/#primaryimage"},"image":{"@id":"https:\/\/www.voustensports.com\/fr\/gran-sasso-polo-en-maille-gaufree-sable-42711\/#primaryimage"},"thumbnailUrl":"https:\/\/www.voustensports.com\/wp-content\/uploads\/2023\/06\/WAFFLE-STITCH-KNITTED-POLO-SAND-427111.jpg","datePublished":"2026-05-02T11:39:07+00:00","dateModified":"2026-05-02T13:09:08+00:00","breadcrumb":{"@id":"https:\/\/www.voustensports.com\/fr\/gran-sasso-polo-en-maille-gaufree-sable-42711\/#breadcrumb"},"inLanguage":"fr-FR","potentialAction":[{"@type":"ReadAction","target":["https:\/\/www.voustensports.com\/fr\/gran-sasso-polo-en-maille-gaufree-sable-42711\/"]}]},{"@type":"ImageObject","inLanguage":"fr-FR","@id":"https:\/\/www.voustensports.com\/fr\/gran-sasso-polo-en-maille-gaufree-sable-42711\/#primaryimage","url":"https:\/\/www.voustensports.com\/wp-content\/uploads\/2023\/06\/WAFFLE-STITCH-KNITTED-POLO-SAND-427111.jpg","contentUrl":"https:\/\/www.voustensports.com\/wp-content\/uploads\/2023\/06\/WAFFLE-STITCH-KNITTED-POLO-SAND-427111.jpg","width":1536,"height":2048},{"@type":"BreadcrumbList","@id":"https:\/\/www.voustensports.com\/fr\/gran-sasso-polo-en-maille-gaufree-sable-42711\/#breadcrumb","itemListElement":[{"@type":"ListItem","position":1,"name":"Home","item":"https:\/\/www.voustensports.com\/fr\/"},{"@type":"ListItem","position":2,"name":"Boutique","item":"https:\/\/www.voustensports.com\/fr\/shop\/"},{"@type":"ListItem","position":3,"name":"Gran Sasso &#8211; POLO EN MAILLE GAUFR\u00c9E SABLE (42711)"}]},{"@type":"WebSite","@id":"https:\/\/www.voustensports.com\/nl\/#website","url":"https:\/\/www.voustensports.com\/nl\/","name":"Vousten Sports","description":"","potentialAction":[{"@type":"SearchAction","target":{"@type":"EntryPoint","urlTemplate":"https:\/\/www.voustensports.com\/nl\/?s={search_term_string}"},"query-input":{"@type":"PropertyValueSpecification","valueRequired":true,"valueName":"search_term_string"}}],"inLanguage":"fr-FR"}]}},"_links":{"self":[{"href":"https:\/\/www.voustensports.com\/fr\/wp-json\/wp\/v2\/product\/229871","targetHints":{"allow":["GET"]}}],"collection":[{"href":"https:\/\/www.voustensports.com\/fr\/wp-json\/wp\/v2\/product"}],"about":[{"href":"https:\/\/www.voustensports.com\/fr\/wp-json\/wp\/v2\/types\/product"}],"replies":[{"embeddable":true,"href":"https:\/\/www.voustensports.com\/fr\/wp-json\/wp\/v2\/comments?post=229871"}],"wp:featuredmedia":[{"embeddable":true,"href":"https:\/\/www.voustensports.com\/fr\/wp-json\/wp\/v2\/media\/229863"}],"wp:attachment":[{"href":"https:\/\/www.voustensports.com\/fr\/wp-json\/wp\/v2\/media?parent=229871"}],"wp:term":[{"taxonomy":"product_cat","embeddable":true,"href":"https:\/\/www.voustensports.com\/fr\/wp-json\/wp\/v2\/product_cat?post=229871"},{"taxonomy":"product_tag","embeddable":true,"href":"https:\/\/www.voustensports.com\/fr\/wp-json\/wp\/v2\/product_tag?post=229871"}],"curies":[{"name":"wp","href":"https:\/\/api.w.org\/{rel}","templated":true}]}}