{"id":229843,"date":"2026-05-02T10:36:09","date_gmt":"2026-05-02T08:36:09","guid":{"rendered":"https:\/\/www.voustensports.com\/genti-t-shirt-monogram-blanc-casse-42717\/"},"modified":"2026-05-02T13:24:10","modified_gmt":"2026-05-02T11:24:10","slug":"genti-t-shirt-monogram-blanc-casse-42717","status":"publish","type":"product","link":"https:\/\/www.voustensports.com\/fr\/genti-t-shirt-monogram-blanc-casse-42717\/","title":{"rendered":"GENTI &#8211; T-shirt Monogram blanc cass\u00e9 (42717)"},"content":{"rendered":"<div>Ce t-shirt Genti de la collection Monogram allie une base \u00e9l\u00e9gante \u00e0 un d\u00e9tail raffin\u00e9. Son jersey souple et confortable est id\u00e9al au quotidien. Le monogramme discret lui conf\u00e8re une allure moderne et reconnaissable, tout en pr\u00e9servant son caract\u00e8re minimaliste.<\/div>\n<ul>\n<li>Composition : 55 % polyester, 45 % coton<\/li>\n<li>Couleur : Blanc cass\u00e9<\/li>\n<li>Coupe : Coupe classique<\/li>\n<li>Motif : Monogramme<\/li>\n<li>D\u00e9tails : Col rond, monogramme discret<\/li>\n<\/ul>\n<div>Un basique moderne avec une touche graphique, con\u00e7u pour le confort et la polyvalence.<\/div>\n<div>Le m\u00e9lange riche en coton offre un toucher agr\u00e9able et une excellente tenue gr\u00e2ce au polyester. Le tissu conserve sa beaut\u00e9 et son aspect neuf, m\u00eame apr\u00e8s de nombreux lavages.<\/div>\n","protected":false},"excerpt":{"rendered":"<p>Ce t-shirt Genti de la collection Monogram allie une base \u00e9l\u00e9gante \u00e0 un d\u00e9tail raffin\u00e9. Son jersey souple et confortable est id\u00e9al au quotidien. Le monogramme discret lui conf\u00e8re une allure moderne et reconnaissable, tout en pr\u00e9servant son caract\u00e8re minimaliste. Composition : 55 % polyester, 45 % coton Couleur : Blanc cass\u00e9 Coupe : Coupe [&#8230;]\n","protected":false},"featured_media":229831,"comment_status":"open","ping_status":"closed","template":"","meta":{"rank_math_lock_modified_date":false},"product_cat":[486,490,710,446,450,462],"product_tag":[],"class_list":{"0":"post-229843","1":"product","2":"type-product","3":"status-publish","4":"has-post-thumbnail","6":"product_cat-shirt-fr-2","7":"product_cat-t-shirts-fr-2","8":"product_cat-genti-fr","9":"product_cat-kleding-fr","10":"product_cat-heren-fr","11":"product_cat-vousten-sports-fr-2","13":"first","14":"instock","15":"taxable","16":"shipping-taxable","17":"purchasable","18":"product-type-variable"},"acf":[],"yoast_head":"<!-- This site is optimized with the Yoast SEO plugin v23.9 - https:\/\/yoast.com\/wordpress\/plugins\/seo\/ -->\n<title>GENTI - T-shirt Monogram blanc cass\u00e9 (42717) - Vousten Sports<\/title>\n<meta name=\"robots\" content=\"index, follow, max-snippet:-1, max-image-preview:large, max-video-preview:-1\" \/>\n<link rel=\"canonical\" href=\"https:\/\/www.voustensports.com\/fr\/genti-t-shirt-monogram-blanc-casse-42717\/\" \/>\n<meta property=\"og:locale\" content=\"fr_FR\" \/>\n<meta property=\"og:type\" content=\"article\" \/>\n<meta property=\"og:title\" content=\"GENTI - T-shirt Monogram blanc cass\u00e9 (42717) - Vousten Sports\" \/>\n<meta property=\"og:description\" content=\"Ce t-shirt Genti de la collection Monogram allie une base \u00e9l\u00e9gante \u00e0 un d\u00e9tail raffin\u00e9. Son jersey souple et confortable est id\u00e9al au quotidien. Le monogramme discret lui conf\u00e8re une allure moderne et reconnaissable, tout en pr\u00e9servant son caract\u00e8re minimaliste. Composition : 55 % polyester, 45 % coton Couleur : Blanc cass\u00e9 Coupe : Coupe [...]\" \/>\n<meta property=\"og:url\" content=\"https:\/\/www.voustensports.com\/fr\/genti-t-shirt-monogram-blanc-casse-42717\/\" \/>\n<meta property=\"og:site_name\" content=\"Vousten Sports\" \/>\n<meta property=\"article:modified_time\" content=\"2026-05-02T11:24:10+00:00\" \/>\n<meta property=\"og:image\" content=\"https:\/\/www.voustensports.com\/wp-content\/uploads\/2023\/06\/Monogram-T-shirt-off-white-427171.jpg\" \/>\n\t<meta property=\"og:image:width\" content=\"1365\" \/>\n\t<meta property=\"og:image:height\" content=\"2048\" \/>\n\t<meta property=\"og:image:type\" content=\"image\/jpeg\" \/>\n<meta name=\"twitter:card\" content=\"summary_large_image\" \/>\n<meta name=\"twitter:label1\" content=\"Est. reading time\" \/>\n\t<meta name=\"twitter:data1\" content=\"1 minute\" \/>\n<script type=\"application\/ld+json\" class=\"yoast-schema-graph\">{\"@context\":\"https:\/\/schema.org\",\"@graph\":[{\"@type\":\"WebPage\",\"@id\":\"https:\/\/www.voustensports.com\/fr\/genti-t-shirt-monogram-blanc-casse-42717\/\",\"url\":\"https:\/\/www.voustensports.com\/fr\/genti-t-shirt-monogram-blanc-casse-42717\/\",\"name\":\"GENTI - T-shirt Monogram blanc cass\u00e9 (42717) - Vousten Sports\",\"isPartOf\":{\"@id\":\"https:\/\/www.voustensports.com\/nl\/#website\"},\"primaryImageOfPage\":{\"@id\":\"https:\/\/www.voustensports.com\/fr\/genti-t-shirt-monogram-blanc-casse-42717\/#primaryimage\"},\"image\":{\"@id\":\"https:\/\/www.voustensports.com\/fr\/genti-t-shirt-monogram-blanc-casse-42717\/#primaryimage\"},\"thumbnailUrl\":\"https:\/\/www.voustensports.com\/wp-content\/uploads\/2023\/06\/Monogram-T-shirt-off-white-427171.jpg\",\"datePublished\":\"2026-05-02T08:36:09+00:00\",\"dateModified\":\"2026-05-02T11:24:10+00:00\",\"breadcrumb\":{\"@id\":\"https:\/\/www.voustensports.com\/fr\/genti-t-shirt-monogram-blanc-casse-42717\/#breadcrumb\"},\"inLanguage\":\"fr-FR\",\"potentialAction\":[{\"@type\":\"ReadAction\",\"target\":[\"https:\/\/www.voustensports.com\/fr\/genti-t-shirt-monogram-blanc-casse-42717\/\"]}]},{\"@type\":\"ImageObject\",\"inLanguage\":\"fr-FR\",\"@id\":\"https:\/\/www.voustensports.com\/fr\/genti-t-shirt-monogram-blanc-casse-42717\/#primaryimage\",\"url\":\"https:\/\/www.voustensports.com\/wp-content\/uploads\/2023\/06\/Monogram-T-shirt-off-white-427171.jpg\",\"contentUrl\":\"https:\/\/www.voustensports.com\/wp-content\/uploads\/2023\/06\/Monogram-T-shirt-off-white-427171.jpg\",\"width\":1365,\"height\":2048},{\"@type\":\"BreadcrumbList\",\"@id\":\"https:\/\/www.voustensports.com\/fr\/genti-t-shirt-monogram-blanc-casse-42717\/#breadcrumb\",\"itemListElement\":[{\"@type\":\"ListItem\",\"position\":1,\"name\":\"Home\",\"item\":\"https:\/\/www.voustensports.com\/fr\/\"},{\"@type\":\"ListItem\",\"position\":2,\"name\":\"Boutique\",\"item\":\"https:\/\/www.voustensports.com\/fr\/shop\/\"},{\"@type\":\"ListItem\",\"position\":3,\"name\":\"GENTI &#8211; T-shirt Monogram blanc cass\u00e9 (42717)\"}]},{\"@type\":\"WebSite\",\"@id\":\"https:\/\/www.voustensports.com\/nl\/#website\",\"url\":\"https:\/\/www.voustensports.com\/nl\/\",\"name\":\"Vousten Sports\",\"description\":\"\",\"potentialAction\":[{\"@type\":\"SearchAction\",\"target\":{\"@type\":\"EntryPoint\",\"urlTemplate\":\"https:\/\/www.voustensports.com\/nl\/?s={search_term_string}\"},\"query-input\":{\"@type\":\"PropertyValueSpecification\",\"valueRequired\":true,\"valueName\":\"search_term_string\"}}],\"inLanguage\":\"fr-FR\"}]}<\/script>\n<!-- \/ Yoast SEO plugin. -->","yoast_head_json":{"title":"GENTI - T-shirt Monogram blanc cass\u00e9 (42717) - Vousten Sports","robots":{"index":"index","follow":"follow","max-snippet":"max-snippet:-1","max-image-preview":"max-image-preview:large","max-video-preview":"max-video-preview:-1"},"canonical":"https:\/\/www.voustensports.com\/fr\/genti-t-shirt-monogram-blanc-casse-42717\/","og_locale":"fr_FR","og_type":"article","og_title":"GENTI - T-shirt Monogram blanc cass\u00e9 (42717) - Vousten Sports","og_description":"Ce t-shirt Genti de la collection Monogram allie une base \u00e9l\u00e9gante \u00e0 un d\u00e9tail raffin\u00e9. Son jersey souple et confortable est id\u00e9al au quotidien. Le monogramme discret lui conf\u00e8re une allure moderne et reconnaissable, tout en pr\u00e9servant son caract\u00e8re minimaliste. Composition : 55 % polyester, 45 % coton Couleur : Blanc cass\u00e9 Coupe : Coupe [...]","og_url":"https:\/\/www.voustensports.com\/fr\/genti-t-shirt-monogram-blanc-casse-42717\/","og_site_name":"Vousten Sports","article_modified_time":"2026-05-02T11:24:10+00:00","og_image":[{"width":1365,"height":2048,"url":"https:\/\/www.voustensports.com\/wp-content\/uploads\/2023\/06\/Monogram-T-shirt-off-white-427171.jpg","type":"image\/jpeg"}],"twitter_card":"summary_large_image","twitter_misc":{"Est. reading time":"1 minute"},"schema":{"@context":"https:\/\/schema.org","@graph":[{"@type":"WebPage","@id":"https:\/\/www.voustensports.com\/fr\/genti-t-shirt-monogram-blanc-casse-42717\/","url":"https:\/\/www.voustensports.com\/fr\/genti-t-shirt-monogram-blanc-casse-42717\/","name":"GENTI - T-shirt Monogram blanc cass\u00e9 (42717) - Vousten Sports","isPartOf":{"@id":"https:\/\/www.voustensports.com\/nl\/#website"},"primaryImageOfPage":{"@id":"https:\/\/www.voustensports.com\/fr\/genti-t-shirt-monogram-blanc-casse-42717\/#primaryimage"},"image":{"@id":"https:\/\/www.voustensports.com\/fr\/genti-t-shirt-monogram-blanc-casse-42717\/#primaryimage"},"thumbnailUrl":"https:\/\/www.voustensports.com\/wp-content\/uploads\/2023\/06\/Monogram-T-shirt-off-white-427171.jpg","datePublished":"2026-05-02T08:36:09+00:00","dateModified":"2026-05-02T11:24:10+00:00","breadcrumb":{"@id":"https:\/\/www.voustensports.com\/fr\/genti-t-shirt-monogram-blanc-casse-42717\/#breadcrumb"},"inLanguage":"fr-FR","potentialAction":[{"@type":"ReadAction","target":["https:\/\/www.voustensports.com\/fr\/genti-t-shirt-monogram-blanc-casse-42717\/"]}]},{"@type":"ImageObject","inLanguage":"fr-FR","@id":"https:\/\/www.voustensports.com\/fr\/genti-t-shirt-monogram-blanc-casse-42717\/#primaryimage","url":"https:\/\/www.voustensports.com\/wp-content\/uploads\/2023\/06\/Monogram-T-shirt-off-white-427171.jpg","contentUrl":"https:\/\/www.voustensports.com\/wp-content\/uploads\/2023\/06\/Monogram-T-shirt-off-white-427171.jpg","width":1365,"height":2048},{"@type":"BreadcrumbList","@id":"https:\/\/www.voustensports.com\/fr\/genti-t-shirt-monogram-blanc-casse-42717\/#breadcrumb","itemListElement":[{"@type":"ListItem","position":1,"name":"Home","item":"https:\/\/www.voustensports.com\/fr\/"},{"@type":"ListItem","position":2,"name":"Boutique","item":"https:\/\/www.voustensports.com\/fr\/shop\/"},{"@type":"ListItem","position":3,"name":"GENTI &#8211; T-shirt Monogram blanc cass\u00e9 (42717)"}]},{"@type":"WebSite","@id":"https:\/\/www.voustensports.com\/nl\/#website","url":"https:\/\/www.voustensports.com\/nl\/","name":"Vousten Sports","description":"","potentialAction":[{"@type":"SearchAction","target":{"@type":"EntryPoint","urlTemplate":"https:\/\/www.voustensports.com\/nl\/?s={search_term_string}"},"query-input":{"@type":"PropertyValueSpecification","valueRequired":true,"valueName":"search_term_string"}}],"inLanguage":"fr-FR"}]}},"_links":{"self":[{"href":"https:\/\/www.voustensports.com\/fr\/wp-json\/wp\/v2\/product\/229843","targetHints":{"allow":["GET"]}}],"collection":[{"href":"https:\/\/www.voustensports.com\/fr\/wp-json\/wp\/v2\/product"}],"about":[{"href":"https:\/\/www.voustensports.com\/fr\/wp-json\/wp\/v2\/types\/product"}],"replies":[{"embeddable":true,"href":"https:\/\/www.voustensports.com\/fr\/wp-json\/wp\/v2\/comments?post=229843"}],"wp:featuredmedia":[{"embeddable":true,"href":"https:\/\/www.voustensports.com\/fr\/wp-json\/wp\/v2\/media\/229831"}],"wp:attachment":[{"href":"https:\/\/www.voustensports.com\/fr\/wp-json\/wp\/v2\/media?parent=229843"}],"wp:term":[{"taxonomy":"product_cat","embeddable":true,"href":"https:\/\/www.voustensports.com\/fr\/wp-json\/wp\/v2\/product_cat?post=229843"},{"taxonomy":"product_tag","embeddable":true,"href":"https:\/\/www.voustensports.com\/fr\/wp-json\/wp\/v2\/product_tag?post=229843"}],"curies":[{"name":"wp","href":"https:\/\/api.w.org\/{rel}","templated":true}]}}