{"id":229789,"date":"2026-04-25T22:48:09","date_gmt":"2026-04-25T20:48:09","guid":{"rendered":"https:\/\/www.voustensports.com\/herno-pantalon-en-laine-stretch-legere-bleu-fonce-42731\/"},"modified":"2026-04-26T00:30:10","modified_gmt":"2026-04-25T22:30:10","slug":"herno-pantalon-en-laine-stretch-legere-bleu-fonce-42731","status":"publish","type":"product","link":"https:\/\/www.voustensports.com\/fr\/herno-pantalon-en-laine-stretch-legere-bleu-fonce-42731\/","title":{"rendered":"HERNO &#8211; PANTALON EN LAINE STRETCH L\u00c9G\u00c8RE BLEU FONC\u00c9 (42731)"},"content":{"rendered":"<div>D\u00c9TAILS DU PRODUIT<\/div>\n<div>Pantalon en laine stretch fra\u00eeche : une mati\u00e8re polyvalente qui allie l\u00e9g\u00e8ret\u00e9, technicit\u00e9, confort et souplesse.<\/div>\n<div>Con\u00e7u pour sublimer les tenues urbaines, ce mod\u00e8le Herno allie une esth\u00e9tique moderne \u00e0 une finition soign\u00e9e.<\/div>\n<div><\/div>\n<div>STIJL<\/div>\n<ul>\n<li>Coupe classique<\/li>\n<li>Pinces<\/li>\n<li>Taille \u00e9lastiqu\u00e9e<\/li>\n<li>Poches zipp\u00e9es invisibles<\/li>\n<li>Poches passepoil\u00e9es \u00e0 l&rsquo;arri\u00e8re<\/li>\n<li>Logo Herno en m\u00e9tal \u00e0 l&rsquo;arri\u00e8re<\/li>\n<li>Fermeture par zip recouvert et bouton-pression<\/li>\n<li>Non doubl\u00e9<\/li>\n<li>Fabriqu\u00e9 en Italie<\/li>\n<\/ul>\n<div><\/div>\n<div>COMPOSITION<\/div>\n<ul>\n<li>64 % POLYESTER &#8211; 30 % LAINE &#8211; 6 % \u00c9LASTHANNE &#8211; TISSU PRINCIPAL : 64 % POLYESTER, 30 % LAINE, 6 % \u00c9LASTHANNE<\/li>\n<li>DOUBLURE : 100 % POLYAMIDE \/ NYLON<\/li>\n<li>FINITIONS : 100 % COTON<\/li>\n<\/ul>\n","protected":false},"excerpt":{"rendered":"<p>D\u00c9TAILS DU PRODUIT Pantalon en laine stretch fra\u00eeche : une mati\u00e8re polyvalente qui allie l\u00e9g\u00e8ret\u00e9, technicit\u00e9, confort et souplesse. Con\u00e7u pour sublimer les tenues urbaines, ce mod\u00e8le Herno allie une esth\u00e9tique moderne \u00e0 une finition soign\u00e9e. STIJL Coupe classique Pinces Taille \u00e9lastiqu\u00e9e Poches zipp\u00e9es invisibles Poches passepoil\u00e9es \u00e0 l&rsquo;arri\u00e8re Logo Herno en m\u00e9tal \u00e0 l&rsquo;arri\u00e8re [&#8230;]\n","protected":false},"featured_media":229777,"comment_status":"open","ping_status":"closed","template":"","meta":{"rank_math_lock_modified_date":false},"product_cat":[446,450,462,466,727,786,1004],"product_tag":[],"class_list":{"0":"post-229789","1":"product","2":"type-product","3":"status-publish","4":"has-post-thumbnail","6":"product_cat-kleding-fr","7":"product_cat-heren-fr","8":"product_cat-vousten-sports-fr-2","9":"product_cat-broeken-fr","10":"product_cat-herno-fr","11":"product_cat-broek-fr","12":"product_cat-chino-fr","14":"first","15":"instock","16":"taxable","17":"shipping-taxable","18":"purchasable","19":"product-type-variable"},"acf":[],"yoast_head":"<!-- This site is optimized with the Yoast SEO plugin v23.9 - https:\/\/yoast.com\/wordpress\/plugins\/seo\/ -->\n<title>HERNO - PANTALON EN LAINE STRETCH L\u00c9G\u00c8RE BLEU FONC\u00c9 (42731) - Vousten Sports<\/title>\n<meta name=\"robots\" content=\"index, follow, max-snippet:-1, max-image-preview:large, max-video-preview:-1\" \/>\n<link rel=\"canonical\" href=\"https:\/\/www.voustensports.com\/fr\/herno-pantalon-en-laine-stretch-legere-bleu-fonce-42731\/\" \/>\n<meta property=\"og:locale\" content=\"fr_FR\" \/>\n<meta property=\"og:type\" content=\"article\" \/>\n<meta property=\"og:title\" content=\"HERNO - PANTALON EN LAINE STRETCH L\u00c9G\u00c8RE BLEU FONC\u00c9 (42731) - Vousten Sports\" \/>\n<meta property=\"og:description\" content=\"D\u00c9TAILS DU PRODUIT Pantalon en laine stretch fra\u00eeche : une mati\u00e8re polyvalente qui allie l\u00e9g\u00e8ret\u00e9, technicit\u00e9, confort et souplesse. Con\u00e7u pour sublimer les tenues urbaines, ce mod\u00e8le Herno allie une esth\u00e9tique moderne \u00e0 une finition soign\u00e9e. STIJL Coupe classique Pinces Taille \u00e9lastiqu\u00e9e Poches zipp\u00e9es invisibles Poches passepoil\u00e9es \u00e0 l&rsquo;arri\u00e8re Logo Herno en m\u00e9tal \u00e0 l&rsquo;arri\u00e8re [...]\" \/>\n<meta property=\"og:url\" content=\"https:\/\/www.voustensports.com\/fr\/herno-pantalon-en-laine-stretch-legere-bleu-fonce-42731\/\" \/>\n<meta property=\"og:site_name\" content=\"Vousten Sports\" \/>\n<meta property=\"article:modified_time\" content=\"2026-04-25T22:30:10+00:00\" \/>\n<meta property=\"og:image\" content=\"https:\/\/www.voustensports.com\/wp-content\/uploads\/2023\/06\/TROUSERS-IN-LIGHT-STRETCH-WOOLY-DONKERBLAUW-427311.jpg\" \/>\n\t<meta property=\"og:image:width\" content=\"1609\" \/>\n\t<meta property=\"og:image:height\" content=\"2048\" \/>\n\t<meta property=\"og:image:type\" content=\"image\/jpeg\" \/>\n<meta name=\"twitter:card\" content=\"summary_large_image\" \/>\n<script type=\"application\/ld+json\" class=\"yoast-schema-graph\">{\"@context\":\"https:\/\/schema.org\",\"@graph\":[{\"@type\":\"WebPage\",\"@id\":\"https:\/\/www.voustensports.com\/fr\/herno-pantalon-en-laine-stretch-legere-bleu-fonce-42731\/\",\"url\":\"https:\/\/www.voustensports.com\/fr\/herno-pantalon-en-laine-stretch-legere-bleu-fonce-42731\/\",\"name\":\"HERNO - PANTALON EN LAINE STRETCH L\u00c9G\u00c8RE BLEU FONC\u00c9 (42731) - Vousten Sports\",\"isPartOf\":{\"@id\":\"https:\/\/www.voustensports.com\/nl\/#website\"},\"primaryImageOfPage\":{\"@id\":\"https:\/\/www.voustensports.com\/fr\/herno-pantalon-en-laine-stretch-legere-bleu-fonce-42731\/#primaryimage\"},\"image\":{\"@id\":\"https:\/\/www.voustensports.com\/fr\/herno-pantalon-en-laine-stretch-legere-bleu-fonce-42731\/#primaryimage\"},\"thumbnailUrl\":\"https:\/\/www.voustensports.com\/wp-content\/uploads\/2023\/06\/TROUSERS-IN-LIGHT-STRETCH-WOOLY-DONKERBLAUW-427311.jpg\",\"datePublished\":\"2026-04-25T20:48:09+00:00\",\"dateModified\":\"2026-04-25T22:30:10+00:00\",\"breadcrumb\":{\"@id\":\"https:\/\/www.voustensports.com\/fr\/herno-pantalon-en-laine-stretch-legere-bleu-fonce-42731\/#breadcrumb\"},\"inLanguage\":\"fr-FR\",\"potentialAction\":[{\"@type\":\"ReadAction\",\"target\":[\"https:\/\/www.voustensports.com\/fr\/herno-pantalon-en-laine-stretch-legere-bleu-fonce-42731\/\"]}]},{\"@type\":\"ImageObject\",\"inLanguage\":\"fr-FR\",\"@id\":\"https:\/\/www.voustensports.com\/fr\/herno-pantalon-en-laine-stretch-legere-bleu-fonce-42731\/#primaryimage\",\"url\":\"https:\/\/www.voustensports.com\/wp-content\/uploads\/2023\/06\/TROUSERS-IN-LIGHT-STRETCH-WOOLY-DONKERBLAUW-427311.jpg\",\"contentUrl\":\"https:\/\/www.voustensports.com\/wp-content\/uploads\/2023\/06\/TROUSERS-IN-LIGHT-STRETCH-WOOLY-DONKERBLAUW-427311.jpg\",\"width\":1609,\"height\":2048},{\"@type\":\"BreadcrumbList\",\"@id\":\"https:\/\/www.voustensports.com\/fr\/herno-pantalon-en-laine-stretch-legere-bleu-fonce-42731\/#breadcrumb\",\"itemListElement\":[{\"@type\":\"ListItem\",\"position\":1,\"name\":\"Home\",\"item\":\"https:\/\/www.voustensports.com\/fr\/\"},{\"@type\":\"ListItem\",\"position\":2,\"name\":\"Boutique\",\"item\":\"https:\/\/www.voustensports.com\/fr\/shop\/\"},{\"@type\":\"ListItem\",\"position\":3,\"name\":\"HERNO &#8211; PANTALON EN LAINE STRETCH L\u00c9G\u00c8RE BLEU FONC\u00c9 (42731)\"}]},{\"@type\":\"WebSite\",\"@id\":\"https:\/\/www.voustensports.com\/nl\/#website\",\"url\":\"https:\/\/www.voustensports.com\/nl\/\",\"name\":\"Vousten Sports\",\"description\":\"\",\"potentialAction\":[{\"@type\":\"SearchAction\",\"target\":{\"@type\":\"EntryPoint\",\"urlTemplate\":\"https:\/\/www.voustensports.com\/nl\/?s={search_term_string}\"},\"query-input\":{\"@type\":\"PropertyValueSpecification\",\"valueRequired\":true,\"valueName\":\"search_term_string\"}}],\"inLanguage\":\"fr-FR\"}]}<\/script>\n<!-- \/ Yoast SEO plugin. -->","yoast_head_json":{"title":"HERNO - PANTALON EN LAINE STRETCH L\u00c9G\u00c8RE BLEU FONC\u00c9 (42731) - Vousten Sports","robots":{"index":"index","follow":"follow","max-snippet":"max-snippet:-1","max-image-preview":"max-image-preview:large","max-video-preview":"max-video-preview:-1"},"canonical":"https:\/\/www.voustensports.com\/fr\/herno-pantalon-en-laine-stretch-legere-bleu-fonce-42731\/","og_locale":"fr_FR","og_type":"article","og_title":"HERNO - PANTALON EN LAINE STRETCH L\u00c9G\u00c8RE BLEU FONC\u00c9 (42731) - Vousten Sports","og_description":"D\u00c9TAILS DU PRODUIT Pantalon en laine stretch fra\u00eeche : une mati\u00e8re polyvalente qui allie l\u00e9g\u00e8ret\u00e9, technicit\u00e9, confort et souplesse. Con\u00e7u pour sublimer les tenues urbaines, ce mod\u00e8le Herno allie une esth\u00e9tique moderne \u00e0 une finition soign\u00e9e. STIJL Coupe classique Pinces Taille \u00e9lastiqu\u00e9e Poches zipp\u00e9es invisibles Poches passepoil\u00e9es \u00e0 l&rsquo;arri\u00e8re Logo Herno en m\u00e9tal \u00e0 l&rsquo;arri\u00e8re [...]","og_url":"https:\/\/www.voustensports.com\/fr\/herno-pantalon-en-laine-stretch-legere-bleu-fonce-42731\/","og_site_name":"Vousten Sports","article_modified_time":"2026-04-25T22:30:10+00:00","og_image":[{"width":1609,"height":2048,"url":"https:\/\/www.voustensports.com\/wp-content\/uploads\/2023\/06\/TROUSERS-IN-LIGHT-STRETCH-WOOLY-DONKERBLAUW-427311.jpg","type":"image\/jpeg"}],"twitter_card":"summary_large_image","schema":{"@context":"https:\/\/schema.org","@graph":[{"@type":"WebPage","@id":"https:\/\/www.voustensports.com\/fr\/herno-pantalon-en-laine-stretch-legere-bleu-fonce-42731\/","url":"https:\/\/www.voustensports.com\/fr\/herno-pantalon-en-laine-stretch-legere-bleu-fonce-42731\/","name":"HERNO - PANTALON EN LAINE STRETCH L\u00c9G\u00c8RE BLEU FONC\u00c9 (42731) - Vousten Sports","isPartOf":{"@id":"https:\/\/www.voustensports.com\/nl\/#website"},"primaryImageOfPage":{"@id":"https:\/\/www.voustensports.com\/fr\/herno-pantalon-en-laine-stretch-legere-bleu-fonce-42731\/#primaryimage"},"image":{"@id":"https:\/\/www.voustensports.com\/fr\/herno-pantalon-en-laine-stretch-legere-bleu-fonce-42731\/#primaryimage"},"thumbnailUrl":"https:\/\/www.voustensports.com\/wp-content\/uploads\/2023\/06\/TROUSERS-IN-LIGHT-STRETCH-WOOLY-DONKERBLAUW-427311.jpg","datePublished":"2026-04-25T20:48:09+00:00","dateModified":"2026-04-25T22:30:10+00:00","breadcrumb":{"@id":"https:\/\/www.voustensports.com\/fr\/herno-pantalon-en-laine-stretch-legere-bleu-fonce-42731\/#breadcrumb"},"inLanguage":"fr-FR","potentialAction":[{"@type":"ReadAction","target":["https:\/\/www.voustensports.com\/fr\/herno-pantalon-en-laine-stretch-legere-bleu-fonce-42731\/"]}]},{"@type":"ImageObject","inLanguage":"fr-FR","@id":"https:\/\/www.voustensports.com\/fr\/herno-pantalon-en-laine-stretch-legere-bleu-fonce-42731\/#primaryimage","url":"https:\/\/www.voustensports.com\/wp-content\/uploads\/2023\/06\/TROUSERS-IN-LIGHT-STRETCH-WOOLY-DONKERBLAUW-427311.jpg","contentUrl":"https:\/\/www.voustensports.com\/wp-content\/uploads\/2023\/06\/TROUSERS-IN-LIGHT-STRETCH-WOOLY-DONKERBLAUW-427311.jpg","width":1609,"height":2048},{"@type":"BreadcrumbList","@id":"https:\/\/www.voustensports.com\/fr\/herno-pantalon-en-laine-stretch-legere-bleu-fonce-42731\/#breadcrumb","itemListElement":[{"@type":"ListItem","position":1,"name":"Home","item":"https:\/\/www.voustensports.com\/fr\/"},{"@type":"ListItem","position":2,"name":"Boutique","item":"https:\/\/www.voustensports.com\/fr\/shop\/"},{"@type":"ListItem","position":3,"name":"HERNO &#8211; PANTALON EN LAINE STRETCH L\u00c9G\u00c8RE BLEU FONC\u00c9 (42731)"}]},{"@type":"WebSite","@id":"https:\/\/www.voustensports.com\/nl\/#website","url":"https:\/\/www.voustensports.com\/nl\/","name":"Vousten Sports","description":"","potentialAction":[{"@type":"SearchAction","target":{"@type":"EntryPoint","urlTemplate":"https:\/\/www.voustensports.com\/nl\/?s={search_term_string}"},"query-input":{"@type":"PropertyValueSpecification","valueRequired":true,"valueName":"search_term_string"}}],"inLanguage":"fr-FR"}]}},"_links":{"self":[{"href":"https:\/\/www.voustensports.com\/fr\/wp-json\/wp\/v2\/product\/229789","targetHints":{"allow":["GET"]}}],"collection":[{"href":"https:\/\/www.voustensports.com\/fr\/wp-json\/wp\/v2\/product"}],"about":[{"href":"https:\/\/www.voustensports.com\/fr\/wp-json\/wp\/v2\/types\/product"}],"replies":[{"embeddable":true,"href":"https:\/\/www.voustensports.com\/fr\/wp-json\/wp\/v2\/comments?post=229789"}],"wp:featuredmedia":[{"embeddable":true,"href":"https:\/\/www.voustensports.com\/fr\/wp-json\/wp\/v2\/media\/229777"}],"wp:attachment":[{"href":"https:\/\/www.voustensports.com\/fr\/wp-json\/wp\/v2\/media?parent=229789"}],"wp:term":[{"taxonomy":"product_cat","embeddable":true,"href":"https:\/\/www.voustensports.com\/fr\/wp-json\/wp\/v2\/product_cat?post=229789"},{"taxonomy":"product_tag","embeddable":true,"href":"https:\/\/www.voustensports.com\/fr\/wp-json\/wp\/v2\/product_tag?post=229789"}],"curies":[{"name":"wp","href":"https:\/\/api.w.org\/{rel}","templated":true}]}}