{"id":229741,"date":"2026-04-25T19:03:08","date_gmt":"2026-04-25T17:03:08","guid":{"rendered":"https:\/\/www.voustensports.com\/herno-t-shirt-effet-maille-taupe-42804\/"},"modified":"2026-04-25T20:30:10","modified_gmt":"2026-04-25T18:30:10","slug":"herno-t-shirt-effet-maille-taupe-42804","status":"publish","type":"product","link":"https:\/\/www.voustensports.com\/fr\/herno-t-shirt-effet-maille-taupe-42804\/","title":{"rendered":"HERNO &#8211; T-SHIRT EFFET MAILLE TAUPE (42804)"},"content":{"rendered":"<div>D\u00c9TAILS DU PRODUIT<\/div>\n<div>T-shirt double \u00e9paisseur en piqu\u00e9 de pur coton, avec int\u00e9rieur en jersey et finitions c\u00f4tel\u00e9es \u00e0 l&rsquo;ext\u00e9rieur pour un effet tricot. \u00c0 la fois d\u00e9contract\u00e9 et \u00e9l\u00e9gant, ce mod\u00e8le polyvalent est un indispensable du quotidien. Portez-le avec un jean ou sous un blazer, selon l&rsquo;occasion.<\/div>\n<div><\/div>\n<div>STYLE<\/div>\n<ul>\n<li>Coupe classique<\/li>\n<li>Col rond<\/li>\n<li>Manches courtes<\/li>\n<\/ul>\n<div><\/div>\n<div>COMPOSITION<\/div>\n<ul>\n<li>100 % COTON &#8211; TISSU PRINCIPAL : 100 % COTON<\/li>\n<li>FINITIONS : 100 % COTON<\/li>\n<\/ul>\n","protected":false},"excerpt":{"rendered":"<p>D\u00c9TAILS DU PRODUIT T-shirt double \u00e9paisseur en piqu\u00e9 de pur coton, avec int\u00e9rieur en jersey et finitions c\u00f4tel\u00e9es \u00e0 l&rsquo;ext\u00e9rieur pour un effet tricot. \u00c0 la fois d\u00e9contract\u00e9 et \u00e9l\u00e9gant, ce mod\u00e8le polyvalent est un indispensable du quotidien. Portez-le avec un jean ou sous un blazer, selon l&rsquo;occasion. STYLE Coupe classique Col rond Manches courtes [&#8230;]\n","protected":false},"featured_media":229729,"comment_status":"open","ping_status":"closed","template":"","meta":{"rank_math_lock_modified_date":false},"product_cat":[446,450,462,490,538,727],"product_tag":[],"class_list":{"0":"post-229741","1":"product","2":"type-product","3":"status-publish","4":"has-post-thumbnail","6":"product_cat-kleding-fr","7":"product_cat-heren-fr","8":"product_cat-vousten-sports-fr-2","9":"product_cat-t-shirts-fr-2","10":"product_cat-knitwear-fr","11":"product_cat-herno-fr","13":"first","14":"instock","15":"taxable","16":"shipping-taxable","17":"purchasable","18":"product-type-variable"},"acf":[],"yoast_head":"<!-- This site is optimized with the Yoast SEO plugin v23.9 - https:\/\/yoast.com\/wordpress\/plugins\/seo\/ -->\n<title>HERNO - T-SHIRT EFFET MAILLE TAUPE (42804) - Vousten Sports<\/title>\n<meta name=\"robots\" content=\"index, follow, max-snippet:-1, max-image-preview:large, max-video-preview:-1\" \/>\n<link rel=\"canonical\" href=\"https:\/\/www.voustensports.com\/fr\/herno-t-shirt-effet-maille-taupe-42804\/\" \/>\n<meta property=\"og:locale\" content=\"fr_FR\" \/>\n<meta property=\"og:type\" content=\"article\" \/>\n<meta property=\"og:title\" content=\"HERNO - T-SHIRT EFFET MAILLE TAUPE (42804) - Vousten Sports\" \/>\n<meta property=\"og:description\" content=\"D\u00c9TAILS DU PRODUIT T-shirt double \u00e9paisseur en piqu\u00e9 de pur coton, avec int\u00e9rieur en jersey et finitions c\u00f4tel\u00e9es \u00e0 l&rsquo;ext\u00e9rieur pour un effet tricot. \u00c0 la fois d\u00e9contract\u00e9 et \u00e9l\u00e9gant, ce mod\u00e8le polyvalent est un indispensable du quotidien. Portez-le avec un jean ou sous un blazer, selon l&rsquo;occasion. STYLE Coupe classique Col rond Manches courtes [...]\" \/>\n<meta property=\"og:url\" content=\"https:\/\/www.voustensports.com\/fr\/herno-t-shirt-effet-maille-taupe-42804\/\" \/>\n<meta property=\"og:site_name\" content=\"Vousten Sports\" \/>\n<meta property=\"article:modified_time\" content=\"2026-04-25T18:30:10+00:00\" \/>\n<meta property=\"og:image\" content=\"https:\/\/www.voustensports.com\/wp-content\/uploads\/2023\/06\/JERSEY-KNIT-EFFECT-T-SHIRT-TAUPE-428041.jpg\" \/>\n\t<meta property=\"og:image:width\" content=\"1609\" \/>\n\t<meta property=\"og:image:height\" content=\"2048\" \/>\n\t<meta property=\"og:image:type\" content=\"image\/jpeg\" \/>\n<meta name=\"twitter:card\" content=\"summary_large_image\" \/>\n<script type=\"application\/ld+json\" class=\"yoast-schema-graph\">{\"@context\":\"https:\/\/schema.org\",\"@graph\":[{\"@type\":\"WebPage\",\"@id\":\"https:\/\/www.voustensports.com\/fr\/herno-t-shirt-effet-maille-taupe-42804\/\",\"url\":\"https:\/\/www.voustensports.com\/fr\/herno-t-shirt-effet-maille-taupe-42804\/\",\"name\":\"HERNO - T-SHIRT EFFET MAILLE TAUPE (42804) - Vousten Sports\",\"isPartOf\":{\"@id\":\"https:\/\/www.voustensports.com\/nl\/#website\"},\"primaryImageOfPage\":{\"@id\":\"https:\/\/www.voustensports.com\/fr\/herno-t-shirt-effet-maille-taupe-42804\/#primaryimage\"},\"image\":{\"@id\":\"https:\/\/www.voustensports.com\/fr\/herno-t-shirt-effet-maille-taupe-42804\/#primaryimage\"},\"thumbnailUrl\":\"https:\/\/www.voustensports.com\/wp-content\/uploads\/2023\/06\/JERSEY-KNIT-EFFECT-T-SHIRT-TAUPE-428041.jpg\",\"datePublished\":\"2026-04-25T17:03:08+00:00\",\"dateModified\":\"2026-04-25T18:30:10+00:00\",\"breadcrumb\":{\"@id\":\"https:\/\/www.voustensports.com\/fr\/herno-t-shirt-effet-maille-taupe-42804\/#breadcrumb\"},\"inLanguage\":\"fr-FR\",\"potentialAction\":[{\"@type\":\"ReadAction\",\"target\":[\"https:\/\/www.voustensports.com\/fr\/herno-t-shirt-effet-maille-taupe-42804\/\"]}]},{\"@type\":\"ImageObject\",\"inLanguage\":\"fr-FR\",\"@id\":\"https:\/\/www.voustensports.com\/fr\/herno-t-shirt-effet-maille-taupe-42804\/#primaryimage\",\"url\":\"https:\/\/www.voustensports.com\/wp-content\/uploads\/2023\/06\/JERSEY-KNIT-EFFECT-T-SHIRT-TAUPE-428041.jpg\",\"contentUrl\":\"https:\/\/www.voustensports.com\/wp-content\/uploads\/2023\/06\/JERSEY-KNIT-EFFECT-T-SHIRT-TAUPE-428041.jpg\",\"width\":1609,\"height\":2048},{\"@type\":\"BreadcrumbList\",\"@id\":\"https:\/\/www.voustensports.com\/fr\/herno-t-shirt-effet-maille-taupe-42804\/#breadcrumb\",\"itemListElement\":[{\"@type\":\"ListItem\",\"position\":1,\"name\":\"Home\",\"item\":\"https:\/\/www.voustensports.com\/fr\/\"},{\"@type\":\"ListItem\",\"position\":2,\"name\":\"Boutique\",\"item\":\"https:\/\/www.voustensports.com\/fr\/shop\/\"},{\"@type\":\"ListItem\",\"position\":3,\"name\":\"HERNO &#8211; T-SHIRT EFFET MAILLE TAUPE (42804)\"}]},{\"@type\":\"WebSite\",\"@id\":\"https:\/\/www.voustensports.com\/nl\/#website\",\"url\":\"https:\/\/www.voustensports.com\/nl\/\",\"name\":\"Vousten Sports\",\"description\":\"\",\"potentialAction\":[{\"@type\":\"SearchAction\",\"target\":{\"@type\":\"EntryPoint\",\"urlTemplate\":\"https:\/\/www.voustensports.com\/nl\/?s={search_term_string}\"},\"query-input\":{\"@type\":\"PropertyValueSpecification\",\"valueRequired\":true,\"valueName\":\"search_term_string\"}}],\"inLanguage\":\"fr-FR\"}]}<\/script>\n<!-- \/ Yoast SEO plugin. -->","yoast_head_json":{"title":"HERNO - T-SHIRT EFFET MAILLE TAUPE (42804) - Vousten Sports","robots":{"index":"index","follow":"follow","max-snippet":"max-snippet:-1","max-image-preview":"max-image-preview:large","max-video-preview":"max-video-preview:-1"},"canonical":"https:\/\/www.voustensports.com\/fr\/herno-t-shirt-effet-maille-taupe-42804\/","og_locale":"fr_FR","og_type":"article","og_title":"HERNO - T-SHIRT EFFET MAILLE TAUPE (42804) - Vousten Sports","og_description":"D\u00c9TAILS DU PRODUIT T-shirt double \u00e9paisseur en piqu\u00e9 de pur coton, avec int\u00e9rieur en jersey et finitions c\u00f4tel\u00e9es \u00e0 l&rsquo;ext\u00e9rieur pour un effet tricot. \u00c0 la fois d\u00e9contract\u00e9 et \u00e9l\u00e9gant, ce mod\u00e8le polyvalent est un indispensable du quotidien. Portez-le avec un jean ou sous un blazer, selon l&rsquo;occasion. STYLE Coupe classique Col rond Manches courtes [...]","og_url":"https:\/\/www.voustensports.com\/fr\/herno-t-shirt-effet-maille-taupe-42804\/","og_site_name":"Vousten Sports","article_modified_time":"2026-04-25T18:30:10+00:00","og_image":[{"width":1609,"height":2048,"url":"https:\/\/www.voustensports.com\/wp-content\/uploads\/2023\/06\/JERSEY-KNIT-EFFECT-T-SHIRT-TAUPE-428041.jpg","type":"image\/jpeg"}],"twitter_card":"summary_large_image","schema":{"@context":"https:\/\/schema.org","@graph":[{"@type":"WebPage","@id":"https:\/\/www.voustensports.com\/fr\/herno-t-shirt-effet-maille-taupe-42804\/","url":"https:\/\/www.voustensports.com\/fr\/herno-t-shirt-effet-maille-taupe-42804\/","name":"HERNO - T-SHIRT EFFET MAILLE TAUPE (42804) - Vousten Sports","isPartOf":{"@id":"https:\/\/www.voustensports.com\/nl\/#website"},"primaryImageOfPage":{"@id":"https:\/\/www.voustensports.com\/fr\/herno-t-shirt-effet-maille-taupe-42804\/#primaryimage"},"image":{"@id":"https:\/\/www.voustensports.com\/fr\/herno-t-shirt-effet-maille-taupe-42804\/#primaryimage"},"thumbnailUrl":"https:\/\/www.voustensports.com\/wp-content\/uploads\/2023\/06\/JERSEY-KNIT-EFFECT-T-SHIRT-TAUPE-428041.jpg","datePublished":"2026-04-25T17:03:08+00:00","dateModified":"2026-04-25T18:30:10+00:00","breadcrumb":{"@id":"https:\/\/www.voustensports.com\/fr\/herno-t-shirt-effet-maille-taupe-42804\/#breadcrumb"},"inLanguage":"fr-FR","potentialAction":[{"@type":"ReadAction","target":["https:\/\/www.voustensports.com\/fr\/herno-t-shirt-effet-maille-taupe-42804\/"]}]},{"@type":"ImageObject","inLanguage":"fr-FR","@id":"https:\/\/www.voustensports.com\/fr\/herno-t-shirt-effet-maille-taupe-42804\/#primaryimage","url":"https:\/\/www.voustensports.com\/wp-content\/uploads\/2023\/06\/JERSEY-KNIT-EFFECT-T-SHIRT-TAUPE-428041.jpg","contentUrl":"https:\/\/www.voustensports.com\/wp-content\/uploads\/2023\/06\/JERSEY-KNIT-EFFECT-T-SHIRT-TAUPE-428041.jpg","width":1609,"height":2048},{"@type":"BreadcrumbList","@id":"https:\/\/www.voustensports.com\/fr\/herno-t-shirt-effet-maille-taupe-42804\/#breadcrumb","itemListElement":[{"@type":"ListItem","position":1,"name":"Home","item":"https:\/\/www.voustensports.com\/fr\/"},{"@type":"ListItem","position":2,"name":"Boutique","item":"https:\/\/www.voustensports.com\/fr\/shop\/"},{"@type":"ListItem","position":3,"name":"HERNO &#8211; T-SHIRT EFFET MAILLE TAUPE (42804)"}]},{"@type":"WebSite","@id":"https:\/\/www.voustensports.com\/nl\/#website","url":"https:\/\/www.voustensports.com\/nl\/","name":"Vousten Sports","description":"","potentialAction":[{"@type":"SearchAction","target":{"@type":"EntryPoint","urlTemplate":"https:\/\/www.voustensports.com\/nl\/?s={search_term_string}"},"query-input":{"@type":"PropertyValueSpecification","valueRequired":true,"valueName":"search_term_string"}}],"inLanguage":"fr-FR"}]}},"_links":{"self":[{"href":"https:\/\/www.voustensports.com\/fr\/wp-json\/wp\/v2\/product\/229741","targetHints":{"allow":["GET"]}}],"collection":[{"href":"https:\/\/www.voustensports.com\/fr\/wp-json\/wp\/v2\/product"}],"about":[{"href":"https:\/\/www.voustensports.com\/fr\/wp-json\/wp\/v2\/types\/product"}],"replies":[{"embeddable":true,"href":"https:\/\/www.voustensports.com\/fr\/wp-json\/wp\/v2\/comments?post=229741"}],"wp:featuredmedia":[{"embeddable":true,"href":"https:\/\/www.voustensports.com\/fr\/wp-json\/wp\/v2\/media\/229729"}],"wp:attachment":[{"href":"https:\/\/www.voustensports.com\/fr\/wp-json\/wp\/v2\/media?parent=229741"}],"wp:term":[{"taxonomy":"product_cat","embeddable":true,"href":"https:\/\/www.voustensports.com\/fr\/wp-json\/wp\/v2\/product_cat?post=229741"},{"taxonomy":"product_tag","embeddable":true,"href":"https:\/\/www.voustensports.com\/fr\/wp-json\/wp\/v2\/product_tag?post=229741"}],"curies":[{"name":"wp","href":"https:\/\/api.w.org\/{rel}","templated":true}]}}