{"id":229703,"date":"2026-04-25T17:27:06","date_gmt":"2026-04-25T15:27:06","guid":{"rendered":"https:\/\/www.voustensports.com\/c-p-company-sweat-shirt-a-col-rond-et-logo-lens-bleu-clair-42749\/"},"modified":"2026-04-25T18:54:09","modified_gmt":"2026-04-25T16:54:09","slug":"c-p-company-sweat-shirt-a-col-rond-et-logo-lens-bleu-clair-42749","status":"publish","type":"product","link":"https:\/\/www.voustensports.com\/fr\/c-p-company-sweat-shirt-a-col-rond-et-logo-lens-bleu-clair-42749\/","title":{"rendered":"C.P. Company &#8211; Sweat-shirt \u00e0 col rond et logo Lens bleu clair (42749)"},"content":{"rendered":"<div>D\u00c9TAILS DU PRODUIT<\/div>\n<div>Ce sweat-shirt est confectionn\u00e9 en molleton de coton mi-lourd, offrant un confort optimal au quotidien. Il pr\u00e9sente un col rond c\u00f4tel\u00e9, le logo Lens embl\u00e9matique de C.P. Company sur la poche de la manche, ainsi que des poignets et un ourlet c\u00f4tel\u00e9s. Le proc\u00e9d\u00e9 de teinture par r\u00e9serve utilise des teintures directes sur des v\u00eatements pr\u00e9trait\u00e9s \u00e0 la r\u00e9sine cationique, cr\u00e9ant un effet de couleur irr\u00e9gulier qui met en valeur la texture et les d\u00e9tails.<\/div>\n<div><\/div>\n<div>STYLE<\/div>\n<ul>\n<li>Col rond c\u00f4tel\u00e9<\/li>\n<li>D\u00e9tail Lens<\/li>\n<li>Poignets et ourlet c\u00f4tel\u00e9s<\/li>\n<li>Teinture par r\u00e9serve<\/li>\n<li>Coupe classique<\/li>\n<\/ul>\n<div><\/div>\n<div>COMPOSITION<\/div>\n<ul>\n<li>Ext\u00e9rieur : 100 % coton<\/li>\n<\/ul>\n","protected":false},"excerpt":{"rendered":"<p>D\u00c9TAILS DU PRODUIT Ce sweat-shirt est confectionn\u00e9 en molleton de coton mi-lourd, offrant un confort optimal au quotidien. Il pr\u00e9sente un col rond c\u00f4tel\u00e9, le logo Lens embl\u00e9matique de C.P. Company sur la poche de la manche, ainsi que des poignets et un ourlet c\u00f4tel\u00e9s. Le proc\u00e9d\u00e9 de teinture par r\u00e9serve utilise des teintures directes [&#8230;]\n","protected":false},"featured_media":229699,"comment_status":"open","ping_status":"closed","template":"","meta":{"rank_math_lock_modified_date":false},"product_cat":[438,446,450,462,534,694,697],"product_tag":[],"class_list":{"0":"post-229703","1":"product","2":"type-product","3":"status-publish","4":"has-post-thumbnail","6":"product_cat-cp-company-fr","7":"product_cat-kleding-fr","8":"product_cat-heren-fr","9":"product_cat-vousten-sports-fr-2","10":"product_cat-truien-fr-2","11":"product_cat-truien-vesten-fr-2","12":"product_cat-sweaters-fr-2","14":"first","15":"instock","16":"taxable","17":"shipping-taxable","18":"purchasable","19":"product-type-variable"},"acf":[],"yoast_head":"<!-- This site is optimized with the Yoast SEO plugin v23.9 - https:\/\/yoast.com\/wordpress\/plugins\/seo\/ -->\n<title>C.P. Company - Sweat-shirt \u00e0 col rond et logo Lens bleu clair (42749) - Vousten Sports<\/title>\n<meta name=\"robots\" content=\"index, follow, max-snippet:-1, max-image-preview:large, max-video-preview:-1\" \/>\n<link rel=\"canonical\" href=\"https:\/\/www.voustensports.com\/fr\/c-p-company-sweat-shirt-a-col-rond-et-logo-lens-bleu-clair-42749\/\" \/>\n<meta property=\"og:locale\" content=\"fr_FR\" \/>\n<meta property=\"og:type\" content=\"article\" \/>\n<meta property=\"og:title\" content=\"C.P. Company - Sweat-shirt \u00e0 col rond et logo Lens bleu clair (42749) - Vousten Sports\" \/>\n<meta property=\"og:description\" content=\"D\u00c9TAILS DU PRODUIT Ce sweat-shirt est confectionn\u00e9 en molleton de coton mi-lourd, offrant un confort optimal au quotidien. Il pr\u00e9sente un col rond c\u00f4tel\u00e9, le logo Lens embl\u00e9matique de C.P. Company sur la poche de la manche, ainsi que des poignets et un ourlet c\u00f4tel\u00e9s. Le proc\u00e9d\u00e9 de teinture par r\u00e9serve utilise des teintures directes [...]\" \/>\n<meta property=\"og:url\" content=\"https:\/\/www.voustensports.com\/fr\/c-p-company-sweat-shirt-a-col-rond-et-logo-lens-bleu-clair-42749\/\" \/>\n<meta property=\"og:site_name\" content=\"Vousten Sports\" \/>\n<meta property=\"article:modified_time\" content=\"2026-04-25T16:54:09+00:00\" \/>\n<meta property=\"og:image\" content=\"https:\/\/www.voustensports.com\/wp-content\/uploads\/2023\/06\/Crewneck-Lens-Sweatshirt-lichtblauw-42749.jpg\" \/>\n\t<meta property=\"og:image:width\" content=\"1638\" \/>\n\t<meta property=\"og:image:height\" content=\"2048\" \/>\n\t<meta property=\"og:image:type\" content=\"image\/jpeg\" \/>\n<meta name=\"twitter:card\" content=\"summary_large_image\" \/>\n<meta name=\"twitter:label1\" content=\"Est. reading time\" \/>\n\t<meta name=\"twitter:data1\" content=\"1 minute\" \/>\n<script type=\"application\/ld+json\" class=\"yoast-schema-graph\">{\"@context\":\"https:\/\/schema.org\",\"@graph\":[{\"@type\":\"WebPage\",\"@id\":\"https:\/\/www.voustensports.com\/fr\/c-p-company-sweat-shirt-a-col-rond-et-logo-lens-bleu-clair-42749\/\",\"url\":\"https:\/\/www.voustensports.com\/fr\/c-p-company-sweat-shirt-a-col-rond-et-logo-lens-bleu-clair-42749\/\",\"name\":\"C.P. Company - Sweat-shirt \u00e0 col rond et logo Lens bleu clair (42749) - Vousten Sports\",\"isPartOf\":{\"@id\":\"https:\/\/www.voustensports.com\/nl\/#website\"},\"primaryImageOfPage\":{\"@id\":\"https:\/\/www.voustensports.com\/fr\/c-p-company-sweat-shirt-a-col-rond-et-logo-lens-bleu-clair-42749\/#primaryimage\"},\"image\":{\"@id\":\"https:\/\/www.voustensports.com\/fr\/c-p-company-sweat-shirt-a-col-rond-et-logo-lens-bleu-clair-42749\/#primaryimage\"},\"thumbnailUrl\":\"https:\/\/www.voustensports.com\/wp-content\/uploads\/2023\/06\/Crewneck-Lens-Sweatshirt-lichtblauw-42749.jpg\",\"datePublished\":\"2026-04-25T15:27:06+00:00\",\"dateModified\":\"2026-04-25T16:54:09+00:00\",\"breadcrumb\":{\"@id\":\"https:\/\/www.voustensports.com\/fr\/c-p-company-sweat-shirt-a-col-rond-et-logo-lens-bleu-clair-42749\/#breadcrumb\"},\"inLanguage\":\"fr-FR\",\"potentialAction\":[{\"@type\":\"ReadAction\",\"target\":[\"https:\/\/www.voustensports.com\/fr\/c-p-company-sweat-shirt-a-col-rond-et-logo-lens-bleu-clair-42749\/\"]}]},{\"@type\":\"ImageObject\",\"inLanguage\":\"fr-FR\",\"@id\":\"https:\/\/www.voustensports.com\/fr\/c-p-company-sweat-shirt-a-col-rond-et-logo-lens-bleu-clair-42749\/#primaryimage\",\"url\":\"https:\/\/www.voustensports.com\/wp-content\/uploads\/2023\/06\/Crewneck-Lens-Sweatshirt-lichtblauw-42749.jpg\",\"contentUrl\":\"https:\/\/www.voustensports.com\/wp-content\/uploads\/2023\/06\/Crewneck-Lens-Sweatshirt-lichtblauw-42749.jpg\",\"width\":1638,\"height\":2048},{\"@type\":\"BreadcrumbList\",\"@id\":\"https:\/\/www.voustensports.com\/fr\/c-p-company-sweat-shirt-a-col-rond-et-logo-lens-bleu-clair-42749\/#breadcrumb\",\"itemListElement\":[{\"@type\":\"ListItem\",\"position\":1,\"name\":\"Home\",\"item\":\"https:\/\/www.voustensports.com\/fr\/\"},{\"@type\":\"ListItem\",\"position\":2,\"name\":\"Boutique\",\"item\":\"https:\/\/www.voustensports.com\/fr\/shop\/\"},{\"@type\":\"ListItem\",\"position\":3,\"name\":\"C.P. Company &#8211; Sweat-shirt \u00e0 col rond et logo Lens bleu clair (42749)\"}]},{\"@type\":\"WebSite\",\"@id\":\"https:\/\/www.voustensports.com\/nl\/#website\",\"url\":\"https:\/\/www.voustensports.com\/nl\/\",\"name\":\"Vousten Sports\",\"description\":\"\",\"potentialAction\":[{\"@type\":\"SearchAction\",\"target\":{\"@type\":\"EntryPoint\",\"urlTemplate\":\"https:\/\/www.voustensports.com\/nl\/?s={search_term_string}\"},\"query-input\":{\"@type\":\"PropertyValueSpecification\",\"valueRequired\":true,\"valueName\":\"search_term_string\"}}],\"inLanguage\":\"fr-FR\"}]}<\/script>\n<!-- \/ Yoast SEO plugin. -->","yoast_head_json":{"title":"C.P. Company - Sweat-shirt \u00e0 col rond et logo Lens bleu clair (42749) - Vousten Sports","robots":{"index":"index","follow":"follow","max-snippet":"max-snippet:-1","max-image-preview":"max-image-preview:large","max-video-preview":"max-video-preview:-1"},"canonical":"https:\/\/www.voustensports.com\/fr\/c-p-company-sweat-shirt-a-col-rond-et-logo-lens-bleu-clair-42749\/","og_locale":"fr_FR","og_type":"article","og_title":"C.P. Company - Sweat-shirt \u00e0 col rond et logo Lens bleu clair (42749) - Vousten Sports","og_description":"D\u00c9TAILS DU PRODUIT Ce sweat-shirt est confectionn\u00e9 en molleton de coton mi-lourd, offrant un confort optimal au quotidien. Il pr\u00e9sente un col rond c\u00f4tel\u00e9, le logo Lens embl\u00e9matique de C.P. Company sur la poche de la manche, ainsi que des poignets et un ourlet c\u00f4tel\u00e9s. Le proc\u00e9d\u00e9 de teinture par r\u00e9serve utilise des teintures directes [...]","og_url":"https:\/\/www.voustensports.com\/fr\/c-p-company-sweat-shirt-a-col-rond-et-logo-lens-bleu-clair-42749\/","og_site_name":"Vousten Sports","article_modified_time":"2026-04-25T16:54:09+00:00","og_image":[{"width":1638,"height":2048,"url":"https:\/\/www.voustensports.com\/wp-content\/uploads\/2023\/06\/Crewneck-Lens-Sweatshirt-lichtblauw-42749.jpg","type":"image\/jpeg"}],"twitter_card":"summary_large_image","twitter_misc":{"Est. reading time":"1 minute"},"schema":{"@context":"https:\/\/schema.org","@graph":[{"@type":"WebPage","@id":"https:\/\/www.voustensports.com\/fr\/c-p-company-sweat-shirt-a-col-rond-et-logo-lens-bleu-clair-42749\/","url":"https:\/\/www.voustensports.com\/fr\/c-p-company-sweat-shirt-a-col-rond-et-logo-lens-bleu-clair-42749\/","name":"C.P. Company - Sweat-shirt \u00e0 col rond et logo Lens bleu clair (42749) - Vousten Sports","isPartOf":{"@id":"https:\/\/www.voustensports.com\/nl\/#website"},"primaryImageOfPage":{"@id":"https:\/\/www.voustensports.com\/fr\/c-p-company-sweat-shirt-a-col-rond-et-logo-lens-bleu-clair-42749\/#primaryimage"},"image":{"@id":"https:\/\/www.voustensports.com\/fr\/c-p-company-sweat-shirt-a-col-rond-et-logo-lens-bleu-clair-42749\/#primaryimage"},"thumbnailUrl":"https:\/\/www.voustensports.com\/wp-content\/uploads\/2023\/06\/Crewneck-Lens-Sweatshirt-lichtblauw-42749.jpg","datePublished":"2026-04-25T15:27:06+00:00","dateModified":"2026-04-25T16:54:09+00:00","breadcrumb":{"@id":"https:\/\/www.voustensports.com\/fr\/c-p-company-sweat-shirt-a-col-rond-et-logo-lens-bleu-clair-42749\/#breadcrumb"},"inLanguage":"fr-FR","potentialAction":[{"@type":"ReadAction","target":["https:\/\/www.voustensports.com\/fr\/c-p-company-sweat-shirt-a-col-rond-et-logo-lens-bleu-clair-42749\/"]}]},{"@type":"ImageObject","inLanguage":"fr-FR","@id":"https:\/\/www.voustensports.com\/fr\/c-p-company-sweat-shirt-a-col-rond-et-logo-lens-bleu-clair-42749\/#primaryimage","url":"https:\/\/www.voustensports.com\/wp-content\/uploads\/2023\/06\/Crewneck-Lens-Sweatshirt-lichtblauw-42749.jpg","contentUrl":"https:\/\/www.voustensports.com\/wp-content\/uploads\/2023\/06\/Crewneck-Lens-Sweatshirt-lichtblauw-42749.jpg","width":1638,"height":2048},{"@type":"BreadcrumbList","@id":"https:\/\/www.voustensports.com\/fr\/c-p-company-sweat-shirt-a-col-rond-et-logo-lens-bleu-clair-42749\/#breadcrumb","itemListElement":[{"@type":"ListItem","position":1,"name":"Home","item":"https:\/\/www.voustensports.com\/fr\/"},{"@type":"ListItem","position":2,"name":"Boutique","item":"https:\/\/www.voustensports.com\/fr\/shop\/"},{"@type":"ListItem","position":3,"name":"C.P. Company &#8211; Sweat-shirt \u00e0 col rond et logo Lens bleu clair (42749)"}]},{"@type":"WebSite","@id":"https:\/\/www.voustensports.com\/nl\/#website","url":"https:\/\/www.voustensports.com\/nl\/","name":"Vousten Sports","description":"","potentialAction":[{"@type":"SearchAction","target":{"@type":"EntryPoint","urlTemplate":"https:\/\/www.voustensports.com\/nl\/?s={search_term_string}"},"query-input":{"@type":"PropertyValueSpecification","valueRequired":true,"valueName":"search_term_string"}}],"inLanguage":"fr-FR"}]}},"_links":{"self":[{"href":"https:\/\/www.voustensports.com\/fr\/wp-json\/wp\/v2\/product\/229703","targetHints":{"allow":["GET"]}}],"collection":[{"href":"https:\/\/www.voustensports.com\/fr\/wp-json\/wp\/v2\/product"}],"about":[{"href":"https:\/\/www.voustensports.com\/fr\/wp-json\/wp\/v2\/types\/product"}],"replies":[{"embeddable":true,"href":"https:\/\/www.voustensports.com\/fr\/wp-json\/wp\/v2\/comments?post=229703"}],"wp:featuredmedia":[{"embeddable":true,"href":"https:\/\/www.voustensports.com\/fr\/wp-json\/wp\/v2\/media\/229699"}],"wp:attachment":[{"href":"https:\/\/www.voustensports.com\/fr\/wp-json\/wp\/v2\/media?parent=229703"}],"wp:term":[{"taxonomy":"product_cat","embeddable":true,"href":"https:\/\/www.voustensports.com\/fr\/wp-json\/wp\/v2\/product_cat?post=229703"},{"taxonomy":"product_tag","embeddable":true,"href":"https:\/\/www.voustensports.com\/fr\/wp-json\/wp\/v2\/product_tag?post=229703"}],"curies":[{"name":"wp","href":"https:\/\/api.w.org\/{rel}","templated":true}]}}