{"id":229583,"date":"2026-04-25T10:18:07","date_gmt":"2026-04-25T08:18:07","guid":{"rendered":"https:\/\/www.voustensports.com\/c-p-company-polo-a-logo-bleu-marine-42739\/"},"modified":"2026-04-25T11:45:10","modified_gmt":"2026-04-25T09:45:10","slug":"c-p-company-polo-a-logo-bleu-marine-42739","status":"publish","type":"product","link":"https:\/\/www.voustensports.com\/fr\/c-p-company-polo-a-logo-bleu-marine-42739\/","title":{"rendered":"C.P. Company &#8211; Polo \u00e0 logo bleu marine (42739)"},"content":{"rendered":"<div>D\u00c9TAILS DU PRODUIT<\/div>\n<div>Polo \u00e0 manches courtes confectionn\u00e9 en piqu\u00e9 stretch, un tissu de coton respirant et souple qui garantit confort et libert\u00e9 de mouvement. Ce mod\u00e8le pr\u00e9sente un col classique \u00e0 rayures et une fermeture \u00e0 deux boutons. Il est dot\u00e9 de finitions c\u00f4tel\u00e9es aux poignets, d&rsquo;un logo brod\u00e9 sur la poitrine et de fentes lat\u00e9rales.<\/div>\n<div><\/div>\n<div>STYLE<\/div>\n<ul>\n<li>Col classique \u00e0 rayures<\/li>\n<li>Fermeture \u00e0 deux boutons<\/li>\n<li>Bas de manches c\u00f4tel\u00e9s<\/li>\n<li>Logo brod\u00e9 sur la poitrine<\/li>\n<li>Fentes lat\u00e9rales<\/li>\n<li>Coupe classique<\/li>\n<\/ul>\n<div><\/div>\n<div>COMPOSITION<\/div>\n<ul>\n<li>Ext\u00e9rieur : 95 % coton, 5 % \u00e9lasthanne<\/li>\n<\/ul>\n","protected":false},"excerpt":{"rendered":"<p>D\u00c9TAILS DU PRODUIT Polo \u00e0 manches courtes confectionn\u00e9 en piqu\u00e9 stretch, un tissu de coton respirant et souple qui garantit confort et libert\u00e9 de mouvement. Ce mod\u00e8le pr\u00e9sente un col classique \u00e0 rayures et une fermeture \u00e0 deux boutons. Il est dot\u00e9 de finitions c\u00f4tel\u00e9es aux poignets, d&rsquo;un logo brod\u00e9 sur la poitrine et de [&#8230;]\n","protected":false},"featured_media":229575,"comment_status":"open","ping_status":"closed","template":"","meta":{"rank_math_lock_modified_date":false},"product_cat":[438,446,450,462,478,486],"product_tag":[],"class_list":{"0":"post-229583","1":"product","2":"type-product","3":"status-publish","4":"has-post-thumbnail","6":"product_cat-cp-company-fr","7":"product_cat-kleding-fr","8":"product_cat-heren-fr","9":"product_cat-vousten-sports-fr-2","10":"product_cat-polos-fr-2","11":"product_cat-shirt-fr-2","13":"first","14":"instock","15":"taxable","16":"shipping-taxable","17":"purchasable","18":"product-type-variable"},"acf":[],"yoast_head":"<!-- This site is optimized with the Yoast SEO plugin v23.9 - https:\/\/yoast.com\/wordpress\/plugins\/seo\/ -->\n<title>C.P. Company - Polo \u00e0 logo bleu marine (42739) - Vousten Sports<\/title>\n<meta name=\"robots\" content=\"index, follow, max-snippet:-1, max-image-preview:large, max-video-preview:-1\" \/>\n<link rel=\"canonical\" href=\"https:\/\/www.voustensports.com\/fr\/c-p-company-polo-a-logo-bleu-marine-42739\/\" \/>\n<meta property=\"og:locale\" content=\"fr_FR\" \/>\n<meta property=\"og:type\" content=\"article\" \/>\n<meta property=\"og:title\" content=\"C.P. Company - Polo \u00e0 logo bleu marine (42739) - Vousten Sports\" \/>\n<meta property=\"og:description\" content=\"D\u00c9TAILS DU PRODUIT Polo \u00e0 manches courtes confectionn\u00e9 en piqu\u00e9 stretch, un tissu de coton respirant et souple qui garantit confort et libert\u00e9 de mouvement. Ce mod\u00e8le pr\u00e9sente un col classique \u00e0 rayures et une fermeture \u00e0 deux boutons. Il est dot\u00e9 de finitions c\u00f4tel\u00e9es aux poignets, d&rsquo;un logo brod\u00e9 sur la poitrine et de [...]\" \/>\n<meta property=\"og:url\" content=\"https:\/\/www.voustensports.com\/fr\/c-p-company-polo-a-logo-bleu-marine-42739\/\" \/>\n<meta property=\"og:site_name\" content=\"Vousten Sports\" \/>\n<meta property=\"article:modified_time\" content=\"2026-04-25T09:45:10+00:00\" \/>\n<meta property=\"og:image\" content=\"https:\/\/www.voustensports.com\/wp-content\/uploads\/2023\/06\/Logo-Polo-navy-427401.jpg\" \/>\n\t<meta property=\"og:image:width\" content=\"1638\" \/>\n\t<meta property=\"og:image:height\" content=\"2048\" \/>\n\t<meta property=\"og:image:type\" content=\"image\/jpeg\" \/>\n<meta name=\"twitter:card\" content=\"summary_large_image\" \/>\n<script type=\"application\/ld+json\" class=\"yoast-schema-graph\">{\"@context\":\"https:\/\/schema.org\",\"@graph\":[{\"@type\":\"WebPage\",\"@id\":\"https:\/\/www.voustensports.com\/fr\/c-p-company-polo-a-logo-bleu-marine-42739\/\",\"url\":\"https:\/\/www.voustensports.com\/fr\/c-p-company-polo-a-logo-bleu-marine-42739\/\",\"name\":\"C.P. Company - Polo \u00e0 logo bleu marine (42739) - Vousten Sports\",\"isPartOf\":{\"@id\":\"https:\/\/www.voustensports.com\/nl\/#website\"},\"primaryImageOfPage\":{\"@id\":\"https:\/\/www.voustensports.com\/fr\/c-p-company-polo-a-logo-bleu-marine-42739\/#primaryimage\"},\"image\":{\"@id\":\"https:\/\/www.voustensports.com\/fr\/c-p-company-polo-a-logo-bleu-marine-42739\/#primaryimage\"},\"thumbnailUrl\":\"https:\/\/www.voustensports.com\/wp-content\/uploads\/2023\/06\/Logo-Polo-navy-427401.jpg\",\"datePublished\":\"2026-04-25T08:18:07+00:00\",\"dateModified\":\"2026-04-25T09:45:10+00:00\",\"breadcrumb\":{\"@id\":\"https:\/\/www.voustensports.com\/fr\/c-p-company-polo-a-logo-bleu-marine-42739\/#breadcrumb\"},\"inLanguage\":\"fr-FR\",\"potentialAction\":[{\"@type\":\"ReadAction\",\"target\":[\"https:\/\/www.voustensports.com\/fr\/c-p-company-polo-a-logo-bleu-marine-42739\/\"]}]},{\"@type\":\"ImageObject\",\"inLanguage\":\"fr-FR\",\"@id\":\"https:\/\/www.voustensports.com\/fr\/c-p-company-polo-a-logo-bleu-marine-42739\/#primaryimage\",\"url\":\"https:\/\/www.voustensports.com\/wp-content\/uploads\/2023\/06\/Logo-Polo-navy-427401.jpg\",\"contentUrl\":\"https:\/\/www.voustensports.com\/wp-content\/uploads\/2023\/06\/Logo-Polo-navy-427401.jpg\",\"width\":1638,\"height\":2048},{\"@type\":\"BreadcrumbList\",\"@id\":\"https:\/\/www.voustensports.com\/fr\/c-p-company-polo-a-logo-bleu-marine-42739\/#breadcrumb\",\"itemListElement\":[{\"@type\":\"ListItem\",\"position\":1,\"name\":\"Home\",\"item\":\"https:\/\/www.voustensports.com\/fr\/\"},{\"@type\":\"ListItem\",\"position\":2,\"name\":\"Boutique\",\"item\":\"https:\/\/www.voustensports.com\/fr\/shop\/\"},{\"@type\":\"ListItem\",\"position\":3,\"name\":\"C.P. Company &#8211; Polo \u00e0 logo bleu marine (42739)\"}]},{\"@type\":\"WebSite\",\"@id\":\"https:\/\/www.voustensports.com\/nl\/#website\",\"url\":\"https:\/\/www.voustensports.com\/nl\/\",\"name\":\"Vousten Sports\",\"description\":\"\",\"potentialAction\":[{\"@type\":\"SearchAction\",\"target\":{\"@type\":\"EntryPoint\",\"urlTemplate\":\"https:\/\/www.voustensports.com\/nl\/?s={search_term_string}\"},\"query-input\":{\"@type\":\"PropertyValueSpecification\",\"valueRequired\":true,\"valueName\":\"search_term_string\"}}],\"inLanguage\":\"fr-FR\"}]}<\/script>\n<!-- \/ Yoast SEO plugin. -->","yoast_head_json":{"title":"C.P. Company - Polo \u00e0 logo bleu marine (42739) - Vousten Sports","robots":{"index":"index","follow":"follow","max-snippet":"max-snippet:-1","max-image-preview":"max-image-preview:large","max-video-preview":"max-video-preview:-1"},"canonical":"https:\/\/www.voustensports.com\/fr\/c-p-company-polo-a-logo-bleu-marine-42739\/","og_locale":"fr_FR","og_type":"article","og_title":"C.P. Company - Polo \u00e0 logo bleu marine (42739) - Vousten Sports","og_description":"D\u00c9TAILS DU PRODUIT Polo \u00e0 manches courtes confectionn\u00e9 en piqu\u00e9 stretch, un tissu de coton respirant et souple qui garantit confort et libert\u00e9 de mouvement. Ce mod\u00e8le pr\u00e9sente un col classique \u00e0 rayures et une fermeture \u00e0 deux boutons. Il est dot\u00e9 de finitions c\u00f4tel\u00e9es aux poignets, d&rsquo;un logo brod\u00e9 sur la poitrine et de [...]","og_url":"https:\/\/www.voustensports.com\/fr\/c-p-company-polo-a-logo-bleu-marine-42739\/","og_site_name":"Vousten Sports","article_modified_time":"2026-04-25T09:45:10+00:00","og_image":[{"width":1638,"height":2048,"url":"https:\/\/www.voustensports.com\/wp-content\/uploads\/2023\/06\/Logo-Polo-navy-427401.jpg","type":"image\/jpeg"}],"twitter_card":"summary_large_image","schema":{"@context":"https:\/\/schema.org","@graph":[{"@type":"WebPage","@id":"https:\/\/www.voustensports.com\/fr\/c-p-company-polo-a-logo-bleu-marine-42739\/","url":"https:\/\/www.voustensports.com\/fr\/c-p-company-polo-a-logo-bleu-marine-42739\/","name":"C.P. Company - Polo \u00e0 logo bleu marine (42739) - Vousten Sports","isPartOf":{"@id":"https:\/\/www.voustensports.com\/nl\/#website"},"primaryImageOfPage":{"@id":"https:\/\/www.voustensports.com\/fr\/c-p-company-polo-a-logo-bleu-marine-42739\/#primaryimage"},"image":{"@id":"https:\/\/www.voustensports.com\/fr\/c-p-company-polo-a-logo-bleu-marine-42739\/#primaryimage"},"thumbnailUrl":"https:\/\/www.voustensports.com\/wp-content\/uploads\/2023\/06\/Logo-Polo-navy-427401.jpg","datePublished":"2026-04-25T08:18:07+00:00","dateModified":"2026-04-25T09:45:10+00:00","breadcrumb":{"@id":"https:\/\/www.voustensports.com\/fr\/c-p-company-polo-a-logo-bleu-marine-42739\/#breadcrumb"},"inLanguage":"fr-FR","potentialAction":[{"@type":"ReadAction","target":["https:\/\/www.voustensports.com\/fr\/c-p-company-polo-a-logo-bleu-marine-42739\/"]}]},{"@type":"ImageObject","inLanguage":"fr-FR","@id":"https:\/\/www.voustensports.com\/fr\/c-p-company-polo-a-logo-bleu-marine-42739\/#primaryimage","url":"https:\/\/www.voustensports.com\/wp-content\/uploads\/2023\/06\/Logo-Polo-navy-427401.jpg","contentUrl":"https:\/\/www.voustensports.com\/wp-content\/uploads\/2023\/06\/Logo-Polo-navy-427401.jpg","width":1638,"height":2048},{"@type":"BreadcrumbList","@id":"https:\/\/www.voustensports.com\/fr\/c-p-company-polo-a-logo-bleu-marine-42739\/#breadcrumb","itemListElement":[{"@type":"ListItem","position":1,"name":"Home","item":"https:\/\/www.voustensports.com\/fr\/"},{"@type":"ListItem","position":2,"name":"Boutique","item":"https:\/\/www.voustensports.com\/fr\/shop\/"},{"@type":"ListItem","position":3,"name":"C.P. Company &#8211; Polo \u00e0 logo bleu marine (42739)"}]},{"@type":"WebSite","@id":"https:\/\/www.voustensports.com\/nl\/#website","url":"https:\/\/www.voustensports.com\/nl\/","name":"Vousten Sports","description":"","potentialAction":[{"@type":"SearchAction","target":{"@type":"EntryPoint","urlTemplate":"https:\/\/www.voustensports.com\/nl\/?s={search_term_string}"},"query-input":{"@type":"PropertyValueSpecification","valueRequired":true,"valueName":"search_term_string"}}],"inLanguage":"fr-FR"}]}},"_links":{"self":[{"href":"https:\/\/www.voustensports.com\/fr\/wp-json\/wp\/v2\/product\/229583","targetHints":{"allow":["GET"]}}],"collection":[{"href":"https:\/\/www.voustensports.com\/fr\/wp-json\/wp\/v2\/product"}],"about":[{"href":"https:\/\/www.voustensports.com\/fr\/wp-json\/wp\/v2\/types\/product"}],"replies":[{"embeddable":true,"href":"https:\/\/www.voustensports.com\/fr\/wp-json\/wp\/v2\/comments?post=229583"}],"wp:featuredmedia":[{"embeddable":true,"href":"https:\/\/www.voustensports.com\/fr\/wp-json\/wp\/v2\/media\/229575"}],"wp:attachment":[{"href":"https:\/\/www.voustensports.com\/fr\/wp-json\/wp\/v2\/media?parent=229583"}],"wp:term":[{"taxonomy":"product_cat","embeddable":true,"href":"https:\/\/www.voustensports.com\/fr\/wp-json\/wp\/v2\/product_cat?post=229583"},{"taxonomy":"product_tag","embeddable":true,"href":"https:\/\/www.voustensports.com\/fr\/wp-json\/wp\/v2\/product_tag?post=229583"}],"curies":[{"name":"wp","href":"https:\/\/api.w.org\/{rel}","templated":true}]}}