{"id":229555,"date":"2026-04-25T08:24:10","date_gmt":"2026-04-25T06:24:10","guid":{"rendered":"https:\/\/www.voustensports.com\/c-p-company-surchemise-zippee-lens-bleu-marine-42744\/"},"modified":"2026-04-25T10:00:13","modified_gmt":"2026-04-25T08:00:13","slug":"c-p-company-surchemise-zippee-lens-bleu-marine-42744","status":"publish","type":"product","link":"https:\/\/www.voustensports.com\/fr\/c-p-company-surchemise-zippee-lens-bleu-marine-42744\/","title":{"rendered":"C.P. Company &#8211; Surchemise zipp\u00e9e Lens bleu marine (42744)"},"content":{"rendered":"<div>D\u00c9TAILS DU PRODUIT<\/div>\n<div><\/div>\n<div>Surchemise en coton et lin. Ce mod\u00e8le pr\u00e9sente un col classique, une fermeture \u00e9clair int\u00e9grale et une poche poitrine zipp\u00e9e orn\u00e9e du logo Lens embl\u00e9matique de C.P. Company. Des poignets \u00e0 boutons-pression ajustables compl\u00e8tent le design. Teinte en pi\u00e8ce, cette surchemise offre une intensit\u00e9 de couleur unique qui se bonifie avec le temps et l&rsquo;usage.<\/div>\n<div><\/div>\n<div>STYLE<\/div>\n<ul>\n<li>Col classique<\/li>\n<li>Fermeture \u00e9clair int\u00e9grale<\/li>\n<li>Poche poitrine zipp\u00e9e<\/li>\n<li>D\u00e9tail Lens<\/li>\n<li>Poignets \u00e0 boutons-pression ajustables<\/li>\n<li>Teinte en pi\u00e8ce<\/li>\n<li>Coupe classique<\/li>\n<\/ul>\n<div><\/div>\n<div>COMPOSITION<\/div>\n<ul>\n<li>Fabriqu\u00e9e en Italie<\/li>\n<li>Composition ext\u00e9rieure : 56 % coton, 44 % lin<\/li>\n<\/ul>\n","protected":false},"excerpt":{"rendered":"<p>D\u00c9TAILS DU PRODUIT Surchemise en coton et lin. Ce mod\u00e8le pr\u00e9sente un col classique, une fermeture \u00e9clair int\u00e9grale et une poche poitrine zipp\u00e9e orn\u00e9e du logo Lens embl\u00e9matique de C.P. Company. Des poignets \u00e0 boutons-pression ajustables compl\u00e8tent le design. Teinte en pi\u00e8ce, cette surchemise offre une intensit\u00e9 de couleur unique qui se bonifie avec le [&#8230;]\n","protected":false},"featured_media":229543,"comment_status":"open","ping_status":"closed","template":"","meta":{"rank_math_lock_modified_date":false},"product_cat":[438,446,450,462,486,739],"product_tag":[],"class_list":{"0":"post-229555","1":"product","2":"type-product","3":"status-publish","4":"has-post-thumbnail","6":"product_cat-cp-company-fr","7":"product_cat-kleding-fr","8":"product_cat-heren-fr","9":"product_cat-vousten-sports-fr-2","10":"product_cat-shirt-fr-2","11":"product_cat-overshirt-fr-2","13":"first","14":"instock","15":"taxable","16":"shipping-taxable","17":"purchasable","18":"product-type-variable"},"acf":[],"yoast_head":"<!-- This site is optimized with the Yoast SEO plugin v23.9 - https:\/\/yoast.com\/wordpress\/plugins\/seo\/ -->\n<title>C.P. Company - Surchemise zipp\u00e9e Lens bleu marine (42744) - Vousten Sports<\/title>\n<meta name=\"robots\" content=\"index, follow, max-snippet:-1, max-image-preview:large, max-video-preview:-1\" \/>\n<link rel=\"canonical\" href=\"https:\/\/www.voustensports.com\/fr\/c-p-company-surchemise-zippee-lens-bleu-marine-42744\/\" \/>\n<meta property=\"og:locale\" content=\"fr_FR\" \/>\n<meta property=\"og:type\" content=\"article\" \/>\n<meta property=\"og:title\" content=\"C.P. Company - Surchemise zipp\u00e9e Lens bleu marine (42744) - Vousten Sports\" \/>\n<meta property=\"og:description\" content=\"D\u00c9TAILS DU PRODUIT Surchemise en coton et lin. Ce mod\u00e8le pr\u00e9sente un col classique, une fermeture \u00e9clair int\u00e9grale et une poche poitrine zipp\u00e9e orn\u00e9e du logo Lens embl\u00e9matique de C.P. Company. Des poignets \u00e0 boutons-pression ajustables compl\u00e8tent le design. Teinte en pi\u00e8ce, cette surchemise offre une intensit\u00e9 de couleur unique qui se bonifie avec le [...]\" \/>\n<meta property=\"og:url\" content=\"https:\/\/www.voustensports.com\/fr\/c-p-company-surchemise-zippee-lens-bleu-marine-42744\/\" \/>\n<meta property=\"og:site_name\" content=\"Vousten Sports\" \/>\n<meta property=\"article:modified_time\" content=\"2026-04-25T08:00:13+00:00\" \/>\n<meta property=\"og:image\" content=\"https:\/\/www.voustensports.com\/wp-content\/uploads\/2023\/06\/Lens-Zip-Overshirt-navy-427441.jpg\" \/>\n\t<meta property=\"og:image:width\" content=\"1638\" \/>\n\t<meta property=\"og:image:height\" content=\"2048\" \/>\n\t<meta property=\"og:image:type\" content=\"image\/jpeg\" \/>\n<meta name=\"twitter:card\" content=\"summary_large_image\" \/>\n<meta name=\"twitter:label1\" content=\"Est. reading time\" \/>\n\t<meta name=\"twitter:data1\" content=\"1 minute\" \/>\n<script type=\"application\/ld+json\" class=\"yoast-schema-graph\">{\"@context\":\"https:\/\/schema.org\",\"@graph\":[{\"@type\":\"WebPage\",\"@id\":\"https:\/\/www.voustensports.com\/fr\/c-p-company-surchemise-zippee-lens-bleu-marine-42744\/\",\"url\":\"https:\/\/www.voustensports.com\/fr\/c-p-company-surchemise-zippee-lens-bleu-marine-42744\/\",\"name\":\"C.P. Company - Surchemise zipp\u00e9e Lens bleu marine (42744) - Vousten Sports\",\"isPartOf\":{\"@id\":\"https:\/\/www.voustensports.com\/nl\/#website\"},\"primaryImageOfPage\":{\"@id\":\"https:\/\/www.voustensports.com\/fr\/c-p-company-surchemise-zippee-lens-bleu-marine-42744\/#primaryimage\"},\"image\":{\"@id\":\"https:\/\/www.voustensports.com\/fr\/c-p-company-surchemise-zippee-lens-bleu-marine-42744\/#primaryimage\"},\"thumbnailUrl\":\"https:\/\/www.voustensports.com\/wp-content\/uploads\/2023\/06\/Lens-Zip-Overshirt-navy-427441.jpg\",\"datePublished\":\"2026-04-25T06:24:10+00:00\",\"dateModified\":\"2026-04-25T08:00:13+00:00\",\"breadcrumb\":{\"@id\":\"https:\/\/www.voustensports.com\/fr\/c-p-company-surchemise-zippee-lens-bleu-marine-42744\/#breadcrumb\"},\"inLanguage\":\"fr-FR\",\"potentialAction\":[{\"@type\":\"ReadAction\",\"target\":[\"https:\/\/www.voustensports.com\/fr\/c-p-company-surchemise-zippee-lens-bleu-marine-42744\/\"]}]},{\"@type\":\"ImageObject\",\"inLanguage\":\"fr-FR\",\"@id\":\"https:\/\/www.voustensports.com\/fr\/c-p-company-surchemise-zippee-lens-bleu-marine-42744\/#primaryimage\",\"url\":\"https:\/\/www.voustensports.com\/wp-content\/uploads\/2023\/06\/Lens-Zip-Overshirt-navy-427441.jpg\",\"contentUrl\":\"https:\/\/www.voustensports.com\/wp-content\/uploads\/2023\/06\/Lens-Zip-Overshirt-navy-427441.jpg\",\"width\":1638,\"height\":2048},{\"@type\":\"BreadcrumbList\",\"@id\":\"https:\/\/www.voustensports.com\/fr\/c-p-company-surchemise-zippee-lens-bleu-marine-42744\/#breadcrumb\",\"itemListElement\":[{\"@type\":\"ListItem\",\"position\":1,\"name\":\"Home\",\"item\":\"https:\/\/www.voustensports.com\/fr\/\"},{\"@type\":\"ListItem\",\"position\":2,\"name\":\"Boutique\",\"item\":\"https:\/\/www.voustensports.com\/fr\/shop\/\"},{\"@type\":\"ListItem\",\"position\":3,\"name\":\"C.P. Company &#8211; Surchemise zipp\u00e9e Lens bleu marine (42744)\"}]},{\"@type\":\"WebSite\",\"@id\":\"https:\/\/www.voustensports.com\/nl\/#website\",\"url\":\"https:\/\/www.voustensports.com\/nl\/\",\"name\":\"Vousten Sports\",\"description\":\"\",\"potentialAction\":[{\"@type\":\"SearchAction\",\"target\":{\"@type\":\"EntryPoint\",\"urlTemplate\":\"https:\/\/www.voustensports.com\/nl\/?s={search_term_string}\"},\"query-input\":{\"@type\":\"PropertyValueSpecification\",\"valueRequired\":true,\"valueName\":\"search_term_string\"}}],\"inLanguage\":\"fr-FR\"}]}<\/script>\n<!-- \/ Yoast SEO plugin. -->","yoast_head_json":{"title":"C.P. Company - Surchemise zipp\u00e9e Lens bleu marine (42744) - Vousten Sports","robots":{"index":"index","follow":"follow","max-snippet":"max-snippet:-1","max-image-preview":"max-image-preview:large","max-video-preview":"max-video-preview:-1"},"canonical":"https:\/\/www.voustensports.com\/fr\/c-p-company-surchemise-zippee-lens-bleu-marine-42744\/","og_locale":"fr_FR","og_type":"article","og_title":"C.P. Company - Surchemise zipp\u00e9e Lens bleu marine (42744) - Vousten Sports","og_description":"D\u00c9TAILS DU PRODUIT Surchemise en coton et lin. Ce mod\u00e8le pr\u00e9sente un col classique, une fermeture \u00e9clair int\u00e9grale et une poche poitrine zipp\u00e9e orn\u00e9e du logo Lens embl\u00e9matique de C.P. Company. Des poignets \u00e0 boutons-pression ajustables compl\u00e8tent le design. Teinte en pi\u00e8ce, cette surchemise offre une intensit\u00e9 de couleur unique qui se bonifie avec le [...]","og_url":"https:\/\/www.voustensports.com\/fr\/c-p-company-surchemise-zippee-lens-bleu-marine-42744\/","og_site_name":"Vousten Sports","article_modified_time":"2026-04-25T08:00:13+00:00","og_image":[{"width":1638,"height":2048,"url":"https:\/\/www.voustensports.com\/wp-content\/uploads\/2023\/06\/Lens-Zip-Overshirt-navy-427441.jpg","type":"image\/jpeg"}],"twitter_card":"summary_large_image","twitter_misc":{"Est. reading time":"1 minute"},"schema":{"@context":"https:\/\/schema.org","@graph":[{"@type":"WebPage","@id":"https:\/\/www.voustensports.com\/fr\/c-p-company-surchemise-zippee-lens-bleu-marine-42744\/","url":"https:\/\/www.voustensports.com\/fr\/c-p-company-surchemise-zippee-lens-bleu-marine-42744\/","name":"C.P. Company - Surchemise zipp\u00e9e Lens bleu marine (42744) - Vousten Sports","isPartOf":{"@id":"https:\/\/www.voustensports.com\/nl\/#website"},"primaryImageOfPage":{"@id":"https:\/\/www.voustensports.com\/fr\/c-p-company-surchemise-zippee-lens-bleu-marine-42744\/#primaryimage"},"image":{"@id":"https:\/\/www.voustensports.com\/fr\/c-p-company-surchemise-zippee-lens-bleu-marine-42744\/#primaryimage"},"thumbnailUrl":"https:\/\/www.voustensports.com\/wp-content\/uploads\/2023\/06\/Lens-Zip-Overshirt-navy-427441.jpg","datePublished":"2026-04-25T06:24:10+00:00","dateModified":"2026-04-25T08:00:13+00:00","breadcrumb":{"@id":"https:\/\/www.voustensports.com\/fr\/c-p-company-surchemise-zippee-lens-bleu-marine-42744\/#breadcrumb"},"inLanguage":"fr-FR","potentialAction":[{"@type":"ReadAction","target":["https:\/\/www.voustensports.com\/fr\/c-p-company-surchemise-zippee-lens-bleu-marine-42744\/"]}]},{"@type":"ImageObject","inLanguage":"fr-FR","@id":"https:\/\/www.voustensports.com\/fr\/c-p-company-surchemise-zippee-lens-bleu-marine-42744\/#primaryimage","url":"https:\/\/www.voustensports.com\/wp-content\/uploads\/2023\/06\/Lens-Zip-Overshirt-navy-427441.jpg","contentUrl":"https:\/\/www.voustensports.com\/wp-content\/uploads\/2023\/06\/Lens-Zip-Overshirt-navy-427441.jpg","width":1638,"height":2048},{"@type":"BreadcrumbList","@id":"https:\/\/www.voustensports.com\/fr\/c-p-company-surchemise-zippee-lens-bleu-marine-42744\/#breadcrumb","itemListElement":[{"@type":"ListItem","position":1,"name":"Home","item":"https:\/\/www.voustensports.com\/fr\/"},{"@type":"ListItem","position":2,"name":"Boutique","item":"https:\/\/www.voustensports.com\/fr\/shop\/"},{"@type":"ListItem","position":3,"name":"C.P. Company &#8211; Surchemise zipp\u00e9e Lens bleu marine (42744)"}]},{"@type":"WebSite","@id":"https:\/\/www.voustensports.com\/nl\/#website","url":"https:\/\/www.voustensports.com\/nl\/","name":"Vousten Sports","description":"","potentialAction":[{"@type":"SearchAction","target":{"@type":"EntryPoint","urlTemplate":"https:\/\/www.voustensports.com\/nl\/?s={search_term_string}"},"query-input":{"@type":"PropertyValueSpecification","valueRequired":true,"valueName":"search_term_string"}}],"inLanguage":"fr-FR"}]}},"_links":{"self":[{"href":"https:\/\/www.voustensports.com\/fr\/wp-json\/wp\/v2\/product\/229555","targetHints":{"allow":["GET"]}}],"collection":[{"href":"https:\/\/www.voustensports.com\/fr\/wp-json\/wp\/v2\/product"}],"about":[{"href":"https:\/\/www.voustensports.com\/fr\/wp-json\/wp\/v2\/types\/product"}],"replies":[{"embeddable":true,"href":"https:\/\/www.voustensports.com\/fr\/wp-json\/wp\/v2\/comments?post=229555"}],"wp:featuredmedia":[{"embeddable":true,"href":"https:\/\/www.voustensports.com\/fr\/wp-json\/wp\/v2\/media\/229543"}],"wp:attachment":[{"href":"https:\/\/www.voustensports.com\/fr\/wp-json\/wp\/v2\/media?parent=229555"}],"wp:term":[{"taxonomy":"product_cat","embeddable":true,"href":"https:\/\/www.voustensports.com\/fr\/wp-json\/wp\/v2\/product_cat?post=229555"},{"taxonomy":"product_tag","embeddable":true,"href":"https:\/\/www.voustensports.com\/fr\/wp-json\/wp\/v2\/product_tag?post=229555"}],"curies":[{"name":"wp","href":"https:\/\/api.w.org\/{rel}","templated":true}]}}