{"id":229242,"date":"2026-04-20T07:18:51","date_gmt":"2026-04-20T05:18:51","guid":{"rendered":"https:\/\/www.voustensports.com\/jacob-cohen-short-de-bain-resort-imprime-bleu-fonce-t906a-0700s-42268\/"},"modified":"2026-04-25T01:27:14","modified_gmt":"2026-04-24T23:27:14","slug":"jacob-cohen-short-de-bain-resort-imprime-bleu-fonce-t906a-0700s-42268","status":"publish","type":"product","link":"https:\/\/www.voustensports.com\/fr\/jacob-cohen-short-de-bain-resort-imprime-bleu-fonce-t906a-0700s-42268\/","title":{"rendered":"Jacob Cohen &#8211; Short de bain Resort imprim\u00e9 bleu fonc\u00e9 T906A 0700S (42268)"},"content":{"rendered":"<p><strong>Chaque \u00e9t\u00e9, Jacob Coh\u00ebn lance une collection capsule Resort, une collection qui incarne un art de vivre raffin\u00e9, con\u00e7ue pour profiter avec \u00e9l\u00e9gance de la saison estivale, dans un univers o\u00f9 glamour et luxe se m\u00ealent du lever au coucher du soleil.<\/strong><\/p>\n<ul>\n<li>Tissu technique<\/li>\n<li>Taille mi-haute<\/li>\n<li>Taille \u00e9lastiqu\u00e9e et cordon de serrage<\/li>\n<li>Poches passepoil\u00e9es sur les c\u00f4t\u00e9s<\/li>\n<li>Poche \u00e0 l&rsquo;arri\u00e8re<\/li>\n<li>Patch logo bleu fonc\u00e9 \u00e0 l&rsquo;arri\u00e8re<\/li>\n<li>Composition : 92 % polyester, 8 % \u00e9lasthanne<\/li>\n<\/ul>\n<p>Fabriqu\u00e9 en Italie<br \/>\nLivr\u00e9 avec un sac Resort assorti gratuit, id\u00e9al pour transporter par exemple de la cr\u00e8me solaire.<\/p>\n","protected":false},"excerpt":{"rendered":"<p>Chaque \u00e9t\u00e9, Jacob Coh\u00ebn lance une collection capsule Resort, une collection qui incarne un art de vivre raffin\u00e9, con\u00e7ue pour profiter avec \u00e9l\u00e9gance de la saison estivale, dans un univers o\u00f9 glamour et luxe se m\u00ealent du lever au coucher du soleil. Tissu technique Taille mi-haute Taille \u00e9lastiqu\u00e9e et cordon de serrage Poches passepoil\u00e9es sur [&#8230;]\n","protected":false},"featured_media":229232,"comment_status":"open","ping_status":"closed","template":"","meta":{"rank_math_lock_modified_date":false},"product_cat":[755,1016,446,450,462],"product_tag":[],"class_list":{"0":"post-229242","1":"product","2":"type-product","3":"status-publish","4":"has-post-thumbnail","6":"product_cat-zwembroeken-fr-2","7":"product_cat-jacob-cohen-fr","8":"product_cat-kleding-fr","9":"product_cat-heren-fr","10":"product_cat-vousten-sports-fr-2","12":"first","13":"instock","14":"taxable","15":"shipping-taxable","16":"purchasable","17":"product-type-variable"},"acf":[],"yoast_head":"<!-- This site is optimized with the Yoast SEO plugin v23.9 - https:\/\/yoast.com\/wordpress\/plugins\/seo\/ -->\n<title>Jacob Cohen - Short de bain Resort imprim\u00e9 bleu fonc\u00e9 T906A 0700S (42268) - Vousten Sports<\/title>\n<meta name=\"robots\" content=\"index, follow, max-snippet:-1, max-image-preview:large, max-video-preview:-1\" \/>\n<link rel=\"canonical\" href=\"https:\/\/www.voustensports.com\/fr\/jacob-cohen-short-de-bain-resort-imprime-bleu-fonce-t906a-0700s-42268\/\" \/>\n<meta property=\"og:locale\" content=\"fr_FR\" \/>\n<meta property=\"og:type\" content=\"article\" \/>\n<meta property=\"og:title\" content=\"Jacob Cohen - Short de bain Resort imprim\u00e9 bleu fonc\u00e9 T906A 0700S (42268) - Vousten Sports\" \/>\n<meta property=\"og:description\" content=\"Chaque \u00e9t\u00e9, Jacob Coh\u00ebn lance une collection capsule Resort, une collection qui incarne un art de vivre raffin\u00e9, con\u00e7ue pour profiter avec \u00e9l\u00e9gance de la saison estivale, dans un univers o\u00f9 glamour et luxe se m\u00ealent du lever au coucher du soleil. Tissu technique Taille mi-haute Taille \u00e9lastiqu\u00e9e et cordon de serrage Poches passepoil\u00e9es sur [...]\" \/>\n<meta property=\"og:url\" content=\"https:\/\/www.voustensports.com\/fr\/jacob-cohen-short-de-bain-resort-imprime-bleu-fonce-t906a-0700s-42268\/\" \/>\n<meta property=\"og:site_name\" content=\"Vousten Sports\" \/>\n<meta property=\"article:modified_time\" content=\"2026-04-24T23:27:14+00:00\" \/>\n<meta property=\"og:image\" content=\"https:\/\/www.voustensports.com\/wp-content\/uploads\/2023\/06\/Zwemshort-4_Front.jpg\" \/>\n\t<meta property=\"og:image:width\" content=\"800\" \/>\n\t<meta property=\"og:image:height\" content=\"1244\" \/>\n\t<meta property=\"og:image:type\" content=\"image\/jpeg\" \/>\n<meta name=\"twitter:card\" content=\"summary_large_image\" \/>\n<script type=\"application\/ld+json\" class=\"yoast-schema-graph\">{\"@context\":\"https:\/\/schema.org\",\"@graph\":[{\"@type\":\"WebPage\",\"@id\":\"https:\/\/www.voustensports.com\/fr\/jacob-cohen-short-de-bain-resort-imprime-bleu-fonce-t906a-0700s-42268\/\",\"url\":\"https:\/\/www.voustensports.com\/fr\/jacob-cohen-short-de-bain-resort-imprime-bleu-fonce-t906a-0700s-42268\/\",\"name\":\"Jacob Cohen - Short de bain Resort imprim\u00e9 bleu fonc\u00e9 T906A 0700S (42268) - Vousten Sports\",\"isPartOf\":{\"@id\":\"https:\/\/www.voustensports.com\/nl\/#website\"},\"primaryImageOfPage\":{\"@id\":\"https:\/\/www.voustensports.com\/fr\/jacob-cohen-short-de-bain-resort-imprime-bleu-fonce-t906a-0700s-42268\/#primaryimage\"},\"image\":{\"@id\":\"https:\/\/www.voustensports.com\/fr\/jacob-cohen-short-de-bain-resort-imprime-bleu-fonce-t906a-0700s-42268\/#primaryimage\"},\"thumbnailUrl\":\"https:\/\/www.voustensports.com\/wp-content\/uploads\/2023\/06\/Zwemshort-4_Front.jpg\",\"datePublished\":\"2026-04-20T05:18:51+00:00\",\"dateModified\":\"2026-04-24T23:27:14+00:00\",\"breadcrumb\":{\"@id\":\"https:\/\/www.voustensports.com\/fr\/jacob-cohen-short-de-bain-resort-imprime-bleu-fonce-t906a-0700s-42268\/#breadcrumb\"},\"inLanguage\":\"fr-FR\",\"potentialAction\":[{\"@type\":\"ReadAction\",\"target\":[\"https:\/\/www.voustensports.com\/fr\/jacob-cohen-short-de-bain-resort-imprime-bleu-fonce-t906a-0700s-42268\/\"]}]},{\"@type\":\"ImageObject\",\"inLanguage\":\"fr-FR\",\"@id\":\"https:\/\/www.voustensports.com\/fr\/jacob-cohen-short-de-bain-resort-imprime-bleu-fonce-t906a-0700s-42268\/#primaryimage\",\"url\":\"https:\/\/www.voustensports.com\/wp-content\/uploads\/2023\/06\/Zwemshort-4_Front.jpg\",\"contentUrl\":\"https:\/\/www.voustensports.com\/wp-content\/uploads\/2023\/06\/Zwemshort-4_Front.jpg\",\"width\":800,\"height\":1244},{\"@type\":\"BreadcrumbList\",\"@id\":\"https:\/\/www.voustensports.com\/fr\/jacob-cohen-short-de-bain-resort-imprime-bleu-fonce-t906a-0700s-42268\/#breadcrumb\",\"itemListElement\":[{\"@type\":\"ListItem\",\"position\":1,\"name\":\"Home\",\"item\":\"https:\/\/www.voustensports.com\/fr\/\"},{\"@type\":\"ListItem\",\"position\":2,\"name\":\"Boutique\",\"item\":\"https:\/\/www.voustensports.com\/fr\/shop\/\"},{\"@type\":\"ListItem\",\"position\":3,\"name\":\"Jacob Cohen &#8211; Short de bain Resort imprim\u00e9 bleu fonc\u00e9 T906A 0700S (42268)\"}]},{\"@type\":\"WebSite\",\"@id\":\"https:\/\/www.voustensports.com\/nl\/#website\",\"url\":\"https:\/\/www.voustensports.com\/nl\/\",\"name\":\"Vousten Sports\",\"description\":\"\",\"potentialAction\":[{\"@type\":\"SearchAction\",\"target\":{\"@type\":\"EntryPoint\",\"urlTemplate\":\"https:\/\/www.voustensports.com\/nl\/?s={search_term_string}\"},\"query-input\":{\"@type\":\"PropertyValueSpecification\",\"valueRequired\":true,\"valueName\":\"search_term_string\"}}],\"inLanguage\":\"fr-FR\"}]}<\/script>\n<!-- \/ Yoast SEO plugin. -->","yoast_head_json":{"title":"Jacob Cohen - Short de bain Resort imprim\u00e9 bleu fonc\u00e9 T906A 0700S (42268) - Vousten Sports","robots":{"index":"index","follow":"follow","max-snippet":"max-snippet:-1","max-image-preview":"max-image-preview:large","max-video-preview":"max-video-preview:-1"},"canonical":"https:\/\/www.voustensports.com\/fr\/jacob-cohen-short-de-bain-resort-imprime-bleu-fonce-t906a-0700s-42268\/","og_locale":"fr_FR","og_type":"article","og_title":"Jacob Cohen - Short de bain Resort imprim\u00e9 bleu fonc\u00e9 T906A 0700S (42268) - Vousten Sports","og_description":"Chaque \u00e9t\u00e9, Jacob Coh\u00ebn lance une collection capsule Resort, une collection qui incarne un art de vivre raffin\u00e9, con\u00e7ue pour profiter avec \u00e9l\u00e9gance de la saison estivale, dans un univers o\u00f9 glamour et luxe se m\u00ealent du lever au coucher du soleil. Tissu technique Taille mi-haute Taille \u00e9lastiqu\u00e9e et cordon de serrage Poches passepoil\u00e9es sur [...]","og_url":"https:\/\/www.voustensports.com\/fr\/jacob-cohen-short-de-bain-resort-imprime-bleu-fonce-t906a-0700s-42268\/","og_site_name":"Vousten Sports","article_modified_time":"2026-04-24T23:27:14+00:00","og_image":[{"width":800,"height":1244,"url":"https:\/\/www.voustensports.com\/wp-content\/uploads\/2023\/06\/Zwemshort-4_Front.jpg","type":"image\/jpeg"}],"twitter_card":"summary_large_image","schema":{"@context":"https:\/\/schema.org","@graph":[{"@type":"WebPage","@id":"https:\/\/www.voustensports.com\/fr\/jacob-cohen-short-de-bain-resort-imprime-bleu-fonce-t906a-0700s-42268\/","url":"https:\/\/www.voustensports.com\/fr\/jacob-cohen-short-de-bain-resort-imprime-bleu-fonce-t906a-0700s-42268\/","name":"Jacob Cohen - Short de bain Resort imprim\u00e9 bleu fonc\u00e9 T906A 0700S (42268) - Vousten Sports","isPartOf":{"@id":"https:\/\/www.voustensports.com\/nl\/#website"},"primaryImageOfPage":{"@id":"https:\/\/www.voustensports.com\/fr\/jacob-cohen-short-de-bain-resort-imprime-bleu-fonce-t906a-0700s-42268\/#primaryimage"},"image":{"@id":"https:\/\/www.voustensports.com\/fr\/jacob-cohen-short-de-bain-resort-imprime-bleu-fonce-t906a-0700s-42268\/#primaryimage"},"thumbnailUrl":"https:\/\/www.voustensports.com\/wp-content\/uploads\/2023\/06\/Zwemshort-4_Front.jpg","datePublished":"2026-04-20T05:18:51+00:00","dateModified":"2026-04-24T23:27:14+00:00","breadcrumb":{"@id":"https:\/\/www.voustensports.com\/fr\/jacob-cohen-short-de-bain-resort-imprime-bleu-fonce-t906a-0700s-42268\/#breadcrumb"},"inLanguage":"fr-FR","potentialAction":[{"@type":"ReadAction","target":["https:\/\/www.voustensports.com\/fr\/jacob-cohen-short-de-bain-resort-imprime-bleu-fonce-t906a-0700s-42268\/"]}]},{"@type":"ImageObject","inLanguage":"fr-FR","@id":"https:\/\/www.voustensports.com\/fr\/jacob-cohen-short-de-bain-resort-imprime-bleu-fonce-t906a-0700s-42268\/#primaryimage","url":"https:\/\/www.voustensports.com\/wp-content\/uploads\/2023\/06\/Zwemshort-4_Front.jpg","contentUrl":"https:\/\/www.voustensports.com\/wp-content\/uploads\/2023\/06\/Zwemshort-4_Front.jpg","width":800,"height":1244},{"@type":"BreadcrumbList","@id":"https:\/\/www.voustensports.com\/fr\/jacob-cohen-short-de-bain-resort-imprime-bleu-fonce-t906a-0700s-42268\/#breadcrumb","itemListElement":[{"@type":"ListItem","position":1,"name":"Home","item":"https:\/\/www.voustensports.com\/fr\/"},{"@type":"ListItem","position":2,"name":"Boutique","item":"https:\/\/www.voustensports.com\/fr\/shop\/"},{"@type":"ListItem","position":3,"name":"Jacob Cohen &#8211; Short de bain Resort imprim\u00e9 bleu fonc\u00e9 T906A 0700S (42268)"}]},{"@type":"WebSite","@id":"https:\/\/www.voustensports.com\/nl\/#website","url":"https:\/\/www.voustensports.com\/nl\/","name":"Vousten Sports","description":"","potentialAction":[{"@type":"SearchAction","target":{"@type":"EntryPoint","urlTemplate":"https:\/\/www.voustensports.com\/nl\/?s={search_term_string}"},"query-input":{"@type":"PropertyValueSpecification","valueRequired":true,"valueName":"search_term_string"}}],"inLanguage":"fr-FR"}]}},"_links":{"self":[{"href":"https:\/\/www.voustensports.com\/fr\/wp-json\/wp\/v2\/product\/229242","targetHints":{"allow":["GET"]}}],"collection":[{"href":"https:\/\/www.voustensports.com\/fr\/wp-json\/wp\/v2\/product"}],"about":[{"href":"https:\/\/www.voustensports.com\/fr\/wp-json\/wp\/v2\/types\/product"}],"replies":[{"embeddable":true,"href":"https:\/\/www.voustensports.com\/fr\/wp-json\/wp\/v2\/comments?post=229242"}],"wp:featuredmedia":[{"embeddable":true,"href":"https:\/\/www.voustensports.com\/fr\/wp-json\/wp\/v2\/media\/229232"}],"wp:attachment":[{"href":"https:\/\/www.voustensports.com\/fr\/wp-json\/wp\/v2\/media?parent=229242"}],"wp:term":[{"taxonomy":"product_cat","embeddable":true,"href":"https:\/\/www.voustensports.com\/fr\/wp-json\/wp\/v2\/product_cat?post=229242"},{"taxonomy":"product_tag","embeddable":true,"href":"https:\/\/www.voustensports.com\/fr\/wp-json\/wp\/v2\/product_tag?post=229242"}],"curies":[{"name":"wp","href":"https:\/\/api.w.org\/{rel}","templated":true}]}}