{"id":229186,"date":"2026-04-20T07:17:53","date_gmt":"2026-04-20T05:17:53","guid":{"rendered":"https:\/\/www.voustensports.com\/jacob-cohen-short-de-bain-bleu-fonce-t769a-y73-42269\/"},"modified":"2026-04-25T16:24:19","modified_gmt":"2026-04-25T14:24:19","slug":"jacob-cohen-short-de-bain-bleu-fonce-t769a-y73-42269","status":"publish","type":"product","link":"https:\/\/www.voustensports.com\/fr\/jacob-cohen-short-de-bain-bleu-fonce-t769a-y73-42269\/","title":{"rendered":"Jacob Coh\u00ebn &#8211; Short de bain bleu fonc\u00e9 T769A Y73 (42269)"},"content":{"rendered":"<p>Maillot de bain<\/p>\n<p>Tissu technique<\/p>\n<p>Taille mi-haute<\/p>\n<p>Taille \u00e9lastiqu\u00e9e avec cordon de serrage<\/p>\n<p>Poches passepoil\u00e9es sur les c\u00f4t\u00e9s<\/p>\n<p>Poche \u00e0 l&rsquo;arri\u00e8re<\/p>\n<p>Patch logo bleu fonc\u00e9 \u00e0 l&rsquo;arri\u00e8re<\/p>\n<p>Composition : 92 % polyester, 8 % \u00e9lasthanne<\/p>\n<p>Fabriqu\u00e9 en Italie<br \/>\nLivr\u00e9 avec un sac Resort assorti gratuit, id\u00e9al pour transporter par exemple de la cr\u00e8me solaire.<\/p>\n","protected":false},"excerpt":{"rendered":"<p>Maillot de bain Tissu technique Taille mi-haute Taille \u00e9lastiqu\u00e9e avec cordon de serrage Poches passepoil\u00e9es sur les c\u00f4t\u00e9s Poche \u00e0 l&rsquo;arri\u00e8re Patch logo bleu fonc\u00e9 \u00e0 l&rsquo;arri\u00e8re Composition : 92 % polyester, 8 % \u00e9lasthanne Fabriqu\u00e9 en Italie Livr\u00e9 avec un sac Resort assorti gratuit, id\u00e9al pour transporter par exemple de la cr\u00e8me solaire.<\/p>\n","protected":false},"featured_media":229176,"comment_status":"open","ping_status":"closed","template":"","meta":{"rank_math_lock_modified_date":false},"product_cat":[446,450,462,755,1016],"product_tag":[],"class_list":{"0":"post-229186","1":"product","2":"type-product","3":"status-publish","4":"has-post-thumbnail","6":"product_cat-kleding-fr","7":"product_cat-heren-fr","8":"product_cat-vousten-sports-fr-2","9":"product_cat-zwembroeken-fr-2","10":"product_cat-jacob-cohen-fr","12":"first","13":"instock","14":"taxable","15":"shipping-taxable","16":"purchasable","17":"product-type-variable"},"acf":[],"yoast_head":"<!-- This site is optimized with the Yoast SEO plugin v23.9 - https:\/\/yoast.com\/wordpress\/plugins\/seo\/ -->\n<title>Jacob Coh\u00ebn - Short de bain bleu fonc\u00e9 T769A Y73 (42269) - Vousten Sports<\/title>\n<meta name=\"robots\" content=\"index, follow, max-snippet:-1, max-image-preview:large, max-video-preview:-1\" \/>\n<link rel=\"canonical\" href=\"https:\/\/www.voustensports.com\/fr\/jacob-cohen-short-de-bain-bleu-fonce-t769a-y73-42269\/\" \/>\n<meta property=\"og:locale\" content=\"fr_FR\" \/>\n<meta property=\"og:type\" content=\"article\" \/>\n<meta property=\"og:title\" content=\"Jacob Coh\u00ebn - Short de bain bleu fonc\u00e9 T769A Y73 (42269) - Vousten Sports\" \/>\n<meta property=\"og:description\" content=\"Maillot de bain Tissu technique Taille mi-haute Taille \u00e9lastiqu\u00e9e avec cordon de serrage Poches passepoil\u00e9es sur les c\u00f4t\u00e9s Poche \u00e0 l&rsquo;arri\u00e8re Patch logo bleu fonc\u00e9 \u00e0 l&rsquo;arri\u00e8re Composition : 92 % polyester, 8 % \u00e9lasthanne Fabriqu\u00e9 en Italie Livr\u00e9 avec un sac Resort assorti gratuit, id\u00e9al pour transporter par exemple de la cr\u00e8me solaire.\" \/>\n<meta property=\"og:url\" content=\"https:\/\/www.voustensports.com\/fr\/jacob-cohen-short-de-bain-bleu-fonce-t769a-y73-42269\/\" \/>\n<meta property=\"og:site_name\" content=\"Vousten Sports\" \/>\n<meta property=\"article:modified_time\" content=\"2026-04-25T14:24:19+00:00\" \/>\n<meta property=\"og:image\" content=\"https:\/\/www.voustensports.com\/wp-content\/uploads\/2023\/06\/Zwemshort-3_Front.jpg\" \/>\n\t<meta property=\"og:image:width\" content=\"800\" \/>\n\t<meta property=\"og:image:height\" content=\"1228\" \/>\n\t<meta property=\"og:image:type\" content=\"image\/jpeg\" \/>\n<meta name=\"twitter:card\" content=\"summary_large_image\" \/>\n<script type=\"application\/ld+json\" class=\"yoast-schema-graph\">{\"@context\":\"https:\/\/schema.org\",\"@graph\":[{\"@type\":\"WebPage\",\"@id\":\"https:\/\/www.voustensports.com\/fr\/jacob-cohen-short-de-bain-bleu-fonce-t769a-y73-42269\/\",\"url\":\"https:\/\/www.voustensports.com\/fr\/jacob-cohen-short-de-bain-bleu-fonce-t769a-y73-42269\/\",\"name\":\"Jacob Coh\u00ebn - Short de bain bleu fonc\u00e9 T769A Y73 (42269) - Vousten Sports\",\"isPartOf\":{\"@id\":\"https:\/\/www.voustensports.com\/nl\/#website\"},\"primaryImageOfPage\":{\"@id\":\"https:\/\/www.voustensports.com\/fr\/jacob-cohen-short-de-bain-bleu-fonce-t769a-y73-42269\/#primaryimage\"},\"image\":{\"@id\":\"https:\/\/www.voustensports.com\/fr\/jacob-cohen-short-de-bain-bleu-fonce-t769a-y73-42269\/#primaryimage\"},\"thumbnailUrl\":\"https:\/\/www.voustensports.com\/wp-content\/uploads\/2023\/06\/Zwemshort-3_Front.jpg\",\"datePublished\":\"2026-04-20T05:17:53+00:00\",\"dateModified\":\"2026-04-25T14:24:19+00:00\",\"breadcrumb\":{\"@id\":\"https:\/\/www.voustensports.com\/fr\/jacob-cohen-short-de-bain-bleu-fonce-t769a-y73-42269\/#breadcrumb\"},\"inLanguage\":\"fr-FR\",\"potentialAction\":[{\"@type\":\"ReadAction\",\"target\":[\"https:\/\/www.voustensports.com\/fr\/jacob-cohen-short-de-bain-bleu-fonce-t769a-y73-42269\/\"]}]},{\"@type\":\"ImageObject\",\"inLanguage\":\"fr-FR\",\"@id\":\"https:\/\/www.voustensports.com\/fr\/jacob-cohen-short-de-bain-bleu-fonce-t769a-y73-42269\/#primaryimage\",\"url\":\"https:\/\/www.voustensports.com\/wp-content\/uploads\/2023\/06\/Zwemshort-3_Front.jpg\",\"contentUrl\":\"https:\/\/www.voustensports.com\/wp-content\/uploads\/2023\/06\/Zwemshort-3_Front.jpg\",\"width\":800,\"height\":1228},{\"@type\":\"BreadcrumbList\",\"@id\":\"https:\/\/www.voustensports.com\/fr\/jacob-cohen-short-de-bain-bleu-fonce-t769a-y73-42269\/#breadcrumb\",\"itemListElement\":[{\"@type\":\"ListItem\",\"position\":1,\"name\":\"Home\",\"item\":\"https:\/\/www.voustensports.com\/fr\/\"},{\"@type\":\"ListItem\",\"position\":2,\"name\":\"Boutique\",\"item\":\"https:\/\/www.voustensports.com\/fr\/shop\/\"},{\"@type\":\"ListItem\",\"position\":3,\"name\":\"Jacob Coh\u00ebn &#8211; Short de bain bleu fonc\u00e9 T769A Y73 (42269)\"}]},{\"@type\":\"WebSite\",\"@id\":\"https:\/\/www.voustensports.com\/nl\/#website\",\"url\":\"https:\/\/www.voustensports.com\/nl\/\",\"name\":\"Vousten Sports\",\"description\":\"\",\"potentialAction\":[{\"@type\":\"SearchAction\",\"target\":{\"@type\":\"EntryPoint\",\"urlTemplate\":\"https:\/\/www.voustensports.com\/nl\/?s={search_term_string}\"},\"query-input\":{\"@type\":\"PropertyValueSpecification\",\"valueRequired\":true,\"valueName\":\"search_term_string\"}}],\"inLanguage\":\"fr-FR\"}]}<\/script>\n<!-- \/ Yoast SEO plugin. -->","yoast_head_json":{"title":"Jacob Coh\u00ebn - Short de bain bleu fonc\u00e9 T769A Y73 (42269) - Vousten Sports","robots":{"index":"index","follow":"follow","max-snippet":"max-snippet:-1","max-image-preview":"max-image-preview:large","max-video-preview":"max-video-preview:-1"},"canonical":"https:\/\/www.voustensports.com\/fr\/jacob-cohen-short-de-bain-bleu-fonce-t769a-y73-42269\/","og_locale":"fr_FR","og_type":"article","og_title":"Jacob Coh\u00ebn - Short de bain bleu fonc\u00e9 T769A Y73 (42269) - Vousten Sports","og_description":"Maillot de bain Tissu technique Taille mi-haute Taille \u00e9lastiqu\u00e9e avec cordon de serrage Poches passepoil\u00e9es sur les c\u00f4t\u00e9s Poche \u00e0 l&rsquo;arri\u00e8re Patch logo bleu fonc\u00e9 \u00e0 l&rsquo;arri\u00e8re Composition : 92 % polyester, 8 % \u00e9lasthanne Fabriqu\u00e9 en Italie Livr\u00e9 avec un sac Resort assorti gratuit, id\u00e9al pour transporter par exemple de la cr\u00e8me solaire.","og_url":"https:\/\/www.voustensports.com\/fr\/jacob-cohen-short-de-bain-bleu-fonce-t769a-y73-42269\/","og_site_name":"Vousten Sports","article_modified_time":"2026-04-25T14:24:19+00:00","og_image":[{"width":800,"height":1228,"url":"https:\/\/www.voustensports.com\/wp-content\/uploads\/2023\/06\/Zwemshort-3_Front.jpg","type":"image\/jpeg"}],"twitter_card":"summary_large_image","schema":{"@context":"https:\/\/schema.org","@graph":[{"@type":"WebPage","@id":"https:\/\/www.voustensports.com\/fr\/jacob-cohen-short-de-bain-bleu-fonce-t769a-y73-42269\/","url":"https:\/\/www.voustensports.com\/fr\/jacob-cohen-short-de-bain-bleu-fonce-t769a-y73-42269\/","name":"Jacob Coh\u00ebn - Short de bain bleu fonc\u00e9 T769A Y73 (42269) - Vousten Sports","isPartOf":{"@id":"https:\/\/www.voustensports.com\/nl\/#website"},"primaryImageOfPage":{"@id":"https:\/\/www.voustensports.com\/fr\/jacob-cohen-short-de-bain-bleu-fonce-t769a-y73-42269\/#primaryimage"},"image":{"@id":"https:\/\/www.voustensports.com\/fr\/jacob-cohen-short-de-bain-bleu-fonce-t769a-y73-42269\/#primaryimage"},"thumbnailUrl":"https:\/\/www.voustensports.com\/wp-content\/uploads\/2023\/06\/Zwemshort-3_Front.jpg","datePublished":"2026-04-20T05:17:53+00:00","dateModified":"2026-04-25T14:24:19+00:00","breadcrumb":{"@id":"https:\/\/www.voustensports.com\/fr\/jacob-cohen-short-de-bain-bleu-fonce-t769a-y73-42269\/#breadcrumb"},"inLanguage":"fr-FR","potentialAction":[{"@type":"ReadAction","target":["https:\/\/www.voustensports.com\/fr\/jacob-cohen-short-de-bain-bleu-fonce-t769a-y73-42269\/"]}]},{"@type":"ImageObject","inLanguage":"fr-FR","@id":"https:\/\/www.voustensports.com\/fr\/jacob-cohen-short-de-bain-bleu-fonce-t769a-y73-42269\/#primaryimage","url":"https:\/\/www.voustensports.com\/wp-content\/uploads\/2023\/06\/Zwemshort-3_Front.jpg","contentUrl":"https:\/\/www.voustensports.com\/wp-content\/uploads\/2023\/06\/Zwemshort-3_Front.jpg","width":800,"height":1228},{"@type":"BreadcrumbList","@id":"https:\/\/www.voustensports.com\/fr\/jacob-cohen-short-de-bain-bleu-fonce-t769a-y73-42269\/#breadcrumb","itemListElement":[{"@type":"ListItem","position":1,"name":"Home","item":"https:\/\/www.voustensports.com\/fr\/"},{"@type":"ListItem","position":2,"name":"Boutique","item":"https:\/\/www.voustensports.com\/fr\/shop\/"},{"@type":"ListItem","position":3,"name":"Jacob Coh\u00ebn &#8211; Short de bain bleu fonc\u00e9 T769A Y73 (42269)"}]},{"@type":"WebSite","@id":"https:\/\/www.voustensports.com\/nl\/#website","url":"https:\/\/www.voustensports.com\/nl\/","name":"Vousten Sports","description":"","potentialAction":[{"@type":"SearchAction","target":{"@type":"EntryPoint","urlTemplate":"https:\/\/www.voustensports.com\/nl\/?s={search_term_string}"},"query-input":{"@type":"PropertyValueSpecification","valueRequired":true,"valueName":"search_term_string"}}],"inLanguage":"fr-FR"}]}},"_links":{"self":[{"href":"https:\/\/www.voustensports.com\/fr\/wp-json\/wp\/v2\/product\/229186","targetHints":{"allow":["GET"]}}],"collection":[{"href":"https:\/\/www.voustensports.com\/fr\/wp-json\/wp\/v2\/product"}],"about":[{"href":"https:\/\/www.voustensports.com\/fr\/wp-json\/wp\/v2\/types\/product"}],"replies":[{"embeddable":true,"href":"https:\/\/www.voustensports.com\/fr\/wp-json\/wp\/v2\/comments?post=229186"}],"wp:featuredmedia":[{"embeddable":true,"href":"https:\/\/www.voustensports.com\/fr\/wp-json\/wp\/v2\/media\/229176"}],"wp:attachment":[{"href":"https:\/\/www.voustensports.com\/fr\/wp-json\/wp\/v2\/media?parent=229186"}],"wp:term":[{"taxonomy":"product_cat","embeddable":true,"href":"https:\/\/www.voustensports.com\/fr\/wp-json\/wp\/v2\/product_cat?post=229186"},{"taxonomy":"product_tag","embeddable":true,"href":"https:\/\/www.voustensports.com\/fr\/wp-json\/wp\/v2\/product_tag?post=229186"}],"curies":[{"name":"wp","href":"https:\/\/api.w.org\/{rel}","templated":true}]}}