{"id":229082,"date":"2026-04-20T07:14:35","date_gmt":"2026-04-20T05:14:35","guid":{"rendered":"https:\/\/www.voustensports.com\/jacob-cohen-swim-shorts-blue-t769a-w62-42273-2\/"},"modified":"2026-04-20T11:12:19","modified_gmt":"2026-04-20T09:12:19","slug":"jacob-cohen-swim-shorts-blue-t769a-w62-42273-2","status":"publish","type":"product","link":"https:\/\/www.voustensports.com\/fr\/jacob-cohen-swim-shorts-blue-t769a-w62-42273-2\/","title":{"rendered":"Jacob Cohen &#8211; Swim Shorts Blue T769A W62 (42273)"},"content":{"rendered":"<ul>\n<li>Maillot de bain<\/li>\n<li>Tissu technique<\/li>\n<li>Taille mi-haute<\/li>\n<li>Taille \u00e9lastiqu\u00e9e avec cordon de serrage<\/li>\n<li>Poches passepoil\u00e9es sur les c\u00f4t\u00e9s<\/li>\n<li>Poche \u00e0 l&rsquo;arri\u00e8re<\/li>\n<li>Patch logo bleu \u00e0 l&rsquo;arri\u00e8re<\/li>\n<li>Composition : 92 % polyester, 8 % \u00e9lasthanne<\/li>\n<\/ul>\n<p>Ce maillot Jacob Cohen est fabriqu\u00e9 \u00e0 la main en V\u00e9n\u00e9tie, dans le nord-est de l&rsquo;Italie.<br \/>\nLivr\u00e9 avec une pochette assortie.<\/p>\n","protected":false},"excerpt":{"rendered":"<p>Maillot de bain Tissu technique Taille mi-haute Taille \u00e9lastiqu\u00e9e avec cordon de serrage Poches passepoil\u00e9es sur les c\u00f4t\u00e9s Poche \u00e0 l&rsquo;arri\u00e8re Patch logo bleu \u00e0 l&rsquo;arri\u00e8re Composition : 92 % polyester, 8 % \u00e9lasthanne Ce maillot Jacob Cohen est fabriqu\u00e9 \u00e0 la main en V\u00e9n\u00e9tie, dans le nord-est de l&rsquo;Italie. Livr\u00e9 avec une pochette assortie.<\/p>\n","protected":false},"featured_media":229072,"comment_status":"open","ping_status":"closed","template":"","meta":{"rank_math_lock_modified_date":false},"product_cat":[755,1016,446,450,462],"product_tag":[],"class_list":{"0":"post-229082","1":"product","2":"type-product","3":"status-publish","4":"has-post-thumbnail","6":"product_cat-zwembroeken-fr-2","7":"product_cat-jacob-cohen-fr","8":"product_cat-kleding-fr","9":"product_cat-heren-fr","10":"product_cat-vousten-sports-fr-2","12":"first","13":"instock","14":"taxable","15":"shipping-taxable","16":"purchasable","17":"product-type-variable"},"acf":[],"yoast_head":"<!-- This site is optimized with the Yoast SEO plugin v23.9 - https:\/\/yoast.com\/wordpress\/plugins\/seo\/ -->\n<title>Jacob Cohen - Swim Shorts Blue T769A W62 (42273) - Vousten Sports<\/title>\n<meta name=\"robots\" content=\"index, follow, max-snippet:-1, max-image-preview:large, max-video-preview:-1\" \/>\n<link rel=\"canonical\" href=\"https:\/\/www.voustensports.com\/fr\/jacob-cohen-swim-shorts-blue-t769a-w62-42273-2\/\" \/>\n<meta property=\"og:locale\" content=\"fr_FR\" \/>\n<meta property=\"og:type\" content=\"article\" \/>\n<meta property=\"og:title\" content=\"Jacob Cohen - Swim Shorts Blue T769A W62 (42273) - Vousten Sports\" \/>\n<meta property=\"og:description\" content=\"Maillot de bain Tissu technique Taille mi-haute Taille \u00e9lastiqu\u00e9e avec cordon de serrage Poches passepoil\u00e9es sur les c\u00f4t\u00e9s Poche \u00e0 l&rsquo;arri\u00e8re Patch logo bleu \u00e0 l&rsquo;arri\u00e8re Composition : 92 % polyester, 8 % \u00e9lasthanne Ce maillot Jacob Cohen est fabriqu\u00e9 \u00e0 la main en V\u00e9n\u00e9tie, dans le nord-est de l&rsquo;Italie. Livr\u00e9 avec une pochette assortie.\" \/>\n<meta property=\"og:url\" content=\"https:\/\/www.voustensports.com\/fr\/jacob-cohen-swim-shorts-blue-t769a-w62-42273-2\/\" \/>\n<meta property=\"og:site_name\" content=\"Vousten Sports\" \/>\n<meta property=\"article:modified_time\" content=\"2026-04-20T09:12:19+00:00\" \/>\n<meta property=\"og:image\" content=\"https:\/\/www.voustensports.com\/wp-content\/uploads\/2023\/06\/Zwembroek-42273_Front.jpg\" \/>\n\t<meta property=\"og:image:width\" content=\"800\" \/>\n\t<meta property=\"og:image:height\" content=\"1200\" \/>\n\t<meta property=\"og:image:type\" content=\"image\/jpeg\" \/>\n<meta name=\"twitter:card\" content=\"summary_large_image\" \/>\n<script type=\"application\/ld+json\" class=\"yoast-schema-graph\">{\"@context\":\"https:\/\/schema.org\",\"@graph\":[{\"@type\":\"WebPage\",\"@id\":\"https:\/\/www.voustensports.com\/fr\/jacob-cohen-swim-shorts-blue-t769a-w62-42273-2\/\",\"url\":\"https:\/\/www.voustensports.com\/fr\/jacob-cohen-swim-shorts-blue-t769a-w62-42273-2\/\",\"name\":\"Jacob Cohen - Swim Shorts Blue T769A W62 (42273) - Vousten Sports\",\"isPartOf\":{\"@id\":\"https:\/\/www.voustensports.com\/nl\/#website\"},\"primaryImageOfPage\":{\"@id\":\"https:\/\/www.voustensports.com\/fr\/jacob-cohen-swim-shorts-blue-t769a-w62-42273-2\/#primaryimage\"},\"image\":{\"@id\":\"https:\/\/www.voustensports.com\/fr\/jacob-cohen-swim-shorts-blue-t769a-w62-42273-2\/#primaryimage\"},\"thumbnailUrl\":\"https:\/\/www.voustensports.com\/wp-content\/uploads\/2023\/06\/Zwembroek-42273_Front.jpg\",\"datePublished\":\"2026-04-20T05:14:35+00:00\",\"dateModified\":\"2026-04-20T09:12:19+00:00\",\"breadcrumb\":{\"@id\":\"https:\/\/www.voustensports.com\/fr\/jacob-cohen-swim-shorts-blue-t769a-w62-42273-2\/#breadcrumb\"},\"inLanguage\":\"fr-FR\",\"potentialAction\":[{\"@type\":\"ReadAction\",\"target\":[\"https:\/\/www.voustensports.com\/fr\/jacob-cohen-swim-shorts-blue-t769a-w62-42273-2\/\"]}]},{\"@type\":\"ImageObject\",\"inLanguage\":\"fr-FR\",\"@id\":\"https:\/\/www.voustensports.com\/fr\/jacob-cohen-swim-shorts-blue-t769a-w62-42273-2\/#primaryimage\",\"url\":\"https:\/\/www.voustensports.com\/wp-content\/uploads\/2023\/06\/Zwembroek-42273_Front.jpg\",\"contentUrl\":\"https:\/\/www.voustensports.com\/wp-content\/uploads\/2023\/06\/Zwembroek-42273_Front.jpg\",\"width\":800,\"height\":1200},{\"@type\":\"BreadcrumbList\",\"@id\":\"https:\/\/www.voustensports.com\/fr\/jacob-cohen-swim-shorts-blue-t769a-w62-42273-2\/#breadcrumb\",\"itemListElement\":[{\"@type\":\"ListItem\",\"position\":1,\"name\":\"Home\",\"item\":\"https:\/\/www.voustensports.com\/fr\/\"},{\"@type\":\"ListItem\",\"position\":2,\"name\":\"Boutique\",\"item\":\"https:\/\/www.voustensports.com\/fr\/shop\/\"},{\"@type\":\"ListItem\",\"position\":3,\"name\":\"Jacob Cohen &#8211; Swim Shorts Blue T769A W62 (42273)\"}]},{\"@type\":\"WebSite\",\"@id\":\"https:\/\/www.voustensports.com\/nl\/#website\",\"url\":\"https:\/\/www.voustensports.com\/nl\/\",\"name\":\"Vousten Sports\",\"description\":\"\",\"potentialAction\":[{\"@type\":\"SearchAction\",\"target\":{\"@type\":\"EntryPoint\",\"urlTemplate\":\"https:\/\/www.voustensports.com\/nl\/?s={search_term_string}\"},\"query-input\":{\"@type\":\"PropertyValueSpecification\",\"valueRequired\":true,\"valueName\":\"search_term_string\"}}],\"inLanguage\":\"fr-FR\"}]}<\/script>\n<!-- \/ Yoast SEO plugin. -->","yoast_head_json":{"title":"Jacob Cohen - Swim Shorts Blue T769A W62 (42273) - Vousten Sports","robots":{"index":"index","follow":"follow","max-snippet":"max-snippet:-1","max-image-preview":"max-image-preview:large","max-video-preview":"max-video-preview:-1"},"canonical":"https:\/\/www.voustensports.com\/fr\/jacob-cohen-swim-shorts-blue-t769a-w62-42273-2\/","og_locale":"fr_FR","og_type":"article","og_title":"Jacob Cohen - Swim Shorts Blue T769A W62 (42273) - Vousten Sports","og_description":"Maillot de bain Tissu technique Taille mi-haute Taille \u00e9lastiqu\u00e9e avec cordon de serrage Poches passepoil\u00e9es sur les c\u00f4t\u00e9s Poche \u00e0 l&rsquo;arri\u00e8re Patch logo bleu \u00e0 l&rsquo;arri\u00e8re Composition : 92 % polyester, 8 % \u00e9lasthanne Ce maillot Jacob Cohen est fabriqu\u00e9 \u00e0 la main en V\u00e9n\u00e9tie, dans le nord-est de l&rsquo;Italie. Livr\u00e9 avec une pochette assortie.","og_url":"https:\/\/www.voustensports.com\/fr\/jacob-cohen-swim-shorts-blue-t769a-w62-42273-2\/","og_site_name":"Vousten Sports","article_modified_time":"2026-04-20T09:12:19+00:00","og_image":[{"width":800,"height":1200,"url":"https:\/\/www.voustensports.com\/wp-content\/uploads\/2023\/06\/Zwembroek-42273_Front.jpg","type":"image\/jpeg"}],"twitter_card":"summary_large_image","schema":{"@context":"https:\/\/schema.org","@graph":[{"@type":"WebPage","@id":"https:\/\/www.voustensports.com\/fr\/jacob-cohen-swim-shorts-blue-t769a-w62-42273-2\/","url":"https:\/\/www.voustensports.com\/fr\/jacob-cohen-swim-shorts-blue-t769a-w62-42273-2\/","name":"Jacob Cohen - Swim Shorts Blue T769A W62 (42273) - Vousten Sports","isPartOf":{"@id":"https:\/\/www.voustensports.com\/nl\/#website"},"primaryImageOfPage":{"@id":"https:\/\/www.voustensports.com\/fr\/jacob-cohen-swim-shorts-blue-t769a-w62-42273-2\/#primaryimage"},"image":{"@id":"https:\/\/www.voustensports.com\/fr\/jacob-cohen-swim-shorts-blue-t769a-w62-42273-2\/#primaryimage"},"thumbnailUrl":"https:\/\/www.voustensports.com\/wp-content\/uploads\/2023\/06\/Zwembroek-42273_Front.jpg","datePublished":"2026-04-20T05:14:35+00:00","dateModified":"2026-04-20T09:12:19+00:00","breadcrumb":{"@id":"https:\/\/www.voustensports.com\/fr\/jacob-cohen-swim-shorts-blue-t769a-w62-42273-2\/#breadcrumb"},"inLanguage":"fr-FR","potentialAction":[{"@type":"ReadAction","target":["https:\/\/www.voustensports.com\/fr\/jacob-cohen-swim-shorts-blue-t769a-w62-42273-2\/"]}]},{"@type":"ImageObject","inLanguage":"fr-FR","@id":"https:\/\/www.voustensports.com\/fr\/jacob-cohen-swim-shorts-blue-t769a-w62-42273-2\/#primaryimage","url":"https:\/\/www.voustensports.com\/wp-content\/uploads\/2023\/06\/Zwembroek-42273_Front.jpg","contentUrl":"https:\/\/www.voustensports.com\/wp-content\/uploads\/2023\/06\/Zwembroek-42273_Front.jpg","width":800,"height":1200},{"@type":"BreadcrumbList","@id":"https:\/\/www.voustensports.com\/fr\/jacob-cohen-swim-shorts-blue-t769a-w62-42273-2\/#breadcrumb","itemListElement":[{"@type":"ListItem","position":1,"name":"Home","item":"https:\/\/www.voustensports.com\/fr\/"},{"@type":"ListItem","position":2,"name":"Boutique","item":"https:\/\/www.voustensports.com\/fr\/shop\/"},{"@type":"ListItem","position":3,"name":"Jacob Cohen &#8211; Swim Shorts Blue T769A W62 (42273)"}]},{"@type":"WebSite","@id":"https:\/\/www.voustensports.com\/nl\/#website","url":"https:\/\/www.voustensports.com\/nl\/","name":"Vousten Sports","description":"","potentialAction":[{"@type":"SearchAction","target":{"@type":"EntryPoint","urlTemplate":"https:\/\/www.voustensports.com\/nl\/?s={search_term_string}"},"query-input":{"@type":"PropertyValueSpecification","valueRequired":true,"valueName":"search_term_string"}}],"inLanguage":"fr-FR"}]}},"_links":{"self":[{"href":"https:\/\/www.voustensports.com\/fr\/wp-json\/wp\/v2\/product\/229082","targetHints":{"allow":["GET"]}}],"collection":[{"href":"https:\/\/www.voustensports.com\/fr\/wp-json\/wp\/v2\/product"}],"about":[{"href":"https:\/\/www.voustensports.com\/fr\/wp-json\/wp\/v2\/types\/product"}],"replies":[{"embeddable":true,"href":"https:\/\/www.voustensports.com\/fr\/wp-json\/wp\/v2\/comments?post=229082"}],"wp:featuredmedia":[{"embeddable":true,"href":"https:\/\/www.voustensports.com\/fr\/wp-json\/wp\/v2\/media\/229072"}],"wp:attachment":[{"href":"https:\/\/www.voustensports.com\/fr\/wp-json\/wp\/v2\/media?parent=229082"}],"wp:term":[{"taxonomy":"product_cat","embeddable":true,"href":"https:\/\/www.voustensports.com\/fr\/wp-json\/wp\/v2\/product_cat?post=229082"},{"taxonomy":"product_tag","embeddable":true,"href":"https:\/\/www.voustensports.com\/fr\/wp-json\/wp\/v2\/product_tag?post=229082"}],"curies":[{"name":"wp","href":"https:\/\/api.w.org\/{rel}","templated":true}]}}