{"id":228980,"date":"2026-04-18T14:24:08","date_gmt":"2026-04-18T12:24:08","guid":{"rendered":"https:\/\/www.voustensports.com\/stone-island-pull-col-rond-en-laine-ghost-gris-clair-42548\/"},"modified":"2026-04-18T16:03:11","modified_gmt":"2026-04-18T14:03:11","slug":"stone-island-pull-col-rond-en-laine-ghost-gris-clair-42548","status":"publish","type":"product","link":"https:\/\/www.voustensports.com\/fr\/stone-island-pull-col-rond-en-laine-ghost-gris-clair-42548\/","title":{"rendered":"STONE ISLAND &#8211; PULL COL ROND EN LAINE GHOST GRIS CLAIR (42548)"},"content":{"rendered":"<div>D\u00c9TAILS DU PRODUIT<\/div>\n<div>Inspir\u00e9e du camouflage, la collection Ghost est enti\u00e8rement monochrome. M\u00eame le logo Stone Island est propos\u00e9 dans une version monochrome sp\u00e9ciale pour se fondre dans le v\u00eatement. Pull col rond en pure laine RWS l\u00e9g\u00e8re. Jauge 14.<\/div>\n<div><\/div>\n<div>STYLE<\/div>\n<ul>\n<li>Col c\u00f4tel\u00e9.<\/li>\n<li>Logo Stone Island Ghost sur la manche gauche.<\/li>\n<li>Poignets et ourlet c\u00f4tel\u00e9s.<\/li>\n<li>Coutures surjet\u00e9es.<\/li>\n<li>Coupe classique.<\/li>\n<\/ul>\n<div><\/div>\n<div>COMPOSITION<\/div>\n<ul>\n<li>100 % laine vierge<\/li>\n<li>R\u00e9f\u00e9rence Stone Island : L1S155100074S00FCV0064<\/li>\n<li>R\u00e9f\u00e9rence : 42548<\/li>\n<\/ul>\n","protected":false},"excerpt":{"rendered":"<p>D\u00c9TAILS DU PRODUIT Inspir\u00e9e du camouflage, la collection Ghost est enti\u00e8rement monochrome. M\u00eame le logo Stone Island est propos\u00e9 dans une version monochrome sp\u00e9ciale pour se fondre dans le v\u00eatement. Pull col rond en pure laine RWS l\u00e9g\u00e8re. Jauge 14. STYLE Col c\u00f4tel\u00e9. Logo Stone Island Ghost sur la manche gauche. Poignets et ourlet c\u00f4tel\u00e9s. [&#8230;]\n","protected":false},"featured_media":228968,"comment_status":"open","ping_status":"closed","template":"","meta":{"rank_math_lock_modified_date":false},"product_cat":[446,450,462,482,534,538,694,697],"product_tag":[],"class_list":{"0":"post-228980","1":"product","2":"type-product","3":"status-publish","4":"has-post-thumbnail","6":"product_cat-kleding-fr","7":"product_cat-heren-fr","8":"product_cat-vousten-sports-fr-2","9":"product_cat-stone-island-fr-2","10":"product_cat-truien-fr-2","11":"product_cat-knitwear-fr","12":"product_cat-truien-vesten-fr-2","13":"product_cat-sweaters-fr-2","15":"first","16":"instock","17":"taxable","18":"shipping-taxable","19":"purchasable","20":"product-type-variable"},"acf":[],"yoast_head":"<!-- This site is optimized with the Yoast SEO plugin v23.9 - https:\/\/yoast.com\/wordpress\/plugins\/seo\/ -->\n<title>STONE ISLAND - PULL COL ROND EN LAINE GHOST GRIS CLAIR (42548) - Vousten Sports<\/title>\n<meta name=\"robots\" content=\"index, follow, max-snippet:-1, max-image-preview:large, max-video-preview:-1\" \/>\n<link rel=\"canonical\" href=\"https:\/\/www.voustensports.com\/fr\/stone-island-pull-col-rond-en-laine-ghost-gris-clair-42548\/\" \/>\n<meta property=\"og:locale\" content=\"fr_FR\" \/>\n<meta property=\"og:type\" content=\"article\" \/>\n<meta property=\"og:title\" content=\"STONE ISLAND - PULL COL ROND EN LAINE GHOST GRIS CLAIR (42548) - Vousten Sports\" \/>\n<meta property=\"og:description\" content=\"D\u00c9TAILS DU PRODUIT Inspir\u00e9e du camouflage, la collection Ghost est enti\u00e8rement monochrome. M\u00eame le logo Stone Island est propos\u00e9 dans une version monochrome sp\u00e9ciale pour se fondre dans le v\u00eatement. Pull col rond en pure laine RWS l\u00e9g\u00e8re. Jauge 14. STYLE Col c\u00f4tel\u00e9. Logo Stone Island Ghost sur la manche gauche. Poignets et ourlet c\u00f4tel\u00e9s. [...]\" \/>\n<meta property=\"og:url\" content=\"https:\/\/www.voustensports.com\/fr\/stone-island-pull-col-rond-en-laine-ghost-gris-clair-42548\/\" \/>\n<meta property=\"og:site_name\" content=\"Vousten Sports\" \/>\n<meta property=\"article:modified_time\" content=\"2026-04-18T14:03:11+00:00\" \/>\n<meta property=\"og:image\" content=\"https:\/\/www.voustensports.com\/wp-content\/uploads\/2023\/06\/GHOST-WOOL-CREWNECK-JUMPER-LICHTGRIJS-425481.jpg\" \/>\n\t<meta property=\"og:image:width\" content=\"1365\" \/>\n\t<meta property=\"og:image:height\" content=\"2048\" \/>\n\t<meta property=\"og:image:type\" content=\"image\/jpeg\" \/>\n<meta name=\"twitter:card\" content=\"summary_large_image\" \/>\n<script type=\"application\/ld+json\" class=\"yoast-schema-graph\">{\"@context\":\"https:\/\/schema.org\",\"@graph\":[{\"@type\":\"WebPage\",\"@id\":\"https:\/\/www.voustensports.com\/fr\/stone-island-pull-col-rond-en-laine-ghost-gris-clair-42548\/\",\"url\":\"https:\/\/www.voustensports.com\/fr\/stone-island-pull-col-rond-en-laine-ghost-gris-clair-42548\/\",\"name\":\"STONE ISLAND - PULL COL ROND EN LAINE GHOST GRIS CLAIR (42548) - Vousten Sports\",\"isPartOf\":{\"@id\":\"https:\/\/www.voustensports.com\/nl\/#website\"},\"primaryImageOfPage\":{\"@id\":\"https:\/\/www.voustensports.com\/fr\/stone-island-pull-col-rond-en-laine-ghost-gris-clair-42548\/#primaryimage\"},\"image\":{\"@id\":\"https:\/\/www.voustensports.com\/fr\/stone-island-pull-col-rond-en-laine-ghost-gris-clair-42548\/#primaryimage\"},\"thumbnailUrl\":\"https:\/\/www.voustensports.com\/wp-content\/uploads\/2023\/06\/GHOST-WOOL-CREWNECK-JUMPER-LICHTGRIJS-425481.jpg\",\"datePublished\":\"2026-04-18T12:24:08+00:00\",\"dateModified\":\"2026-04-18T14:03:11+00:00\",\"breadcrumb\":{\"@id\":\"https:\/\/www.voustensports.com\/fr\/stone-island-pull-col-rond-en-laine-ghost-gris-clair-42548\/#breadcrumb\"},\"inLanguage\":\"fr-FR\",\"potentialAction\":[{\"@type\":\"ReadAction\",\"target\":[\"https:\/\/www.voustensports.com\/fr\/stone-island-pull-col-rond-en-laine-ghost-gris-clair-42548\/\"]}]},{\"@type\":\"ImageObject\",\"inLanguage\":\"fr-FR\",\"@id\":\"https:\/\/www.voustensports.com\/fr\/stone-island-pull-col-rond-en-laine-ghost-gris-clair-42548\/#primaryimage\",\"url\":\"https:\/\/www.voustensports.com\/wp-content\/uploads\/2023\/06\/GHOST-WOOL-CREWNECK-JUMPER-LICHTGRIJS-425481.jpg\",\"contentUrl\":\"https:\/\/www.voustensports.com\/wp-content\/uploads\/2023\/06\/GHOST-WOOL-CREWNECK-JUMPER-LICHTGRIJS-425481.jpg\",\"width\":1365,\"height\":2048},{\"@type\":\"BreadcrumbList\",\"@id\":\"https:\/\/www.voustensports.com\/fr\/stone-island-pull-col-rond-en-laine-ghost-gris-clair-42548\/#breadcrumb\",\"itemListElement\":[{\"@type\":\"ListItem\",\"position\":1,\"name\":\"Home\",\"item\":\"https:\/\/www.voustensports.com\/fr\/\"},{\"@type\":\"ListItem\",\"position\":2,\"name\":\"Boutique\",\"item\":\"https:\/\/www.voustensports.com\/fr\/shop\/\"},{\"@type\":\"ListItem\",\"position\":3,\"name\":\"STONE ISLAND &#8211; PULL COL ROND EN LAINE GHOST GRIS CLAIR (42548)\"}]},{\"@type\":\"WebSite\",\"@id\":\"https:\/\/www.voustensports.com\/nl\/#website\",\"url\":\"https:\/\/www.voustensports.com\/nl\/\",\"name\":\"Vousten Sports\",\"description\":\"\",\"potentialAction\":[{\"@type\":\"SearchAction\",\"target\":{\"@type\":\"EntryPoint\",\"urlTemplate\":\"https:\/\/www.voustensports.com\/nl\/?s={search_term_string}\"},\"query-input\":{\"@type\":\"PropertyValueSpecification\",\"valueRequired\":true,\"valueName\":\"search_term_string\"}}],\"inLanguage\":\"fr-FR\"}]}<\/script>\n<!-- \/ Yoast SEO plugin. -->","yoast_head_json":{"title":"STONE ISLAND - PULL COL ROND EN LAINE GHOST GRIS CLAIR (42548) - Vousten Sports","robots":{"index":"index","follow":"follow","max-snippet":"max-snippet:-1","max-image-preview":"max-image-preview:large","max-video-preview":"max-video-preview:-1"},"canonical":"https:\/\/www.voustensports.com\/fr\/stone-island-pull-col-rond-en-laine-ghost-gris-clair-42548\/","og_locale":"fr_FR","og_type":"article","og_title":"STONE ISLAND - PULL COL ROND EN LAINE GHOST GRIS CLAIR (42548) - Vousten Sports","og_description":"D\u00c9TAILS DU PRODUIT Inspir\u00e9e du camouflage, la collection Ghost est enti\u00e8rement monochrome. M\u00eame le logo Stone Island est propos\u00e9 dans une version monochrome sp\u00e9ciale pour se fondre dans le v\u00eatement. Pull col rond en pure laine RWS l\u00e9g\u00e8re. Jauge 14. STYLE Col c\u00f4tel\u00e9. Logo Stone Island Ghost sur la manche gauche. Poignets et ourlet c\u00f4tel\u00e9s. [...]","og_url":"https:\/\/www.voustensports.com\/fr\/stone-island-pull-col-rond-en-laine-ghost-gris-clair-42548\/","og_site_name":"Vousten Sports","article_modified_time":"2026-04-18T14:03:11+00:00","og_image":[{"width":1365,"height":2048,"url":"https:\/\/www.voustensports.com\/wp-content\/uploads\/2023\/06\/GHOST-WOOL-CREWNECK-JUMPER-LICHTGRIJS-425481.jpg","type":"image\/jpeg"}],"twitter_card":"summary_large_image","schema":{"@context":"https:\/\/schema.org","@graph":[{"@type":"WebPage","@id":"https:\/\/www.voustensports.com\/fr\/stone-island-pull-col-rond-en-laine-ghost-gris-clair-42548\/","url":"https:\/\/www.voustensports.com\/fr\/stone-island-pull-col-rond-en-laine-ghost-gris-clair-42548\/","name":"STONE ISLAND - PULL COL ROND EN LAINE GHOST GRIS CLAIR (42548) - Vousten Sports","isPartOf":{"@id":"https:\/\/www.voustensports.com\/nl\/#website"},"primaryImageOfPage":{"@id":"https:\/\/www.voustensports.com\/fr\/stone-island-pull-col-rond-en-laine-ghost-gris-clair-42548\/#primaryimage"},"image":{"@id":"https:\/\/www.voustensports.com\/fr\/stone-island-pull-col-rond-en-laine-ghost-gris-clair-42548\/#primaryimage"},"thumbnailUrl":"https:\/\/www.voustensports.com\/wp-content\/uploads\/2023\/06\/GHOST-WOOL-CREWNECK-JUMPER-LICHTGRIJS-425481.jpg","datePublished":"2026-04-18T12:24:08+00:00","dateModified":"2026-04-18T14:03:11+00:00","breadcrumb":{"@id":"https:\/\/www.voustensports.com\/fr\/stone-island-pull-col-rond-en-laine-ghost-gris-clair-42548\/#breadcrumb"},"inLanguage":"fr-FR","potentialAction":[{"@type":"ReadAction","target":["https:\/\/www.voustensports.com\/fr\/stone-island-pull-col-rond-en-laine-ghost-gris-clair-42548\/"]}]},{"@type":"ImageObject","inLanguage":"fr-FR","@id":"https:\/\/www.voustensports.com\/fr\/stone-island-pull-col-rond-en-laine-ghost-gris-clair-42548\/#primaryimage","url":"https:\/\/www.voustensports.com\/wp-content\/uploads\/2023\/06\/GHOST-WOOL-CREWNECK-JUMPER-LICHTGRIJS-425481.jpg","contentUrl":"https:\/\/www.voustensports.com\/wp-content\/uploads\/2023\/06\/GHOST-WOOL-CREWNECK-JUMPER-LICHTGRIJS-425481.jpg","width":1365,"height":2048},{"@type":"BreadcrumbList","@id":"https:\/\/www.voustensports.com\/fr\/stone-island-pull-col-rond-en-laine-ghost-gris-clair-42548\/#breadcrumb","itemListElement":[{"@type":"ListItem","position":1,"name":"Home","item":"https:\/\/www.voustensports.com\/fr\/"},{"@type":"ListItem","position":2,"name":"Boutique","item":"https:\/\/www.voustensports.com\/fr\/shop\/"},{"@type":"ListItem","position":3,"name":"STONE ISLAND &#8211; PULL COL ROND EN LAINE GHOST GRIS CLAIR (42548)"}]},{"@type":"WebSite","@id":"https:\/\/www.voustensports.com\/nl\/#website","url":"https:\/\/www.voustensports.com\/nl\/","name":"Vousten Sports","description":"","potentialAction":[{"@type":"SearchAction","target":{"@type":"EntryPoint","urlTemplate":"https:\/\/www.voustensports.com\/nl\/?s={search_term_string}"},"query-input":{"@type":"PropertyValueSpecification","valueRequired":true,"valueName":"search_term_string"}}],"inLanguage":"fr-FR"}]}},"_links":{"self":[{"href":"https:\/\/www.voustensports.com\/fr\/wp-json\/wp\/v2\/product\/228980","targetHints":{"allow":["GET"]}}],"collection":[{"href":"https:\/\/www.voustensports.com\/fr\/wp-json\/wp\/v2\/product"}],"about":[{"href":"https:\/\/www.voustensports.com\/fr\/wp-json\/wp\/v2\/types\/product"}],"replies":[{"embeddable":true,"href":"https:\/\/www.voustensports.com\/fr\/wp-json\/wp\/v2\/comments?post=228980"}],"wp:featuredmedia":[{"embeddable":true,"href":"https:\/\/www.voustensports.com\/fr\/wp-json\/wp\/v2\/media\/228968"}],"wp:attachment":[{"href":"https:\/\/www.voustensports.com\/fr\/wp-json\/wp\/v2\/media?parent=228980"}],"wp:term":[{"taxonomy":"product_cat","embeddable":true,"href":"https:\/\/www.voustensports.com\/fr\/wp-json\/wp\/v2\/product_cat?post=228980"},{"taxonomy":"product_tag","embeddable":true,"href":"https:\/\/www.voustensports.com\/fr\/wp-json\/wp\/v2\/product_tag?post=228980"}],"curies":[{"name":"wp","href":"https:\/\/api.w.org\/{rel}","templated":true}]}}