{"id":228944,"date":"2026-04-18T07:45:08","date_gmt":"2026-04-18T05:45:08","guid":{"rendered":"https:\/\/www.voustensports.com\/stone-island-pantalon-ghost-fatique-bleu-42600\/"},"modified":"2026-04-18T09:51:10","modified_gmt":"2026-04-18T07:51:10","slug":"stone-island-pantalon-ghost-fatique-bleu-42600","status":"publish","type":"product","link":"https:\/\/www.voustensports.com\/fr\/stone-island-pantalon-ghost-fatique-bleu-42600\/","title":{"rendered":"STONE ISLAND &#8211; PANTALON GHOST FATIQUE BLEU (42600)"},"content":{"rendered":"<div>D\u00c9TAILS DU PRODUIT<\/div>\n<div>Inspir\u00e9s du camouflage, les v\u00eatements Ghost sont enti\u00e8rement monochromes. M\u00eame l&rsquo;\u00e9cusson Stone Island est propos\u00e9 dans une version monochrome sp\u00e9ciale pour se fondre dans le tissu. Pantalon de camouflage en toile de coton et lin. Teint en pi\u00e8ce.<\/div>\n<div><\/div>\n<div>STYLE<\/div>\n<ul>\n<li>Poches rectangulaires obliques pour les mains.<\/li>\n<li>Poches plaqu\u00e9es arri\u00e8re avec rabat triangulaire semi-fixe et double bouton-pression dissimul\u00e9.<\/li>\n<li>\u00c9cusson Stone Island Ghost sur la jambe gauche.<\/li>\n<li>Braguette zipp\u00e9e et fermeture \u00e0 bouton-pression dissimul\u00e9.<\/li>\n<li>Coupe classique.<\/li>\n<\/ul>\n<div><\/div>\n<div>COMPOSITION<\/div>\n<ul>\n<li>74 % coton, 26 % lin<\/li>\n<li>R\u00e9f\u00e9rence Stone Island : L1S153100016S0F36V002E<\/li>\n<li>R\u00e9f\u00e9rence : 42600<\/li>\n<\/ul>\n","protected":false},"excerpt":{"rendered":"<p>D\u00c9TAILS DU PRODUIT Inspir\u00e9s du camouflage, les v\u00eatements Ghost sont enti\u00e8rement monochromes. M\u00eame l&rsquo;\u00e9cusson Stone Island est propos\u00e9 dans une version monochrome sp\u00e9ciale pour se fondre dans le tissu. Pantalon de camouflage en toile de coton et lin. Teint en pi\u00e8ce. STYLE Poches rectangulaires obliques pour les mains. Poches plaqu\u00e9es arri\u00e8re avec rabat triangulaire semi-fixe [&#8230;]\n","protected":false},"featured_media":228932,"comment_status":"open","ping_status":"closed","template":"","meta":{"rank_math_lock_modified_date":false},"product_cat":[446,450,462,466,482,786],"product_tag":[],"class_list":{"0":"post-228944","1":"product","2":"type-product","3":"status-publish","4":"has-post-thumbnail","6":"product_cat-kleding-fr","7":"product_cat-heren-fr","8":"product_cat-vousten-sports-fr-2","9":"product_cat-broeken-fr","10":"product_cat-stone-island-fr-2","11":"product_cat-broek-fr","13":"first","14":"instock","15":"taxable","16":"shipping-taxable","17":"purchasable","18":"product-type-variable"},"acf":[],"yoast_head":"<!-- This site is optimized with the Yoast SEO plugin v23.9 - https:\/\/yoast.com\/wordpress\/plugins\/seo\/ -->\n<title>STONE ISLAND - PANTALON GHOST FATIQUE BLEU (42600) - Vousten Sports<\/title>\n<meta name=\"robots\" content=\"index, follow, max-snippet:-1, max-image-preview:large, max-video-preview:-1\" \/>\n<link rel=\"canonical\" href=\"https:\/\/www.voustensports.com\/fr\/stone-island-pantalon-ghost-fatique-bleu-42600\/\" \/>\n<meta property=\"og:locale\" content=\"fr_FR\" \/>\n<meta property=\"og:type\" content=\"article\" \/>\n<meta property=\"og:title\" content=\"STONE ISLAND - PANTALON GHOST FATIQUE BLEU (42600) - Vousten Sports\" \/>\n<meta property=\"og:description\" content=\"D\u00c9TAILS DU PRODUIT Inspir\u00e9s du camouflage, les v\u00eatements Ghost sont enti\u00e8rement monochromes. M\u00eame l&rsquo;\u00e9cusson Stone Island est propos\u00e9 dans une version monochrome sp\u00e9ciale pour se fondre dans le tissu. Pantalon de camouflage en toile de coton et lin. Teint en pi\u00e8ce. STYLE Poches rectangulaires obliques pour les mains. Poches plaqu\u00e9es arri\u00e8re avec rabat triangulaire semi-fixe [...]\" \/>\n<meta property=\"og:url\" content=\"https:\/\/www.voustensports.com\/fr\/stone-island-pantalon-ghost-fatique-bleu-42600\/\" \/>\n<meta property=\"og:site_name\" content=\"Vousten Sports\" \/>\n<meta property=\"article:modified_time\" content=\"2026-04-18T07:51:10+00:00\" \/>\n<meta property=\"og:image\" content=\"https:\/\/www.voustensports.com\/wp-content\/uploads\/2023\/06\/GHOST-FATIQUE-BROEK-BLAUW-426001.jpg\" \/>\n\t<meta property=\"og:image:width\" content=\"1365\" \/>\n\t<meta property=\"og:image:height\" content=\"2048\" \/>\n\t<meta property=\"og:image:type\" content=\"image\/jpeg\" \/>\n<meta name=\"twitter:card\" content=\"summary_large_image\" \/>\n<meta name=\"twitter:label1\" content=\"Est. reading time\" \/>\n\t<meta name=\"twitter:data1\" content=\"1 minute\" \/>\n<script type=\"application\/ld+json\" class=\"yoast-schema-graph\">{\"@context\":\"https:\/\/schema.org\",\"@graph\":[{\"@type\":\"WebPage\",\"@id\":\"https:\/\/www.voustensports.com\/fr\/stone-island-pantalon-ghost-fatique-bleu-42600\/\",\"url\":\"https:\/\/www.voustensports.com\/fr\/stone-island-pantalon-ghost-fatique-bleu-42600\/\",\"name\":\"STONE ISLAND - PANTALON GHOST FATIQUE BLEU (42600) - Vousten Sports\",\"isPartOf\":{\"@id\":\"https:\/\/www.voustensports.com\/nl\/#website\"},\"primaryImageOfPage\":{\"@id\":\"https:\/\/www.voustensports.com\/fr\/stone-island-pantalon-ghost-fatique-bleu-42600\/#primaryimage\"},\"image\":{\"@id\":\"https:\/\/www.voustensports.com\/fr\/stone-island-pantalon-ghost-fatique-bleu-42600\/#primaryimage\"},\"thumbnailUrl\":\"https:\/\/www.voustensports.com\/wp-content\/uploads\/2023\/06\/GHOST-FATIQUE-BROEK-BLAUW-426001.jpg\",\"datePublished\":\"2026-04-18T05:45:08+00:00\",\"dateModified\":\"2026-04-18T07:51:10+00:00\",\"breadcrumb\":{\"@id\":\"https:\/\/www.voustensports.com\/fr\/stone-island-pantalon-ghost-fatique-bleu-42600\/#breadcrumb\"},\"inLanguage\":\"fr-FR\",\"potentialAction\":[{\"@type\":\"ReadAction\",\"target\":[\"https:\/\/www.voustensports.com\/fr\/stone-island-pantalon-ghost-fatique-bleu-42600\/\"]}]},{\"@type\":\"ImageObject\",\"inLanguage\":\"fr-FR\",\"@id\":\"https:\/\/www.voustensports.com\/fr\/stone-island-pantalon-ghost-fatique-bleu-42600\/#primaryimage\",\"url\":\"https:\/\/www.voustensports.com\/wp-content\/uploads\/2023\/06\/GHOST-FATIQUE-BROEK-BLAUW-426001.jpg\",\"contentUrl\":\"https:\/\/www.voustensports.com\/wp-content\/uploads\/2023\/06\/GHOST-FATIQUE-BROEK-BLAUW-426001.jpg\",\"width\":1365,\"height\":2048},{\"@type\":\"BreadcrumbList\",\"@id\":\"https:\/\/www.voustensports.com\/fr\/stone-island-pantalon-ghost-fatique-bleu-42600\/#breadcrumb\",\"itemListElement\":[{\"@type\":\"ListItem\",\"position\":1,\"name\":\"Home\",\"item\":\"https:\/\/www.voustensports.com\/fr\/\"},{\"@type\":\"ListItem\",\"position\":2,\"name\":\"Boutique\",\"item\":\"https:\/\/www.voustensports.com\/fr\/shop\/\"},{\"@type\":\"ListItem\",\"position\":3,\"name\":\"STONE ISLAND &#8211; PANTALON GHOST FATIQUE BLEU (42600)\"}]},{\"@type\":\"WebSite\",\"@id\":\"https:\/\/www.voustensports.com\/nl\/#website\",\"url\":\"https:\/\/www.voustensports.com\/nl\/\",\"name\":\"Vousten Sports\",\"description\":\"\",\"potentialAction\":[{\"@type\":\"SearchAction\",\"target\":{\"@type\":\"EntryPoint\",\"urlTemplate\":\"https:\/\/www.voustensports.com\/nl\/?s={search_term_string}\"},\"query-input\":{\"@type\":\"PropertyValueSpecification\",\"valueRequired\":true,\"valueName\":\"search_term_string\"}}],\"inLanguage\":\"fr-FR\"}]}<\/script>\n<!-- \/ Yoast SEO plugin. -->","yoast_head_json":{"title":"STONE ISLAND - PANTALON GHOST FATIQUE BLEU (42600) - Vousten Sports","robots":{"index":"index","follow":"follow","max-snippet":"max-snippet:-1","max-image-preview":"max-image-preview:large","max-video-preview":"max-video-preview:-1"},"canonical":"https:\/\/www.voustensports.com\/fr\/stone-island-pantalon-ghost-fatique-bleu-42600\/","og_locale":"fr_FR","og_type":"article","og_title":"STONE ISLAND - PANTALON GHOST FATIQUE BLEU (42600) - Vousten Sports","og_description":"D\u00c9TAILS DU PRODUIT Inspir\u00e9s du camouflage, les v\u00eatements Ghost sont enti\u00e8rement monochromes. M\u00eame l&rsquo;\u00e9cusson Stone Island est propos\u00e9 dans une version monochrome sp\u00e9ciale pour se fondre dans le tissu. Pantalon de camouflage en toile de coton et lin. Teint en pi\u00e8ce. STYLE Poches rectangulaires obliques pour les mains. Poches plaqu\u00e9es arri\u00e8re avec rabat triangulaire semi-fixe [...]","og_url":"https:\/\/www.voustensports.com\/fr\/stone-island-pantalon-ghost-fatique-bleu-42600\/","og_site_name":"Vousten Sports","article_modified_time":"2026-04-18T07:51:10+00:00","og_image":[{"width":1365,"height":2048,"url":"https:\/\/www.voustensports.com\/wp-content\/uploads\/2023\/06\/GHOST-FATIQUE-BROEK-BLAUW-426001.jpg","type":"image\/jpeg"}],"twitter_card":"summary_large_image","twitter_misc":{"Est. reading time":"1 minute"},"schema":{"@context":"https:\/\/schema.org","@graph":[{"@type":"WebPage","@id":"https:\/\/www.voustensports.com\/fr\/stone-island-pantalon-ghost-fatique-bleu-42600\/","url":"https:\/\/www.voustensports.com\/fr\/stone-island-pantalon-ghost-fatique-bleu-42600\/","name":"STONE ISLAND - PANTALON GHOST FATIQUE BLEU (42600) - Vousten Sports","isPartOf":{"@id":"https:\/\/www.voustensports.com\/nl\/#website"},"primaryImageOfPage":{"@id":"https:\/\/www.voustensports.com\/fr\/stone-island-pantalon-ghost-fatique-bleu-42600\/#primaryimage"},"image":{"@id":"https:\/\/www.voustensports.com\/fr\/stone-island-pantalon-ghost-fatique-bleu-42600\/#primaryimage"},"thumbnailUrl":"https:\/\/www.voustensports.com\/wp-content\/uploads\/2023\/06\/GHOST-FATIQUE-BROEK-BLAUW-426001.jpg","datePublished":"2026-04-18T05:45:08+00:00","dateModified":"2026-04-18T07:51:10+00:00","breadcrumb":{"@id":"https:\/\/www.voustensports.com\/fr\/stone-island-pantalon-ghost-fatique-bleu-42600\/#breadcrumb"},"inLanguage":"fr-FR","potentialAction":[{"@type":"ReadAction","target":["https:\/\/www.voustensports.com\/fr\/stone-island-pantalon-ghost-fatique-bleu-42600\/"]}]},{"@type":"ImageObject","inLanguage":"fr-FR","@id":"https:\/\/www.voustensports.com\/fr\/stone-island-pantalon-ghost-fatique-bleu-42600\/#primaryimage","url":"https:\/\/www.voustensports.com\/wp-content\/uploads\/2023\/06\/GHOST-FATIQUE-BROEK-BLAUW-426001.jpg","contentUrl":"https:\/\/www.voustensports.com\/wp-content\/uploads\/2023\/06\/GHOST-FATIQUE-BROEK-BLAUW-426001.jpg","width":1365,"height":2048},{"@type":"BreadcrumbList","@id":"https:\/\/www.voustensports.com\/fr\/stone-island-pantalon-ghost-fatique-bleu-42600\/#breadcrumb","itemListElement":[{"@type":"ListItem","position":1,"name":"Home","item":"https:\/\/www.voustensports.com\/fr\/"},{"@type":"ListItem","position":2,"name":"Boutique","item":"https:\/\/www.voustensports.com\/fr\/shop\/"},{"@type":"ListItem","position":3,"name":"STONE ISLAND &#8211; PANTALON GHOST FATIQUE BLEU (42600)"}]},{"@type":"WebSite","@id":"https:\/\/www.voustensports.com\/nl\/#website","url":"https:\/\/www.voustensports.com\/nl\/","name":"Vousten Sports","description":"","potentialAction":[{"@type":"SearchAction","target":{"@type":"EntryPoint","urlTemplate":"https:\/\/www.voustensports.com\/nl\/?s={search_term_string}"},"query-input":{"@type":"PropertyValueSpecification","valueRequired":true,"valueName":"search_term_string"}}],"inLanguage":"fr-FR"}]}},"_links":{"self":[{"href":"https:\/\/www.voustensports.com\/fr\/wp-json\/wp\/v2\/product\/228944","targetHints":{"allow":["GET"]}}],"collection":[{"href":"https:\/\/www.voustensports.com\/fr\/wp-json\/wp\/v2\/product"}],"about":[{"href":"https:\/\/www.voustensports.com\/fr\/wp-json\/wp\/v2\/types\/product"}],"replies":[{"embeddable":true,"href":"https:\/\/www.voustensports.com\/fr\/wp-json\/wp\/v2\/comments?post=228944"}],"wp:featuredmedia":[{"embeddable":true,"href":"https:\/\/www.voustensports.com\/fr\/wp-json\/wp\/v2\/media\/228932"}],"wp:attachment":[{"href":"https:\/\/www.voustensports.com\/fr\/wp-json\/wp\/v2\/media?parent=228944"}],"wp:term":[{"taxonomy":"product_cat","embeddable":true,"href":"https:\/\/www.voustensports.com\/fr\/wp-json\/wp\/v2\/product_cat?post=228944"},{"taxonomy":"product_tag","embeddable":true,"href":"https:\/\/www.voustensports.com\/fr\/wp-json\/wp\/v2\/product_tag?post=228944"}],"curies":[{"name":"wp","href":"https:\/\/api.w.org\/{rel}","templated":true}]}}