{"id":228912,"date":"2026-04-18T06:03:07","date_gmt":"2026-04-18T04:03:07","guid":{"rendered":"https:\/\/www.voustensports.com\/stone-island-t-shirt-avec-ecusson-compas-ghost-bleu-42544\/"},"modified":"2026-04-18T18:45:15","modified_gmt":"2026-04-18T16:45:15","slug":"stone-island-t-shirt-avec-ecusson-compas-ghost-bleu-42544","status":"publish","type":"product","link":"https:\/\/www.voustensports.com\/fr\/stone-island-t-shirt-avec-ecusson-compas-ghost-bleu-42544\/","title":{"rendered":"STONE ISLAND &#8211; T-SHIRT AVEC \u00c9CUSSON COMPAS GHOST BLEU (42544)"},"content":{"rendered":"<div>D\u00c9TAILS DU PRODUIT<\/div>\n<div>Les pi\u00e8ces Ghost, inspir\u00e9es du camouflage, sont enti\u00e8rement monochromes. M\u00eame l&rsquo;\u00e9cusson logo Compass de Stone Island est cr\u00e9\u00e9 dans une version monochrome sp\u00e9ciale pour se fondre dans le v\u00eatement. T-shirt \u00e0 manches courtes en cr\u00eape de jersey de coton biologique. Teint en pi\u00e8ce.<\/div>\n<div><\/div>\n<div>STYLE<\/div>\n<ul>\n<li>Col c\u00f4tel\u00e9.<\/li>\n<li>\u00c9cusson logo Compass ton sur ton sur la poitrine.<\/li>\n<li>Coupe ajust\u00e9e.<\/li>\n<\/ul>\n<div><\/div>\n<div>COMPOSITION<\/div>\n<ul>\n<li>100 % coton<\/li>\n<li>R\u00e9f\u00e9rence Stone Island : L1S152100021S0F11V002E<\/li>\n<li>R\u00e9f\u00e9rence : 42544<\/li>\n<\/ul>\n","protected":false},"excerpt":{"rendered":"<p>D\u00c9TAILS DU PRODUIT Les pi\u00e8ces Ghost, inspir\u00e9es du camouflage, sont enti\u00e8rement monochromes. M\u00eame l&rsquo;\u00e9cusson logo Compass de Stone Island est cr\u00e9\u00e9 dans une version monochrome sp\u00e9ciale pour se fondre dans le v\u00eatement. T-shirt \u00e0 manches courtes en cr\u00eape de jersey de coton biologique. Teint en pi\u00e8ce. STYLE Col c\u00f4tel\u00e9. \u00c9cusson logo Compass ton sur ton [&#8230;]\n","protected":false},"featured_media":228904,"comment_status":"open","ping_status":"closed","template":"","meta":{"rank_math_lock_modified_date":false},"product_cat":[482,486,490,446,450,462],"product_tag":[],"class_list":{"0":"post-228912","1":"product","2":"type-product","3":"status-publish","4":"has-post-thumbnail","6":"product_cat-stone-island-fr-2","7":"product_cat-shirt-fr-2","8":"product_cat-t-shirts-fr-2","9":"product_cat-kleding-fr","10":"product_cat-heren-fr","11":"product_cat-vousten-sports-fr-2","13":"first","14":"instock","15":"taxable","16":"shipping-taxable","17":"purchasable","18":"product-type-variable"},"acf":[],"yoast_head":"<!-- This site is optimized with the Yoast SEO plugin v23.9 - https:\/\/yoast.com\/wordpress\/plugins\/seo\/ -->\n<title>STONE ISLAND - T-SHIRT AVEC \u00c9CUSSON COMPAS GHOST BLEU (42544) - Vousten Sports<\/title>\n<meta name=\"robots\" content=\"index, follow, max-snippet:-1, max-image-preview:large, max-video-preview:-1\" \/>\n<link rel=\"canonical\" href=\"https:\/\/www.voustensports.com\/fr\/stone-island-t-shirt-avec-ecusson-compas-ghost-bleu-42544\/\" \/>\n<meta property=\"og:locale\" content=\"fr_FR\" \/>\n<meta property=\"og:type\" content=\"article\" \/>\n<meta property=\"og:title\" content=\"STONE ISLAND - T-SHIRT AVEC \u00c9CUSSON COMPAS GHOST BLEU (42544) - Vousten Sports\" \/>\n<meta property=\"og:description\" content=\"D\u00c9TAILS DU PRODUIT Les pi\u00e8ces Ghost, inspir\u00e9es du camouflage, sont enti\u00e8rement monochromes. M\u00eame l&rsquo;\u00e9cusson logo Compass de Stone Island est cr\u00e9\u00e9 dans une version monochrome sp\u00e9ciale pour se fondre dans le v\u00eatement. T-shirt \u00e0 manches courtes en cr\u00eape de jersey de coton biologique. Teint en pi\u00e8ce. STYLE Col c\u00f4tel\u00e9. \u00c9cusson logo Compass ton sur ton [...]\" \/>\n<meta property=\"og:url\" content=\"https:\/\/www.voustensports.com\/fr\/stone-island-t-shirt-avec-ecusson-compas-ghost-bleu-42544\/\" \/>\n<meta property=\"og:site_name\" content=\"Vousten Sports\" \/>\n<meta property=\"article:modified_time\" content=\"2026-04-18T16:45:15+00:00\" \/>\n<meta property=\"og:image\" content=\"https:\/\/www.voustensports.com\/wp-content\/uploads\/2023\/06\/T-SHIRT-MET-GHOST-COMPASS-PATCH-BLAUW-425441.jpg\" \/>\n\t<meta property=\"og:image:width\" content=\"1365\" \/>\n\t<meta property=\"og:image:height\" content=\"2048\" \/>\n\t<meta property=\"og:image:type\" content=\"image\/jpeg\" \/>\n<meta name=\"twitter:card\" content=\"summary_large_image\" \/>\n<script type=\"application\/ld+json\" class=\"yoast-schema-graph\">{\"@context\":\"https:\/\/schema.org\",\"@graph\":[{\"@type\":\"WebPage\",\"@id\":\"https:\/\/www.voustensports.com\/fr\/stone-island-t-shirt-avec-ecusson-compas-ghost-bleu-42544\/\",\"url\":\"https:\/\/www.voustensports.com\/fr\/stone-island-t-shirt-avec-ecusson-compas-ghost-bleu-42544\/\",\"name\":\"STONE ISLAND - T-SHIRT AVEC \u00c9CUSSON COMPAS GHOST BLEU (42544) - Vousten Sports\",\"isPartOf\":{\"@id\":\"https:\/\/www.voustensports.com\/nl\/#website\"},\"primaryImageOfPage\":{\"@id\":\"https:\/\/www.voustensports.com\/fr\/stone-island-t-shirt-avec-ecusson-compas-ghost-bleu-42544\/#primaryimage\"},\"image\":{\"@id\":\"https:\/\/www.voustensports.com\/fr\/stone-island-t-shirt-avec-ecusson-compas-ghost-bleu-42544\/#primaryimage\"},\"thumbnailUrl\":\"https:\/\/www.voustensports.com\/wp-content\/uploads\/2023\/06\/T-SHIRT-MET-GHOST-COMPASS-PATCH-BLAUW-425441.jpg\",\"datePublished\":\"2026-04-18T04:03:07+00:00\",\"dateModified\":\"2026-04-18T16:45:15+00:00\",\"breadcrumb\":{\"@id\":\"https:\/\/www.voustensports.com\/fr\/stone-island-t-shirt-avec-ecusson-compas-ghost-bleu-42544\/#breadcrumb\"},\"inLanguage\":\"fr-FR\",\"potentialAction\":[{\"@type\":\"ReadAction\",\"target\":[\"https:\/\/www.voustensports.com\/fr\/stone-island-t-shirt-avec-ecusson-compas-ghost-bleu-42544\/\"]}]},{\"@type\":\"ImageObject\",\"inLanguage\":\"fr-FR\",\"@id\":\"https:\/\/www.voustensports.com\/fr\/stone-island-t-shirt-avec-ecusson-compas-ghost-bleu-42544\/#primaryimage\",\"url\":\"https:\/\/www.voustensports.com\/wp-content\/uploads\/2023\/06\/T-SHIRT-MET-GHOST-COMPASS-PATCH-BLAUW-425441.jpg\",\"contentUrl\":\"https:\/\/www.voustensports.com\/wp-content\/uploads\/2023\/06\/T-SHIRT-MET-GHOST-COMPASS-PATCH-BLAUW-425441.jpg\",\"width\":1365,\"height\":2048},{\"@type\":\"BreadcrumbList\",\"@id\":\"https:\/\/www.voustensports.com\/fr\/stone-island-t-shirt-avec-ecusson-compas-ghost-bleu-42544\/#breadcrumb\",\"itemListElement\":[{\"@type\":\"ListItem\",\"position\":1,\"name\":\"Home\",\"item\":\"https:\/\/www.voustensports.com\/fr\/\"},{\"@type\":\"ListItem\",\"position\":2,\"name\":\"Boutique\",\"item\":\"https:\/\/www.voustensports.com\/fr\/shop\/\"},{\"@type\":\"ListItem\",\"position\":3,\"name\":\"STONE ISLAND &#8211; T-SHIRT AVEC \u00c9CUSSON COMPAS GHOST BLEU (42544)\"}]},{\"@type\":\"WebSite\",\"@id\":\"https:\/\/www.voustensports.com\/nl\/#website\",\"url\":\"https:\/\/www.voustensports.com\/nl\/\",\"name\":\"Vousten Sports\",\"description\":\"\",\"potentialAction\":[{\"@type\":\"SearchAction\",\"target\":{\"@type\":\"EntryPoint\",\"urlTemplate\":\"https:\/\/www.voustensports.com\/nl\/?s={search_term_string}\"},\"query-input\":{\"@type\":\"PropertyValueSpecification\",\"valueRequired\":true,\"valueName\":\"search_term_string\"}}],\"inLanguage\":\"fr-FR\"}]}<\/script>\n<!-- \/ Yoast SEO plugin. -->","yoast_head_json":{"title":"STONE ISLAND - T-SHIRT AVEC \u00c9CUSSON COMPAS GHOST BLEU (42544) - Vousten Sports","robots":{"index":"index","follow":"follow","max-snippet":"max-snippet:-1","max-image-preview":"max-image-preview:large","max-video-preview":"max-video-preview:-1"},"canonical":"https:\/\/www.voustensports.com\/fr\/stone-island-t-shirt-avec-ecusson-compas-ghost-bleu-42544\/","og_locale":"fr_FR","og_type":"article","og_title":"STONE ISLAND - T-SHIRT AVEC \u00c9CUSSON COMPAS GHOST BLEU (42544) - Vousten Sports","og_description":"D\u00c9TAILS DU PRODUIT Les pi\u00e8ces Ghost, inspir\u00e9es du camouflage, sont enti\u00e8rement monochromes. M\u00eame l&rsquo;\u00e9cusson logo Compass de Stone Island est cr\u00e9\u00e9 dans une version monochrome sp\u00e9ciale pour se fondre dans le v\u00eatement. T-shirt \u00e0 manches courtes en cr\u00eape de jersey de coton biologique. Teint en pi\u00e8ce. STYLE Col c\u00f4tel\u00e9. \u00c9cusson logo Compass ton sur ton [...]","og_url":"https:\/\/www.voustensports.com\/fr\/stone-island-t-shirt-avec-ecusson-compas-ghost-bleu-42544\/","og_site_name":"Vousten Sports","article_modified_time":"2026-04-18T16:45:15+00:00","og_image":[{"width":1365,"height":2048,"url":"https:\/\/www.voustensports.com\/wp-content\/uploads\/2023\/06\/T-SHIRT-MET-GHOST-COMPASS-PATCH-BLAUW-425441.jpg","type":"image\/jpeg"}],"twitter_card":"summary_large_image","schema":{"@context":"https:\/\/schema.org","@graph":[{"@type":"WebPage","@id":"https:\/\/www.voustensports.com\/fr\/stone-island-t-shirt-avec-ecusson-compas-ghost-bleu-42544\/","url":"https:\/\/www.voustensports.com\/fr\/stone-island-t-shirt-avec-ecusson-compas-ghost-bleu-42544\/","name":"STONE ISLAND - T-SHIRT AVEC \u00c9CUSSON COMPAS GHOST BLEU (42544) - Vousten Sports","isPartOf":{"@id":"https:\/\/www.voustensports.com\/nl\/#website"},"primaryImageOfPage":{"@id":"https:\/\/www.voustensports.com\/fr\/stone-island-t-shirt-avec-ecusson-compas-ghost-bleu-42544\/#primaryimage"},"image":{"@id":"https:\/\/www.voustensports.com\/fr\/stone-island-t-shirt-avec-ecusson-compas-ghost-bleu-42544\/#primaryimage"},"thumbnailUrl":"https:\/\/www.voustensports.com\/wp-content\/uploads\/2023\/06\/T-SHIRT-MET-GHOST-COMPASS-PATCH-BLAUW-425441.jpg","datePublished":"2026-04-18T04:03:07+00:00","dateModified":"2026-04-18T16:45:15+00:00","breadcrumb":{"@id":"https:\/\/www.voustensports.com\/fr\/stone-island-t-shirt-avec-ecusson-compas-ghost-bleu-42544\/#breadcrumb"},"inLanguage":"fr-FR","potentialAction":[{"@type":"ReadAction","target":["https:\/\/www.voustensports.com\/fr\/stone-island-t-shirt-avec-ecusson-compas-ghost-bleu-42544\/"]}]},{"@type":"ImageObject","inLanguage":"fr-FR","@id":"https:\/\/www.voustensports.com\/fr\/stone-island-t-shirt-avec-ecusson-compas-ghost-bleu-42544\/#primaryimage","url":"https:\/\/www.voustensports.com\/wp-content\/uploads\/2023\/06\/T-SHIRT-MET-GHOST-COMPASS-PATCH-BLAUW-425441.jpg","contentUrl":"https:\/\/www.voustensports.com\/wp-content\/uploads\/2023\/06\/T-SHIRT-MET-GHOST-COMPASS-PATCH-BLAUW-425441.jpg","width":1365,"height":2048},{"@type":"BreadcrumbList","@id":"https:\/\/www.voustensports.com\/fr\/stone-island-t-shirt-avec-ecusson-compas-ghost-bleu-42544\/#breadcrumb","itemListElement":[{"@type":"ListItem","position":1,"name":"Home","item":"https:\/\/www.voustensports.com\/fr\/"},{"@type":"ListItem","position":2,"name":"Boutique","item":"https:\/\/www.voustensports.com\/fr\/shop\/"},{"@type":"ListItem","position":3,"name":"STONE ISLAND &#8211; T-SHIRT AVEC \u00c9CUSSON COMPAS GHOST BLEU (42544)"}]},{"@type":"WebSite","@id":"https:\/\/www.voustensports.com\/nl\/#website","url":"https:\/\/www.voustensports.com\/nl\/","name":"Vousten Sports","description":"","potentialAction":[{"@type":"SearchAction","target":{"@type":"EntryPoint","urlTemplate":"https:\/\/www.voustensports.com\/nl\/?s={search_term_string}"},"query-input":{"@type":"PropertyValueSpecification","valueRequired":true,"valueName":"search_term_string"}}],"inLanguage":"fr-FR"}]}},"_links":{"self":[{"href":"https:\/\/www.voustensports.com\/fr\/wp-json\/wp\/v2\/product\/228912","targetHints":{"allow":["GET"]}}],"collection":[{"href":"https:\/\/www.voustensports.com\/fr\/wp-json\/wp\/v2\/product"}],"about":[{"href":"https:\/\/www.voustensports.com\/fr\/wp-json\/wp\/v2\/types\/product"}],"replies":[{"embeddable":true,"href":"https:\/\/www.voustensports.com\/fr\/wp-json\/wp\/v2\/comments?post=228912"}],"wp:featuredmedia":[{"embeddable":true,"href":"https:\/\/www.voustensports.com\/fr\/wp-json\/wp\/v2\/media\/228904"}],"wp:attachment":[{"href":"https:\/\/www.voustensports.com\/fr\/wp-json\/wp\/v2\/media?parent=228912"}],"wp:term":[{"taxonomy":"product_cat","embeddable":true,"href":"https:\/\/www.voustensports.com\/fr\/wp-json\/wp\/v2\/product_cat?post=228912"},{"taxonomy":"product_tag","embeddable":true,"href":"https:\/\/www.voustensports.com\/fr\/wp-json\/wp\/v2\/product_tag?post=228912"}],"curies":[{"name":"wp","href":"https:\/\/api.w.org\/{rel}","templated":true}]}}