{"id":228896,"date":"2026-04-18T04:21:05","date_gmt":"2026-04-18T02:21:05","guid":{"rendered":"https:\/\/www.voustensports.com\/stone-island-casquette-de-baseball-avec-logo-violet-gris-42551\/"},"modified":"2026-04-18T05:48:06","modified_gmt":"2026-04-18T03:48:06","slug":"stone-island-casquette-de-baseball-avec-logo-violet-gris-42551","status":"publish","type":"product","link":"https:\/\/www.voustensports.com\/fr\/stone-island-casquette-de-baseball-avec-logo-violet-gris-42551\/","title":{"rendered":"STONE ISLAND &#8211; CASQUETTE DE BASEBALL AVEC LOGO VIOLET\/GRIS (42551)"},"content":{"rendered":"<div>D\u00c9TAILS DU PRODUIT<\/div>\n<div>Casquette de baseball en gabardine de coton bross\u00e9.<\/div>\n<div><\/div>\n<div>STYLE<\/div>\n<ul>\n<li>Construction \u00e0 six panneaux avec \u0153illets brod\u00e9s.<\/li>\n<li>Logo Stone Island brod\u00e9 ton sur ton sur le devant.<\/li>\n<li>Sangle ajustable avec boucle \u00e0 clip en m\u00e9tal grav\u00e9e du logo Compass.<\/li>\n<li>Bandeau int\u00e9rieur en coton.<\/li>\n<\/ul>\n<div><\/div>\n<div>COMPOSITION<\/div>\n<ul>\n<li>100 % coton<\/li>\n<li>R\u00e9f\u00e9rence Stone Island : L1S159100002S0106V002D<\/li>\n<li>R\u00e9f\u00e9rence : 42551<\/li>\n<\/ul>\n","protected":false},"excerpt":{"rendered":"<p>D\u00c9TAILS DU PRODUIT Casquette de baseball en gabardine de coton bross\u00e9. STYLE Construction \u00e0 six panneaux avec \u0153illets brod\u00e9s. Logo Stone Island brod\u00e9 ton sur ton sur le devant. Sangle ajustable avec boucle \u00e0 clip en m\u00e9tal grav\u00e9e du logo Compass. Bandeau int\u00e9rieur en coton. COMPOSITION 100 % coton R\u00e9f\u00e9rence Stone Island : L1S159100002S0106V002D R\u00e9f\u00e9rence [&#8230;]\n","protected":false},"featured_media":228892,"comment_status":"open","ping_status":"closed","template":"","meta":{"rank_math_lock_modified_date":false},"product_cat":[446,450,462,482,495,550,554],"product_tag":[],"class_list":{"0":"post-228896","1":"product","2":"type-product","3":"status-publish","4":"has-post-thumbnail","6":"product_cat-kleding-fr","7":"product_cat-heren-fr","8":"product_cat-vousten-sports-fr-2","9":"product_cat-stone-island-fr-2","10":"product_cat-accessoires-fr","11":"product_cat-headwear-fr","12":"product_cat-casquettes-fr","14":"first","15":"instock","16":"taxable","17":"shipping-taxable","18":"purchasable","19":"product-type-variable"},"acf":[],"yoast_head":"<!-- This site is optimized with the Yoast SEO plugin v23.9 - https:\/\/yoast.com\/wordpress\/plugins\/seo\/ -->\n<title>STONE ISLAND - CASQUETTE DE BASEBALL AVEC LOGO VIOLET\/GRIS (42551) - Vousten Sports<\/title>\n<meta name=\"robots\" content=\"index, follow, max-snippet:-1, max-image-preview:large, max-video-preview:-1\" \/>\n<link rel=\"canonical\" href=\"https:\/\/www.voustensports.com\/fr\/stone-island-casquette-de-baseball-avec-logo-violet-gris-42551\/\" \/>\n<meta property=\"og:locale\" content=\"fr_FR\" \/>\n<meta property=\"og:type\" content=\"article\" \/>\n<meta property=\"og:title\" content=\"STONE ISLAND - CASQUETTE DE BASEBALL AVEC LOGO VIOLET\/GRIS (42551) - Vousten Sports\" \/>\n<meta property=\"og:description\" content=\"D\u00c9TAILS DU PRODUIT Casquette de baseball en gabardine de coton bross\u00e9. STYLE Construction \u00e0 six panneaux avec \u0153illets brod\u00e9s. Logo Stone Island brod\u00e9 ton sur ton sur le devant. Sangle ajustable avec boucle \u00e0 clip en m\u00e9tal grav\u00e9e du logo Compass. Bandeau int\u00e9rieur en coton. COMPOSITION 100 % coton R\u00e9f\u00e9rence Stone Island : L1S159100002S0106V002D R\u00e9f\u00e9rence [...]\" \/>\n<meta property=\"og:url\" content=\"https:\/\/www.voustensports.com\/fr\/stone-island-casquette-de-baseball-avec-logo-violet-gris-42551\/\" \/>\n<meta property=\"og:site_name\" content=\"Vousten Sports\" \/>\n<meta property=\"article:modified_time\" content=\"2026-04-18T03:48:06+00:00\" \/>\n<meta property=\"og:image\" content=\"https:\/\/www.voustensports.com\/wp-content\/uploads\/2023\/06\/BASEBALL-LOGO-PET-PAARS-GRIJS-42551.jpg\" \/>\n\t<meta property=\"og:image:width\" content=\"1365\" \/>\n\t<meta property=\"og:image:height\" content=\"2048\" \/>\n\t<meta property=\"og:image:type\" content=\"image\/jpeg\" \/>\n<meta name=\"twitter:card\" content=\"summary_large_image\" \/>\n<script type=\"application\/ld+json\" class=\"yoast-schema-graph\">{\"@context\":\"https:\/\/schema.org\",\"@graph\":[{\"@type\":\"WebPage\",\"@id\":\"https:\/\/www.voustensports.com\/fr\/stone-island-casquette-de-baseball-avec-logo-violet-gris-42551\/\",\"url\":\"https:\/\/www.voustensports.com\/fr\/stone-island-casquette-de-baseball-avec-logo-violet-gris-42551\/\",\"name\":\"STONE ISLAND - CASQUETTE DE BASEBALL AVEC LOGO VIOLET\/GRIS (42551) - Vousten Sports\",\"isPartOf\":{\"@id\":\"https:\/\/www.voustensports.com\/nl\/#website\"},\"primaryImageOfPage\":{\"@id\":\"https:\/\/www.voustensports.com\/fr\/stone-island-casquette-de-baseball-avec-logo-violet-gris-42551\/#primaryimage\"},\"image\":{\"@id\":\"https:\/\/www.voustensports.com\/fr\/stone-island-casquette-de-baseball-avec-logo-violet-gris-42551\/#primaryimage\"},\"thumbnailUrl\":\"https:\/\/www.voustensports.com\/wp-content\/uploads\/2023\/06\/BASEBALL-LOGO-PET-PAARS-GRIJS-42551.jpg\",\"datePublished\":\"2026-04-18T02:21:05+00:00\",\"dateModified\":\"2026-04-18T03:48:06+00:00\",\"breadcrumb\":{\"@id\":\"https:\/\/www.voustensports.com\/fr\/stone-island-casquette-de-baseball-avec-logo-violet-gris-42551\/#breadcrumb\"},\"inLanguage\":\"fr-FR\",\"potentialAction\":[{\"@type\":\"ReadAction\",\"target\":[\"https:\/\/www.voustensports.com\/fr\/stone-island-casquette-de-baseball-avec-logo-violet-gris-42551\/\"]}]},{\"@type\":\"ImageObject\",\"inLanguage\":\"fr-FR\",\"@id\":\"https:\/\/www.voustensports.com\/fr\/stone-island-casquette-de-baseball-avec-logo-violet-gris-42551\/#primaryimage\",\"url\":\"https:\/\/www.voustensports.com\/wp-content\/uploads\/2023\/06\/BASEBALL-LOGO-PET-PAARS-GRIJS-42551.jpg\",\"contentUrl\":\"https:\/\/www.voustensports.com\/wp-content\/uploads\/2023\/06\/BASEBALL-LOGO-PET-PAARS-GRIJS-42551.jpg\",\"width\":1365,\"height\":2048},{\"@type\":\"BreadcrumbList\",\"@id\":\"https:\/\/www.voustensports.com\/fr\/stone-island-casquette-de-baseball-avec-logo-violet-gris-42551\/#breadcrumb\",\"itemListElement\":[{\"@type\":\"ListItem\",\"position\":1,\"name\":\"Home\",\"item\":\"https:\/\/www.voustensports.com\/fr\/\"},{\"@type\":\"ListItem\",\"position\":2,\"name\":\"Boutique\",\"item\":\"https:\/\/www.voustensports.com\/fr\/shop\/\"},{\"@type\":\"ListItem\",\"position\":3,\"name\":\"STONE ISLAND &#8211; CASQUETTE DE BASEBALL AVEC LOGO VIOLET\/GRIS (42551)\"}]},{\"@type\":\"WebSite\",\"@id\":\"https:\/\/www.voustensports.com\/nl\/#website\",\"url\":\"https:\/\/www.voustensports.com\/nl\/\",\"name\":\"Vousten Sports\",\"description\":\"\",\"potentialAction\":[{\"@type\":\"SearchAction\",\"target\":{\"@type\":\"EntryPoint\",\"urlTemplate\":\"https:\/\/www.voustensports.com\/nl\/?s={search_term_string}\"},\"query-input\":{\"@type\":\"PropertyValueSpecification\",\"valueRequired\":true,\"valueName\":\"search_term_string\"}}],\"inLanguage\":\"fr-FR\"}]}<\/script>\n<!-- \/ Yoast SEO plugin. -->","yoast_head_json":{"title":"STONE ISLAND - CASQUETTE DE BASEBALL AVEC LOGO VIOLET\/GRIS (42551) - Vousten Sports","robots":{"index":"index","follow":"follow","max-snippet":"max-snippet:-1","max-image-preview":"max-image-preview:large","max-video-preview":"max-video-preview:-1"},"canonical":"https:\/\/www.voustensports.com\/fr\/stone-island-casquette-de-baseball-avec-logo-violet-gris-42551\/","og_locale":"fr_FR","og_type":"article","og_title":"STONE ISLAND - CASQUETTE DE BASEBALL AVEC LOGO VIOLET\/GRIS (42551) - Vousten Sports","og_description":"D\u00c9TAILS DU PRODUIT Casquette de baseball en gabardine de coton bross\u00e9. STYLE Construction \u00e0 six panneaux avec \u0153illets brod\u00e9s. Logo Stone Island brod\u00e9 ton sur ton sur le devant. Sangle ajustable avec boucle \u00e0 clip en m\u00e9tal grav\u00e9e du logo Compass. Bandeau int\u00e9rieur en coton. COMPOSITION 100 % coton R\u00e9f\u00e9rence Stone Island : L1S159100002S0106V002D R\u00e9f\u00e9rence [...]","og_url":"https:\/\/www.voustensports.com\/fr\/stone-island-casquette-de-baseball-avec-logo-violet-gris-42551\/","og_site_name":"Vousten Sports","article_modified_time":"2026-04-18T03:48:06+00:00","og_image":[{"width":1365,"height":2048,"url":"https:\/\/www.voustensports.com\/wp-content\/uploads\/2023\/06\/BASEBALL-LOGO-PET-PAARS-GRIJS-42551.jpg","type":"image\/jpeg"}],"twitter_card":"summary_large_image","schema":{"@context":"https:\/\/schema.org","@graph":[{"@type":"WebPage","@id":"https:\/\/www.voustensports.com\/fr\/stone-island-casquette-de-baseball-avec-logo-violet-gris-42551\/","url":"https:\/\/www.voustensports.com\/fr\/stone-island-casquette-de-baseball-avec-logo-violet-gris-42551\/","name":"STONE ISLAND - CASQUETTE DE BASEBALL AVEC LOGO VIOLET\/GRIS (42551) - Vousten Sports","isPartOf":{"@id":"https:\/\/www.voustensports.com\/nl\/#website"},"primaryImageOfPage":{"@id":"https:\/\/www.voustensports.com\/fr\/stone-island-casquette-de-baseball-avec-logo-violet-gris-42551\/#primaryimage"},"image":{"@id":"https:\/\/www.voustensports.com\/fr\/stone-island-casquette-de-baseball-avec-logo-violet-gris-42551\/#primaryimage"},"thumbnailUrl":"https:\/\/www.voustensports.com\/wp-content\/uploads\/2023\/06\/BASEBALL-LOGO-PET-PAARS-GRIJS-42551.jpg","datePublished":"2026-04-18T02:21:05+00:00","dateModified":"2026-04-18T03:48:06+00:00","breadcrumb":{"@id":"https:\/\/www.voustensports.com\/fr\/stone-island-casquette-de-baseball-avec-logo-violet-gris-42551\/#breadcrumb"},"inLanguage":"fr-FR","potentialAction":[{"@type":"ReadAction","target":["https:\/\/www.voustensports.com\/fr\/stone-island-casquette-de-baseball-avec-logo-violet-gris-42551\/"]}]},{"@type":"ImageObject","inLanguage":"fr-FR","@id":"https:\/\/www.voustensports.com\/fr\/stone-island-casquette-de-baseball-avec-logo-violet-gris-42551\/#primaryimage","url":"https:\/\/www.voustensports.com\/wp-content\/uploads\/2023\/06\/BASEBALL-LOGO-PET-PAARS-GRIJS-42551.jpg","contentUrl":"https:\/\/www.voustensports.com\/wp-content\/uploads\/2023\/06\/BASEBALL-LOGO-PET-PAARS-GRIJS-42551.jpg","width":1365,"height":2048},{"@type":"BreadcrumbList","@id":"https:\/\/www.voustensports.com\/fr\/stone-island-casquette-de-baseball-avec-logo-violet-gris-42551\/#breadcrumb","itemListElement":[{"@type":"ListItem","position":1,"name":"Home","item":"https:\/\/www.voustensports.com\/fr\/"},{"@type":"ListItem","position":2,"name":"Boutique","item":"https:\/\/www.voustensports.com\/fr\/shop\/"},{"@type":"ListItem","position":3,"name":"STONE ISLAND &#8211; CASQUETTE DE BASEBALL AVEC LOGO VIOLET\/GRIS (42551)"}]},{"@type":"WebSite","@id":"https:\/\/www.voustensports.com\/nl\/#website","url":"https:\/\/www.voustensports.com\/nl\/","name":"Vousten Sports","description":"","potentialAction":[{"@type":"SearchAction","target":{"@type":"EntryPoint","urlTemplate":"https:\/\/www.voustensports.com\/nl\/?s={search_term_string}"},"query-input":{"@type":"PropertyValueSpecification","valueRequired":true,"valueName":"search_term_string"}}],"inLanguage":"fr-FR"}]}},"_links":{"self":[{"href":"https:\/\/www.voustensports.com\/fr\/wp-json\/wp\/v2\/product\/228896","targetHints":{"allow":["GET"]}}],"collection":[{"href":"https:\/\/www.voustensports.com\/fr\/wp-json\/wp\/v2\/product"}],"about":[{"href":"https:\/\/www.voustensports.com\/fr\/wp-json\/wp\/v2\/types\/product"}],"replies":[{"embeddable":true,"href":"https:\/\/www.voustensports.com\/fr\/wp-json\/wp\/v2\/comments?post=228896"}],"wp:featuredmedia":[{"embeddable":true,"href":"https:\/\/www.voustensports.com\/fr\/wp-json\/wp\/v2\/media\/228892"}],"wp:attachment":[{"href":"https:\/\/www.voustensports.com\/fr\/wp-json\/wp\/v2\/media?parent=228896"}],"wp:term":[{"taxonomy":"product_cat","embeddable":true,"href":"https:\/\/www.voustensports.com\/fr\/wp-json\/wp\/v2\/product_cat?post=228896"},{"taxonomy":"product_tag","embeddable":true,"href":"https:\/\/www.voustensports.com\/fr\/wp-json\/wp\/v2\/product_tag?post=228896"}],"curies":[{"name":"wp","href":"https:\/\/api.w.org\/{rel}","templated":true}]}}