{"id":228804,"date":"2026-04-17T22:24:09","date_gmt":"2026-04-17T20:24:09","guid":{"rendered":"https:\/\/www.voustensports.com\/stone-island-pull-col-rond-ghost-bleu-42549\/"},"modified":"2026-04-18T00:15:10","modified_gmt":"2026-04-17T22:15:10","slug":"stone-island-pull-col-rond-ghost-bleu-42549","status":"publish","type":"product","link":"https:\/\/www.voustensports.com\/fr\/stone-island-pull-col-rond-ghost-bleu-42549\/","title":{"rendered":"STONE ISLAND &#8211; PULL COL ROND GHOST BLEU (42549)"},"content":{"rendered":"<div>D\u00c9TAILS DU PRODUIT<\/div>\n<div>Inspir\u00e9s du camouflage, les v\u00eatements Ghost sont enti\u00e8rement monochromes. M\u00eame le logo Stone Island est propos\u00e9 dans une version monochrome sp\u00e9ciale pour se fondre dans le tissu. Sweat-shirt col rond en molleton stretch de coton. L\u00e9ger. Teint en pi\u00e8ce.<\/div>\n<div><\/div>\n<div>STYLE<\/div>\n<ul>\n<li>Col c\u00f4tel\u00e9.<\/li>\n<li>Manches raglan.<\/li>\n<li>Logo Stone Island Ghost sur la manche gauche.<\/li>\n<li>Poignets c\u00f4tel\u00e9s.<\/li>\n<li>Coupe classique.<\/li>\n<\/ul>\n<div><\/div>\n<div>COMPOSITION<\/div>\n<ul>\n<li>V\u00eatement : 95 % coton, 5 % \u00e9lasthanne.<\/li>\n<li>Bords c\u00f4tel\u00e9s : 96 % coton, 4 % \u00e9lasthanne.<\/li>\n<li>R\u00e9f\u00e9rence Stone Island : L1S156100064S00F3V002E<\/li>\n<li>R\u00e9f\u00e9rence : 42549<\/li>\n<\/ul>\n","protected":false},"excerpt":{"rendered":"<p>D\u00c9TAILS DU PRODUIT Inspir\u00e9s du camouflage, les v\u00eatements Ghost sont enti\u00e8rement monochromes. M\u00eame le logo Stone Island est propos\u00e9 dans une version monochrome sp\u00e9ciale pour se fondre dans le tissu. Sweat-shirt col rond en molleton stretch de coton. L\u00e9ger. Teint en pi\u00e8ce. STYLE Col c\u00f4tel\u00e9. Manches raglan. Logo Stone Island Ghost sur la manche gauche. [&#8230;]\n","protected":false},"featured_media":228792,"comment_status":"open","ping_status":"closed","template":"","meta":{"rank_math_lock_modified_date":false},"product_cat":[446,450,462,482,534,694,697],"product_tag":[],"class_list":{"0":"post-228804","1":"product","2":"type-product","3":"status-publish","4":"has-post-thumbnail","6":"product_cat-kleding-fr","7":"product_cat-heren-fr","8":"product_cat-vousten-sports-fr-2","9":"product_cat-stone-island-fr-2","10":"product_cat-truien-fr-2","11":"product_cat-truien-vesten-fr-2","12":"product_cat-sweaters-fr-2","14":"first","15":"instock","16":"taxable","17":"shipping-taxable","18":"purchasable","19":"product-type-variable"},"acf":[],"yoast_head":"<!-- This site is optimized with the Yoast SEO plugin v23.9 - https:\/\/yoast.com\/wordpress\/plugins\/seo\/ -->\n<title>STONE ISLAND - PULL COL ROND GHOST BLEU (42549) - Vousten Sports<\/title>\n<meta name=\"robots\" content=\"index, follow, max-snippet:-1, max-image-preview:large, max-video-preview:-1\" \/>\n<link rel=\"canonical\" href=\"https:\/\/www.voustensports.com\/fr\/stone-island-pull-col-rond-ghost-bleu-42549\/\" \/>\n<meta property=\"og:locale\" content=\"fr_FR\" \/>\n<meta property=\"og:type\" content=\"article\" \/>\n<meta property=\"og:title\" content=\"STONE ISLAND - PULL COL ROND GHOST BLEU (42549) - Vousten Sports\" \/>\n<meta property=\"og:description\" content=\"D\u00c9TAILS DU PRODUIT Inspir\u00e9s du camouflage, les v\u00eatements Ghost sont enti\u00e8rement monochromes. M\u00eame le logo Stone Island est propos\u00e9 dans une version monochrome sp\u00e9ciale pour se fondre dans le tissu. Sweat-shirt col rond en molleton stretch de coton. L\u00e9ger. Teint en pi\u00e8ce. STYLE Col c\u00f4tel\u00e9. Manches raglan. Logo Stone Island Ghost sur la manche gauche. [...]\" \/>\n<meta property=\"og:url\" content=\"https:\/\/www.voustensports.com\/fr\/stone-island-pull-col-rond-ghost-bleu-42549\/\" \/>\n<meta property=\"og:site_name\" content=\"Vousten Sports\" \/>\n<meta property=\"article:modified_time\" content=\"2026-04-17T22:15:10+00:00\" \/>\n<meta property=\"og:image\" content=\"https:\/\/www.voustensports.com\/wp-content\/uploads\/2023\/06\/GHOST-CREWNECK-SWEATER-BLAUW-425491.jpg\" \/>\n\t<meta property=\"og:image:width\" content=\"1365\" \/>\n\t<meta property=\"og:image:height\" content=\"2048\" \/>\n\t<meta property=\"og:image:type\" content=\"image\/jpeg\" \/>\n<meta name=\"twitter:card\" content=\"summary_large_image\" \/>\n<script type=\"application\/ld+json\" class=\"yoast-schema-graph\">{\"@context\":\"https:\/\/schema.org\",\"@graph\":[{\"@type\":\"WebPage\",\"@id\":\"https:\/\/www.voustensports.com\/fr\/stone-island-pull-col-rond-ghost-bleu-42549\/\",\"url\":\"https:\/\/www.voustensports.com\/fr\/stone-island-pull-col-rond-ghost-bleu-42549\/\",\"name\":\"STONE ISLAND - PULL COL ROND GHOST BLEU (42549) - Vousten Sports\",\"isPartOf\":{\"@id\":\"https:\/\/www.voustensports.com\/nl\/#website\"},\"primaryImageOfPage\":{\"@id\":\"https:\/\/www.voustensports.com\/fr\/stone-island-pull-col-rond-ghost-bleu-42549\/#primaryimage\"},\"image\":{\"@id\":\"https:\/\/www.voustensports.com\/fr\/stone-island-pull-col-rond-ghost-bleu-42549\/#primaryimage\"},\"thumbnailUrl\":\"https:\/\/www.voustensports.com\/wp-content\/uploads\/2023\/06\/GHOST-CREWNECK-SWEATER-BLAUW-425491.jpg\",\"datePublished\":\"2026-04-17T20:24:09+00:00\",\"dateModified\":\"2026-04-17T22:15:10+00:00\",\"breadcrumb\":{\"@id\":\"https:\/\/www.voustensports.com\/fr\/stone-island-pull-col-rond-ghost-bleu-42549\/#breadcrumb\"},\"inLanguage\":\"fr-FR\",\"potentialAction\":[{\"@type\":\"ReadAction\",\"target\":[\"https:\/\/www.voustensports.com\/fr\/stone-island-pull-col-rond-ghost-bleu-42549\/\"]}]},{\"@type\":\"ImageObject\",\"inLanguage\":\"fr-FR\",\"@id\":\"https:\/\/www.voustensports.com\/fr\/stone-island-pull-col-rond-ghost-bleu-42549\/#primaryimage\",\"url\":\"https:\/\/www.voustensports.com\/wp-content\/uploads\/2023\/06\/GHOST-CREWNECK-SWEATER-BLAUW-425491.jpg\",\"contentUrl\":\"https:\/\/www.voustensports.com\/wp-content\/uploads\/2023\/06\/GHOST-CREWNECK-SWEATER-BLAUW-425491.jpg\",\"width\":1365,\"height\":2048},{\"@type\":\"BreadcrumbList\",\"@id\":\"https:\/\/www.voustensports.com\/fr\/stone-island-pull-col-rond-ghost-bleu-42549\/#breadcrumb\",\"itemListElement\":[{\"@type\":\"ListItem\",\"position\":1,\"name\":\"Home\",\"item\":\"https:\/\/www.voustensports.com\/fr\/\"},{\"@type\":\"ListItem\",\"position\":2,\"name\":\"Boutique\",\"item\":\"https:\/\/www.voustensports.com\/fr\/shop\/\"},{\"@type\":\"ListItem\",\"position\":3,\"name\":\"STONE ISLAND &#8211; PULL COL ROND GHOST BLEU (42549)\"}]},{\"@type\":\"WebSite\",\"@id\":\"https:\/\/www.voustensports.com\/nl\/#website\",\"url\":\"https:\/\/www.voustensports.com\/nl\/\",\"name\":\"Vousten Sports\",\"description\":\"\",\"potentialAction\":[{\"@type\":\"SearchAction\",\"target\":{\"@type\":\"EntryPoint\",\"urlTemplate\":\"https:\/\/www.voustensports.com\/nl\/?s={search_term_string}\"},\"query-input\":{\"@type\":\"PropertyValueSpecification\",\"valueRequired\":true,\"valueName\":\"search_term_string\"}}],\"inLanguage\":\"fr-FR\"}]}<\/script>\n<!-- \/ Yoast SEO plugin. -->","yoast_head_json":{"title":"STONE ISLAND - PULL COL ROND GHOST BLEU (42549) - Vousten Sports","robots":{"index":"index","follow":"follow","max-snippet":"max-snippet:-1","max-image-preview":"max-image-preview:large","max-video-preview":"max-video-preview:-1"},"canonical":"https:\/\/www.voustensports.com\/fr\/stone-island-pull-col-rond-ghost-bleu-42549\/","og_locale":"fr_FR","og_type":"article","og_title":"STONE ISLAND - PULL COL ROND GHOST BLEU (42549) - Vousten Sports","og_description":"D\u00c9TAILS DU PRODUIT Inspir\u00e9s du camouflage, les v\u00eatements Ghost sont enti\u00e8rement monochromes. M\u00eame le logo Stone Island est propos\u00e9 dans une version monochrome sp\u00e9ciale pour se fondre dans le tissu. Sweat-shirt col rond en molleton stretch de coton. L\u00e9ger. Teint en pi\u00e8ce. STYLE Col c\u00f4tel\u00e9. Manches raglan. Logo Stone Island Ghost sur la manche gauche. [...]","og_url":"https:\/\/www.voustensports.com\/fr\/stone-island-pull-col-rond-ghost-bleu-42549\/","og_site_name":"Vousten Sports","article_modified_time":"2026-04-17T22:15:10+00:00","og_image":[{"width":1365,"height":2048,"url":"https:\/\/www.voustensports.com\/wp-content\/uploads\/2023\/06\/GHOST-CREWNECK-SWEATER-BLAUW-425491.jpg","type":"image\/jpeg"}],"twitter_card":"summary_large_image","schema":{"@context":"https:\/\/schema.org","@graph":[{"@type":"WebPage","@id":"https:\/\/www.voustensports.com\/fr\/stone-island-pull-col-rond-ghost-bleu-42549\/","url":"https:\/\/www.voustensports.com\/fr\/stone-island-pull-col-rond-ghost-bleu-42549\/","name":"STONE ISLAND - PULL COL ROND GHOST BLEU (42549) - Vousten Sports","isPartOf":{"@id":"https:\/\/www.voustensports.com\/nl\/#website"},"primaryImageOfPage":{"@id":"https:\/\/www.voustensports.com\/fr\/stone-island-pull-col-rond-ghost-bleu-42549\/#primaryimage"},"image":{"@id":"https:\/\/www.voustensports.com\/fr\/stone-island-pull-col-rond-ghost-bleu-42549\/#primaryimage"},"thumbnailUrl":"https:\/\/www.voustensports.com\/wp-content\/uploads\/2023\/06\/GHOST-CREWNECK-SWEATER-BLAUW-425491.jpg","datePublished":"2026-04-17T20:24:09+00:00","dateModified":"2026-04-17T22:15:10+00:00","breadcrumb":{"@id":"https:\/\/www.voustensports.com\/fr\/stone-island-pull-col-rond-ghost-bleu-42549\/#breadcrumb"},"inLanguage":"fr-FR","potentialAction":[{"@type":"ReadAction","target":["https:\/\/www.voustensports.com\/fr\/stone-island-pull-col-rond-ghost-bleu-42549\/"]}]},{"@type":"ImageObject","inLanguage":"fr-FR","@id":"https:\/\/www.voustensports.com\/fr\/stone-island-pull-col-rond-ghost-bleu-42549\/#primaryimage","url":"https:\/\/www.voustensports.com\/wp-content\/uploads\/2023\/06\/GHOST-CREWNECK-SWEATER-BLAUW-425491.jpg","contentUrl":"https:\/\/www.voustensports.com\/wp-content\/uploads\/2023\/06\/GHOST-CREWNECK-SWEATER-BLAUW-425491.jpg","width":1365,"height":2048},{"@type":"BreadcrumbList","@id":"https:\/\/www.voustensports.com\/fr\/stone-island-pull-col-rond-ghost-bleu-42549\/#breadcrumb","itemListElement":[{"@type":"ListItem","position":1,"name":"Home","item":"https:\/\/www.voustensports.com\/fr\/"},{"@type":"ListItem","position":2,"name":"Boutique","item":"https:\/\/www.voustensports.com\/fr\/shop\/"},{"@type":"ListItem","position":3,"name":"STONE ISLAND &#8211; PULL COL ROND GHOST BLEU (42549)"}]},{"@type":"WebSite","@id":"https:\/\/www.voustensports.com\/nl\/#website","url":"https:\/\/www.voustensports.com\/nl\/","name":"Vousten Sports","description":"","potentialAction":[{"@type":"SearchAction","target":{"@type":"EntryPoint","urlTemplate":"https:\/\/www.voustensports.com\/nl\/?s={search_term_string}"},"query-input":{"@type":"PropertyValueSpecification","valueRequired":true,"valueName":"search_term_string"}}],"inLanguage":"fr-FR"}]}},"_links":{"self":[{"href":"https:\/\/www.voustensports.com\/fr\/wp-json\/wp\/v2\/product\/228804","targetHints":{"allow":["GET"]}}],"collection":[{"href":"https:\/\/www.voustensports.com\/fr\/wp-json\/wp\/v2\/product"}],"about":[{"href":"https:\/\/www.voustensports.com\/fr\/wp-json\/wp\/v2\/types\/product"}],"replies":[{"embeddable":true,"href":"https:\/\/www.voustensports.com\/fr\/wp-json\/wp\/v2\/comments?post=228804"}],"wp:featuredmedia":[{"embeddable":true,"href":"https:\/\/www.voustensports.com\/fr\/wp-json\/wp\/v2\/media\/228792"}],"wp:attachment":[{"href":"https:\/\/www.voustensports.com\/fr\/wp-json\/wp\/v2\/media?parent=228804"}],"wp:term":[{"taxonomy":"product_cat","embeddable":true,"href":"https:\/\/www.voustensports.com\/fr\/wp-json\/wp\/v2\/product_cat?post=228804"},{"taxonomy":"product_tag","embeddable":true,"href":"https:\/\/www.voustensports.com\/fr\/wp-json\/wp\/v2\/product_tag?post=228804"}],"curies":[{"name":"wp","href":"https:\/\/api.w.org\/{rel}","templated":true}]}}