{"id":228741,"date":"2026-04-11T18:45:08","date_gmt":"2026-04-11T16:45:08","guid":{"rendered":"https:\/\/www.voustensports.com\/stone-island-sweat-shirt-de-survetement-zippe-ecru-42614\/"},"modified":"2026-04-11T20:21:10","modified_gmt":"2026-04-11T18:21:10","slug":"stone-island-sweat-shirt-de-survetement-zippe-ecru-42614","status":"publish","type":"product","link":"https:\/\/www.voustensports.com\/fr\/stone-island-sweat-shirt-de-survetement-zippe-ecru-42614\/","title":{"rendered":"STONE ISLAND &#8211; SWEAT-SHIRT DE SURV\u00caTEMENT ZIPP\u00c9 \u00c9CRU (42614)"},"content":{"rendered":"<div>D\u00c9TAILS DU PRODUIT<\/div>\n<div>Sweat-shirt de surv\u00eatement en molleton de coton avec poche saisonni\u00e8re en ripstop de coton. \u00c9paisseur moyenne. Teint en pi\u00e8ce.<\/div>\n<div><\/div>\n<div>STYLE<\/div>\n<ul>\n<li>Col montant double \u00e9paisseur.<\/li>\n<li>Poches verticales pour les mains avec renfort int\u00e9rieur en bande de coton.<\/li>\n<li>Poches int\u00e9rieures \u00e0 ouverture par le haut.<\/li>\n<li>Poche plaqu\u00e9e en ripstop de coton sur la manche gauche avec fermeture auto-agrippante sur le haut et le c\u00f4t\u00e9, bouton-pression et boucle au coin, d\u00e9tail de pli et logo Stone Island.<\/li>\n<li>Poignets c\u00f4tel\u00e9s.<\/li>\n<li>Bas \u00e9lastiqu\u00e9.<\/li>\n<li>Fermeture \u00e9clair.<\/li>\n<li>Coupe classique.<\/li>\n<\/ul>\n<div><\/div>\n<div>COMPOSITION<\/div>\n<ul>\n<li>Ext\u00e9rieur : 100 % coton.<\/li>\n<li>Poche : 100 % coton.<\/li>\n<li>Bord-c\u00f4tes : 99 % coton, 1 % \u00e9lasthanne.<\/li>\n<li>R\u00e9f\u00e9rence Stone Island : L1S156100018S0410V0093<\/li>\n<li>R\u00e9f\u00e9rence : 42614<\/li>\n<\/ul>\n","protected":false},"excerpt":{"rendered":"<p>D\u00c9TAILS DU PRODUIT Sweat-shirt de surv\u00eatement en molleton de coton avec poche saisonni\u00e8re en ripstop de coton. \u00c9paisseur moyenne. Teint en pi\u00e8ce. STYLE Col montant double \u00e9paisseur. Poches verticales pour les mains avec renfort int\u00e9rieur en bande de coton. Poches int\u00e9rieures \u00e0 ouverture par le haut. Poche plaqu\u00e9e en ripstop de coton sur la manche [&#8230;]\n","protected":false},"featured_media":228729,"comment_status":"open","ping_status":"closed","template":"","meta":{"rank_math_lock_modified_date":false},"product_cat":[446,450,462,482,534,694,697],"product_tag":[],"class_list":{"0":"post-228741","1":"product","2":"type-product","3":"status-publish","4":"has-post-thumbnail","6":"product_cat-kleding-fr","7":"product_cat-heren-fr","8":"product_cat-vousten-sports-fr-2","9":"product_cat-stone-island-fr-2","10":"product_cat-truien-fr-2","11":"product_cat-truien-vesten-fr-2","12":"product_cat-sweaters-fr-2","14":"first","15":"instock","16":"taxable","17":"shipping-taxable","18":"purchasable","19":"product-type-variable"},"acf":[],"yoast_head":"<!-- This site is optimized with the Yoast SEO plugin v23.9 - https:\/\/yoast.com\/wordpress\/plugins\/seo\/ -->\n<title>STONE ISLAND - SWEAT-SHIRT DE SURV\u00caTEMENT ZIPP\u00c9 \u00c9CRU (42614) - Vousten Sports<\/title>\n<meta name=\"robots\" content=\"index, follow, max-snippet:-1, max-image-preview:large, max-video-preview:-1\" \/>\n<link rel=\"canonical\" href=\"https:\/\/www.voustensports.com\/fr\/stone-island-sweat-shirt-de-survetement-zippe-ecru-42614\/\" \/>\n<meta property=\"og:locale\" content=\"fr_FR\" \/>\n<meta property=\"og:type\" content=\"article\" \/>\n<meta property=\"og:title\" content=\"STONE ISLAND - SWEAT-SHIRT DE SURV\u00caTEMENT ZIPP\u00c9 \u00c9CRU (42614) - Vousten Sports\" \/>\n<meta property=\"og:description\" content=\"D\u00c9TAILS DU PRODUIT Sweat-shirt de surv\u00eatement en molleton de coton avec poche saisonni\u00e8re en ripstop de coton. \u00c9paisseur moyenne. Teint en pi\u00e8ce. STYLE Col montant double \u00e9paisseur. Poches verticales pour les mains avec renfort int\u00e9rieur en bande de coton. Poches int\u00e9rieures \u00e0 ouverture par le haut. Poche plaqu\u00e9e en ripstop de coton sur la manche [...]\" \/>\n<meta property=\"og:url\" content=\"https:\/\/www.voustensports.com\/fr\/stone-island-sweat-shirt-de-survetement-zippe-ecru-42614\/\" \/>\n<meta property=\"og:site_name\" content=\"Vousten Sports\" \/>\n<meta property=\"article:modified_time\" content=\"2026-04-11T18:21:10+00:00\" \/>\n<meta property=\"og:image\" content=\"https:\/\/www.voustensports.com\/wp-content\/uploads\/2023\/06\/ZIP-UP-TRACK-SWEATSHIRT-ECRU-426141.jpg\" \/>\n\t<meta property=\"og:image:width\" content=\"1365\" \/>\n\t<meta property=\"og:image:height\" content=\"2048\" \/>\n\t<meta property=\"og:image:type\" content=\"image\/jpeg\" \/>\n<meta name=\"twitter:card\" content=\"summary_large_image\" \/>\n<meta name=\"twitter:label1\" content=\"Est. reading time\" \/>\n\t<meta name=\"twitter:data1\" content=\"1 minute\" \/>\n<script type=\"application\/ld+json\" class=\"yoast-schema-graph\">{\"@context\":\"https:\/\/schema.org\",\"@graph\":[{\"@type\":\"WebPage\",\"@id\":\"https:\/\/www.voustensports.com\/fr\/stone-island-sweat-shirt-de-survetement-zippe-ecru-42614\/\",\"url\":\"https:\/\/www.voustensports.com\/fr\/stone-island-sweat-shirt-de-survetement-zippe-ecru-42614\/\",\"name\":\"STONE ISLAND - SWEAT-SHIRT DE SURV\u00caTEMENT ZIPP\u00c9 \u00c9CRU (42614) - Vousten Sports\",\"isPartOf\":{\"@id\":\"https:\/\/www.voustensports.com\/nl\/#website\"},\"primaryImageOfPage\":{\"@id\":\"https:\/\/www.voustensports.com\/fr\/stone-island-sweat-shirt-de-survetement-zippe-ecru-42614\/#primaryimage\"},\"image\":{\"@id\":\"https:\/\/www.voustensports.com\/fr\/stone-island-sweat-shirt-de-survetement-zippe-ecru-42614\/#primaryimage\"},\"thumbnailUrl\":\"https:\/\/www.voustensports.com\/wp-content\/uploads\/2023\/06\/ZIP-UP-TRACK-SWEATSHIRT-ECRU-426141.jpg\",\"datePublished\":\"2026-04-11T16:45:08+00:00\",\"dateModified\":\"2026-04-11T18:21:10+00:00\",\"breadcrumb\":{\"@id\":\"https:\/\/www.voustensports.com\/fr\/stone-island-sweat-shirt-de-survetement-zippe-ecru-42614\/#breadcrumb\"},\"inLanguage\":\"fr-FR\",\"potentialAction\":[{\"@type\":\"ReadAction\",\"target\":[\"https:\/\/www.voustensports.com\/fr\/stone-island-sweat-shirt-de-survetement-zippe-ecru-42614\/\"]}]},{\"@type\":\"ImageObject\",\"inLanguage\":\"fr-FR\",\"@id\":\"https:\/\/www.voustensports.com\/fr\/stone-island-sweat-shirt-de-survetement-zippe-ecru-42614\/#primaryimage\",\"url\":\"https:\/\/www.voustensports.com\/wp-content\/uploads\/2023\/06\/ZIP-UP-TRACK-SWEATSHIRT-ECRU-426141.jpg\",\"contentUrl\":\"https:\/\/www.voustensports.com\/wp-content\/uploads\/2023\/06\/ZIP-UP-TRACK-SWEATSHIRT-ECRU-426141.jpg\",\"width\":1365,\"height\":2048},{\"@type\":\"BreadcrumbList\",\"@id\":\"https:\/\/www.voustensports.com\/fr\/stone-island-sweat-shirt-de-survetement-zippe-ecru-42614\/#breadcrumb\",\"itemListElement\":[{\"@type\":\"ListItem\",\"position\":1,\"name\":\"Home\",\"item\":\"https:\/\/www.voustensports.com\/fr\/\"},{\"@type\":\"ListItem\",\"position\":2,\"name\":\"Boutique\",\"item\":\"https:\/\/www.voustensports.com\/fr\/shop\/\"},{\"@type\":\"ListItem\",\"position\":3,\"name\":\"STONE ISLAND &#8211; SWEAT-SHIRT DE SURV\u00caTEMENT ZIPP\u00c9 \u00c9CRU (42614)\"}]},{\"@type\":\"WebSite\",\"@id\":\"https:\/\/www.voustensports.com\/nl\/#website\",\"url\":\"https:\/\/www.voustensports.com\/nl\/\",\"name\":\"Vousten Sports\",\"description\":\"\",\"potentialAction\":[{\"@type\":\"SearchAction\",\"target\":{\"@type\":\"EntryPoint\",\"urlTemplate\":\"https:\/\/www.voustensports.com\/nl\/?s={search_term_string}\"},\"query-input\":{\"@type\":\"PropertyValueSpecification\",\"valueRequired\":true,\"valueName\":\"search_term_string\"}}],\"inLanguage\":\"fr-FR\"}]}<\/script>\n<!-- \/ Yoast SEO plugin. -->","yoast_head_json":{"title":"STONE ISLAND - SWEAT-SHIRT DE SURV\u00caTEMENT ZIPP\u00c9 \u00c9CRU (42614) - Vousten Sports","robots":{"index":"index","follow":"follow","max-snippet":"max-snippet:-1","max-image-preview":"max-image-preview:large","max-video-preview":"max-video-preview:-1"},"canonical":"https:\/\/www.voustensports.com\/fr\/stone-island-sweat-shirt-de-survetement-zippe-ecru-42614\/","og_locale":"fr_FR","og_type":"article","og_title":"STONE ISLAND - SWEAT-SHIRT DE SURV\u00caTEMENT ZIPP\u00c9 \u00c9CRU (42614) - Vousten Sports","og_description":"D\u00c9TAILS DU PRODUIT Sweat-shirt de surv\u00eatement en molleton de coton avec poche saisonni\u00e8re en ripstop de coton. \u00c9paisseur moyenne. Teint en pi\u00e8ce. STYLE Col montant double \u00e9paisseur. Poches verticales pour les mains avec renfort int\u00e9rieur en bande de coton. Poches int\u00e9rieures \u00e0 ouverture par le haut. Poche plaqu\u00e9e en ripstop de coton sur la manche [...]","og_url":"https:\/\/www.voustensports.com\/fr\/stone-island-sweat-shirt-de-survetement-zippe-ecru-42614\/","og_site_name":"Vousten Sports","article_modified_time":"2026-04-11T18:21:10+00:00","og_image":[{"width":1365,"height":2048,"url":"https:\/\/www.voustensports.com\/wp-content\/uploads\/2023\/06\/ZIP-UP-TRACK-SWEATSHIRT-ECRU-426141.jpg","type":"image\/jpeg"}],"twitter_card":"summary_large_image","twitter_misc":{"Est. reading time":"1 minute"},"schema":{"@context":"https:\/\/schema.org","@graph":[{"@type":"WebPage","@id":"https:\/\/www.voustensports.com\/fr\/stone-island-sweat-shirt-de-survetement-zippe-ecru-42614\/","url":"https:\/\/www.voustensports.com\/fr\/stone-island-sweat-shirt-de-survetement-zippe-ecru-42614\/","name":"STONE ISLAND - SWEAT-SHIRT DE SURV\u00caTEMENT ZIPP\u00c9 \u00c9CRU (42614) - Vousten Sports","isPartOf":{"@id":"https:\/\/www.voustensports.com\/nl\/#website"},"primaryImageOfPage":{"@id":"https:\/\/www.voustensports.com\/fr\/stone-island-sweat-shirt-de-survetement-zippe-ecru-42614\/#primaryimage"},"image":{"@id":"https:\/\/www.voustensports.com\/fr\/stone-island-sweat-shirt-de-survetement-zippe-ecru-42614\/#primaryimage"},"thumbnailUrl":"https:\/\/www.voustensports.com\/wp-content\/uploads\/2023\/06\/ZIP-UP-TRACK-SWEATSHIRT-ECRU-426141.jpg","datePublished":"2026-04-11T16:45:08+00:00","dateModified":"2026-04-11T18:21:10+00:00","breadcrumb":{"@id":"https:\/\/www.voustensports.com\/fr\/stone-island-sweat-shirt-de-survetement-zippe-ecru-42614\/#breadcrumb"},"inLanguage":"fr-FR","potentialAction":[{"@type":"ReadAction","target":["https:\/\/www.voustensports.com\/fr\/stone-island-sweat-shirt-de-survetement-zippe-ecru-42614\/"]}]},{"@type":"ImageObject","inLanguage":"fr-FR","@id":"https:\/\/www.voustensports.com\/fr\/stone-island-sweat-shirt-de-survetement-zippe-ecru-42614\/#primaryimage","url":"https:\/\/www.voustensports.com\/wp-content\/uploads\/2023\/06\/ZIP-UP-TRACK-SWEATSHIRT-ECRU-426141.jpg","contentUrl":"https:\/\/www.voustensports.com\/wp-content\/uploads\/2023\/06\/ZIP-UP-TRACK-SWEATSHIRT-ECRU-426141.jpg","width":1365,"height":2048},{"@type":"BreadcrumbList","@id":"https:\/\/www.voustensports.com\/fr\/stone-island-sweat-shirt-de-survetement-zippe-ecru-42614\/#breadcrumb","itemListElement":[{"@type":"ListItem","position":1,"name":"Home","item":"https:\/\/www.voustensports.com\/fr\/"},{"@type":"ListItem","position":2,"name":"Boutique","item":"https:\/\/www.voustensports.com\/fr\/shop\/"},{"@type":"ListItem","position":3,"name":"STONE ISLAND &#8211; SWEAT-SHIRT DE SURV\u00caTEMENT ZIPP\u00c9 \u00c9CRU (42614)"}]},{"@type":"WebSite","@id":"https:\/\/www.voustensports.com\/nl\/#website","url":"https:\/\/www.voustensports.com\/nl\/","name":"Vousten Sports","description":"","potentialAction":[{"@type":"SearchAction","target":{"@type":"EntryPoint","urlTemplate":"https:\/\/www.voustensports.com\/nl\/?s={search_term_string}"},"query-input":{"@type":"PropertyValueSpecification","valueRequired":true,"valueName":"search_term_string"}}],"inLanguage":"fr-FR"}]}},"_links":{"self":[{"href":"https:\/\/www.voustensports.com\/fr\/wp-json\/wp\/v2\/product\/228741","targetHints":{"allow":["GET"]}}],"collection":[{"href":"https:\/\/www.voustensports.com\/fr\/wp-json\/wp\/v2\/product"}],"about":[{"href":"https:\/\/www.voustensports.com\/fr\/wp-json\/wp\/v2\/types\/product"}],"replies":[{"embeddable":true,"href":"https:\/\/www.voustensports.com\/fr\/wp-json\/wp\/v2\/comments?post=228741"}],"wp:featuredmedia":[{"embeddable":true,"href":"https:\/\/www.voustensports.com\/fr\/wp-json\/wp\/v2\/media\/228729"}],"wp:attachment":[{"href":"https:\/\/www.voustensports.com\/fr\/wp-json\/wp\/v2\/media?parent=228741"}],"wp:term":[{"taxonomy":"product_cat","embeddable":true,"href":"https:\/\/www.voustensports.com\/fr\/wp-json\/wp\/v2\/product_cat?post=228741"},{"taxonomy":"product_tag","embeddable":true,"href":"https:\/\/www.voustensports.com\/fr\/wp-json\/wp\/v2\/product_tag?post=228741"}],"curies":[{"name":"wp","href":"https:\/\/api.w.org\/{rel}","templated":true}]}}