{"id":228645,"date":"2026-04-11T13:39:06","date_gmt":"2026-04-11T11:39:06","guid":{"rendered":"https:\/\/www.voustensports.com\/stone-island-t-shirt-carlo-imprime-gris-perle-42606\/"},"modified":"2026-04-16T14:18:09","modified_gmt":"2026-04-16T12:18:09","slug":"stone-island-t-shirt-carlo-imprime-gris-perle-42606","status":"publish","type":"product","link":"https:\/\/www.voustensports.com\/fr\/stone-island-t-shirt-carlo-imprime-gris-perle-42606\/","title":{"rendered":"STONE ISLAND &#8211; T-SHIRT CARLO IMPRIM\u00c9 GRIS PERLE (42606)"},"content":{"rendered":"<div>D\u00c9TAILS DU PRODUIT<\/div>\n<div>T-shirt \u00e0 manches courtes en jersey de coton biologique peign\u00e9, imprim\u00e9 \u00ab Carlo \u00bb. Teint en pi\u00e8ce.<\/div>\n<div><\/div>\n<div>STYLE<\/div>\n<ul>\n<li>Col c\u00f4tel\u00e9.<\/li>\n<li>Logo Stone Island imprim\u00e9 sur la poitrine.<\/li>\n<li>Au dos, grande photo de 1993 montrant Carlo Rivetti au laboratoire de couleurs Stone Island \u00e0 Ravarino, en Italie.<\/li>\n<li>Coupe classique.<\/li>\n<\/ul>\n<p>&nbsp;<\/p>\n<div>COMPOSITION<\/div>\n<ul>\n<li>V\u00eatement : 100 % coton. Bord-c\u00f4te : 100 % coton.<\/li>\n<li>R\u00e9f\u00e9rence Stone Island : L1S152100001S0374V0061<\/li>\n<li>R\u00e9f\u00e9rence : 42606<\/li>\n<\/ul>\n","protected":false},"excerpt":{"rendered":"<p>D\u00c9TAILS DU PRODUIT T-shirt \u00e0 manches courtes en jersey de coton biologique peign\u00e9, imprim\u00e9 \u00ab Carlo \u00bb. Teint en pi\u00e8ce. STYLE Col c\u00f4tel\u00e9. Logo Stone Island imprim\u00e9 sur la poitrine. Au dos, grande photo de 1993 montrant Carlo Rivetti au laboratoire de couleurs Stone Island \u00e0 Ravarino, en Italie. Coupe classique. &nbsp; COMPOSITION V\u00eatement : [&#8230;]\n","protected":false},"featured_media":228637,"comment_status":"open","ping_status":"closed","template":"","meta":{"rank_math_lock_modified_date":false},"product_cat":[446,450,462,482,486,490],"product_tag":[],"class_list":{"0":"post-228645","1":"product","2":"type-product","3":"status-publish","4":"has-post-thumbnail","6":"product_cat-kleding-fr","7":"product_cat-heren-fr","8":"product_cat-vousten-sports-fr-2","9":"product_cat-stone-island-fr-2","10":"product_cat-shirt-fr-2","11":"product_cat-t-shirts-fr-2","13":"first","14":"instock","15":"taxable","16":"shipping-taxable","17":"purchasable","18":"product-type-variable"},"acf":[],"yoast_head":"<!-- This site is optimized with the Yoast SEO plugin v23.9 - https:\/\/yoast.com\/wordpress\/plugins\/seo\/ -->\n<title>STONE ISLAND - T-SHIRT CARLO IMPRIM\u00c9 GRIS PERLE (42606) - Vousten Sports<\/title>\n<meta name=\"robots\" content=\"index, follow, max-snippet:-1, max-image-preview:large, max-video-preview:-1\" \/>\n<link rel=\"canonical\" href=\"https:\/\/www.voustensports.com\/fr\/stone-island-t-shirt-carlo-imprime-gris-perle-42606\/\" \/>\n<meta property=\"og:locale\" content=\"fr_FR\" \/>\n<meta property=\"og:type\" content=\"article\" \/>\n<meta property=\"og:title\" content=\"STONE ISLAND - T-SHIRT CARLO IMPRIM\u00c9 GRIS PERLE (42606) - Vousten Sports\" \/>\n<meta property=\"og:description\" content=\"D\u00c9TAILS DU PRODUIT T-shirt \u00e0 manches courtes en jersey de coton biologique peign\u00e9, imprim\u00e9 \u00ab Carlo \u00bb. Teint en pi\u00e8ce. STYLE Col c\u00f4tel\u00e9. Logo Stone Island imprim\u00e9 sur la poitrine. Au dos, grande photo de 1993 montrant Carlo Rivetti au laboratoire de couleurs Stone Island \u00e0 Ravarino, en Italie. Coupe classique. &nbsp; COMPOSITION V\u00eatement : [...]\" \/>\n<meta property=\"og:url\" content=\"https:\/\/www.voustensports.com\/fr\/stone-island-t-shirt-carlo-imprime-gris-perle-42606\/\" \/>\n<meta property=\"og:site_name\" content=\"Vousten Sports\" \/>\n<meta property=\"article:modified_time\" content=\"2026-04-16T12:18:09+00:00\" \/>\n<meta property=\"og:image\" content=\"https:\/\/www.voustensports.com\/wp-content\/uploads\/2023\/06\/CARLO-PRINT-T-SHIRT-PARELGRIJS-426061.jpg\" \/>\n\t<meta property=\"og:image:width\" content=\"1365\" \/>\n\t<meta property=\"og:image:height\" content=\"2048\" \/>\n\t<meta property=\"og:image:type\" content=\"image\/jpeg\" \/>\n<meta name=\"twitter:card\" content=\"summary_large_image\" \/>\n<script type=\"application\/ld+json\" class=\"yoast-schema-graph\">{\"@context\":\"https:\/\/schema.org\",\"@graph\":[{\"@type\":\"WebPage\",\"@id\":\"https:\/\/www.voustensports.com\/fr\/stone-island-t-shirt-carlo-imprime-gris-perle-42606\/\",\"url\":\"https:\/\/www.voustensports.com\/fr\/stone-island-t-shirt-carlo-imprime-gris-perle-42606\/\",\"name\":\"STONE ISLAND - T-SHIRT CARLO IMPRIM\u00c9 GRIS PERLE (42606) - Vousten Sports\",\"isPartOf\":{\"@id\":\"https:\/\/www.voustensports.com\/nl\/#website\"},\"primaryImageOfPage\":{\"@id\":\"https:\/\/www.voustensports.com\/fr\/stone-island-t-shirt-carlo-imprime-gris-perle-42606\/#primaryimage\"},\"image\":{\"@id\":\"https:\/\/www.voustensports.com\/fr\/stone-island-t-shirt-carlo-imprime-gris-perle-42606\/#primaryimage\"},\"thumbnailUrl\":\"https:\/\/www.voustensports.com\/wp-content\/uploads\/2023\/06\/CARLO-PRINT-T-SHIRT-PARELGRIJS-426061.jpg\",\"datePublished\":\"2026-04-11T11:39:06+00:00\",\"dateModified\":\"2026-04-16T12:18:09+00:00\",\"breadcrumb\":{\"@id\":\"https:\/\/www.voustensports.com\/fr\/stone-island-t-shirt-carlo-imprime-gris-perle-42606\/#breadcrumb\"},\"inLanguage\":\"fr-FR\",\"potentialAction\":[{\"@type\":\"ReadAction\",\"target\":[\"https:\/\/www.voustensports.com\/fr\/stone-island-t-shirt-carlo-imprime-gris-perle-42606\/\"]}]},{\"@type\":\"ImageObject\",\"inLanguage\":\"fr-FR\",\"@id\":\"https:\/\/www.voustensports.com\/fr\/stone-island-t-shirt-carlo-imprime-gris-perle-42606\/#primaryimage\",\"url\":\"https:\/\/www.voustensports.com\/wp-content\/uploads\/2023\/06\/CARLO-PRINT-T-SHIRT-PARELGRIJS-426061.jpg\",\"contentUrl\":\"https:\/\/www.voustensports.com\/wp-content\/uploads\/2023\/06\/CARLO-PRINT-T-SHIRT-PARELGRIJS-426061.jpg\",\"width\":1365,\"height\":2048},{\"@type\":\"BreadcrumbList\",\"@id\":\"https:\/\/www.voustensports.com\/fr\/stone-island-t-shirt-carlo-imprime-gris-perle-42606\/#breadcrumb\",\"itemListElement\":[{\"@type\":\"ListItem\",\"position\":1,\"name\":\"Home\",\"item\":\"https:\/\/www.voustensports.com\/fr\/\"},{\"@type\":\"ListItem\",\"position\":2,\"name\":\"Boutique\",\"item\":\"https:\/\/www.voustensports.com\/fr\/shop\/\"},{\"@type\":\"ListItem\",\"position\":3,\"name\":\"STONE ISLAND &#8211; T-SHIRT CARLO IMPRIM\u00c9 GRIS PERLE (42606)\"}]},{\"@type\":\"WebSite\",\"@id\":\"https:\/\/www.voustensports.com\/nl\/#website\",\"url\":\"https:\/\/www.voustensports.com\/nl\/\",\"name\":\"Vousten Sports\",\"description\":\"\",\"potentialAction\":[{\"@type\":\"SearchAction\",\"target\":{\"@type\":\"EntryPoint\",\"urlTemplate\":\"https:\/\/www.voustensports.com\/nl\/?s={search_term_string}\"},\"query-input\":{\"@type\":\"PropertyValueSpecification\",\"valueRequired\":true,\"valueName\":\"search_term_string\"}}],\"inLanguage\":\"fr-FR\"}]}<\/script>\n<!-- \/ Yoast SEO plugin. -->","yoast_head_json":{"title":"STONE ISLAND - T-SHIRT CARLO IMPRIM\u00c9 GRIS PERLE (42606) - Vousten Sports","robots":{"index":"index","follow":"follow","max-snippet":"max-snippet:-1","max-image-preview":"max-image-preview:large","max-video-preview":"max-video-preview:-1"},"canonical":"https:\/\/www.voustensports.com\/fr\/stone-island-t-shirt-carlo-imprime-gris-perle-42606\/","og_locale":"fr_FR","og_type":"article","og_title":"STONE ISLAND - T-SHIRT CARLO IMPRIM\u00c9 GRIS PERLE (42606) - Vousten Sports","og_description":"D\u00c9TAILS DU PRODUIT T-shirt \u00e0 manches courtes en jersey de coton biologique peign\u00e9, imprim\u00e9 \u00ab Carlo \u00bb. Teint en pi\u00e8ce. STYLE Col c\u00f4tel\u00e9. Logo Stone Island imprim\u00e9 sur la poitrine. Au dos, grande photo de 1993 montrant Carlo Rivetti au laboratoire de couleurs Stone Island \u00e0 Ravarino, en Italie. Coupe classique. &nbsp; COMPOSITION V\u00eatement : [...]","og_url":"https:\/\/www.voustensports.com\/fr\/stone-island-t-shirt-carlo-imprime-gris-perle-42606\/","og_site_name":"Vousten Sports","article_modified_time":"2026-04-16T12:18:09+00:00","og_image":[{"width":1365,"height":2048,"url":"https:\/\/www.voustensports.com\/wp-content\/uploads\/2023\/06\/CARLO-PRINT-T-SHIRT-PARELGRIJS-426061.jpg","type":"image\/jpeg"}],"twitter_card":"summary_large_image","schema":{"@context":"https:\/\/schema.org","@graph":[{"@type":"WebPage","@id":"https:\/\/www.voustensports.com\/fr\/stone-island-t-shirt-carlo-imprime-gris-perle-42606\/","url":"https:\/\/www.voustensports.com\/fr\/stone-island-t-shirt-carlo-imprime-gris-perle-42606\/","name":"STONE ISLAND - T-SHIRT CARLO IMPRIM\u00c9 GRIS PERLE (42606) - Vousten Sports","isPartOf":{"@id":"https:\/\/www.voustensports.com\/nl\/#website"},"primaryImageOfPage":{"@id":"https:\/\/www.voustensports.com\/fr\/stone-island-t-shirt-carlo-imprime-gris-perle-42606\/#primaryimage"},"image":{"@id":"https:\/\/www.voustensports.com\/fr\/stone-island-t-shirt-carlo-imprime-gris-perle-42606\/#primaryimage"},"thumbnailUrl":"https:\/\/www.voustensports.com\/wp-content\/uploads\/2023\/06\/CARLO-PRINT-T-SHIRT-PARELGRIJS-426061.jpg","datePublished":"2026-04-11T11:39:06+00:00","dateModified":"2026-04-16T12:18:09+00:00","breadcrumb":{"@id":"https:\/\/www.voustensports.com\/fr\/stone-island-t-shirt-carlo-imprime-gris-perle-42606\/#breadcrumb"},"inLanguage":"fr-FR","potentialAction":[{"@type":"ReadAction","target":["https:\/\/www.voustensports.com\/fr\/stone-island-t-shirt-carlo-imprime-gris-perle-42606\/"]}]},{"@type":"ImageObject","inLanguage":"fr-FR","@id":"https:\/\/www.voustensports.com\/fr\/stone-island-t-shirt-carlo-imprime-gris-perle-42606\/#primaryimage","url":"https:\/\/www.voustensports.com\/wp-content\/uploads\/2023\/06\/CARLO-PRINT-T-SHIRT-PARELGRIJS-426061.jpg","contentUrl":"https:\/\/www.voustensports.com\/wp-content\/uploads\/2023\/06\/CARLO-PRINT-T-SHIRT-PARELGRIJS-426061.jpg","width":1365,"height":2048},{"@type":"BreadcrumbList","@id":"https:\/\/www.voustensports.com\/fr\/stone-island-t-shirt-carlo-imprime-gris-perle-42606\/#breadcrumb","itemListElement":[{"@type":"ListItem","position":1,"name":"Home","item":"https:\/\/www.voustensports.com\/fr\/"},{"@type":"ListItem","position":2,"name":"Boutique","item":"https:\/\/www.voustensports.com\/fr\/shop\/"},{"@type":"ListItem","position":3,"name":"STONE ISLAND &#8211; T-SHIRT CARLO IMPRIM\u00c9 GRIS PERLE (42606)"}]},{"@type":"WebSite","@id":"https:\/\/www.voustensports.com\/nl\/#website","url":"https:\/\/www.voustensports.com\/nl\/","name":"Vousten Sports","description":"","potentialAction":[{"@type":"SearchAction","target":{"@type":"EntryPoint","urlTemplate":"https:\/\/www.voustensports.com\/nl\/?s={search_term_string}"},"query-input":{"@type":"PropertyValueSpecification","valueRequired":true,"valueName":"search_term_string"}}],"inLanguage":"fr-FR"}]}},"_links":{"self":[{"href":"https:\/\/www.voustensports.com\/fr\/wp-json\/wp\/v2\/product\/228645","targetHints":{"allow":["GET"]}}],"collection":[{"href":"https:\/\/www.voustensports.com\/fr\/wp-json\/wp\/v2\/product"}],"about":[{"href":"https:\/\/www.voustensports.com\/fr\/wp-json\/wp\/v2\/types\/product"}],"replies":[{"embeddable":true,"href":"https:\/\/www.voustensports.com\/fr\/wp-json\/wp\/v2\/comments?post=228645"}],"wp:featuredmedia":[{"embeddable":true,"href":"https:\/\/www.voustensports.com\/fr\/wp-json\/wp\/v2\/media\/228637"}],"wp:attachment":[{"href":"https:\/\/www.voustensports.com\/fr\/wp-json\/wp\/v2\/media?parent=228645"}],"wp:term":[{"taxonomy":"product_cat","embeddable":true,"href":"https:\/\/www.voustensports.com\/fr\/wp-json\/wp\/v2\/product_cat?post=228645"},{"taxonomy":"product_tag","embeddable":true,"href":"https:\/\/www.voustensports.com\/fr\/wp-json\/wp\/v2\/product_tag?post=228645"}],"curies":[{"name":"wp","href":"https:\/\/api.w.org\/{rel}","templated":true}]}}