{"id":228589,"date":"2026-04-11T09:33:07","date_gmt":"2026-04-11T07:33:07","guid":{"rendered":"https:\/\/www.voustensports.com\/stone-island-veste-coach-ghost-bleu-42546\/"},"modified":"2026-04-11T11:24:08","modified_gmt":"2026-04-11T09:24:08","slug":"stone-island-veste-coach-ghost-bleu-42546","status":"publish","type":"product","link":"https:\/\/www.voustensports.com\/fr\/stone-island-veste-coach-ghost-bleu-42546\/","title":{"rendered":"STONE ISLAND &#8211; VESTE COACH GHOST BLEU (42546)"},"content":{"rendered":"<div>D\u00c9TAILS DU PRODUIT<\/div>\n<div>Inspir\u00e9es du camouflage, les pi\u00e8ces Ghost sont enti\u00e8rement monochromes. M\u00eame le logo Stone Island est propos\u00e9 dans une version monochrome sp\u00e9ciale pour se fondre dans le v\u00eatement. Cette veste coach est confectionn\u00e9e dans un tissu l\u00e9ger compos\u00e9 de fils de polyester\/polyamide japonais \u00e0 section transversale en \u00e9toile. Les pi\u00e8ces sont assembl\u00e9es puis teintes sous pression \u00e0 130 \u00b0C, avec ajout d&rsquo;un agent d\u00e9perlant. Lors du processus de teinture, la chaleur transforme radicalement le toucher et la structure du tissu.<\/div>\n<div><\/div>\n<div>STYLE<\/div>\n<ul>\n<li>Poches lat\u00e9rales inclin\u00e9es avec rabat triangulaire et trois boutons-pression.<\/li>\n<li>Manches raglan au dos.<\/li>\n<li>Logo Stone Island Ghost sur la manche gauche.<\/li>\n<li>Poignets \u00e9lastiqu\u00e9s ajustables avec bouton-pression.<\/li>\n<li>Fermeture \u00e0 boutons-pression.<\/li>\n<\/ul>\n<div><\/div>\n<div>COMPOSITION<\/div>\n<ul>\n<li>68 % polyester, 32 % polyamide\/nylon<\/li>\n<li>R\u00e9f\u00e9rence Stone Island : L1S154100036S0F33V002E<\/li>\n<li>R\u00e9f\u00e9rence : 42546<\/li>\n<\/ul>\n","protected":false},"excerpt":{"rendered":"<p>D\u00c9TAILS DU PRODUIT Inspir\u00e9es du camouflage, les pi\u00e8ces Ghost sont enti\u00e8rement monochromes. M\u00eame le logo Stone Island est propos\u00e9 dans une version monochrome sp\u00e9ciale pour se fondre dans le v\u00eatement. Cette veste coach est confectionn\u00e9e dans un tissu l\u00e9ger compos\u00e9 de fils de polyester\/polyamide japonais \u00e0 section transversale en \u00e9toile. Les pi\u00e8ces sont assembl\u00e9es puis [&#8230;]\n","protected":false},"featured_media":228577,"comment_status":"open","ping_status":"closed","template":"","meta":{"rank_math_lock_modified_date":false},"product_cat":[446,450,462,482,542,701,705],"product_tag":[],"class_list":{"0":"post-228589","1":"product","2":"type-product","3":"status-publish","4":"has-post-thumbnail","6":"product_cat-kleding-fr","7":"product_cat-heren-fr","8":"product_cat-vousten-sports-fr-2","9":"product_cat-stone-island-fr-2","10":"product_cat-jassen-fr","11":"product_cat-jackets-fr","12":"product_cat-jassen-jacks-fr","14":"first","15":"instock","16":"taxable","17":"shipping-taxable","18":"purchasable","19":"product-type-variable"},"acf":[],"yoast_head":"<!-- This site is optimized with the Yoast SEO plugin v23.9 - https:\/\/yoast.com\/wordpress\/plugins\/seo\/ -->\n<title>STONE ISLAND - VESTE COACH GHOST BLEU (42546) - Vousten Sports<\/title>\n<meta name=\"robots\" content=\"index, follow, max-snippet:-1, max-image-preview:large, max-video-preview:-1\" \/>\n<link rel=\"canonical\" href=\"https:\/\/www.voustensports.com\/fr\/stone-island-veste-coach-ghost-bleu-42546\/\" \/>\n<meta property=\"og:locale\" content=\"fr_FR\" \/>\n<meta property=\"og:type\" content=\"article\" \/>\n<meta property=\"og:title\" content=\"STONE ISLAND - VESTE COACH GHOST BLEU (42546) - Vousten Sports\" \/>\n<meta property=\"og:description\" content=\"D\u00c9TAILS DU PRODUIT Inspir\u00e9es du camouflage, les pi\u00e8ces Ghost sont enti\u00e8rement monochromes. M\u00eame le logo Stone Island est propos\u00e9 dans une version monochrome sp\u00e9ciale pour se fondre dans le v\u00eatement. Cette veste coach est confectionn\u00e9e dans un tissu l\u00e9ger compos\u00e9 de fils de polyester\/polyamide japonais \u00e0 section transversale en \u00e9toile. Les pi\u00e8ces sont assembl\u00e9es puis [...]\" \/>\n<meta property=\"og:url\" content=\"https:\/\/www.voustensports.com\/fr\/stone-island-veste-coach-ghost-bleu-42546\/\" \/>\n<meta property=\"og:site_name\" content=\"Vousten Sports\" \/>\n<meta property=\"article:modified_time\" content=\"2026-04-11T09:24:08+00:00\" \/>\n<meta property=\"og:image\" content=\"https:\/\/www.voustensports.com\/wp-content\/uploads\/2023\/06\/GHOST-COACH-JACKET-BLAUW-425461.jpg\" \/>\n\t<meta property=\"og:image:width\" content=\"1365\" \/>\n\t<meta property=\"og:image:height\" content=\"2048\" \/>\n\t<meta property=\"og:image:type\" content=\"image\/jpeg\" \/>\n<meta name=\"twitter:card\" content=\"summary_large_image\" \/>\n<meta name=\"twitter:label1\" content=\"Est. reading time\" \/>\n\t<meta name=\"twitter:data1\" content=\"1 minute\" \/>\n<script type=\"application\/ld+json\" class=\"yoast-schema-graph\">{\"@context\":\"https:\/\/schema.org\",\"@graph\":[{\"@type\":\"WebPage\",\"@id\":\"https:\/\/www.voustensports.com\/fr\/stone-island-veste-coach-ghost-bleu-42546\/\",\"url\":\"https:\/\/www.voustensports.com\/fr\/stone-island-veste-coach-ghost-bleu-42546\/\",\"name\":\"STONE ISLAND - VESTE COACH GHOST BLEU (42546) - Vousten Sports\",\"isPartOf\":{\"@id\":\"https:\/\/www.voustensports.com\/nl\/#website\"},\"primaryImageOfPage\":{\"@id\":\"https:\/\/www.voustensports.com\/fr\/stone-island-veste-coach-ghost-bleu-42546\/#primaryimage\"},\"image\":{\"@id\":\"https:\/\/www.voustensports.com\/fr\/stone-island-veste-coach-ghost-bleu-42546\/#primaryimage\"},\"thumbnailUrl\":\"https:\/\/www.voustensports.com\/wp-content\/uploads\/2023\/06\/GHOST-COACH-JACKET-BLAUW-425461.jpg\",\"datePublished\":\"2026-04-11T07:33:07+00:00\",\"dateModified\":\"2026-04-11T09:24:08+00:00\",\"breadcrumb\":{\"@id\":\"https:\/\/www.voustensports.com\/fr\/stone-island-veste-coach-ghost-bleu-42546\/#breadcrumb\"},\"inLanguage\":\"fr-FR\",\"potentialAction\":[{\"@type\":\"ReadAction\",\"target\":[\"https:\/\/www.voustensports.com\/fr\/stone-island-veste-coach-ghost-bleu-42546\/\"]}]},{\"@type\":\"ImageObject\",\"inLanguage\":\"fr-FR\",\"@id\":\"https:\/\/www.voustensports.com\/fr\/stone-island-veste-coach-ghost-bleu-42546\/#primaryimage\",\"url\":\"https:\/\/www.voustensports.com\/wp-content\/uploads\/2023\/06\/GHOST-COACH-JACKET-BLAUW-425461.jpg\",\"contentUrl\":\"https:\/\/www.voustensports.com\/wp-content\/uploads\/2023\/06\/GHOST-COACH-JACKET-BLAUW-425461.jpg\",\"width\":1365,\"height\":2048},{\"@type\":\"BreadcrumbList\",\"@id\":\"https:\/\/www.voustensports.com\/fr\/stone-island-veste-coach-ghost-bleu-42546\/#breadcrumb\",\"itemListElement\":[{\"@type\":\"ListItem\",\"position\":1,\"name\":\"Home\",\"item\":\"https:\/\/www.voustensports.com\/fr\/\"},{\"@type\":\"ListItem\",\"position\":2,\"name\":\"Boutique\",\"item\":\"https:\/\/www.voustensports.com\/fr\/shop\/\"},{\"@type\":\"ListItem\",\"position\":3,\"name\":\"STONE ISLAND &#8211; VESTE COACH GHOST BLEU (42546)\"}]},{\"@type\":\"WebSite\",\"@id\":\"https:\/\/www.voustensports.com\/nl\/#website\",\"url\":\"https:\/\/www.voustensports.com\/nl\/\",\"name\":\"Vousten Sports\",\"description\":\"\",\"potentialAction\":[{\"@type\":\"SearchAction\",\"target\":{\"@type\":\"EntryPoint\",\"urlTemplate\":\"https:\/\/www.voustensports.com\/nl\/?s={search_term_string}\"},\"query-input\":{\"@type\":\"PropertyValueSpecification\",\"valueRequired\":true,\"valueName\":\"search_term_string\"}}],\"inLanguage\":\"fr-FR\"}]}<\/script>\n<!-- \/ Yoast SEO plugin. -->","yoast_head_json":{"title":"STONE ISLAND - VESTE COACH GHOST BLEU (42546) - Vousten Sports","robots":{"index":"index","follow":"follow","max-snippet":"max-snippet:-1","max-image-preview":"max-image-preview:large","max-video-preview":"max-video-preview:-1"},"canonical":"https:\/\/www.voustensports.com\/fr\/stone-island-veste-coach-ghost-bleu-42546\/","og_locale":"fr_FR","og_type":"article","og_title":"STONE ISLAND - VESTE COACH GHOST BLEU (42546) - Vousten Sports","og_description":"D\u00c9TAILS DU PRODUIT Inspir\u00e9es du camouflage, les pi\u00e8ces Ghost sont enti\u00e8rement monochromes. M\u00eame le logo Stone Island est propos\u00e9 dans une version monochrome sp\u00e9ciale pour se fondre dans le v\u00eatement. Cette veste coach est confectionn\u00e9e dans un tissu l\u00e9ger compos\u00e9 de fils de polyester\/polyamide japonais \u00e0 section transversale en \u00e9toile. Les pi\u00e8ces sont assembl\u00e9es puis [...]","og_url":"https:\/\/www.voustensports.com\/fr\/stone-island-veste-coach-ghost-bleu-42546\/","og_site_name":"Vousten Sports","article_modified_time":"2026-04-11T09:24:08+00:00","og_image":[{"width":1365,"height":2048,"url":"https:\/\/www.voustensports.com\/wp-content\/uploads\/2023\/06\/GHOST-COACH-JACKET-BLAUW-425461.jpg","type":"image\/jpeg"}],"twitter_card":"summary_large_image","twitter_misc":{"Est. reading time":"1 minute"},"schema":{"@context":"https:\/\/schema.org","@graph":[{"@type":"WebPage","@id":"https:\/\/www.voustensports.com\/fr\/stone-island-veste-coach-ghost-bleu-42546\/","url":"https:\/\/www.voustensports.com\/fr\/stone-island-veste-coach-ghost-bleu-42546\/","name":"STONE ISLAND - VESTE COACH GHOST BLEU (42546) - Vousten Sports","isPartOf":{"@id":"https:\/\/www.voustensports.com\/nl\/#website"},"primaryImageOfPage":{"@id":"https:\/\/www.voustensports.com\/fr\/stone-island-veste-coach-ghost-bleu-42546\/#primaryimage"},"image":{"@id":"https:\/\/www.voustensports.com\/fr\/stone-island-veste-coach-ghost-bleu-42546\/#primaryimage"},"thumbnailUrl":"https:\/\/www.voustensports.com\/wp-content\/uploads\/2023\/06\/GHOST-COACH-JACKET-BLAUW-425461.jpg","datePublished":"2026-04-11T07:33:07+00:00","dateModified":"2026-04-11T09:24:08+00:00","breadcrumb":{"@id":"https:\/\/www.voustensports.com\/fr\/stone-island-veste-coach-ghost-bleu-42546\/#breadcrumb"},"inLanguage":"fr-FR","potentialAction":[{"@type":"ReadAction","target":["https:\/\/www.voustensports.com\/fr\/stone-island-veste-coach-ghost-bleu-42546\/"]}]},{"@type":"ImageObject","inLanguage":"fr-FR","@id":"https:\/\/www.voustensports.com\/fr\/stone-island-veste-coach-ghost-bleu-42546\/#primaryimage","url":"https:\/\/www.voustensports.com\/wp-content\/uploads\/2023\/06\/GHOST-COACH-JACKET-BLAUW-425461.jpg","contentUrl":"https:\/\/www.voustensports.com\/wp-content\/uploads\/2023\/06\/GHOST-COACH-JACKET-BLAUW-425461.jpg","width":1365,"height":2048},{"@type":"BreadcrumbList","@id":"https:\/\/www.voustensports.com\/fr\/stone-island-veste-coach-ghost-bleu-42546\/#breadcrumb","itemListElement":[{"@type":"ListItem","position":1,"name":"Home","item":"https:\/\/www.voustensports.com\/fr\/"},{"@type":"ListItem","position":2,"name":"Boutique","item":"https:\/\/www.voustensports.com\/fr\/shop\/"},{"@type":"ListItem","position":3,"name":"STONE ISLAND &#8211; VESTE COACH GHOST BLEU (42546)"}]},{"@type":"WebSite","@id":"https:\/\/www.voustensports.com\/nl\/#website","url":"https:\/\/www.voustensports.com\/nl\/","name":"Vousten Sports","description":"","potentialAction":[{"@type":"SearchAction","target":{"@type":"EntryPoint","urlTemplate":"https:\/\/www.voustensports.com\/nl\/?s={search_term_string}"},"query-input":{"@type":"PropertyValueSpecification","valueRequired":true,"valueName":"search_term_string"}}],"inLanguage":"fr-FR"}]}},"_links":{"self":[{"href":"https:\/\/www.voustensports.com\/fr\/wp-json\/wp\/v2\/product\/228589","targetHints":{"allow":["GET"]}}],"collection":[{"href":"https:\/\/www.voustensports.com\/fr\/wp-json\/wp\/v2\/product"}],"about":[{"href":"https:\/\/www.voustensports.com\/fr\/wp-json\/wp\/v2\/types\/product"}],"replies":[{"embeddable":true,"href":"https:\/\/www.voustensports.com\/fr\/wp-json\/wp\/v2\/comments?post=228589"}],"wp:featuredmedia":[{"embeddable":true,"href":"https:\/\/www.voustensports.com\/fr\/wp-json\/wp\/v2\/media\/228577"}],"wp:attachment":[{"href":"https:\/\/www.voustensports.com\/fr\/wp-json\/wp\/v2\/media?parent=228589"}],"wp:term":[{"taxonomy":"product_cat","embeddable":true,"href":"https:\/\/www.voustensports.com\/fr\/wp-json\/wp\/v2\/product_cat?post=228589"},{"taxonomy":"product_tag","embeddable":true,"href":"https:\/\/www.voustensports.com\/fr\/wp-json\/wp\/v2\/product_tag?post=228589"}],"curies":[{"name":"wp","href":"https:\/\/api.w.org\/{rel}","templated":true}]}}