{"id":228557,"date":"2026-04-11T07:54:08","date_gmt":"2026-04-11T05:54:08","guid":{"rendered":"https:\/\/www.voustensports.com\/stone-island-surchemise-ghost-en-toile-de-coton-et-lin-bleu-42542\/"},"modified":"2026-04-18T19:00:11","modified_gmt":"2026-04-18T17:00:11","slug":"stone-island-surchemise-ghost-en-toile-de-coton-et-lin-bleu-42542","status":"publish","type":"product","link":"https:\/\/www.voustensports.com\/fr\/stone-island-surchemise-ghost-en-toile-de-coton-et-lin-bleu-42542\/","title":{"rendered":"STONE ISLAND &#8211; SURCHEMISE GHOST EN TOILE DE COTON ET LIN BLEU (42542)"},"content":{"rendered":"<div>D\u00c9TAILS DU PRODUIT<\/div>\n<div>Inspir\u00e9es du camouflage, les pi\u00e8ces Ghost sont enti\u00e8rement monochromes. M\u00eame l&rsquo;\u00e9cusson Stone Island est propos\u00e9 dans une version monochrome sp\u00e9ciale pour se fondre dans le v\u00eatement. Surchemise en toile de coton et lin. Teinte en pi\u00e8ce.<\/div>\n<div><\/div>\n<div>STYLE<\/div>\n<ul>\n<li>Poches poitrine plaqu\u00e9es avec rabat triangulaire et fermeture boutonn\u00e9e dissimul\u00e9e.<\/li>\n<li>Poches poitrine verticales suppl\u00e9mentaires avec bouton-pression.<\/li>\n<li>Empi\u00e8cement dos avec pinces et renforts int\u00e9rieurs.<\/li>\n<li>\u00c9cusson Stone Island Ghost sur la manche gauche.<\/li>\n<li>Bouton aux poignets.<\/li>\n<li>Fermeture boutonn\u00e9e.<\/li>\n<li>Coupe classique.<\/li>\n<\/ul>\n<div><\/div>\n<div>COMPOSITION<\/div>\n<ul>\n<li>74 % coton, 26 % lin<\/li>\n<li>R\u00e9f\u00e9rence Stone Island : L1S151200012S0F36V002E<\/li>\n<li>R\u00e9f\u00e9rence : 42542<\/li>\n<\/ul>\n","protected":false},"excerpt":{"rendered":"<p>D\u00c9TAILS DU PRODUIT Inspir\u00e9es du camouflage, les pi\u00e8ces Ghost sont enti\u00e8rement monochromes. M\u00eame l&rsquo;\u00e9cusson Stone Island est propos\u00e9 dans une version monochrome sp\u00e9ciale pour se fondre dans le v\u00eatement. Surchemise en toile de coton et lin. Teinte en pi\u00e8ce. STYLE Poches poitrine plaqu\u00e9es avec rabat triangulaire et fermeture boutonn\u00e9e dissimul\u00e9e. Poches poitrine verticales suppl\u00e9mentaires avec [&#8230;]\n","protected":false},"featured_media":228545,"comment_status":"open","ping_status":"closed","template":"","meta":{"rank_math_lock_modified_date":false},"product_cat":[446,450,462,482,486,739],"product_tag":[],"class_list":{"0":"post-228557","1":"product","2":"type-product","3":"status-publish","4":"has-post-thumbnail","6":"product_cat-kleding-fr","7":"product_cat-heren-fr","8":"product_cat-vousten-sports-fr-2","9":"product_cat-stone-island-fr-2","10":"product_cat-shirt-fr-2","11":"product_cat-overshirt-fr-2","13":"first","14":"instock","15":"taxable","16":"shipping-taxable","17":"purchasable","18":"product-type-variable"},"acf":[],"yoast_head":"<!-- This site is optimized with the Yoast SEO plugin v23.9 - https:\/\/yoast.com\/wordpress\/plugins\/seo\/ -->\n<title>STONE ISLAND - SURCHEMISE GHOST EN TOILE DE COTON ET LIN BLEU (42542) - Vousten Sports<\/title>\n<meta name=\"robots\" content=\"index, follow, max-snippet:-1, max-image-preview:large, max-video-preview:-1\" \/>\n<link rel=\"canonical\" href=\"https:\/\/www.voustensports.com\/fr\/stone-island-surchemise-ghost-en-toile-de-coton-et-lin-bleu-42542\/\" \/>\n<meta property=\"og:locale\" content=\"fr_FR\" \/>\n<meta property=\"og:type\" content=\"article\" \/>\n<meta property=\"og:title\" content=\"STONE ISLAND - SURCHEMISE GHOST EN TOILE DE COTON ET LIN BLEU (42542) - Vousten Sports\" \/>\n<meta property=\"og:description\" content=\"D\u00c9TAILS DU PRODUIT Inspir\u00e9es du camouflage, les pi\u00e8ces Ghost sont enti\u00e8rement monochromes. M\u00eame l&rsquo;\u00e9cusson Stone Island est propos\u00e9 dans une version monochrome sp\u00e9ciale pour se fondre dans le v\u00eatement. Surchemise en toile de coton et lin. Teinte en pi\u00e8ce. STYLE Poches poitrine plaqu\u00e9es avec rabat triangulaire et fermeture boutonn\u00e9e dissimul\u00e9e. Poches poitrine verticales suppl\u00e9mentaires avec [...]\" \/>\n<meta property=\"og:url\" content=\"https:\/\/www.voustensports.com\/fr\/stone-island-surchemise-ghost-en-toile-de-coton-et-lin-bleu-42542\/\" \/>\n<meta property=\"og:site_name\" content=\"Vousten Sports\" \/>\n<meta property=\"article:modified_time\" content=\"2026-04-18T17:00:11+00:00\" \/>\n<meta property=\"og:image\" content=\"https:\/\/www.voustensports.com\/wp-content\/uploads\/2023\/06\/GHOST-COTTON-LINEN-CANVAS-OVERSHIRT-BLAUW-425421.jpg\" \/>\n\t<meta property=\"og:image:width\" content=\"1365\" \/>\n\t<meta property=\"og:image:height\" content=\"2048\" \/>\n\t<meta property=\"og:image:type\" content=\"image\/jpeg\" \/>\n<meta name=\"twitter:card\" content=\"summary_large_image\" \/>\n<meta name=\"twitter:label1\" content=\"Est. reading time\" \/>\n\t<meta name=\"twitter:data1\" content=\"1 minute\" \/>\n<script type=\"application\/ld+json\" class=\"yoast-schema-graph\">{\"@context\":\"https:\/\/schema.org\",\"@graph\":[{\"@type\":\"WebPage\",\"@id\":\"https:\/\/www.voustensports.com\/fr\/stone-island-surchemise-ghost-en-toile-de-coton-et-lin-bleu-42542\/\",\"url\":\"https:\/\/www.voustensports.com\/fr\/stone-island-surchemise-ghost-en-toile-de-coton-et-lin-bleu-42542\/\",\"name\":\"STONE ISLAND - SURCHEMISE GHOST EN TOILE DE COTON ET LIN BLEU (42542) - Vousten Sports\",\"isPartOf\":{\"@id\":\"https:\/\/www.voustensports.com\/nl\/#website\"},\"primaryImageOfPage\":{\"@id\":\"https:\/\/www.voustensports.com\/fr\/stone-island-surchemise-ghost-en-toile-de-coton-et-lin-bleu-42542\/#primaryimage\"},\"image\":{\"@id\":\"https:\/\/www.voustensports.com\/fr\/stone-island-surchemise-ghost-en-toile-de-coton-et-lin-bleu-42542\/#primaryimage\"},\"thumbnailUrl\":\"https:\/\/www.voustensports.com\/wp-content\/uploads\/2023\/06\/GHOST-COTTON-LINEN-CANVAS-OVERSHIRT-BLAUW-425421.jpg\",\"datePublished\":\"2026-04-11T05:54:08+00:00\",\"dateModified\":\"2026-04-18T17:00:11+00:00\",\"breadcrumb\":{\"@id\":\"https:\/\/www.voustensports.com\/fr\/stone-island-surchemise-ghost-en-toile-de-coton-et-lin-bleu-42542\/#breadcrumb\"},\"inLanguage\":\"fr-FR\",\"potentialAction\":[{\"@type\":\"ReadAction\",\"target\":[\"https:\/\/www.voustensports.com\/fr\/stone-island-surchemise-ghost-en-toile-de-coton-et-lin-bleu-42542\/\"]}]},{\"@type\":\"ImageObject\",\"inLanguage\":\"fr-FR\",\"@id\":\"https:\/\/www.voustensports.com\/fr\/stone-island-surchemise-ghost-en-toile-de-coton-et-lin-bleu-42542\/#primaryimage\",\"url\":\"https:\/\/www.voustensports.com\/wp-content\/uploads\/2023\/06\/GHOST-COTTON-LINEN-CANVAS-OVERSHIRT-BLAUW-425421.jpg\",\"contentUrl\":\"https:\/\/www.voustensports.com\/wp-content\/uploads\/2023\/06\/GHOST-COTTON-LINEN-CANVAS-OVERSHIRT-BLAUW-425421.jpg\",\"width\":1365,\"height\":2048},{\"@type\":\"BreadcrumbList\",\"@id\":\"https:\/\/www.voustensports.com\/fr\/stone-island-surchemise-ghost-en-toile-de-coton-et-lin-bleu-42542\/#breadcrumb\",\"itemListElement\":[{\"@type\":\"ListItem\",\"position\":1,\"name\":\"Home\",\"item\":\"https:\/\/www.voustensports.com\/fr\/\"},{\"@type\":\"ListItem\",\"position\":2,\"name\":\"Boutique\",\"item\":\"https:\/\/www.voustensports.com\/fr\/shop\/\"},{\"@type\":\"ListItem\",\"position\":3,\"name\":\"STONE ISLAND &#8211; SURCHEMISE GHOST EN TOILE DE COTON ET LIN BLEU (42542)\"}]},{\"@type\":\"WebSite\",\"@id\":\"https:\/\/www.voustensports.com\/nl\/#website\",\"url\":\"https:\/\/www.voustensports.com\/nl\/\",\"name\":\"Vousten Sports\",\"description\":\"\",\"potentialAction\":[{\"@type\":\"SearchAction\",\"target\":{\"@type\":\"EntryPoint\",\"urlTemplate\":\"https:\/\/www.voustensports.com\/nl\/?s={search_term_string}\"},\"query-input\":{\"@type\":\"PropertyValueSpecification\",\"valueRequired\":true,\"valueName\":\"search_term_string\"}}],\"inLanguage\":\"fr-FR\"}]}<\/script>\n<!-- \/ Yoast SEO plugin. -->","yoast_head_json":{"title":"STONE ISLAND - SURCHEMISE GHOST EN TOILE DE COTON ET LIN BLEU (42542) - Vousten Sports","robots":{"index":"index","follow":"follow","max-snippet":"max-snippet:-1","max-image-preview":"max-image-preview:large","max-video-preview":"max-video-preview:-1"},"canonical":"https:\/\/www.voustensports.com\/fr\/stone-island-surchemise-ghost-en-toile-de-coton-et-lin-bleu-42542\/","og_locale":"fr_FR","og_type":"article","og_title":"STONE ISLAND - SURCHEMISE GHOST EN TOILE DE COTON ET LIN BLEU (42542) - Vousten Sports","og_description":"D\u00c9TAILS DU PRODUIT Inspir\u00e9es du camouflage, les pi\u00e8ces Ghost sont enti\u00e8rement monochromes. M\u00eame l&rsquo;\u00e9cusson Stone Island est propos\u00e9 dans une version monochrome sp\u00e9ciale pour se fondre dans le v\u00eatement. Surchemise en toile de coton et lin. Teinte en pi\u00e8ce. STYLE Poches poitrine plaqu\u00e9es avec rabat triangulaire et fermeture boutonn\u00e9e dissimul\u00e9e. Poches poitrine verticales suppl\u00e9mentaires avec [...]","og_url":"https:\/\/www.voustensports.com\/fr\/stone-island-surchemise-ghost-en-toile-de-coton-et-lin-bleu-42542\/","og_site_name":"Vousten Sports","article_modified_time":"2026-04-18T17:00:11+00:00","og_image":[{"width":1365,"height":2048,"url":"https:\/\/www.voustensports.com\/wp-content\/uploads\/2023\/06\/GHOST-COTTON-LINEN-CANVAS-OVERSHIRT-BLAUW-425421.jpg","type":"image\/jpeg"}],"twitter_card":"summary_large_image","twitter_misc":{"Est. reading time":"1 minute"},"schema":{"@context":"https:\/\/schema.org","@graph":[{"@type":"WebPage","@id":"https:\/\/www.voustensports.com\/fr\/stone-island-surchemise-ghost-en-toile-de-coton-et-lin-bleu-42542\/","url":"https:\/\/www.voustensports.com\/fr\/stone-island-surchemise-ghost-en-toile-de-coton-et-lin-bleu-42542\/","name":"STONE ISLAND - SURCHEMISE GHOST EN TOILE DE COTON ET LIN BLEU (42542) - Vousten Sports","isPartOf":{"@id":"https:\/\/www.voustensports.com\/nl\/#website"},"primaryImageOfPage":{"@id":"https:\/\/www.voustensports.com\/fr\/stone-island-surchemise-ghost-en-toile-de-coton-et-lin-bleu-42542\/#primaryimage"},"image":{"@id":"https:\/\/www.voustensports.com\/fr\/stone-island-surchemise-ghost-en-toile-de-coton-et-lin-bleu-42542\/#primaryimage"},"thumbnailUrl":"https:\/\/www.voustensports.com\/wp-content\/uploads\/2023\/06\/GHOST-COTTON-LINEN-CANVAS-OVERSHIRT-BLAUW-425421.jpg","datePublished":"2026-04-11T05:54:08+00:00","dateModified":"2026-04-18T17:00:11+00:00","breadcrumb":{"@id":"https:\/\/www.voustensports.com\/fr\/stone-island-surchemise-ghost-en-toile-de-coton-et-lin-bleu-42542\/#breadcrumb"},"inLanguage":"fr-FR","potentialAction":[{"@type":"ReadAction","target":["https:\/\/www.voustensports.com\/fr\/stone-island-surchemise-ghost-en-toile-de-coton-et-lin-bleu-42542\/"]}]},{"@type":"ImageObject","inLanguage":"fr-FR","@id":"https:\/\/www.voustensports.com\/fr\/stone-island-surchemise-ghost-en-toile-de-coton-et-lin-bleu-42542\/#primaryimage","url":"https:\/\/www.voustensports.com\/wp-content\/uploads\/2023\/06\/GHOST-COTTON-LINEN-CANVAS-OVERSHIRT-BLAUW-425421.jpg","contentUrl":"https:\/\/www.voustensports.com\/wp-content\/uploads\/2023\/06\/GHOST-COTTON-LINEN-CANVAS-OVERSHIRT-BLAUW-425421.jpg","width":1365,"height":2048},{"@type":"BreadcrumbList","@id":"https:\/\/www.voustensports.com\/fr\/stone-island-surchemise-ghost-en-toile-de-coton-et-lin-bleu-42542\/#breadcrumb","itemListElement":[{"@type":"ListItem","position":1,"name":"Home","item":"https:\/\/www.voustensports.com\/fr\/"},{"@type":"ListItem","position":2,"name":"Boutique","item":"https:\/\/www.voustensports.com\/fr\/shop\/"},{"@type":"ListItem","position":3,"name":"STONE ISLAND &#8211; SURCHEMISE GHOST EN TOILE DE COTON ET LIN BLEU (42542)"}]},{"@type":"WebSite","@id":"https:\/\/www.voustensports.com\/nl\/#website","url":"https:\/\/www.voustensports.com\/nl\/","name":"Vousten Sports","description":"","potentialAction":[{"@type":"SearchAction","target":{"@type":"EntryPoint","urlTemplate":"https:\/\/www.voustensports.com\/nl\/?s={search_term_string}"},"query-input":{"@type":"PropertyValueSpecification","valueRequired":true,"valueName":"search_term_string"}}],"inLanguage":"fr-FR"}]}},"_links":{"self":[{"href":"https:\/\/www.voustensports.com\/fr\/wp-json\/wp\/v2\/product\/228557","targetHints":{"allow":["GET"]}}],"collection":[{"href":"https:\/\/www.voustensports.com\/fr\/wp-json\/wp\/v2\/product"}],"about":[{"href":"https:\/\/www.voustensports.com\/fr\/wp-json\/wp\/v2\/types\/product"}],"replies":[{"embeddable":true,"href":"https:\/\/www.voustensports.com\/fr\/wp-json\/wp\/v2\/comments?post=228557"}],"wp:featuredmedia":[{"embeddable":true,"href":"https:\/\/www.voustensports.com\/fr\/wp-json\/wp\/v2\/media\/228545"}],"wp:attachment":[{"href":"https:\/\/www.voustensports.com\/fr\/wp-json\/wp\/v2\/media?parent=228557"}],"wp:term":[{"taxonomy":"product_cat","embeddable":true,"href":"https:\/\/www.voustensports.com\/fr\/wp-json\/wp\/v2\/product_cat?post=228557"},{"taxonomy":"product_tag","embeddable":true,"href":"https:\/\/www.voustensports.com\/fr\/wp-json\/wp\/v2\/product_tag?post=228557"}],"curies":[{"name":"wp","href":"https:\/\/api.w.org\/{rel}","templated":true}]}}