{"id":228501,"date":"2026-04-11T02:57:07","date_gmt":"2026-04-11T00:57:07","guid":{"rendered":"https:\/\/www.voustensports.com\/stone-island-veste-a-capuche-en-nylon-panama-tc-aspect-biologique-sable-42611\/"},"modified":"2026-04-11T05:42:08","modified_gmt":"2026-04-11T03:42:08","slug":"stone-island-veste-a-capuche-en-nylon-panama-tc-aspect-biologique-sable-42611","status":"publish","type":"product","link":"https:\/\/www.voustensports.com\/fr\/stone-island-veste-a-capuche-en-nylon-panama-tc-aspect-biologique-sable-42611\/","title":{"rendered":"STONE ISLAND &#8211; VESTE \u00c0 CAPUCHE EN NYLON PANAMA-TC ASPECT BIOLOGIQUE SABLE (42611)"},"content":{"rendered":"<div>D\u00c9TAILS DU PRODUIT<\/div>\n<div>Veste \u00e0 capuche confectionn\u00e9e dans un tissu innovant 100 % nylon, fabriqu\u00e9 au Japon, \u00e0 l&rsquo;aspect organique saisissant. Les extrusions de nylon ultra-fines sont coup\u00e9es, m\u00e9lang\u00e9es, souffl\u00e9es, card\u00e9es, torsad\u00e9es et fil\u00e9es pour imiter les fibres naturelles. Le tissu calandr\u00e9 tiss\u00e9 Panama ainsi obtenu est plus l\u00e9ger et plus r\u00e9sistant que les fibres naturelles. Le proc\u00e9d\u00e9 de teinture en pi\u00e8ce, gr\u00e2ce \u00e0 la p\u00e9n\u00e9tration irr\u00e9guli\u00e8re de la teinture dans le tissu calandr\u00e9, conf\u00e8re \u00e0 la surface un aspect marbr\u00e9. Teinture r\u00e9alis\u00e9e selon des recettes sp\u00e9cifiques avec ajout d&rsquo;un agent d\u00e9perlant sp\u00e9cial.<\/div>\n<div><\/div>\n<div>STYLE<\/div>\n<ul>\n<li>Capuche doubl\u00e9e avec cordon de serrage \u00e9lastique fixe.<\/li>\n<li>Empi\u00e8cement devant.<\/li>\n<li>Poches mains inclin\u00e9es avec fermeture \u00e9clair dissimul\u00e9e.<\/li>\n<li>\u00c9cusson Stone Island sur la manche gauche.<\/li>\n<li>Poignets \u00e9lastiqu\u00e9s.<\/li>\n<li>Cordon de serrage avec stoppeurs \u00e0 l&rsquo;ourlet.<\/li>\n<li>Fermeture \u00e9clair double sens au col montant.<\/li>\n<\/ul>\n<div>COMPOSITION<\/div>\n<ul>\n<li>Tissu ext\u00e9rieur : 100 % polyamide\/nylon<\/li>\n<li>Doublure de la capuche : 100 % polyamide\/nylon<\/li>\n<li>R\u00e9f\u00e9rence Stone Island : L1S154100053S0069V009A<\/li>\n<li>Num\u00e9ro d\u2019identification : 42611<\/li>\n<\/ul>\n","protected":false},"excerpt":{"rendered":"<p>D\u00c9TAILS DU PRODUIT Veste \u00e0 capuche confectionn\u00e9e dans un tissu innovant 100 % nylon, fabriqu\u00e9 au Japon, \u00e0 l&rsquo;aspect organique saisissant. Les extrusions de nylon ultra-fines sont coup\u00e9es, m\u00e9lang\u00e9es, souffl\u00e9es, card\u00e9es, torsad\u00e9es et fil\u00e9es pour imiter les fibres naturelles. Le tissu calandr\u00e9 tiss\u00e9 Panama ainsi obtenu est plus l\u00e9ger et plus r\u00e9sistant que les fibres [&#8230;]\n","protected":false},"featured_media":228489,"comment_status":"open","ping_status":"closed","template":"","meta":{"rank_math_lock_modified_date":false},"product_cat":[446,450,462,482,542,701,705],"product_tag":[],"class_list":{"0":"post-228501","1":"product","2":"type-product","3":"status-publish","4":"has-post-thumbnail","6":"product_cat-kleding-fr","7":"product_cat-heren-fr","8":"product_cat-vousten-sports-fr-2","9":"product_cat-stone-island-fr-2","10":"product_cat-jassen-fr","11":"product_cat-jackets-fr","12":"product_cat-jassen-jacks-fr","14":"first","15":"instock","16":"taxable","17":"shipping-taxable","18":"purchasable","19":"product-type-variable"},"acf":[],"yoast_head":"<!-- This site is optimized with the Yoast SEO plugin v23.9 - https:\/\/yoast.com\/wordpress\/plugins\/seo\/ -->\n<title>STONE ISLAND - VESTE \u00c0 CAPUCHE EN NYLON PANAMA-TC ASPECT BIOLOGIQUE SABLE (42611) - Vousten Sports<\/title>\n<meta name=\"robots\" content=\"index, follow, max-snippet:-1, max-image-preview:large, max-video-preview:-1\" \/>\n<link rel=\"canonical\" href=\"https:\/\/www.voustensports.com\/fr\/stone-island-veste-a-capuche-en-nylon-panama-tc-aspect-biologique-sable-42611\/\" \/>\n<meta property=\"og:locale\" content=\"fr_FR\" \/>\n<meta property=\"og:type\" content=\"article\" \/>\n<meta property=\"og:title\" content=\"STONE ISLAND - VESTE \u00c0 CAPUCHE EN NYLON PANAMA-TC ASPECT BIOLOGIQUE SABLE (42611) - Vousten Sports\" \/>\n<meta property=\"og:description\" content=\"D\u00c9TAILS DU PRODUIT Veste \u00e0 capuche confectionn\u00e9e dans un tissu innovant 100 % nylon, fabriqu\u00e9 au Japon, \u00e0 l&rsquo;aspect organique saisissant. Les extrusions de nylon ultra-fines sont coup\u00e9es, m\u00e9lang\u00e9es, souffl\u00e9es, card\u00e9es, torsad\u00e9es et fil\u00e9es pour imiter les fibres naturelles. Le tissu calandr\u00e9 tiss\u00e9 Panama ainsi obtenu est plus l\u00e9ger et plus r\u00e9sistant que les fibres [...]\" \/>\n<meta property=\"og:url\" content=\"https:\/\/www.voustensports.com\/fr\/stone-island-veste-a-capuche-en-nylon-panama-tc-aspect-biologique-sable-42611\/\" \/>\n<meta property=\"og:site_name\" content=\"Vousten Sports\" \/>\n<meta property=\"article:modified_time\" content=\"2026-04-11T03:42:08+00:00\" \/>\n<meta property=\"og:image\" content=\"https:\/\/www.voustensports.com\/wp-content\/uploads\/2023\/06\/ORGANIC-LOOK-NYLON-PANAMA-TC-HOODED-JACKET-ZAND-426111.jpg\" \/>\n\t<meta property=\"og:image:width\" content=\"1365\" \/>\n\t<meta property=\"og:image:height\" content=\"2048\" \/>\n\t<meta property=\"og:image:type\" content=\"image\/jpeg\" \/>\n<meta name=\"twitter:card\" content=\"summary_large_image\" \/>\n<meta name=\"twitter:label1\" content=\"Est. reading time\" \/>\n\t<meta name=\"twitter:data1\" content=\"1 minute\" \/>\n<script type=\"application\/ld+json\" class=\"yoast-schema-graph\">{\"@context\":\"https:\/\/schema.org\",\"@graph\":[{\"@type\":\"WebPage\",\"@id\":\"https:\/\/www.voustensports.com\/fr\/stone-island-veste-a-capuche-en-nylon-panama-tc-aspect-biologique-sable-42611\/\",\"url\":\"https:\/\/www.voustensports.com\/fr\/stone-island-veste-a-capuche-en-nylon-panama-tc-aspect-biologique-sable-42611\/\",\"name\":\"STONE ISLAND - VESTE \u00c0 CAPUCHE EN NYLON PANAMA-TC ASPECT BIOLOGIQUE SABLE (42611) - Vousten Sports\",\"isPartOf\":{\"@id\":\"https:\/\/www.voustensports.com\/nl\/#website\"},\"primaryImageOfPage\":{\"@id\":\"https:\/\/www.voustensports.com\/fr\/stone-island-veste-a-capuche-en-nylon-panama-tc-aspect-biologique-sable-42611\/#primaryimage\"},\"image\":{\"@id\":\"https:\/\/www.voustensports.com\/fr\/stone-island-veste-a-capuche-en-nylon-panama-tc-aspect-biologique-sable-42611\/#primaryimage\"},\"thumbnailUrl\":\"https:\/\/www.voustensports.com\/wp-content\/uploads\/2023\/06\/ORGANIC-LOOK-NYLON-PANAMA-TC-HOODED-JACKET-ZAND-426111.jpg\",\"datePublished\":\"2026-04-11T00:57:07+00:00\",\"dateModified\":\"2026-04-11T03:42:08+00:00\",\"breadcrumb\":{\"@id\":\"https:\/\/www.voustensports.com\/fr\/stone-island-veste-a-capuche-en-nylon-panama-tc-aspect-biologique-sable-42611\/#breadcrumb\"},\"inLanguage\":\"fr-FR\",\"potentialAction\":[{\"@type\":\"ReadAction\",\"target\":[\"https:\/\/www.voustensports.com\/fr\/stone-island-veste-a-capuche-en-nylon-panama-tc-aspect-biologique-sable-42611\/\"]}]},{\"@type\":\"ImageObject\",\"inLanguage\":\"fr-FR\",\"@id\":\"https:\/\/www.voustensports.com\/fr\/stone-island-veste-a-capuche-en-nylon-panama-tc-aspect-biologique-sable-42611\/#primaryimage\",\"url\":\"https:\/\/www.voustensports.com\/wp-content\/uploads\/2023\/06\/ORGANIC-LOOK-NYLON-PANAMA-TC-HOODED-JACKET-ZAND-426111.jpg\",\"contentUrl\":\"https:\/\/www.voustensports.com\/wp-content\/uploads\/2023\/06\/ORGANIC-LOOK-NYLON-PANAMA-TC-HOODED-JACKET-ZAND-426111.jpg\",\"width\":1365,\"height\":2048},{\"@type\":\"BreadcrumbList\",\"@id\":\"https:\/\/www.voustensports.com\/fr\/stone-island-veste-a-capuche-en-nylon-panama-tc-aspect-biologique-sable-42611\/#breadcrumb\",\"itemListElement\":[{\"@type\":\"ListItem\",\"position\":1,\"name\":\"Home\",\"item\":\"https:\/\/www.voustensports.com\/fr\/\"},{\"@type\":\"ListItem\",\"position\":2,\"name\":\"Boutique\",\"item\":\"https:\/\/www.voustensports.com\/fr\/shop\/\"},{\"@type\":\"ListItem\",\"position\":3,\"name\":\"STONE ISLAND &#8211; VESTE \u00c0 CAPUCHE EN NYLON PANAMA-TC ASPECT BIOLOGIQUE SABLE (42611)\"}]},{\"@type\":\"WebSite\",\"@id\":\"https:\/\/www.voustensports.com\/nl\/#website\",\"url\":\"https:\/\/www.voustensports.com\/nl\/\",\"name\":\"Vousten Sports\",\"description\":\"\",\"potentialAction\":[{\"@type\":\"SearchAction\",\"target\":{\"@type\":\"EntryPoint\",\"urlTemplate\":\"https:\/\/www.voustensports.com\/nl\/?s={search_term_string}\"},\"query-input\":{\"@type\":\"PropertyValueSpecification\",\"valueRequired\":true,\"valueName\":\"search_term_string\"}}],\"inLanguage\":\"fr-FR\"}]}<\/script>\n<!-- \/ Yoast SEO plugin. -->","yoast_head_json":{"title":"STONE ISLAND - VESTE \u00c0 CAPUCHE EN NYLON PANAMA-TC ASPECT BIOLOGIQUE SABLE (42611) - Vousten Sports","robots":{"index":"index","follow":"follow","max-snippet":"max-snippet:-1","max-image-preview":"max-image-preview:large","max-video-preview":"max-video-preview:-1"},"canonical":"https:\/\/www.voustensports.com\/fr\/stone-island-veste-a-capuche-en-nylon-panama-tc-aspect-biologique-sable-42611\/","og_locale":"fr_FR","og_type":"article","og_title":"STONE ISLAND - VESTE \u00c0 CAPUCHE EN NYLON PANAMA-TC ASPECT BIOLOGIQUE SABLE (42611) - Vousten Sports","og_description":"D\u00c9TAILS DU PRODUIT Veste \u00e0 capuche confectionn\u00e9e dans un tissu innovant 100 % nylon, fabriqu\u00e9 au Japon, \u00e0 l&rsquo;aspect organique saisissant. Les extrusions de nylon ultra-fines sont coup\u00e9es, m\u00e9lang\u00e9es, souffl\u00e9es, card\u00e9es, torsad\u00e9es et fil\u00e9es pour imiter les fibres naturelles. Le tissu calandr\u00e9 tiss\u00e9 Panama ainsi obtenu est plus l\u00e9ger et plus r\u00e9sistant que les fibres [...]","og_url":"https:\/\/www.voustensports.com\/fr\/stone-island-veste-a-capuche-en-nylon-panama-tc-aspect-biologique-sable-42611\/","og_site_name":"Vousten Sports","article_modified_time":"2026-04-11T03:42:08+00:00","og_image":[{"width":1365,"height":2048,"url":"https:\/\/www.voustensports.com\/wp-content\/uploads\/2023\/06\/ORGANIC-LOOK-NYLON-PANAMA-TC-HOODED-JACKET-ZAND-426111.jpg","type":"image\/jpeg"}],"twitter_card":"summary_large_image","twitter_misc":{"Est. reading time":"1 minute"},"schema":{"@context":"https:\/\/schema.org","@graph":[{"@type":"WebPage","@id":"https:\/\/www.voustensports.com\/fr\/stone-island-veste-a-capuche-en-nylon-panama-tc-aspect-biologique-sable-42611\/","url":"https:\/\/www.voustensports.com\/fr\/stone-island-veste-a-capuche-en-nylon-panama-tc-aspect-biologique-sable-42611\/","name":"STONE ISLAND - VESTE \u00c0 CAPUCHE EN NYLON PANAMA-TC ASPECT BIOLOGIQUE SABLE (42611) - Vousten Sports","isPartOf":{"@id":"https:\/\/www.voustensports.com\/nl\/#website"},"primaryImageOfPage":{"@id":"https:\/\/www.voustensports.com\/fr\/stone-island-veste-a-capuche-en-nylon-panama-tc-aspect-biologique-sable-42611\/#primaryimage"},"image":{"@id":"https:\/\/www.voustensports.com\/fr\/stone-island-veste-a-capuche-en-nylon-panama-tc-aspect-biologique-sable-42611\/#primaryimage"},"thumbnailUrl":"https:\/\/www.voustensports.com\/wp-content\/uploads\/2023\/06\/ORGANIC-LOOK-NYLON-PANAMA-TC-HOODED-JACKET-ZAND-426111.jpg","datePublished":"2026-04-11T00:57:07+00:00","dateModified":"2026-04-11T03:42:08+00:00","breadcrumb":{"@id":"https:\/\/www.voustensports.com\/fr\/stone-island-veste-a-capuche-en-nylon-panama-tc-aspect-biologique-sable-42611\/#breadcrumb"},"inLanguage":"fr-FR","potentialAction":[{"@type":"ReadAction","target":["https:\/\/www.voustensports.com\/fr\/stone-island-veste-a-capuche-en-nylon-panama-tc-aspect-biologique-sable-42611\/"]}]},{"@type":"ImageObject","inLanguage":"fr-FR","@id":"https:\/\/www.voustensports.com\/fr\/stone-island-veste-a-capuche-en-nylon-panama-tc-aspect-biologique-sable-42611\/#primaryimage","url":"https:\/\/www.voustensports.com\/wp-content\/uploads\/2023\/06\/ORGANIC-LOOK-NYLON-PANAMA-TC-HOODED-JACKET-ZAND-426111.jpg","contentUrl":"https:\/\/www.voustensports.com\/wp-content\/uploads\/2023\/06\/ORGANIC-LOOK-NYLON-PANAMA-TC-HOODED-JACKET-ZAND-426111.jpg","width":1365,"height":2048},{"@type":"BreadcrumbList","@id":"https:\/\/www.voustensports.com\/fr\/stone-island-veste-a-capuche-en-nylon-panama-tc-aspect-biologique-sable-42611\/#breadcrumb","itemListElement":[{"@type":"ListItem","position":1,"name":"Home","item":"https:\/\/www.voustensports.com\/fr\/"},{"@type":"ListItem","position":2,"name":"Boutique","item":"https:\/\/www.voustensports.com\/fr\/shop\/"},{"@type":"ListItem","position":3,"name":"STONE ISLAND &#8211; VESTE \u00c0 CAPUCHE EN NYLON PANAMA-TC ASPECT BIOLOGIQUE SABLE (42611)"}]},{"@type":"WebSite","@id":"https:\/\/www.voustensports.com\/nl\/#website","url":"https:\/\/www.voustensports.com\/nl\/","name":"Vousten Sports","description":"","potentialAction":[{"@type":"SearchAction","target":{"@type":"EntryPoint","urlTemplate":"https:\/\/www.voustensports.com\/nl\/?s={search_term_string}"},"query-input":{"@type":"PropertyValueSpecification","valueRequired":true,"valueName":"search_term_string"}}],"inLanguage":"fr-FR"}]}},"_links":{"self":[{"href":"https:\/\/www.voustensports.com\/fr\/wp-json\/wp\/v2\/product\/228501","targetHints":{"allow":["GET"]}}],"collection":[{"href":"https:\/\/www.voustensports.com\/fr\/wp-json\/wp\/v2\/product"}],"about":[{"href":"https:\/\/www.voustensports.com\/fr\/wp-json\/wp\/v2\/types\/product"}],"replies":[{"embeddable":true,"href":"https:\/\/www.voustensports.com\/fr\/wp-json\/wp\/v2\/comments?post=228501"}],"wp:featuredmedia":[{"embeddable":true,"href":"https:\/\/www.voustensports.com\/fr\/wp-json\/wp\/v2\/media\/228489"}],"wp:attachment":[{"href":"https:\/\/www.voustensports.com\/fr\/wp-json\/wp\/v2\/media?parent=228501"}],"wp:term":[{"taxonomy":"product_cat","embeddable":true,"href":"https:\/\/www.voustensports.com\/fr\/wp-json\/wp\/v2\/product_cat?post=228501"},{"taxonomy":"product_tag","embeddable":true,"href":"https:\/\/www.voustensports.com\/fr\/wp-json\/wp\/v2\/product_tag?post=228501"}],"curies":[{"name":"wp","href":"https:\/\/api.w.org\/{rel}","templated":true}]}}