{"id":228143,"date":"2026-03-29T06:00:12","date_gmt":"2026-03-29T04:00:12","guid":{"rendered":"https:\/\/www.voustensports.com\/herno-surchemise-bleu-fonce-42725\/"},"modified":"2026-04-18T20:21:10","modified_gmt":"2026-04-18T18:21:10","slug":"herno-surchemise-bleu-fonce-42725","status":"publish","type":"product","link":"https:\/\/www.voustensports.com\/fr\/herno-surchemise-bleu-fonce-42725\/","title":{"rendered":"HERNO &#8211; SURCHEMISE BLEU FONC\u00c9 (42725)"},"content":{"rendered":"<div>D\u00c9TAILS DU PRODUIT<\/div>\n<div>Surchemise en tissu double stretch. Confortable \u00e0 porter comme v\u00eatement d&rsquo;ext\u00e9rieur l\u00e9ger, son style est rehauss\u00e9 de boutons griff\u00e9s qui lui conf\u00e8rent une touche d&rsquo;exclusivit\u00e9.<\/div>\n<div><\/div>\n<div>STYLE<\/div>\n<ul>\n<li>Coupe classique<\/li>\n<li>Col<\/li>\n<li>Manches longues<\/li>\n<li>Fermeture \u00e0 boutons-pression<\/li>\n<li>Poches passepoil\u00e9es<\/li>\n<li>Petite poche plaqu\u00e9e<\/li>\n<\/ul>\n<div>COMPOSITION<\/div>\n<ul>\n<li>84 % PA &#8211; 16 % EA &#8211; TISSU PRINCIPAL : 84 % POLYAMIDE \/ NYLON 16 % \u00c9LASTHANNE \/ SPANDEX<\/li>\n<\/ul>\n","protected":false},"excerpt":{"rendered":"<p>D\u00c9TAILS DU PRODUIT Surchemise en tissu double stretch. Confortable \u00e0 porter comme v\u00eatement d&rsquo;ext\u00e9rieur l\u00e9ger, son style est rehauss\u00e9 de boutons griff\u00e9s qui lui conf\u00e8rent une touche d&rsquo;exclusivit\u00e9. STYLE Coupe classique Col Manches longues Fermeture \u00e0 boutons-pression Poches passepoil\u00e9es Petite poche plaqu\u00e9e COMPOSITION 84 % PA &#8211; 16 % EA &#8211; TISSU PRINCIPAL : 84 [&#8230;]\n","protected":false},"featured_media":228131,"comment_status":"open","ping_status":"closed","template":"","meta":{"rank_math_lock_modified_date":false},"product_cat":[446,450,462,486,701,705,727,739],"product_tag":[],"class_list":{"0":"post-228143","1":"product","2":"type-product","3":"status-publish","4":"has-post-thumbnail","6":"product_cat-kleding-fr","7":"product_cat-heren-fr","8":"product_cat-vousten-sports-fr-2","9":"product_cat-shirt-fr-2","10":"product_cat-jackets-fr","11":"product_cat-jassen-jacks-fr","12":"product_cat-herno-fr","13":"product_cat-overshirt-fr-2","15":"first","16":"instock","17":"taxable","18":"shipping-taxable","19":"purchasable","20":"product-type-variable"},"acf":[],"yoast_head":"<!-- This site is optimized with the Yoast SEO plugin v23.9 - https:\/\/yoast.com\/wordpress\/plugins\/seo\/ -->\n<title>HERNO - SURCHEMISE BLEU FONC\u00c9 (42725) - Vousten Sports<\/title>\n<meta name=\"robots\" content=\"index, follow, max-snippet:-1, max-image-preview:large, max-video-preview:-1\" \/>\n<link rel=\"canonical\" href=\"https:\/\/www.voustensports.com\/fr\/herno-surchemise-bleu-fonce-42725\/\" \/>\n<meta property=\"og:locale\" content=\"fr_FR\" \/>\n<meta property=\"og:type\" content=\"article\" \/>\n<meta property=\"og:title\" content=\"HERNO - SURCHEMISE BLEU FONC\u00c9 (42725) - Vousten Sports\" \/>\n<meta property=\"og:description\" content=\"D\u00c9TAILS DU PRODUIT Surchemise en tissu double stretch. Confortable \u00e0 porter comme v\u00eatement d&rsquo;ext\u00e9rieur l\u00e9ger, son style est rehauss\u00e9 de boutons griff\u00e9s qui lui conf\u00e8rent une touche d&rsquo;exclusivit\u00e9. STYLE Coupe classique Col Manches longues Fermeture \u00e0 boutons-pression Poches passepoil\u00e9es Petite poche plaqu\u00e9e COMPOSITION 84 % PA &#8211; 16 % EA &#8211; TISSU PRINCIPAL : 84 [...]\" \/>\n<meta property=\"og:url\" content=\"https:\/\/www.voustensports.com\/fr\/herno-surchemise-bleu-fonce-42725\/\" \/>\n<meta property=\"og:site_name\" content=\"Vousten Sports\" \/>\n<meta property=\"article:modified_time\" content=\"2026-04-18T18:21:10+00:00\" \/>\n<meta property=\"og:image\" content=\"https:\/\/www.voustensports.com\/wp-content\/uploads\/2023\/06\/OVERSHIRT-JACKET-DONKERBLAUW-427251.jpg\" \/>\n\t<meta property=\"og:image:width\" content=\"1609\" \/>\n\t<meta property=\"og:image:height\" content=\"2048\" \/>\n\t<meta property=\"og:image:type\" content=\"image\/jpeg\" \/>\n<meta name=\"twitter:card\" content=\"summary_large_image\" \/>\n<script type=\"application\/ld+json\" class=\"yoast-schema-graph\">{\"@context\":\"https:\/\/schema.org\",\"@graph\":[{\"@type\":\"WebPage\",\"@id\":\"https:\/\/www.voustensports.com\/fr\/herno-surchemise-bleu-fonce-42725\/\",\"url\":\"https:\/\/www.voustensports.com\/fr\/herno-surchemise-bleu-fonce-42725\/\",\"name\":\"HERNO - SURCHEMISE BLEU FONC\u00c9 (42725) - Vousten Sports\",\"isPartOf\":{\"@id\":\"https:\/\/www.voustensports.com\/nl\/#website\"},\"primaryImageOfPage\":{\"@id\":\"https:\/\/www.voustensports.com\/fr\/herno-surchemise-bleu-fonce-42725\/#primaryimage\"},\"image\":{\"@id\":\"https:\/\/www.voustensports.com\/fr\/herno-surchemise-bleu-fonce-42725\/#primaryimage\"},\"thumbnailUrl\":\"https:\/\/www.voustensports.com\/wp-content\/uploads\/2023\/06\/OVERSHIRT-JACKET-DONKERBLAUW-427251.jpg\",\"datePublished\":\"2026-03-29T04:00:12+00:00\",\"dateModified\":\"2026-04-18T18:21:10+00:00\",\"breadcrumb\":{\"@id\":\"https:\/\/www.voustensports.com\/fr\/herno-surchemise-bleu-fonce-42725\/#breadcrumb\"},\"inLanguage\":\"fr-FR\",\"potentialAction\":[{\"@type\":\"ReadAction\",\"target\":[\"https:\/\/www.voustensports.com\/fr\/herno-surchemise-bleu-fonce-42725\/\"]}]},{\"@type\":\"ImageObject\",\"inLanguage\":\"fr-FR\",\"@id\":\"https:\/\/www.voustensports.com\/fr\/herno-surchemise-bleu-fonce-42725\/#primaryimage\",\"url\":\"https:\/\/www.voustensports.com\/wp-content\/uploads\/2023\/06\/OVERSHIRT-JACKET-DONKERBLAUW-427251.jpg\",\"contentUrl\":\"https:\/\/www.voustensports.com\/wp-content\/uploads\/2023\/06\/OVERSHIRT-JACKET-DONKERBLAUW-427251.jpg\",\"width\":1609,\"height\":2048},{\"@type\":\"BreadcrumbList\",\"@id\":\"https:\/\/www.voustensports.com\/fr\/herno-surchemise-bleu-fonce-42725\/#breadcrumb\",\"itemListElement\":[{\"@type\":\"ListItem\",\"position\":1,\"name\":\"Home\",\"item\":\"https:\/\/www.voustensports.com\/fr\/\"},{\"@type\":\"ListItem\",\"position\":2,\"name\":\"Boutique\",\"item\":\"https:\/\/www.voustensports.com\/fr\/shop\/\"},{\"@type\":\"ListItem\",\"position\":3,\"name\":\"HERNO &#8211; SURCHEMISE BLEU FONC\u00c9 (42725)\"}]},{\"@type\":\"WebSite\",\"@id\":\"https:\/\/www.voustensports.com\/nl\/#website\",\"url\":\"https:\/\/www.voustensports.com\/nl\/\",\"name\":\"Vousten Sports\",\"description\":\"\",\"potentialAction\":[{\"@type\":\"SearchAction\",\"target\":{\"@type\":\"EntryPoint\",\"urlTemplate\":\"https:\/\/www.voustensports.com\/nl\/?s={search_term_string}\"},\"query-input\":{\"@type\":\"PropertyValueSpecification\",\"valueRequired\":true,\"valueName\":\"search_term_string\"}}],\"inLanguage\":\"fr-FR\"}]}<\/script>\n<!-- \/ Yoast SEO plugin. -->","yoast_head_json":{"title":"HERNO - SURCHEMISE BLEU FONC\u00c9 (42725) - Vousten Sports","robots":{"index":"index","follow":"follow","max-snippet":"max-snippet:-1","max-image-preview":"max-image-preview:large","max-video-preview":"max-video-preview:-1"},"canonical":"https:\/\/www.voustensports.com\/fr\/herno-surchemise-bleu-fonce-42725\/","og_locale":"fr_FR","og_type":"article","og_title":"HERNO - SURCHEMISE BLEU FONC\u00c9 (42725) - Vousten Sports","og_description":"D\u00c9TAILS DU PRODUIT Surchemise en tissu double stretch. Confortable \u00e0 porter comme v\u00eatement d&rsquo;ext\u00e9rieur l\u00e9ger, son style est rehauss\u00e9 de boutons griff\u00e9s qui lui conf\u00e8rent une touche d&rsquo;exclusivit\u00e9. STYLE Coupe classique Col Manches longues Fermeture \u00e0 boutons-pression Poches passepoil\u00e9es Petite poche plaqu\u00e9e COMPOSITION 84 % PA &#8211; 16 % EA &#8211; TISSU PRINCIPAL : 84 [...]","og_url":"https:\/\/www.voustensports.com\/fr\/herno-surchemise-bleu-fonce-42725\/","og_site_name":"Vousten Sports","article_modified_time":"2026-04-18T18:21:10+00:00","og_image":[{"width":1609,"height":2048,"url":"https:\/\/www.voustensports.com\/wp-content\/uploads\/2023\/06\/OVERSHIRT-JACKET-DONKERBLAUW-427251.jpg","type":"image\/jpeg"}],"twitter_card":"summary_large_image","schema":{"@context":"https:\/\/schema.org","@graph":[{"@type":"WebPage","@id":"https:\/\/www.voustensports.com\/fr\/herno-surchemise-bleu-fonce-42725\/","url":"https:\/\/www.voustensports.com\/fr\/herno-surchemise-bleu-fonce-42725\/","name":"HERNO - SURCHEMISE BLEU FONC\u00c9 (42725) - Vousten Sports","isPartOf":{"@id":"https:\/\/www.voustensports.com\/nl\/#website"},"primaryImageOfPage":{"@id":"https:\/\/www.voustensports.com\/fr\/herno-surchemise-bleu-fonce-42725\/#primaryimage"},"image":{"@id":"https:\/\/www.voustensports.com\/fr\/herno-surchemise-bleu-fonce-42725\/#primaryimage"},"thumbnailUrl":"https:\/\/www.voustensports.com\/wp-content\/uploads\/2023\/06\/OVERSHIRT-JACKET-DONKERBLAUW-427251.jpg","datePublished":"2026-03-29T04:00:12+00:00","dateModified":"2026-04-18T18:21:10+00:00","breadcrumb":{"@id":"https:\/\/www.voustensports.com\/fr\/herno-surchemise-bleu-fonce-42725\/#breadcrumb"},"inLanguage":"fr-FR","potentialAction":[{"@type":"ReadAction","target":["https:\/\/www.voustensports.com\/fr\/herno-surchemise-bleu-fonce-42725\/"]}]},{"@type":"ImageObject","inLanguage":"fr-FR","@id":"https:\/\/www.voustensports.com\/fr\/herno-surchemise-bleu-fonce-42725\/#primaryimage","url":"https:\/\/www.voustensports.com\/wp-content\/uploads\/2023\/06\/OVERSHIRT-JACKET-DONKERBLAUW-427251.jpg","contentUrl":"https:\/\/www.voustensports.com\/wp-content\/uploads\/2023\/06\/OVERSHIRT-JACKET-DONKERBLAUW-427251.jpg","width":1609,"height":2048},{"@type":"BreadcrumbList","@id":"https:\/\/www.voustensports.com\/fr\/herno-surchemise-bleu-fonce-42725\/#breadcrumb","itemListElement":[{"@type":"ListItem","position":1,"name":"Home","item":"https:\/\/www.voustensports.com\/fr\/"},{"@type":"ListItem","position":2,"name":"Boutique","item":"https:\/\/www.voustensports.com\/fr\/shop\/"},{"@type":"ListItem","position":3,"name":"HERNO &#8211; SURCHEMISE BLEU FONC\u00c9 (42725)"}]},{"@type":"WebSite","@id":"https:\/\/www.voustensports.com\/nl\/#website","url":"https:\/\/www.voustensports.com\/nl\/","name":"Vousten Sports","description":"","potentialAction":[{"@type":"SearchAction","target":{"@type":"EntryPoint","urlTemplate":"https:\/\/www.voustensports.com\/nl\/?s={search_term_string}"},"query-input":{"@type":"PropertyValueSpecification","valueRequired":true,"valueName":"search_term_string"}}],"inLanguage":"fr-FR"}]}},"_links":{"self":[{"href":"https:\/\/www.voustensports.com\/fr\/wp-json\/wp\/v2\/product\/228143","targetHints":{"allow":["GET"]}}],"collection":[{"href":"https:\/\/www.voustensports.com\/fr\/wp-json\/wp\/v2\/product"}],"about":[{"href":"https:\/\/www.voustensports.com\/fr\/wp-json\/wp\/v2\/types\/product"}],"replies":[{"embeddable":true,"href":"https:\/\/www.voustensports.com\/fr\/wp-json\/wp\/v2\/comments?post=228143"}],"wp:featuredmedia":[{"embeddable":true,"href":"https:\/\/www.voustensports.com\/fr\/wp-json\/wp\/v2\/media\/228131"}],"wp:attachment":[{"href":"https:\/\/www.voustensports.com\/fr\/wp-json\/wp\/v2\/media?parent=228143"}],"wp:term":[{"taxonomy":"product_cat","embeddable":true,"href":"https:\/\/www.voustensports.com\/fr\/wp-json\/wp\/v2\/product_cat?post=228143"},{"taxonomy":"product_tag","embeddable":true,"href":"https:\/\/www.voustensports.com\/fr\/wp-json\/wp\/v2\/product_tag?post=228143"}],"curies":[{"name":"wp","href":"https:\/\/api.w.org\/{rel}","templated":true}]}}