{"id":227627,"date":"2026-03-21T16:48:07","date_gmt":"2026-03-21T15:48:07","guid":{"rendered":"https:\/\/www.voustensports.com\/jacob-cohen-lou-short-resort-3735-300d-42279-2\/"},"modified":"2026-04-23T01:21:18","modified_gmt":"2026-04-22T23:21:18","slug":"jacob-cohen-lou-short-resort-3735-300d-42279-2","status":"publish","type":"product","link":"https:\/\/www.voustensports.com\/fr\/jacob-cohen-lou-short-resort-3735-300d-42279-2\/","title":{"rendered":"Jacob Coh\u00ebn &#8211; (Lou) Short Resort 3735 300D (42279)"},"content":{"rendered":"<div>\n<div><strong>Collection Capsule Resort !<\/strong><\/div>\n<div>Chaque \u00e9t\u00e9, Jacob Coh\u00ebn d\u00e9voile sa collection capsule Resort, une collection qui c\u00e9l\u00e8bre un style de vie raffin\u00e9, con\u00e7ue pour profiter de l&rsquo;\u00e9t\u00e9 avec \u00e9l\u00e9gance, dans un univers o\u00f9 glamour et luxe se conjuguent du lever au coucher du soleil. Cette fois-ci, Resort rend hommage \u00e0 l&rsquo;\u00e9t\u00e9 de Palm Beach avec des couleurs vibrantes, des imprim\u00e9s floraux et des motifs raffin\u00e9s rehauss\u00e9s de broderies.<\/div>\n<div><\/div>\n<div>Ce short en denim semi-d\u00e9contract\u00e9 arrive juste au-dessus du genou.<\/div>\n<ul>\n<li>Short stretch<\/li>\n<li>Taille standard<\/li>\n<li>Fermeture \u00e9clair<\/li>\n<li>\u00c9cusson Resort<\/li>\n<li>Bouton Resort sur le devant et d\u00e9tail palmier sur la poche gauche<\/li>\n<li>Composition : 72 % coton, 14 % viscose, 12 % polyester, 2 % \u00e9lasthanne<\/li>\n<li>Ce short Jacob Coh\u00ebn est confectionn\u00e9 \u00e0 la main en V\u00e9n\u00e9tie, dans le nord-est de l&rsquo;Italie.<\/li>\n<\/ul>\n<div>Foulard assorti et fil de rechange offerts.<\/div>\n<\/div>\n<div><\/div>\n","protected":false},"excerpt":{"rendered":"<p>Collection Capsule Resort ! Chaque \u00e9t\u00e9, Jacob Coh\u00ebn d\u00e9voile sa collection capsule Resort, une collection qui c\u00e9l\u00e8bre un style de vie raffin\u00e9, con\u00e7ue pour profiter de l&rsquo;\u00e9t\u00e9 avec \u00e9l\u00e9gance, dans un univers o\u00f9 glamour et luxe se conjuguent du lever au coucher du soleil. Cette fois-ci, Resort rend hommage \u00e0 l&rsquo;\u00e9t\u00e9 de Palm Beach avec [&#8230;]\n","protected":false},"featured_media":227617,"comment_status":"open","ping_status":"closed","template":"","meta":{"rank_math_lock_modified_date":false},"product_cat":[450,458,462,466,568,583,786,1016],"product_tag":[],"class_list":{"0":"post-227627","1":"product","2":"type-product","3":"status-publish","4":"has-post-thumbnail","6":"product_cat-heren-fr","7":"product_cat-shorts-fr-2","8":"product_cat-vousten-sports-fr-2","9":"product_cat-broeken-fr","10":"product_cat-jacob-cohen-jeans-fr","11":"product_cat-heren-jeans-fr","12":"product_cat-broek-fr","13":"product_cat-jacob-cohen-fr","15":"first","16":"instock","17":"taxable","18":"shipping-taxable","19":"purchasable","20":"product-type-variable"},"acf":[],"yoast_head":"<!-- This site is optimized with the Yoast SEO plugin v23.9 - https:\/\/yoast.com\/wordpress\/plugins\/seo\/ -->\n<title>Jacob Coh\u00ebn - (Lou) Short Resort 3735 300D (42279) - Vousten Sports<\/title>\n<meta name=\"robots\" content=\"index, follow, max-snippet:-1, max-image-preview:large, max-video-preview:-1\" \/>\n<link rel=\"canonical\" href=\"https:\/\/www.voustensports.com\/fr\/jacob-cohen-lou-short-resort-3735-300d-42279-2\/\" \/>\n<meta property=\"og:locale\" content=\"fr_FR\" \/>\n<meta property=\"og:type\" content=\"article\" \/>\n<meta property=\"og:title\" content=\"Jacob Coh\u00ebn - (Lou) Short Resort 3735 300D (42279) - Vousten Sports\" \/>\n<meta property=\"og:description\" content=\"Collection Capsule Resort ! Chaque \u00e9t\u00e9, Jacob Coh\u00ebn d\u00e9voile sa collection capsule Resort, une collection qui c\u00e9l\u00e8bre un style de vie raffin\u00e9, con\u00e7ue pour profiter de l&rsquo;\u00e9t\u00e9 avec \u00e9l\u00e9gance, dans un univers o\u00f9 glamour et luxe se conjuguent du lever au coucher du soleil. Cette fois-ci, Resort rend hommage \u00e0 l&rsquo;\u00e9t\u00e9 de Palm Beach avec [...]\" \/>\n<meta property=\"og:url\" content=\"https:\/\/www.voustensports.com\/fr\/jacob-cohen-lou-short-resort-3735-300d-42279-2\/\" \/>\n<meta property=\"og:site_name\" content=\"Vousten Sports\" \/>\n<meta property=\"article:modified_time\" content=\"2026-04-22T23:21:18+00:00\" \/>\n<meta property=\"og:image\" content=\"https:\/\/www.voustensports.com\/wp-content\/uploads\/2023\/06\/Lou-Short-Resort-3735-300D-422791.jpg\" \/>\n\t<meta property=\"og:image:width\" content=\"2048\" \/>\n\t<meta property=\"og:image:height\" content=\"2048\" \/>\n\t<meta property=\"og:image:type\" content=\"image\/jpeg\" \/>\n<meta name=\"twitter:card\" content=\"summary_large_image\" \/>\n<meta name=\"twitter:label1\" content=\"Est. reading time\" \/>\n\t<meta name=\"twitter:data1\" content=\"1 minute\" \/>\n<script type=\"application\/ld+json\" class=\"yoast-schema-graph\">{\"@context\":\"https:\/\/schema.org\",\"@graph\":[{\"@type\":\"WebPage\",\"@id\":\"https:\/\/www.voustensports.com\/fr\/jacob-cohen-lou-short-resort-3735-300d-42279-2\/\",\"url\":\"https:\/\/www.voustensports.com\/fr\/jacob-cohen-lou-short-resort-3735-300d-42279-2\/\",\"name\":\"Jacob Coh\u00ebn - (Lou) Short Resort 3735 300D (42279) - Vousten Sports\",\"isPartOf\":{\"@id\":\"https:\/\/www.voustensports.com\/nl\/#website\"},\"primaryImageOfPage\":{\"@id\":\"https:\/\/www.voustensports.com\/fr\/jacob-cohen-lou-short-resort-3735-300d-42279-2\/#primaryimage\"},\"image\":{\"@id\":\"https:\/\/www.voustensports.com\/fr\/jacob-cohen-lou-short-resort-3735-300d-42279-2\/#primaryimage\"},\"thumbnailUrl\":\"https:\/\/www.voustensports.com\/wp-content\/uploads\/2023\/06\/Lou-Short-Resort-3735-300D-422791.jpg\",\"datePublished\":\"2026-03-21T15:48:07+00:00\",\"dateModified\":\"2026-04-22T23:21:18+00:00\",\"breadcrumb\":{\"@id\":\"https:\/\/www.voustensports.com\/fr\/jacob-cohen-lou-short-resort-3735-300d-42279-2\/#breadcrumb\"},\"inLanguage\":\"fr-FR\",\"potentialAction\":[{\"@type\":\"ReadAction\",\"target\":[\"https:\/\/www.voustensports.com\/fr\/jacob-cohen-lou-short-resort-3735-300d-42279-2\/\"]}]},{\"@type\":\"ImageObject\",\"inLanguage\":\"fr-FR\",\"@id\":\"https:\/\/www.voustensports.com\/fr\/jacob-cohen-lou-short-resort-3735-300d-42279-2\/#primaryimage\",\"url\":\"https:\/\/www.voustensports.com\/wp-content\/uploads\/2023\/06\/Lou-Short-Resort-3735-300D-422791.jpg\",\"contentUrl\":\"https:\/\/www.voustensports.com\/wp-content\/uploads\/2023\/06\/Lou-Short-Resort-3735-300D-422791.jpg\",\"width\":2048,\"height\":2048},{\"@type\":\"BreadcrumbList\",\"@id\":\"https:\/\/www.voustensports.com\/fr\/jacob-cohen-lou-short-resort-3735-300d-42279-2\/#breadcrumb\",\"itemListElement\":[{\"@type\":\"ListItem\",\"position\":1,\"name\":\"Home\",\"item\":\"https:\/\/www.voustensports.com\/fr\/\"},{\"@type\":\"ListItem\",\"position\":2,\"name\":\"Boutique\",\"item\":\"https:\/\/www.voustensports.com\/fr\/shop\/\"},{\"@type\":\"ListItem\",\"position\":3,\"name\":\"Jacob Coh\u00ebn &#8211; (Lou) Short Resort 3735 300D (42279)\"}]},{\"@type\":\"WebSite\",\"@id\":\"https:\/\/www.voustensports.com\/nl\/#website\",\"url\":\"https:\/\/www.voustensports.com\/nl\/\",\"name\":\"Vousten Sports\",\"description\":\"\",\"potentialAction\":[{\"@type\":\"SearchAction\",\"target\":{\"@type\":\"EntryPoint\",\"urlTemplate\":\"https:\/\/www.voustensports.com\/nl\/?s={search_term_string}\"},\"query-input\":{\"@type\":\"PropertyValueSpecification\",\"valueRequired\":true,\"valueName\":\"search_term_string\"}}],\"inLanguage\":\"fr-FR\"}]}<\/script>\n<!-- \/ Yoast SEO plugin. -->","yoast_head_json":{"title":"Jacob Coh\u00ebn - (Lou) Short Resort 3735 300D (42279) - Vousten Sports","robots":{"index":"index","follow":"follow","max-snippet":"max-snippet:-1","max-image-preview":"max-image-preview:large","max-video-preview":"max-video-preview:-1"},"canonical":"https:\/\/www.voustensports.com\/fr\/jacob-cohen-lou-short-resort-3735-300d-42279-2\/","og_locale":"fr_FR","og_type":"article","og_title":"Jacob Coh\u00ebn - (Lou) Short Resort 3735 300D (42279) - Vousten Sports","og_description":"Collection Capsule Resort ! Chaque \u00e9t\u00e9, Jacob Coh\u00ebn d\u00e9voile sa collection capsule Resort, une collection qui c\u00e9l\u00e8bre un style de vie raffin\u00e9, con\u00e7ue pour profiter de l&rsquo;\u00e9t\u00e9 avec \u00e9l\u00e9gance, dans un univers o\u00f9 glamour et luxe se conjuguent du lever au coucher du soleil. Cette fois-ci, Resort rend hommage \u00e0 l&rsquo;\u00e9t\u00e9 de Palm Beach avec [...]","og_url":"https:\/\/www.voustensports.com\/fr\/jacob-cohen-lou-short-resort-3735-300d-42279-2\/","og_site_name":"Vousten Sports","article_modified_time":"2026-04-22T23:21:18+00:00","og_image":[{"width":2048,"height":2048,"url":"https:\/\/www.voustensports.com\/wp-content\/uploads\/2023\/06\/Lou-Short-Resort-3735-300D-422791.jpg","type":"image\/jpeg"}],"twitter_card":"summary_large_image","twitter_misc":{"Est. reading time":"1 minute"},"schema":{"@context":"https:\/\/schema.org","@graph":[{"@type":"WebPage","@id":"https:\/\/www.voustensports.com\/fr\/jacob-cohen-lou-short-resort-3735-300d-42279-2\/","url":"https:\/\/www.voustensports.com\/fr\/jacob-cohen-lou-short-resort-3735-300d-42279-2\/","name":"Jacob Coh\u00ebn - (Lou) Short Resort 3735 300D (42279) - Vousten Sports","isPartOf":{"@id":"https:\/\/www.voustensports.com\/nl\/#website"},"primaryImageOfPage":{"@id":"https:\/\/www.voustensports.com\/fr\/jacob-cohen-lou-short-resort-3735-300d-42279-2\/#primaryimage"},"image":{"@id":"https:\/\/www.voustensports.com\/fr\/jacob-cohen-lou-short-resort-3735-300d-42279-2\/#primaryimage"},"thumbnailUrl":"https:\/\/www.voustensports.com\/wp-content\/uploads\/2023\/06\/Lou-Short-Resort-3735-300D-422791.jpg","datePublished":"2026-03-21T15:48:07+00:00","dateModified":"2026-04-22T23:21:18+00:00","breadcrumb":{"@id":"https:\/\/www.voustensports.com\/fr\/jacob-cohen-lou-short-resort-3735-300d-42279-2\/#breadcrumb"},"inLanguage":"fr-FR","potentialAction":[{"@type":"ReadAction","target":["https:\/\/www.voustensports.com\/fr\/jacob-cohen-lou-short-resort-3735-300d-42279-2\/"]}]},{"@type":"ImageObject","inLanguage":"fr-FR","@id":"https:\/\/www.voustensports.com\/fr\/jacob-cohen-lou-short-resort-3735-300d-42279-2\/#primaryimage","url":"https:\/\/www.voustensports.com\/wp-content\/uploads\/2023\/06\/Lou-Short-Resort-3735-300D-422791.jpg","contentUrl":"https:\/\/www.voustensports.com\/wp-content\/uploads\/2023\/06\/Lou-Short-Resort-3735-300D-422791.jpg","width":2048,"height":2048},{"@type":"BreadcrumbList","@id":"https:\/\/www.voustensports.com\/fr\/jacob-cohen-lou-short-resort-3735-300d-42279-2\/#breadcrumb","itemListElement":[{"@type":"ListItem","position":1,"name":"Home","item":"https:\/\/www.voustensports.com\/fr\/"},{"@type":"ListItem","position":2,"name":"Boutique","item":"https:\/\/www.voustensports.com\/fr\/shop\/"},{"@type":"ListItem","position":3,"name":"Jacob Coh\u00ebn &#8211; (Lou) Short Resort 3735 300D (42279)"}]},{"@type":"WebSite","@id":"https:\/\/www.voustensports.com\/nl\/#website","url":"https:\/\/www.voustensports.com\/nl\/","name":"Vousten Sports","description":"","potentialAction":[{"@type":"SearchAction","target":{"@type":"EntryPoint","urlTemplate":"https:\/\/www.voustensports.com\/nl\/?s={search_term_string}"},"query-input":{"@type":"PropertyValueSpecification","valueRequired":true,"valueName":"search_term_string"}}],"inLanguage":"fr-FR"}]}},"_links":{"self":[{"href":"https:\/\/www.voustensports.com\/fr\/wp-json\/wp\/v2\/product\/227627","targetHints":{"allow":["GET"]}}],"collection":[{"href":"https:\/\/www.voustensports.com\/fr\/wp-json\/wp\/v2\/product"}],"about":[{"href":"https:\/\/www.voustensports.com\/fr\/wp-json\/wp\/v2\/types\/product"}],"replies":[{"embeddable":true,"href":"https:\/\/www.voustensports.com\/fr\/wp-json\/wp\/v2\/comments?post=227627"}],"wp:featuredmedia":[{"embeddable":true,"href":"https:\/\/www.voustensports.com\/fr\/wp-json\/wp\/v2\/media\/227617"}],"wp:attachment":[{"href":"https:\/\/www.voustensports.com\/fr\/wp-json\/wp\/v2\/media?parent=227627"}],"wp:term":[{"taxonomy":"product_cat","embeddable":true,"href":"https:\/\/www.voustensports.com\/fr\/wp-json\/wp\/v2\/product_cat?post=227627"},{"taxonomy":"product_tag","embeddable":true,"href":"https:\/\/www.voustensports.com\/fr\/wp-json\/wp\/v2\/product_tag?post=227627"}],"curies":[{"name":"wp","href":"https:\/\/api.w.org\/{rel}","templated":true}]}}