{"id":227249,"date":"2026-03-13T23:39:09","date_gmt":"2026-03-13T22:39:09","guid":{"rendered":"https:\/\/www.voustensports.com\/c-p-company-t-shirt-a-logo-avec-impression-au-dos-bleu-marine-42737\/"},"modified":"2026-03-14T01:12:09","modified_gmt":"2026-03-14T00:12:09","slug":"c-p-company-t-shirt-a-logo-avec-impression-au-dos-bleu-marine-42737","status":"publish","type":"product","link":"https:\/\/www.voustensports.com\/fr\/c-p-company-t-shirt-a-logo-avec-impression-au-dos-bleu-marine-42737\/","title":{"rendered":"C.P. Company &#8211; T-shirt \u00e0 logo avec impression au dos bleu marine (42737)"},"content":{"rendered":"<div>D\u00c9TAILS DU PRODUIT<\/div>\n<div>T-shirt \u00e0 manches courtes en jersey de coton 30\/1, doux et respirant pour un confort optimal au quotidien. Ce mod\u00e8le pr\u00e9sente un col rond c\u00f4tel\u00e9 et un logo imprim\u00e9 avec le motif \u00ab Marin britannique \u00bb sur la poitrine et le dos.<\/div>\n<div><\/div>\n<div>STYLE<\/div>\n<ul>\n<li>Col rond c\u00f4tel\u00e9<\/li>\n<li>Logo et motif \u00ab Marin britannique \u00bb imprim\u00e9s sur la poitrine et le dos<\/li>\n<li>Fabriqu\u00e9 en Italie<\/li>\n<li>Coupe confortable<\/li>\n<\/ul>\n<div>COMPOSITION<\/div>\n<ul>\n<li>Ext\u00e9rieur : 100 % coton<\/li>\n<\/ul>\n","protected":false},"excerpt":{"rendered":"<p>D\u00c9TAILS DU PRODUIT T-shirt \u00e0 manches courtes en jersey de coton 30\/1, doux et respirant pour un confort optimal au quotidien. Ce mod\u00e8le pr\u00e9sente un col rond c\u00f4tel\u00e9 et un logo imprim\u00e9 avec le motif \u00ab Marin britannique \u00bb sur la poitrine et le dos. STYLE Col rond c\u00f4tel\u00e9 Logo et motif \u00ab Marin britannique [&#8230;]\n","protected":false},"featured_media":227237,"comment_status":"open","ping_status":"closed","template":"","meta":{"rank_math_lock_modified_date":false},"product_cat":[438,446,450,462,486,490],"product_tag":[],"class_list":{"0":"post-227249","1":"product","2":"type-product","3":"status-publish","4":"has-post-thumbnail","6":"product_cat-cp-company-fr","7":"product_cat-kleding-fr","8":"product_cat-heren-fr","9":"product_cat-vousten-sports-fr-2","10":"product_cat-shirt-fr-2","11":"product_cat-t-shirts-fr-2","13":"first","14":"instock","15":"taxable","16":"shipping-taxable","17":"purchasable","18":"product-type-variable"},"acf":[],"yoast_head":"<!-- This site is optimized with the Yoast SEO plugin v23.9 - https:\/\/yoast.com\/wordpress\/plugins\/seo\/ -->\n<title>C.P. Company - T-shirt \u00e0 logo avec impression au dos bleu marine (42737) - Vousten Sports<\/title>\n<meta name=\"robots\" content=\"index, follow, max-snippet:-1, max-image-preview:large, max-video-preview:-1\" \/>\n<link rel=\"canonical\" href=\"https:\/\/www.voustensports.com\/fr\/c-p-company-t-shirt-a-logo-avec-impression-au-dos-bleu-marine-42737\/\" \/>\n<meta property=\"og:locale\" content=\"fr_FR\" \/>\n<meta property=\"og:type\" content=\"article\" \/>\n<meta property=\"og:title\" content=\"C.P. Company - T-shirt \u00e0 logo avec impression au dos bleu marine (42737) - Vousten Sports\" \/>\n<meta property=\"og:description\" content=\"D\u00c9TAILS DU PRODUIT T-shirt \u00e0 manches courtes en jersey de coton 30\/1, doux et respirant pour un confort optimal au quotidien. Ce mod\u00e8le pr\u00e9sente un col rond c\u00f4tel\u00e9 et un logo imprim\u00e9 avec le motif \u00ab Marin britannique \u00bb sur la poitrine et le dos. STYLE Col rond c\u00f4tel\u00e9 Logo et motif \u00ab Marin britannique [...]\" \/>\n<meta property=\"og:url\" content=\"https:\/\/www.voustensports.com\/fr\/c-p-company-t-shirt-a-logo-avec-impression-au-dos-bleu-marine-42737\/\" \/>\n<meta property=\"og:site_name\" content=\"Vousten Sports\" \/>\n<meta property=\"article:modified_time\" content=\"2026-03-14T00:12:09+00:00\" \/>\n<meta property=\"og:image\" content=\"https:\/\/www.voustensports.com\/wp-content\/uploads\/2023\/06\/Logo-T-shirt-met-Backprint-navy-427371.jpg\" \/>\n\t<meta property=\"og:image:width\" content=\"1638\" \/>\n\t<meta property=\"og:image:height\" content=\"2048\" \/>\n\t<meta property=\"og:image:type\" content=\"image\/jpeg\" \/>\n<meta name=\"twitter:card\" content=\"summary_large_image\" \/>\n<script type=\"application\/ld+json\" class=\"yoast-schema-graph\">{\"@context\":\"https:\/\/schema.org\",\"@graph\":[{\"@type\":\"WebPage\",\"@id\":\"https:\/\/www.voustensports.com\/fr\/c-p-company-t-shirt-a-logo-avec-impression-au-dos-bleu-marine-42737\/\",\"url\":\"https:\/\/www.voustensports.com\/fr\/c-p-company-t-shirt-a-logo-avec-impression-au-dos-bleu-marine-42737\/\",\"name\":\"C.P. Company - T-shirt \u00e0 logo avec impression au dos bleu marine (42737) - Vousten Sports\",\"isPartOf\":{\"@id\":\"https:\/\/www.voustensports.com\/nl\/#website\"},\"primaryImageOfPage\":{\"@id\":\"https:\/\/www.voustensports.com\/fr\/c-p-company-t-shirt-a-logo-avec-impression-au-dos-bleu-marine-42737\/#primaryimage\"},\"image\":{\"@id\":\"https:\/\/www.voustensports.com\/fr\/c-p-company-t-shirt-a-logo-avec-impression-au-dos-bleu-marine-42737\/#primaryimage\"},\"thumbnailUrl\":\"https:\/\/www.voustensports.com\/wp-content\/uploads\/2023\/06\/Logo-T-shirt-met-Backprint-navy-427371.jpg\",\"datePublished\":\"2026-03-13T22:39:09+00:00\",\"dateModified\":\"2026-03-14T00:12:09+00:00\",\"breadcrumb\":{\"@id\":\"https:\/\/www.voustensports.com\/fr\/c-p-company-t-shirt-a-logo-avec-impression-au-dos-bleu-marine-42737\/#breadcrumb\"},\"inLanguage\":\"fr-FR\",\"potentialAction\":[{\"@type\":\"ReadAction\",\"target\":[\"https:\/\/www.voustensports.com\/fr\/c-p-company-t-shirt-a-logo-avec-impression-au-dos-bleu-marine-42737\/\"]}]},{\"@type\":\"ImageObject\",\"inLanguage\":\"fr-FR\",\"@id\":\"https:\/\/www.voustensports.com\/fr\/c-p-company-t-shirt-a-logo-avec-impression-au-dos-bleu-marine-42737\/#primaryimage\",\"url\":\"https:\/\/www.voustensports.com\/wp-content\/uploads\/2023\/06\/Logo-T-shirt-met-Backprint-navy-427371.jpg\",\"contentUrl\":\"https:\/\/www.voustensports.com\/wp-content\/uploads\/2023\/06\/Logo-T-shirt-met-Backprint-navy-427371.jpg\",\"width\":1638,\"height\":2048},{\"@type\":\"BreadcrumbList\",\"@id\":\"https:\/\/www.voustensports.com\/fr\/c-p-company-t-shirt-a-logo-avec-impression-au-dos-bleu-marine-42737\/#breadcrumb\",\"itemListElement\":[{\"@type\":\"ListItem\",\"position\":1,\"name\":\"Home\",\"item\":\"https:\/\/www.voustensports.com\/fr\/\"},{\"@type\":\"ListItem\",\"position\":2,\"name\":\"Boutique\",\"item\":\"https:\/\/www.voustensports.com\/fr\/shop\/\"},{\"@type\":\"ListItem\",\"position\":3,\"name\":\"C.P. Company &#8211; T-shirt \u00e0 logo avec impression au dos bleu marine (42737)\"}]},{\"@type\":\"WebSite\",\"@id\":\"https:\/\/www.voustensports.com\/nl\/#website\",\"url\":\"https:\/\/www.voustensports.com\/nl\/\",\"name\":\"Vousten Sports\",\"description\":\"\",\"potentialAction\":[{\"@type\":\"SearchAction\",\"target\":{\"@type\":\"EntryPoint\",\"urlTemplate\":\"https:\/\/www.voustensports.com\/nl\/?s={search_term_string}\"},\"query-input\":{\"@type\":\"PropertyValueSpecification\",\"valueRequired\":true,\"valueName\":\"search_term_string\"}}],\"inLanguage\":\"fr-FR\"}]}<\/script>\n<!-- \/ Yoast SEO plugin. -->","yoast_head_json":{"title":"C.P. Company - T-shirt \u00e0 logo avec impression au dos bleu marine (42737) - Vousten Sports","robots":{"index":"index","follow":"follow","max-snippet":"max-snippet:-1","max-image-preview":"max-image-preview:large","max-video-preview":"max-video-preview:-1"},"canonical":"https:\/\/www.voustensports.com\/fr\/c-p-company-t-shirt-a-logo-avec-impression-au-dos-bleu-marine-42737\/","og_locale":"fr_FR","og_type":"article","og_title":"C.P. Company - T-shirt \u00e0 logo avec impression au dos bleu marine (42737) - Vousten Sports","og_description":"D\u00c9TAILS DU PRODUIT T-shirt \u00e0 manches courtes en jersey de coton 30\/1, doux et respirant pour un confort optimal au quotidien. Ce mod\u00e8le pr\u00e9sente un col rond c\u00f4tel\u00e9 et un logo imprim\u00e9 avec le motif \u00ab Marin britannique \u00bb sur la poitrine et le dos. STYLE Col rond c\u00f4tel\u00e9 Logo et motif \u00ab Marin britannique [...]","og_url":"https:\/\/www.voustensports.com\/fr\/c-p-company-t-shirt-a-logo-avec-impression-au-dos-bleu-marine-42737\/","og_site_name":"Vousten Sports","article_modified_time":"2026-03-14T00:12:09+00:00","og_image":[{"width":1638,"height":2048,"url":"https:\/\/www.voustensports.com\/wp-content\/uploads\/2023\/06\/Logo-T-shirt-met-Backprint-navy-427371.jpg","type":"image\/jpeg"}],"twitter_card":"summary_large_image","schema":{"@context":"https:\/\/schema.org","@graph":[{"@type":"WebPage","@id":"https:\/\/www.voustensports.com\/fr\/c-p-company-t-shirt-a-logo-avec-impression-au-dos-bleu-marine-42737\/","url":"https:\/\/www.voustensports.com\/fr\/c-p-company-t-shirt-a-logo-avec-impression-au-dos-bleu-marine-42737\/","name":"C.P. Company - T-shirt \u00e0 logo avec impression au dos bleu marine (42737) - Vousten Sports","isPartOf":{"@id":"https:\/\/www.voustensports.com\/nl\/#website"},"primaryImageOfPage":{"@id":"https:\/\/www.voustensports.com\/fr\/c-p-company-t-shirt-a-logo-avec-impression-au-dos-bleu-marine-42737\/#primaryimage"},"image":{"@id":"https:\/\/www.voustensports.com\/fr\/c-p-company-t-shirt-a-logo-avec-impression-au-dos-bleu-marine-42737\/#primaryimage"},"thumbnailUrl":"https:\/\/www.voustensports.com\/wp-content\/uploads\/2023\/06\/Logo-T-shirt-met-Backprint-navy-427371.jpg","datePublished":"2026-03-13T22:39:09+00:00","dateModified":"2026-03-14T00:12:09+00:00","breadcrumb":{"@id":"https:\/\/www.voustensports.com\/fr\/c-p-company-t-shirt-a-logo-avec-impression-au-dos-bleu-marine-42737\/#breadcrumb"},"inLanguage":"fr-FR","potentialAction":[{"@type":"ReadAction","target":["https:\/\/www.voustensports.com\/fr\/c-p-company-t-shirt-a-logo-avec-impression-au-dos-bleu-marine-42737\/"]}]},{"@type":"ImageObject","inLanguage":"fr-FR","@id":"https:\/\/www.voustensports.com\/fr\/c-p-company-t-shirt-a-logo-avec-impression-au-dos-bleu-marine-42737\/#primaryimage","url":"https:\/\/www.voustensports.com\/wp-content\/uploads\/2023\/06\/Logo-T-shirt-met-Backprint-navy-427371.jpg","contentUrl":"https:\/\/www.voustensports.com\/wp-content\/uploads\/2023\/06\/Logo-T-shirt-met-Backprint-navy-427371.jpg","width":1638,"height":2048},{"@type":"BreadcrumbList","@id":"https:\/\/www.voustensports.com\/fr\/c-p-company-t-shirt-a-logo-avec-impression-au-dos-bleu-marine-42737\/#breadcrumb","itemListElement":[{"@type":"ListItem","position":1,"name":"Home","item":"https:\/\/www.voustensports.com\/fr\/"},{"@type":"ListItem","position":2,"name":"Boutique","item":"https:\/\/www.voustensports.com\/fr\/shop\/"},{"@type":"ListItem","position":3,"name":"C.P. Company &#8211; T-shirt \u00e0 logo avec impression au dos bleu marine (42737)"}]},{"@type":"WebSite","@id":"https:\/\/www.voustensports.com\/nl\/#website","url":"https:\/\/www.voustensports.com\/nl\/","name":"Vousten Sports","description":"","potentialAction":[{"@type":"SearchAction","target":{"@type":"EntryPoint","urlTemplate":"https:\/\/www.voustensports.com\/nl\/?s={search_term_string}"},"query-input":{"@type":"PropertyValueSpecification","valueRequired":true,"valueName":"search_term_string"}}],"inLanguage":"fr-FR"}]}},"_links":{"self":[{"href":"https:\/\/www.voustensports.com\/fr\/wp-json\/wp\/v2\/product\/227249","targetHints":{"allow":["GET"]}}],"collection":[{"href":"https:\/\/www.voustensports.com\/fr\/wp-json\/wp\/v2\/product"}],"about":[{"href":"https:\/\/www.voustensports.com\/fr\/wp-json\/wp\/v2\/types\/product"}],"replies":[{"embeddable":true,"href":"https:\/\/www.voustensports.com\/fr\/wp-json\/wp\/v2\/comments?post=227249"}],"wp:featuredmedia":[{"embeddable":true,"href":"https:\/\/www.voustensports.com\/fr\/wp-json\/wp\/v2\/media\/227237"}],"wp:attachment":[{"href":"https:\/\/www.voustensports.com\/fr\/wp-json\/wp\/v2\/media?parent=227249"}],"wp:term":[{"taxonomy":"product_cat","embeddable":true,"href":"https:\/\/www.voustensports.com\/fr\/wp-json\/wp\/v2\/product_cat?post=227249"},{"taxonomy":"product_tag","embeddable":true,"href":"https:\/\/www.voustensports.com\/fr\/wp-json\/wp\/v2\/product_tag?post=227249"}],"curies":[{"name":"wp","href":"https:\/\/api.w.org\/{rel}","templated":true}]}}