{"id":227050,"date":"2026-03-08T10:42:15","date_gmt":"2026-03-08T09:42:15","guid":{"rendered":"https:\/\/www.voustensports.com\/c-p-company-surchemise-matelassee-chrome-r-a-lentille-bleu-marine-42743\/"},"modified":"2026-04-01T15:27:08","modified_gmt":"2026-04-01T13:27:08","slug":"c-p-company-surchemise-matelassee-chrome-r-a-lentille-bleu-marine-42743","status":"publish","type":"product","link":"https:\/\/www.voustensports.com\/fr\/c-p-company-surchemise-matelassee-chrome-r-a-lentille-bleu-marine-42743\/","title":{"rendered":"C.P. Company &#8211; Surchemise matelass\u00e9e Chrome-R \u00e0 lentille bleu marine (42743)"},"content":{"rendered":"<div>D\u00c9TAILS DU PRODUIT<\/div>\n<div>Surchemise confectionn\u00e9e en Chrome-R, un nylon multifilament brillant 100 % recycl\u00e9, obtenu par la r\u00e9cup\u00e9ration et la r\u00e9g\u00e9n\u00e9ration des d\u00e9chets de production en une fibre renouvel\u00e9e certifi\u00e9e par la norme GRS (Global Recycled Standard). Ce mod\u00e8le pr\u00e9sente un col classique, une fermeture \u00e0 boutons-pression, une poche poitrine \u00e0 boutons-pression, des poches lat\u00e9rales \u00e0 boutons-pression et le logo embl\u00e9matique C.P. Company Lens sur la poche de la manche. Les poignets ajustables \u00e0 boutons-pression et le rembourrage l\u00e9ger assurent fonctionnalit\u00e9 et confort. Teinte en pi\u00e8ce pour obtenir une profondeur de couleur unique et des variations de tons qui \u00e9voluent avec le temps et l&rsquo;usage.<\/div>\n<div><\/div>\n<div><strong>Le mannequin mesure 176 cm, p\u00e8se 80 kg et porte une taille M.<\/strong><\/div>\n<div><\/div>\n<div>STYLE<\/div>\n<ul>\n<li>Col classique<\/li>\n<li>Fermeture \u00e0 boutons-pression<\/li>\n<li>Poche poitrine \u00e0 bouton-pression<\/li>\n<li>D\u00e9tail Lens<\/li>\n<li>Poches lat\u00e9rales \u00e0 boutons-pression<\/li>\n<li>Poignets ajustables \u00e0 boutons-pression<\/li>\n<li>Rembourrage l\u00e9ger<\/li>\n<li>Teinte en pi\u00e8ce<\/li>\n<li>Coupe classique<\/li>\n<\/ul>\n<div>COMPOSITION<\/div>\n<ul>\n<li>Ext\u00e9rieur : 100 % polyamide\/nylon<\/li>\n<li>Doublure : 100 % polyamide\/nylon<\/li>\n<li>Rembourrage (fibre) : 100 % polyester<\/li>\n<\/ul>\n","protected":false},"excerpt":{"rendered":"<p>D\u00c9TAILS DU PRODUIT Surchemise confectionn\u00e9e en Chrome-R, un nylon multifilament brillant 100 % recycl\u00e9, obtenu par la r\u00e9cup\u00e9ration et la r\u00e9g\u00e9n\u00e9ration des d\u00e9chets de production en une fibre renouvel\u00e9e certifi\u00e9e par la norme GRS (Global Recycled Standard). Ce mod\u00e8le pr\u00e9sente un col classique, une fermeture \u00e0 boutons-pression, une poche poitrine \u00e0 boutons-pression, des poches lat\u00e9rales [&#8230;]\n","protected":false},"featured_media":227026,"comment_status":"open","ping_status":"closed","template":"","meta":{"rank_math_lock_modified_date":false},"product_cat":[438,446,450,462,542,701,705,739],"product_tag":[],"class_list":{"0":"post-227050","1":"product","2":"type-product","3":"status-publish","4":"has-post-thumbnail","6":"product_cat-cp-company-fr","7":"product_cat-kleding-fr","8":"product_cat-heren-fr","9":"product_cat-vousten-sports-fr-2","10":"product_cat-jassen-fr","11":"product_cat-jackets-fr","12":"product_cat-jassen-jacks-fr","13":"product_cat-overshirt-fr-2","15":"first","16":"instock","17":"taxable","18":"shipping-taxable","19":"purchasable","20":"product-type-variable"},"acf":[],"yoast_head":"<!-- This site is optimized with the Yoast SEO plugin v23.9 - https:\/\/yoast.com\/wordpress\/plugins\/seo\/ -->\n<title>C.P. Company - Surchemise matelass\u00e9e Chrome-R \u00e0 lentille bleu marine (42743) - Vousten Sports<\/title>\n<meta name=\"robots\" content=\"index, follow, max-snippet:-1, max-image-preview:large, max-video-preview:-1\" \/>\n<link rel=\"canonical\" href=\"https:\/\/www.voustensports.com\/fr\/c-p-company-surchemise-matelassee-chrome-r-a-lentille-bleu-marine-42743\/\" \/>\n<meta property=\"og:locale\" content=\"fr_FR\" \/>\n<meta property=\"og:type\" content=\"article\" \/>\n<meta property=\"og:title\" content=\"C.P. Company - Surchemise matelass\u00e9e Chrome-R \u00e0 lentille bleu marine (42743) - Vousten Sports\" \/>\n<meta property=\"og:description\" content=\"D\u00c9TAILS DU PRODUIT Surchemise confectionn\u00e9e en Chrome-R, un nylon multifilament brillant 100 % recycl\u00e9, obtenu par la r\u00e9cup\u00e9ration et la r\u00e9g\u00e9n\u00e9ration des d\u00e9chets de production en une fibre renouvel\u00e9e certifi\u00e9e par la norme GRS (Global Recycled Standard). Ce mod\u00e8le pr\u00e9sente un col classique, une fermeture \u00e0 boutons-pression, une poche poitrine \u00e0 boutons-pression, des poches lat\u00e9rales [...]\" \/>\n<meta property=\"og:url\" content=\"https:\/\/www.voustensports.com\/fr\/c-p-company-surchemise-matelassee-chrome-r-a-lentille-bleu-marine-42743\/\" \/>\n<meta property=\"og:site_name\" content=\"Vousten Sports\" \/>\n<meta property=\"article:modified_time\" content=\"2026-04-01T13:27:08+00:00\" \/>\n<meta property=\"og:image\" content=\"https:\/\/www.voustensports.com\/wp-content\/uploads\/2023\/06\/Chrome-R-Padded-Lens-Overshirt-Jacket-navy-427431.jpg\" \/>\n\t<meta property=\"og:image:width\" content=\"1638\" \/>\n\t<meta property=\"og:image:height\" content=\"2048\" \/>\n\t<meta property=\"og:image:type\" content=\"image\/jpeg\" \/>\n<meta name=\"twitter:card\" content=\"summary_large_image\" \/>\n<meta name=\"twitter:label1\" content=\"Est. reading time\" \/>\n\t<meta name=\"twitter:data1\" content=\"1 minute\" \/>\n<script type=\"application\/ld+json\" class=\"yoast-schema-graph\">{\"@context\":\"https:\/\/schema.org\",\"@graph\":[{\"@type\":\"WebPage\",\"@id\":\"https:\/\/www.voustensports.com\/fr\/c-p-company-surchemise-matelassee-chrome-r-a-lentille-bleu-marine-42743\/\",\"url\":\"https:\/\/www.voustensports.com\/fr\/c-p-company-surchemise-matelassee-chrome-r-a-lentille-bleu-marine-42743\/\",\"name\":\"C.P. Company - Surchemise matelass\u00e9e Chrome-R \u00e0 lentille bleu marine (42743) - Vousten Sports\",\"isPartOf\":{\"@id\":\"https:\/\/www.voustensports.com\/nl\/#website\"},\"primaryImageOfPage\":{\"@id\":\"https:\/\/www.voustensports.com\/fr\/c-p-company-surchemise-matelassee-chrome-r-a-lentille-bleu-marine-42743\/#primaryimage\"},\"image\":{\"@id\":\"https:\/\/www.voustensports.com\/fr\/c-p-company-surchemise-matelassee-chrome-r-a-lentille-bleu-marine-42743\/#primaryimage\"},\"thumbnailUrl\":\"https:\/\/www.voustensports.com\/wp-content\/uploads\/2023\/06\/Chrome-R-Padded-Lens-Overshirt-Jacket-navy-427431.jpg\",\"datePublished\":\"2026-03-08T09:42:15+00:00\",\"dateModified\":\"2026-04-01T13:27:08+00:00\",\"breadcrumb\":{\"@id\":\"https:\/\/www.voustensports.com\/fr\/c-p-company-surchemise-matelassee-chrome-r-a-lentille-bleu-marine-42743\/#breadcrumb\"},\"inLanguage\":\"fr-FR\",\"potentialAction\":[{\"@type\":\"ReadAction\",\"target\":[\"https:\/\/www.voustensports.com\/fr\/c-p-company-surchemise-matelassee-chrome-r-a-lentille-bleu-marine-42743\/\"]}]},{\"@type\":\"ImageObject\",\"inLanguage\":\"fr-FR\",\"@id\":\"https:\/\/www.voustensports.com\/fr\/c-p-company-surchemise-matelassee-chrome-r-a-lentille-bleu-marine-42743\/#primaryimage\",\"url\":\"https:\/\/www.voustensports.com\/wp-content\/uploads\/2023\/06\/Chrome-R-Padded-Lens-Overshirt-Jacket-navy-427431.jpg\",\"contentUrl\":\"https:\/\/www.voustensports.com\/wp-content\/uploads\/2023\/06\/Chrome-R-Padded-Lens-Overshirt-Jacket-navy-427431.jpg\",\"width\":1638,\"height\":2048},{\"@type\":\"BreadcrumbList\",\"@id\":\"https:\/\/www.voustensports.com\/fr\/c-p-company-surchemise-matelassee-chrome-r-a-lentille-bleu-marine-42743\/#breadcrumb\",\"itemListElement\":[{\"@type\":\"ListItem\",\"position\":1,\"name\":\"Home\",\"item\":\"https:\/\/www.voustensports.com\/fr\/\"},{\"@type\":\"ListItem\",\"position\":2,\"name\":\"Boutique\",\"item\":\"https:\/\/www.voustensports.com\/fr\/shop\/\"},{\"@type\":\"ListItem\",\"position\":3,\"name\":\"C.P. Company &#8211; Surchemise matelass\u00e9e Chrome-R \u00e0 lentille bleu marine (42743)\"}]},{\"@type\":\"WebSite\",\"@id\":\"https:\/\/www.voustensports.com\/nl\/#website\",\"url\":\"https:\/\/www.voustensports.com\/nl\/\",\"name\":\"Vousten Sports\",\"description\":\"\",\"potentialAction\":[{\"@type\":\"SearchAction\",\"target\":{\"@type\":\"EntryPoint\",\"urlTemplate\":\"https:\/\/www.voustensports.com\/nl\/?s={search_term_string}\"},\"query-input\":{\"@type\":\"PropertyValueSpecification\",\"valueRequired\":true,\"valueName\":\"search_term_string\"}}],\"inLanguage\":\"fr-FR\"}]}<\/script>\n<!-- \/ Yoast SEO plugin. -->","yoast_head_json":{"title":"C.P. Company - Surchemise matelass\u00e9e Chrome-R \u00e0 lentille bleu marine (42743) - Vousten Sports","robots":{"index":"index","follow":"follow","max-snippet":"max-snippet:-1","max-image-preview":"max-image-preview:large","max-video-preview":"max-video-preview:-1"},"canonical":"https:\/\/www.voustensports.com\/fr\/c-p-company-surchemise-matelassee-chrome-r-a-lentille-bleu-marine-42743\/","og_locale":"fr_FR","og_type":"article","og_title":"C.P. Company - Surchemise matelass\u00e9e Chrome-R \u00e0 lentille bleu marine (42743) - Vousten Sports","og_description":"D\u00c9TAILS DU PRODUIT Surchemise confectionn\u00e9e en Chrome-R, un nylon multifilament brillant 100 % recycl\u00e9, obtenu par la r\u00e9cup\u00e9ration et la r\u00e9g\u00e9n\u00e9ration des d\u00e9chets de production en une fibre renouvel\u00e9e certifi\u00e9e par la norme GRS (Global Recycled Standard). Ce mod\u00e8le pr\u00e9sente un col classique, une fermeture \u00e0 boutons-pression, une poche poitrine \u00e0 boutons-pression, des poches lat\u00e9rales [...]","og_url":"https:\/\/www.voustensports.com\/fr\/c-p-company-surchemise-matelassee-chrome-r-a-lentille-bleu-marine-42743\/","og_site_name":"Vousten Sports","article_modified_time":"2026-04-01T13:27:08+00:00","og_image":[{"width":1638,"height":2048,"url":"https:\/\/www.voustensports.com\/wp-content\/uploads\/2023\/06\/Chrome-R-Padded-Lens-Overshirt-Jacket-navy-427431.jpg","type":"image\/jpeg"}],"twitter_card":"summary_large_image","twitter_misc":{"Est. reading time":"1 minute"},"schema":{"@context":"https:\/\/schema.org","@graph":[{"@type":"WebPage","@id":"https:\/\/www.voustensports.com\/fr\/c-p-company-surchemise-matelassee-chrome-r-a-lentille-bleu-marine-42743\/","url":"https:\/\/www.voustensports.com\/fr\/c-p-company-surchemise-matelassee-chrome-r-a-lentille-bleu-marine-42743\/","name":"C.P. Company - Surchemise matelass\u00e9e Chrome-R \u00e0 lentille bleu marine (42743) - Vousten Sports","isPartOf":{"@id":"https:\/\/www.voustensports.com\/nl\/#website"},"primaryImageOfPage":{"@id":"https:\/\/www.voustensports.com\/fr\/c-p-company-surchemise-matelassee-chrome-r-a-lentille-bleu-marine-42743\/#primaryimage"},"image":{"@id":"https:\/\/www.voustensports.com\/fr\/c-p-company-surchemise-matelassee-chrome-r-a-lentille-bleu-marine-42743\/#primaryimage"},"thumbnailUrl":"https:\/\/www.voustensports.com\/wp-content\/uploads\/2023\/06\/Chrome-R-Padded-Lens-Overshirt-Jacket-navy-427431.jpg","datePublished":"2026-03-08T09:42:15+00:00","dateModified":"2026-04-01T13:27:08+00:00","breadcrumb":{"@id":"https:\/\/www.voustensports.com\/fr\/c-p-company-surchemise-matelassee-chrome-r-a-lentille-bleu-marine-42743\/#breadcrumb"},"inLanguage":"fr-FR","potentialAction":[{"@type":"ReadAction","target":["https:\/\/www.voustensports.com\/fr\/c-p-company-surchemise-matelassee-chrome-r-a-lentille-bleu-marine-42743\/"]}]},{"@type":"ImageObject","inLanguage":"fr-FR","@id":"https:\/\/www.voustensports.com\/fr\/c-p-company-surchemise-matelassee-chrome-r-a-lentille-bleu-marine-42743\/#primaryimage","url":"https:\/\/www.voustensports.com\/wp-content\/uploads\/2023\/06\/Chrome-R-Padded-Lens-Overshirt-Jacket-navy-427431.jpg","contentUrl":"https:\/\/www.voustensports.com\/wp-content\/uploads\/2023\/06\/Chrome-R-Padded-Lens-Overshirt-Jacket-navy-427431.jpg","width":1638,"height":2048},{"@type":"BreadcrumbList","@id":"https:\/\/www.voustensports.com\/fr\/c-p-company-surchemise-matelassee-chrome-r-a-lentille-bleu-marine-42743\/#breadcrumb","itemListElement":[{"@type":"ListItem","position":1,"name":"Home","item":"https:\/\/www.voustensports.com\/fr\/"},{"@type":"ListItem","position":2,"name":"Boutique","item":"https:\/\/www.voustensports.com\/fr\/shop\/"},{"@type":"ListItem","position":3,"name":"C.P. Company &#8211; Surchemise matelass\u00e9e Chrome-R \u00e0 lentille bleu marine (42743)"}]},{"@type":"WebSite","@id":"https:\/\/www.voustensports.com\/nl\/#website","url":"https:\/\/www.voustensports.com\/nl\/","name":"Vousten Sports","description":"","potentialAction":[{"@type":"SearchAction","target":{"@type":"EntryPoint","urlTemplate":"https:\/\/www.voustensports.com\/nl\/?s={search_term_string}"},"query-input":{"@type":"PropertyValueSpecification","valueRequired":true,"valueName":"search_term_string"}}],"inLanguage":"fr-FR"}]}},"_links":{"self":[{"href":"https:\/\/www.voustensports.com\/fr\/wp-json\/wp\/v2\/product\/227050","targetHints":{"allow":["GET"]}}],"collection":[{"href":"https:\/\/www.voustensports.com\/fr\/wp-json\/wp\/v2\/product"}],"about":[{"href":"https:\/\/www.voustensports.com\/fr\/wp-json\/wp\/v2\/types\/product"}],"replies":[{"embeddable":true,"href":"https:\/\/www.voustensports.com\/fr\/wp-json\/wp\/v2\/comments?post=227050"}],"wp:featuredmedia":[{"embeddable":true,"href":"https:\/\/www.voustensports.com\/fr\/wp-json\/wp\/v2\/media\/227026"}],"wp:attachment":[{"href":"https:\/\/www.voustensports.com\/fr\/wp-json\/wp\/v2\/media?parent=227050"}],"wp:term":[{"taxonomy":"product_cat","embeddable":true,"href":"https:\/\/www.voustensports.com\/fr\/wp-json\/wp\/v2\/product_cat?post=227050"},{"taxonomy":"product_tag","embeddable":true,"href":"https:\/\/www.voustensports.com\/fr\/wp-json\/wp\/v2\/product_tag?post=227050"}],"curies":[{"name":"wp","href":"https:\/\/api.w.org\/{rel}","templated":true}]}}