{"id":226966,"date":"2026-03-08T06:57:14","date_gmt":"2026-03-08T05:57:14","guid":{"rendered":"https:\/\/www.voustensports.com\/c-p-company-veste-a-capuche-shell-r-lens-gris-clair-42747\/"},"modified":"2026-03-21T20:36:16","modified_gmt":"2026-03-21T19:36:16","slug":"c-p-company-veste-a-capuche-shell-r-lens-gris-clair-42747","status":"publish","type":"product","link":"https:\/\/www.voustensports.com\/fr\/c-p-company-veste-a-capuche-shell-r-lens-gris-clair-42747\/","title":{"rendered":"C.P. Company &#8211; Veste \u00e0 capuche Shell-R Lens gris clair (42747)"},"content":{"rendered":"<div>D\u00c9TAILS DU PRODUIT<\/div>\n<div>Veste \u00e0 capuche confectionn\u00e9e en C.P. Shell-R, une softshell trois couches en polyester recycl\u00e9 extensible, certifi\u00e9e GRS (Global Recycled Standard). Ce tissu multifilament allie confort et protection, offrant une imperm\u00e9abilit\u00e9 jusqu&rsquo;\u00e0 5 000 mm et une excellente protection contre le vent. Ce mod\u00e8le est dot\u00e9 d&rsquo;une capuche ajustable, d&rsquo;une fermeture \u00e9clair int\u00e9grale \u00e0 double sens et de poches lat\u00e9rales zipp\u00e9es. Le logo Lens embl\u00e9matique de C.P. Company est appos\u00e9 sur la poche de la manche, et les poignets et l&rsquo;ourlet sont \u00e9lastiqu\u00e9s.<\/div>\n<div><\/div>\n<div>STYLE<\/div>\n<ul>\n<li>Traitement d\u00e9perlant<\/li>\n<li>Capuche ajustable<\/li>\n<li>Fermeture \u00e9clair int\u00e9grale \u00e0 double sens<\/li>\n<li>D\u00e9tail Lens<\/li>\n<li>Poches lat\u00e9rales zipp\u00e9es<\/li>\n<li>Poignets et ourlet c\u00f4tel\u00e9s<\/li>\n<li>Coupe classique<\/li>\n<\/ul>\n<div>COMPOSITION<\/div>\n<ul>\n<li>Doublure : 100 % polyamide\/nylon<\/li>\n<li>Tissu principal int\u00e9rieur : 100 % polyester<\/li>\n<li>Tissu principal ext\u00e9rieur : 92 % polyester, 8 % \u00e9lasthanne\/spandex<\/li>\n<\/ul>\n","protected":false},"excerpt":{"rendered":"<p>D\u00c9TAILS DU PRODUIT Veste \u00e0 capuche confectionn\u00e9e en C.P. Shell-R, une softshell trois couches en polyester recycl\u00e9 extensible, certifi\u00e9e GRS (Global Recycled Standard). Ce tissu multifilament allie confort et protection, offrant une imperm\u00e9abilit\u00e9 jusqu&rsquo;\u00e0 5 000 mm et une excellente protection contre le vent. Ce mod\u00e8le est dot\u00e9 d&rsquo;une capuche ajustable, d&rsquo;une fermeture \u00e9clair int\u00e9grale [&#8230;]\n","protected":false},"featured_media":226942,"comment_status":"open","ping_status":"closed","template":"","meta":{"rank_math_lock_modified_date":false},"product_cat":[438,446,450,462,542,701,705],"product_tag":[],"class_list":{"0":"post-226966","1":"product","2":"type-product","3":"status-publish","4":"has-post-thumbnail","6":"product_cat-cp-company-fr","7":"product_cat-kleding-fr","8":"product_cat-heren-fr","9":"product_cat-vousten-sports-fr-2","10":"product_cat-jassen-fr","11":"product_cat-jackets-fr","12":"product_cat-jassen-jacks-fr","14":"first","15":"instock","16":"taxable","17":"shipping-taxable","18":"purchasable","19":"product-type-variable"},"acf":[],"yoast_head":"<!-- This site is optimized with the Yoast SEO plugin v23.9 - https:\/\/yoast.com\/wordpress\/plugins\/seo\/ -->\n<title>C.P. Company - Veste \u00e0 capuche Shell-R Lens gris clair (42747) - Vousten Sports<\/title>\n<meta name=\"robots\" content=\"index, follow, max-snippet:-1, max-image-preview:large, max-video-preview:-1\" \/>\n<link rel=\"canonical\" href=\"https:\/\/www.voustensports.com\/fr\/c-p-company-veste-a-capuche-shell-r-lens-gris-clair-42747\/\" \/>\n<meta property=\"og:locale\" content=\"fr_FR\" \/>\n<meta property=\"og:type\" content=\"article\" \/>\n<meta property=\"og:title\" content=\"C.P. Company - Veste \u00e0 capuche Shell-R Lens gris clair (42747) - Vousten Sports\" \/>\n<meta property=\"og:description\" content=\"D\u00c9TAILS DU PRODUIT Veste \u00e0 capuche confectionn\u00e9e en C.P. Shell-R, une softshell trois couches en polyester recycl\u00e9 extensible, certifi\u00e9e GRS (Global Recycled Standard). Ce tissu multifilament allie confort et protection, offrant une imperm\u00e9abilit\u00e9 jusqu&rsquo;\u00e0 5 000 mm et une excellente protection contre le vent. Ce mod\u00e8le est dot\u00e9 d&rsquo;une capuche ajustable, d&rsquo;une fermeture \u00e9clair int\u00e9grale [...]\" \/>\n<meta property=\"og:url\" content=\"https:\/\/www.voustensports.com\/fr\/c-p-company-veste-a-capuche-shell-r-lens-gris-clair-42747\/\" \/>\n<meta property=\"og:site_name\" content=\"Vousten Sports\" \/>\n<meta property=\"article:modified_time\" content=\"2026-03-21T19:36:16+00:00\" \/>\n<meta property=\"og:image\" content=\"https:\/\/www.voustensports.com\/wp-content\/uploads\/2023\/06\/Shell-R-Hooded-Lens-Jacket-lichtgrijs-427471.jpg\" \/>\n\t<meta property=\"og:image:width\" content=\"1638\" \/>\n\t<meta property=\"og:image:height\" content=\"2048\" \/>\n\t<meta property=\"og:image:type\" content=\"image\/jpeg\" \/>\n<meta name=\"twitter:card\" content=\"summary_large_image\" \/>\n<meta name=\"twitter:label1\" content=\"Est. reading time\" \/>\n\t<meta name=\"twitter:data1\" content=\"1 minute\" \/>\n<script type=\"application\/ld+json\" class=\"yoast-schema-graph\">{\"@context\":\"https:\/\/schema.org\",\"@graph\":[{\"@type\":\"WebPage\",\"@id\":\"https:\/\/www.voustensports.com\/fr\/c-p-company-veste-a-capuche-shell-r-lens-gris-clair-42747\/\",\"url\":\"https:\/\/www.voustensports.com\/fr\/c-p-company-veste-a-capuche-shell-r-lens-gris-clair-42747\/\",\"name\":\"C.P. Company - Veste \u00e0 capuche Shell-R Lens gris clair (42747) - Vousten Sports\",\"isPartOf\":{\"@id\":\"https:\/\/www.voustensports.com\/nl\/#website\"},\"primaryImageOfPage\":{\"@id\":\"https:\/\/www.voustensports.com\/fr\/c-p-company-veste-a-capuche-shell-r-lens-gris-clair-42747\/#primaryimage\"},\"image\":{\"@id\":\"https:\/\/www.voustensports.com\/fr\/c-p-company-veste-a-capuche-shell-r-lens-gris-clair-42747\/#primaryimage\"},\"thumbnailUrl\":\"https:\/\/www.voustensports.com\/wp-content\/uploads\/2023\/06\/Shell-R-Hooded-Lens-Jacket-lichtgrijs-427471.jpg\",\"datePublished\":\"2026-03-08T05:57:14+00:00\",\"dateModified\":\"2026-03-21T19:36:16+00:00\",\"breadcrumb\":{\"@id\":\"https:\/\/www.voustensports.com\/fr\/c-p-company-veste-a-capuche-shell-r-lens-gris-clair-42747\/#breadcrumb\"},\"inLanguage\":\"fr-FR\",\"potentialAction\":[{\"@type\":\"ReadAction\",\"target\":[\"https:\/\/www.voustensports.com\/fr\/c-p-company-veste-a-capuche-shell-r-lens-gris-clair-42747\/\"]}]},{\"@type\":\"ImageObject\",\"inLanguage\":\"fr-FR\",\"@id\":\"https:\/\/www.voustensports.com\/fr\/c-p-company-veste-a-capuche-shell-r-lens-gris-clair-42747\/#primaryimage\",\"url\":\"https:\/\/www.voustensports.com\/wp-content\/uploads\/2023\/06\/Shell-R-Hooded-Lens-Jacket-lichtgrijs-427471.jpg\",\"contentUrl\":\"https:\/\/www.voustensports.com\/wp-content\/uploads\/2023\/06\/Shell-R-Hooded-Lens-Jacket-lichtgrijs-427471.jpg\",\"width\":1638,\"height\":2048},{\"@type\":\"BreadcrumbList\",\"@id\":\"https:\/\/www.voustensports.com\/fr\/c-p-company-veste-a-capuche-shell-r-lens-gris-clair-42747\/#breadcrumb\",\"itemListElement\":[{\"@type\":\"ListItem\",\"position\":1,\"name\":\"Home\",\"item\":\"https:\/\/www.voustensports.com\/fr\/\"},{\"@type\":\"ListItem\",\"position\":2,\"name\":\"Boutique\",\"item\":\"https:\/\/www.voustensports.com\/fr\/shop\/\"},{\"@type\":\"ListItem\",\"position\":3,\"name\":\"C.P. Company &#8211; Veste \u00e0 capuche Shell-R Lens gris clair (42747)\"}]},{\"@type\":\"WebSite\",\"@id\":\"https:\/\/www.voustensports.com\/nl\/#website\",\"url\":\"https:\/\/www.voustensports.com\/nl\/\",\"name\":\"Vousten Sports\",\"description\":\"\",\"potentialAction\":[{\"@type\":\"SearchAction\",\"target\":{\"@type\":\"EntryPoint\",\"urlTemplate\":\"https:\/\/www.voustensports.com\/nl\/?s={search_term_string}\"},\"query-input\":{\"@type\":\"PropertyValueSpecification\",\"valueRequired\":true,\"valueName\":\"search_term_string\"}}],\"inLanguage\":\"fr-FR\"}]}<\/script>\n<!-- \/ Yoast SEO plugin. -->","yoast_head_json":{"title":"C.P. Company - Veste \u00e0 capuche Shell-R Lens gris clair (42747) - Vousten Sports","robots":{"index":"index","follow":"follow","max-snippet":"max-snippet:-1","max-image-preview":"max-image-preview:large","max-video-preview":"max-video-preview:-1"},"canonical":"https:\/\/www.voustensports.com\/fr\/c-p-company-veste-a-capuche-shell-r-lens-gris-clair-42747\/","og_locale":"fr_FR","og_type":"article","og_title":"C.P. Company - Veste \u00e0 capuche Shell-R Lens gris clair (42747) - Vousten Sports","og_description":"D\u00c9TAILS DU PRODUIT Veste \u00e0 capuche confectionn\u00e9e en C.P. Shell-R, une softshell trois couches en polyester recycl\u00e9 extensible, certifi\u00e9e GRS (Global Recycled Standard). Ce tissu multifilament allie confort et protection, offrant une imperm\u00e9abilit\u00e9 jusqu&rsquo;\u00e0 5 000 mm et une excellente protection contre le vent. Ce mod\u00e8le est dot\u00e9 d&rsquo;une capuche ajustable, d&rsquo;une fermeture \u00e9clair int\u00e9grale [...]","og_url":"https:\/\/www.voustensports.com\/fr\/c-p-company-veste-a-capuche-shell-r-lens-gris-clair-42747\/","og_site_name":"Vousten Sports","article_modified_time":"2026-03-21T19:36:16+00:00","og_image":[{"width":1638,"height":2048,"url":"https:\/\/www.voustensports.com\/wp-content\/uploads\/2023\/06\/Shell-R-Hooded-Lens-Jacket-lichtgrijs-427471.jpg","type":"image\/jpeg"}],"twitter_card":"summary_large_image","twitter_misc":{"Est. reading time":"1 minute"},"schema":{"@context":"https:\/\/schema.org","@graph":[{"@type":"WebPage","@id":"https:\/\/www.voustensports.com\/fr\/c-p-company-veste-a-capuche-shell-r-lens-gris-clair-42747\/","url":"https:\/\/www.voustensports.com\/fr\/c-p-company-veste-a-capuche-shell-r-lens-gris-clair-42747\/","name":"C.P. Company - Veste \u00e0 capuche Shell-R Lens gris clair (42747) - Vousten Sports","isPartOf":{"@id":"https:\/\/www.voustensports.com\/nl\/#website"},"primaryImageOfPage":{"@id":"https:\/\/www.voustensports.com\/fr\/c-p-company-veste-a-capuche-shell-r-lens-gris-clair-42747\/#primaryimage"},"image":{"@id":"https:\/\/www.voustensports.com\/fr\/c-p-company-veste-a-capuche-shell-r-lens-gris-clair-42747\/#primaryimage"},"thumbnailUrl":"https:\/\/www.voustensports.com\/wp-content\/uploads\/2023\/06\/Shell-R-Hooded-Lens-Jacket-lichtgrijs-427471.jpg","datePublished":"2026-03-08T05:57:14+00:00","dateModified":"2026-03-21T19:36:16+00:00","breadcrumb":{"@id":"https:\/\/www.voustensports.com\/fr\/c-p-company-veste-a-capuche-shell-r-lens-gris-clair-42747\/#breadcrumb"},"inLanguage":"fr-FR","potentialAction":[{"@type":"ReadAction","target":["https:\/\/www.voustensports.com\/fr\/c-p-company-veste-a-capuche-shell-r-lens-gris-clair-42747\/"]}]},{"@type":"ImageObject","inLanguage":"fr-FR","@id":"https:\/\/www.voustensports.com\/fr\/c-p-company-veste-a-capuche-shell-r-lens-gris-clair-42747\/#primaryimage","url":"https:\/\/www.voustensports.com\/wp-content\/uploads\/2023\/06\/Shell-R-Hooded-Lens-Jacket-lichtgrijs-427471.jpg","contentUrl":"https:\/\/www.voustensports.com\/wp-content\/uploads\/2023\/06\/Shell-R-Hooded-Lens-Jacket-lichtgrijs-427471.jpg","width":1638,"height":2048},{"@type":"BreadcrumbList","@id":"https:\/\/www.voustensports.com\/fr\/c-p-company-veste-a-capuche-shell-r-lens-gris-clair-42747\/#breadcrumb","itemListElement":[{"@type":"ListItem","position":1,"name":"Home","item":"https:\/\/www.voustensports.com\/fr\/"},{"@type":"ListItem","position":2,"name":"Boutique","item":"https:\/\/www.voustensports.com\/fr\/shop\/"},{"@type":"ListItem","position":3,"name":"C.P. Company &#8211; Veste \u00e0 capuche Shell-R Lens gris clair (42747)"}]},{"@type":"WebSite","@id":"https:\/\/www.voustensports.com\/nl\/#website","url":"https:\/\/www.voustensports.com\/nl\/","name":"Vousten Sports","description":"","potentialAction":[{"@type":"SearchAction","target":{"@type":"EntryPoint","urlTemplate":"https:\/\/www.voustensports.com\/nl\/?s={search_term_string}"},"query-input":{"@type":"PropertyValueSpecification","valueRequired":true,"valueName":"search_term_string"}}],"inLanguage":"fr-FR"}]}},"_links":{"self":[{"href":"https:\/\/www.voustensports.com\/fr\/wp-json\/wp\/v2\/product\/226966","targetHints":{"allow":["GET"]}}],"collection":[{"href":"https:\/\/www.voustensports.com\/fr\/wp-json\/wp\/v2\/product"}],"about":[{"href":"https:\/\/www.voustensports.com\/fr\/wp-json\/wp\/v2\/types\/product"}],"replies":[{"embeddable":true,"href":"https:\/\/www.voustensports.com\/fr\/wp-json\/wp\/v2\/comments?post=226966"}],"wp:featuredmedia":[{"embeddable":true,"href":"https:\/\/www.voustensports.com\/fr\/wp-json\/wp\/v2\/media\/226942"}],"wp:attachment":[{"href":"https:\/\/www.voustensports.com\/fr\/wp-json\/wp\/v2\/media?parent=226966"}],"wp:term":[{"taxonomy":"product_cat","embeddable":true,"href":"https:\/\/www.voustensports.com\/fr\/wp-json\/wp\/v2\/product_cat?post=226966"},{"taxonomy":"product_tag","embeddable":true,"href":"https:\/\/www.voustensports.com\/fr\/wp-json\/wp\/v2\/product_tag?post=226966"}],"curies":[{"name":"wp","href":"https:\/\/api.w.org\/{rel}","templated":true}]}}