{"id":226515,"date":"2026-03-03T07:06:07","date_gmt":"2026-03-03T06:06:07","guid":{"rendered":"https:\/\/www.voustensports.com\/john-miller-polo-zippe-manches-courtes-bleu-glacier-hyperstretch-42671\/"},"modified":"2026-04-02T15:54:14","modified_gmt":"2026-04-02T13:54:14","slug":"john-miller-polo-zippe-manches-courtes-bleu-glacier-hyperstretch-42671","status":"publish","type":"product","link":"https:\/\/www.voustensports.com\/fr\/john-miller-polo-zippe-manches-courtes-bleu-glacier-hyperstretch-42671\/","title":{"rendered":"JOHN MILLER &#8211; Polo zipp\u00e9 manches courtes bleu glacier hyperstretch (42671)"},"content":{"rendered":"<div>Ce polo bleu glacier \u00e0 la coupe ajust\u00e9e est confectionn\u00e9 dans un tissu hyperstretch et poss\u00e8de des manches courtes. Les polos John Miller \u00e0 la coupe ajust\u00e9e mettent en valeur la silhouette. Le tissu hyperstretch offre un confort \u00e9l\u00e9gant. Cette maille italienne est un best-seller des collections John Miller depuis plusieurs saisons. Le polo est dot\u00e9 d&rsquo;un col italien \u00e9l\u00e9gant ferm\u00e9 par une fermeture \u00e9clair ton sur ton pour une allure raffin\u00e9e.<\/div>\n<ul>\n<li>Coupe : Polo ajust\u00e9<\/li>\n<li>Couleur : Bleu glacier<\/li>\n<li>Motif : Uni<\/li>\n<li>Manches : Courtes<\/li>\n<li>Poignets : Italiens<\/li>\n<li>Poignets : Autre<\/li>\n<li>Composition : 89 % polyamide, 11 % \u00e9lasthanne<\/li>\n<li>Caract\u00e9ristiques : Hyperstretch, extensible<\/li>\n<li>Poche poitrine : Non<\/li>\n<li>Code produit : 5142677-110<\/li>\n<\/ul>\n","protected":false},"excerpt":{"rendered":"<p>Ce polo bleu glacier \u00e0 la coupe ajust\u00e9e est confectionn\u00e9 dans un tissu hyperstretch et poss\u00e8de des manches courtes. Les polos John Miller \u00e0 la coupe ajust\u00e9e mettent en valeur la silhouette. Le tissu hyperstretch offre un confort \u00e9l\u00e9gant. Cette maille italienne est un best-seller des collections John Miller depuis plusieurs saisons. Le polo est [&#8230;]\n","protected":false},"featured_media":226507,"comment_status":"open","ping_status":"closed","template":"","meta":{"rank_math_lock_modified_date":false},"product_cat":[446,450,462,478,486,891,920],"product_tag":[],"class_list":{"0":"post-226515","1":"product","2":"type-product","3":"status-publish","4":"has-post-thumbnail","6":"product_cat-kleding-fr","7":"product_cat-heren-fr","8":"product_cat-vousten-sports-fr-2","9":"product_cat-polos-fr-2","10":"product_cat-shirt-fr-2","11":"product_cat-overhemd-blouse-fr","12":"product_cat-john-miller-fr","14":"first","15":"instock","16":"taxable","17":"shipping-taxable","18":"purchasable","19":"product-type-variable"},"acf":[],"yoast_head":"<!-- This site is optimized with the Yoast SEO plugin v23.9 - https:\/\/yoast.com\/wordpress\/plugins\/seo\/ -->\n<title>JOHN MILLER - Polo zipp\u00e9 manches courtes bleu glacier hyperstretch (42671) - Vousten Sports<\/title>\n<meta name=\"robots\" content=\"index, follow, max-snippet:-1, max-image-preview:large, max-video-preview:-1\" \/>\n<link rel=\"canonical\" href=\"https:\/\/www.voustensports.com\/fr\/john-miller-polo-zippe-manches-courtes-bleu-glacier-hyperstretch-42671\/\" \/>\n<meta property=\"og:locale\" content=\"fr_FR\" \/>\n<meta property=\"og:type\" content=\"article\" \/>\n<meta property=\"og:title\" content=\"JOHN MILLER - Polo zipp\u00e9 manches courtes bleu glacier hyperstretch (42671) - Vousten Sports\" \/>\n<meta property=\"og:description\" content=\"Ce polo bleu glacier \u00e0 la coupe ajust\u00e9e est confectionn\u00e9 dans un tissu hyperstretch et poss\u00e8de des manches courtes. Les polos John Miller \u00e0 la coupe ajust\u00e9e mettent en valeur la silhouette. Le tissu hyperstretch offre un confort \u00e9l\u00e9gant. Cette maille italienne est un best-seller des collections John Miller depuis plusieurs saisons. Le polo est [...]\" \/>\n<meta property=\"og:url\" content=\"https:\/\/www.voustensports.com\/fr\/john-miller-polo-zippe-manches-courtes-bleu-glacier-hyperstretch-42671\/\" \/>\n<meta property=\"og:site_name\" content=\"Vousten Sports\" \/>\n<meta property=\"article:modified_time\" content=\"2026-04-02T13:54:14+00:00\" \/>\n<meta property=\"og:image\" content=\"https:\/\/www.voustensports.com\/wp-content\/uploads\/2023\/06\/Hyperstretch-Polo-Shirt-Rits-Korte-Mouw-ijsblauw-426711.jpg\" \/>\n\t<meta property=\"og:image:width\" content=\"1365\" \/>\n\t<meta property=\"og:image:height\" content=\"2048\" \/>\n\t<meta property=\"og:image:type\" content=\"image\/jpeg\" \/>\n<meta name=\"twitter:card\" content=\"summary_large_image\" \/>\n<meta name=\"twitter:label1\" content=\"Est. reading time\" \/>\n\t<meta name=\"twitter:data1\" content=\"1 minute\" \/>\n<script type=\"application\/ld+json\" class=\"yoast-schema-graph\">{\"@context\":\"https:\/\/schema.org\",\"@graph\":[{\"@type\":\"WebPage\",\"@id\":\"https:\/\/www.voustensports.com\/fr\/john-miller-polo-zippe-manches-courtes-bleu-glacier-hyperstretch-42671\/\",\"url\":\"https:\/\/www.voustensports.com\/fr\/john-miller-polo-zippe-manches-courtes-bleu-glacier-hyperstretch-42671\/\",\"name\":\"JOHN MILLER - Polo zipp\u00e9 manches courtes bleu glacier hyperstretch (42671) - Vousten Sports\",\"isPartOf\":{\"@id\":\"https:\/\/www.voustensports.com\/nl\/#website\"},\"primaryImageOfPage\":{\"@id\":\"https:\/\/www.voustensports.com\/fr\/john-miller-polo-zippe-manches-courtes-bleu-glacier-hyperstretch-42671\/#primaryimage\"},\"image\":{\"@id\":\"https:\/\/www.voustensports.com\/fr\/john-miller-polo-zippe-manches-courtes-bleu-glacier-hyperstretch-42671\/#primaryimage\"},\"thumbnailUrl\":\"https:\/\/www.voustensports.com\/wp-content\/uploads\/2023\/06\/Hyperstretch-Polo-Shirt-Rits-Korte-Mouw-ijsblauw-426711.jpg\",\"datePublished\":\"2026-03-03T06:06:07+00:00\",\"dateModified\":\"2026-04-02T13:54:14+00:00\",\"breadcrumb\":{\"@id\":\"https:\/\/www.voustensports.com\/fr\/john-miller-polo-zippe-manches-courtes-bleu-glacier-hyperstretch-42671\/#breadcrumb\"},\"inLanguage\":\"fr-FR\",\"potentialAction\":[{\"@type\":\"ReadAction\",\"target\":[\"https:\/\/www.voustensports.com\/fr\/john-miller-polo-zippe-manches-courtes-bleu-glacier-hyperstretch-42671\/\"]}]},{\"@type\":\"ImageObject\",\"inLanguage\":\"fr-FR\",\"@id\":\"https:\/\/www.voustensports.com\/fr\/john-miller-polo-zippe-manches-courtes-bleu-glacier-hyperstretch-42671\/#primaryimage\",\"url\":\"https:\/\/www.voustensports.com\/wp-content\/uploads\/2023\/06\/Hyperstretch-Polo-Shirt-Rits-Korte-Mouw-ijsblauw-426711.jpg\",\"contentUrl\":\"https:\/\/www.voustensports.com\/wp-content\/uploads\/2023\/06\/Hyperstretch-Polo-Shirt-Rits-Korte-Mouw-ijsblauw-426711.jpg\",\"width\":1365,\"height\":2048},{\"@type\":\"BreadcrumbList\",\"@id\":\"https:\/\/www.voustensports.com\/fr\/john-miller-polo-zippe-manches-courtes-bleu-glacier-hyperstretch-42671\/#breadcrumb\",\"itemListElement\":[{\"@type\":\"ListItem\",\"position\":1,\"name\":\"Home\",\"item\":\"https:\/\/www.voustensports.com\/fr\/\"},{\"@type\":\"ListItem\",\"position\":2,\"name\":\"Boutique\",\"item\":\"https:\/\/www.voustensports.com\/fr\/shop\/\"},{\"@type\":\"ListItem\",\"position\":3,\"name\":\"JOHN MILLER &#8211; Polo zipp\u00e9 manches courtes bleu glacier hyperstretch (42671)\"}]},{\"@type\":\"WebSite\",\"@id\":\"https:\/\/www.voustensports.com\/nl\/#website\",\"url\":\"https:\/\/www.voustensports.com\/nl\/\",\"name\":\"Vousten Sports\",\"description\":\"\",\"potentialAction\":[{\"@type\":\"SearchAction\",\"target\":{\"@type\":\"EntryPoint\",\"urlTemplate\":\"https:\/\/www.voustensports.com\/nl\/?s={search_term_string}\"},\"query-input\":{\"@type\":\"PropertyValueSpecification\",\"valueRequired\":true,\"valueName\":\"search_term_string\"}}],\"inLanguage\":\"fr-FR\"}]}<\/script>\n<!-- \/ Yoast SEO plugin. -->","yoast_head_json":{"title":"JOHN MILLER - Polo zipp\u00e9 manches courtes bleu glacier hyperstretch (42671) - Vousten Sports","robots":{"index":"index","follow":"follow","max-snippet":"max-snippet:-1","max-image-preview":"max-image-preview:large","max-video-preview":"max-video-preview:-1"},"canonical":"https:\/\/www.voustensports.com\/fr\/john-miller-polo-zippe-manches-courtes-bleu-glacier-hyperstretch-42671\/","og_locale":"fr_FR","og_type":"article","og_title":"JOHN MILLER - Polo zipp\u00e9 manches courtes bleu glacier hyperstretch (42671) - Vousten Sports","og_description":"Ce polo bleu glacier \u00e0 la coupe ajust\u00e9e est confectionn\u00e9 dans un tissu hyperstretch et poss\u00e8de des manches courtes. Les polos John Miller \u00e0 la coupe ajust\u00e9e mettent en valeur la silhouette. Le tissu hyperstretch offre un confort \u00e9l\u00e9gant. Cette maille italienne est un best-seller des collections John Miller depuis plusieurs saisons. Le polo est [...]","og_url":"https:\/\/www.voustensports.com\/fr\/john-miller-polo-zippe-manches-courtes-bleu-glacier-hyperstretch-42671\/","og_site_name":"Vousten Sports","article_modified_time":"2026-04-02T13:54:14+00:00","og_image":[{"width":1365,"height":2048,"url":"https:\/\/www.voustensports.com\/wp-content\/uploads\/2023\/06\/Hyperstretch-Polo-Shirt-Rits-Korte-Mouw-ijsblauw-426711.jpg","type":"image\/jpeg"}],"twitter_card":"summary_large_image","twitter_misc":{"Est. reading time":"1 minute"},"schema":{"@context":"https:\/\/schema.org","@graph":[{"@type":"WebPage","@id":"https:\/\/www.voustensports.com\/fr\/john-miller-polo-zippe-manches-courtes-bleu-glacier-hyperstretch-42671\/","url":"https:\/\/www.voustensports.com\/fr\/john-miller-polo-zippe-manches-courtes-bleu-glacier-hyperstretch-42671\/","name":"JOHN MILLER - Polo zipp\u00e9 manches courtes bleu glacier hyperstretch (42671) - Vousten Sports","isPartOf":{"@id":"https:\/\/www.voustensports.com\/nl\/#website"},"primaryImageOfPage":{"@id":"https:\/\/www.voustensports.com\/fr\/john-miller-polo-zippe-manches-courtes-bleu-glacier-hyperstretch-42671\/#primaryimage"},"image":{"@id":"https:\/\/www.voustensports.com\/fr\/john-miller-polo-zippe-manches-courtes-bleu-glacier-hyperstretch-42671\/#primaryimage"},"thumbnailUrl":"https:\/\/www.voustensports.com\/wp-content\/uploads\/2023\/06\/Hyperstretch-Polo-Shirt-Rits-Korte-Mouw-ijsblauw-426711.jpg","datePublished":"2026-03-03T06:06:07+00:00","dateModified":"2026-04-02T13:54:14+00:00","breadcrumb":{"@id":"https:\/\/www.voustensports.com\/fr\/john-miller-polo-zippe-manches-courtes-bleu-glacier-hyperstretch-42671\/#breadcrumb"},"inLanguage":"fr-FR","potentialAction":[{"@type":"ReadAction","target":["https:\/\/www.voustensports.com\/fr\/john-miller-polo-zippe-manches-courtes-bleu-glacier-hyperstretch-42671\/"]}]},{"@type":"ImageObject","inLanguage":"fr-FR","@id":"https:\/\/www.voustensports.com\/fr\/john-miller-polo-zippe-manches-courtes-bleu-glacier-hyperstretch-42671\/#primaryimage","url":"https:\/\/www.voustensports.com\/wp-content\/uploads\/2023\/06\/Hyperstretch-Polo-Shirt-Rits-Korte-Mouw-ijsblauw-426711.jpg","contentUrl":"https:\/\/www.voustensports.com\/wp-content\/uploads\/2023\/06\/Hyperstretch-Polo-Shirt-Rits-Korte-Mouw-ijsblauw-426711.jpg","width":1365,"height":2048},{"@type":"BreadcrumbList","@id":"https:\/\/www.voustensports.com\/fr\/john-miller-polo-zippe-manches-courtes-bleu-glacier-hyperstretch-42671\/#breadcrumb","itemListElement":[{"@type":"ListItem","position":1,"name":"Home","item":"https:\/\/www.voustensports.com\/fr\/"},{"@type":"ListItem","position":2,"name":"Boutique","item":"https:\/\/www.voustensports.com\/fr\/shop\/"},{"@type":"ListItem","position":3,"name":"JOHN MILLER &#8211; Polo zipp\u00e9 manches courtes bleu glacier hyperstretch (42671)"}]},{"@type":"WebSite","@id":"https:\/\/www.voustensports.com\/nl\/#website","url":"https:\/\/www.voustensports.com\/nl\/","name":"Vousten Sports","description":"","potentialAction":[{"@type":"SearchAction","target":{"@type":"EntryPoint","urlTemplate":"https:\/\/www.voustensports.com\/nl\/?s={search_term_string}"},"query-input":{"@type":"PropertyValueSpecification","valueRequired":true,"valueName":"search_term_string"}}],"inLanguage":"fr-FR"}]}},"_links":{"self":[{"href":"https:\/\/www.voustensports.com\/fr\/wp-json\/wp\/v2\/product\/226515","targetHints":{"allow":["GET"]}}],"collection":[{"href":"https:\/\/www.voustensports.com\/fr\/wp-json\/wp\/v2\/product"}],"about":[{"href":"https:\/\/www.voustensports.com\/fr\/wp-json\/wp\/v2\/types\/product"}],"replies":[{"embeddable":true,"href":"https:\/\/www.voustensports.com\/fr\/wp-json\/wp\/v2\/comments?post=226515"}],"wp:featuredmedia":[{"embeddable":true,"href":"https:\/\/www.voustensports.com\/fr\/wp-json\/wp\/v2\/media\/226507"}],"wp:attachment":[{"href":"https:\/\/www.voustensports.com\/fr\/wp-json\/wp\/v2\/media?parent=226515"}],"wp:term":[{"taxonomy":"product_cat","embeddable":true,"href":"https:\/\/www.voustensports.com\/fr\/wp-json\/wp\/v2\/product_cat?post=226515"},{"taxonomy":"product_tag","embeddable":true,"href":"https:\/\/www.voustensports.com\/fr\/wp-json\/wp\/v2\/product_tag?post=226515"}],"curies":[{"name":"wp","href":"https:\/\/api.w.org\/{rel}","templated":true}]}}