{"id":226323,"date":"2026-03-02T21:00:14","date_gmt":"2026-03-02T20:00:14","guid":{"rendered":"https:\/\/www.voustensports.com\/genti-short-de-survetement-technique-bleu-gris-42638\/"},"modified":"2026-03-21T19:27:10","modified_gmt":"2026-03-21T18:27:10","slug":"genti-short-de-survetement-technique-bleu-gris-42638","status":"publish","type":"product","link":"https:\/\/www.voustensports.com\/fr\/genti-short-de-survetement-technique-bleu-gris-42638\/","title":{"rendered":"GENTI &#8211; Short de surv\u00eatement technique bleu \/ gris (42638)"},"content":{"rendered":"<div>Ce short de surv\u00eatement technique Genti allie performance sportive et confort moderne. Son m\u00e9lange technique de polyester et de coton garantit une coupe l\u00e9g\u00e8re et confortable. La couleur bleue lui conf\u00e8re un look frais et dynamique, id\u00e9al pour une garde-robe urbaine contemporaine.<\/div>\n<ul>\n<li>Composition : 55 % polyester, 45 % coton<\/li>\n<li>Couleur : Bleu\/Gris<\/li>\n<li>Fermeture : Cordon de serrage<\/li>\n<li>D\u00e9tails : Taille \u00e9lastiqu\u00e9e, poches lat\u00e9rales<\/li>\n<\/ul>\n<div>Le tissu technique offre un \u00e9quilibre optimal entre confort, durabilit\u00e9 et maintien de la forme. Parfait pour les journ\u00e9es actives comme pour les moments de d\u00e9tente.<\/div>\n<div>L&rsquo;association de 55 % de polyester et de 45 % de coton assure une r\u00e9sistance accrue et un s\u00e9chage rapide, tandis que le coton garantit un toucher doux. La taille \u00e9lastiqu\u00e9e avec cordon de serrage offre un ajustement confortable et personnalis\u00e9, fid\u00e8le \u00e0 l&rsquo;esprit moderne de Genti.<\/div>\n","protected":false},"excerpt":{"rendered":"<p>Ce short de surv\u00eatement technique Genti allie performance sportive et confort moderne. Son m\u00e9lange technique de polyester et de coton garantit une coupe l\u00e9g\u00e8re et confortable. La couleur bleue lui conf\u00e8re un look frais et dynamique, id\u00e9al pour une garde-robe urbaine contemporaine. Composition : 55 % polyester, 45 % coton Couleur : Bleu\/Gris Fermeture : [&#8230;]\n","protected":false},"featured_media":226303,"comment_status":"open","ping_status":"closed","template":"","meta":{"rank_math_lock_modified_date":false},"product_cat":[462,466,710,786,895,446,450,458],"product_tag":[],"class_list":{"0":"post-226323","1":"product","2":"type-product","3":"status-publish","4":"has-post-thumbnail","6":"product_cat-vousten-sports-fr-2","7":"product_cat-broeken-fr","8":"product_cat-genti-fr","9":"product_cat-broek-fr","10":"product_cat-sweat-pants-fr","11":"product_cat-kleding-fr","12":"product_cat-heren-fr","13":"product_cat-shorts-fr-2","15":"first","16":"instock","17":"taxable","18":"shipping-taxable","19":"purchasable","20":"product-type-variable"},"acf":[],"yoast_head":"<!-- This site is optimized with the Yoast SEO plugin v23.9 - https:\/\/yoast.com\/wordpress\/plugins\/seo\/ -->\n<title>GENTI - Short de surv\u00eatement technique bleu \/ gris (42638) - Vousten Sports<\/title>\n<meta name=\"robots\" content=\"index, follow, max-snippet:-1, max-image-preview:large, max-video-preview:-1\" \/>\n<link rel=\"canonical\" href=\"https:\/\/www.voustensports.com\/fr\/genti-short-de-survetement-technique-bleu-gris-42638\/\" \/>\n<meta property=\"og:locale\" content=\"fr_FR\" \/>\n<meta property=\"og:type\" content=\"article\" \/>\n<meta property=\"og:title\" content=\"GENTI - Short de surv\u00eatement technique bleu \/ gris (42638) - Vousten Sports\" \/>\n<meta property=\"og:description\" content=\"Ce short de surv\u00eatement technique Genti allie performance sportive et confort moderne. Son m\u00e9lange technique de polyester et de coton garantit une coupe l\u00e9g\u00e8re et confortable. La couleur bleue lui conf\u00e8re un look frais et dynamique, id\u00e9al pour une garde-robe urbaine contemporaine. Composition : 55 % polyester, 45 % coton Couleur : Bleu\/Gris Fermeture : [...]\" \/>\n<meta property=\"og:url\" content=\"https:\/\/www.voustensports.com\/fr\/genti-short-de-survetement-technique-bleu-gris-42638\/\" \/>\n<meta property=\"og:site_name\" content=\"Vousten Sports\" \/>\n<meta property=\"article:modified_time\" content=\"2026-03-21T18:27:10+00:00\" \/>\n<meta property=\"og:image\" content=\"https:\/\/www.voustensports.com\/wp-content\/uploads\/2023\/06\/Tech-Sweatshort-blauw-grijs-426381.jpg\" \/>\n\t<meta property=\"og:image:width\" content=\"1365\" \/>\n\t<meta property=\"og:image:height\" content=\"2048\" \/>\n\t<meta property=\"og:image:type\" content=\"image\/jpeg\" \/>\n<meta name=\"twitter:card\" content=\"summary_large_image\" \/>\n<meta name=\"twitter:label1\" content=\"Est. reading time\" \/>\n\t<meta name=\"twitter:data1\" content=\"1 minute\" \/>\n<script type=\"application\/ld+json\" class=\"yoast-schema-graph\">{\"@context\":\"https:\/\/schema.org\",\"@graph\":[{\"@type\":\"WebPage\",\"@id\":\"https:\/\/www.voustensports.com\/fr\/genti-short-de-survetement-technique-bleu-gris-42638\/\",\"url\":\"https:\/\/www.voustensports.com\/fr\/genti-short-de-survetement-technique-bleu-gris-42638\/\",\"name\":\"GENTI - Short de surv\u00eatement technique bleu \/ gris (42638) - Vousten Sports\",\"isPartOf\":{\"@id\":\"https:\/\/www.voustensports.com\/nl\/#website\"},\"primaryImageOfPage\":{\"@id\":\"https:\/\/www.voustensports.com\/fr\/genti-short-de-survetement-technique-bleu-gris-42638\/#primaryimage\"},\"image\":{\"@id\":\"https:\/\/www.voustensports.com\/fr\/genti-short-de-survetement-technique-bleu-gris-42638\/#primaryimage\"},\"thumbnailUrl\":\"https:\/\/www.voustensports.com\/wp-content\/uploads\/2023\/06\/Tech-Sweatshort-blauw-grijs-426381.jpg\",\"datePublished\":\"2026-03-02T20:00:14+00:00\",\"dateModified\":\"2026-03-21T18:27:10+00:00\",\"breadcrumb\":{\"@id\":\"https:\/\/www.voustensports.com\/fr\/genti-short-de-survetement-technique-bleu-gris-42638\/#breadcrumb\"},\"inLanguage\":\"fr-FR\",\"potentialAction\":[{\"@type\":\"ReadAction\",\"target\":[\"https:\/\/www.voustensports.com\/fr\/genti-short-de-survetement-technique-bleu-gris-42638\/\"]}]},{\"@type\":\"ImageObject\",\"inLanguage\":\"fr-FR\",\"@id\":\"https:\/\/www.voustensports.com\/fr\/genti-short-de-survetement-technique-bleu-gris-42638\/#primaryimage\",\"url\":\"https:\/\/www.voustensports.com\/wp-content\/uploads\/2023\/06\/Tech-Sweatshort-blauw-grijs-426381.jpg\",\"contentUrl\":\"https:\/\/www.voustensports.com\/wp-content\/uploads\/2023\/06\/Tech-Sweatshort-blauw-grijs-426381.jpg\",\"width\":1365,\"height\":2048},{\"@type\":\"BreadcrumbList\",\"@id\":\"https:\/\/www.voustensports.com\/fr\/genti-short-de-survetement-technique-bleu-gris-42638\/#breadcrumb\",\"itemListElement\":[{\"@type\":\"ListItem\",\"position\":1,\"name\":\"Home\",\"item\":\"https:\/\/www.voustensports.com\/fr\/\"},{\"@type\":\"ListItem\",\"position\":2,\"name\":\"Boutique\",\"item\":\"https:\/\/www.voustensports.com\/fr\/shop\/\"},{\"@type\":\"ListItem\",\"position\":3,\"name\":\"GENTI &#8211; Short de surv\u00eatement technique bleu \/ gris (42638)\"}]},{\"@type\":\"WebSite\",\"@id\":\"https:\/\/www.voustensports.com\/nl\/#website\",\"url\":\"https:\/\/www.voustensports.com\/nl\/\",\"name\":\"Vousten Sports\",\"description\":\"\",\"potentialAction\":[{\"@type\":\"SearchAction\",\"target\":{\"@type\":\"EntryPoint\",\"urlTemplate\":\"https:\/\/www.voustensports.com\/nl\/?s={search_term_string}\"},\"query-input\":{\"@type\":\"PropertyValueSpecification\",\"valueRequired\":true,\"valueName\":\"search_term_string\"}}],\"inLanguage\":\"fr-FR\"}]}<\/script>\n<!-- \/ Yoast SEO plugin. -->","yoast_head_json":{"title":"GENTI - Short de surv\u00eatement technique bleu \/ gris (42638) - Vousten Sports","robots":{"index":"index","follow":"follow","max-snippet":"max-snippet:-1","max-image-preview":"max-image-preview:large","max-video-preview":"max-video-preview:-1"},"canonical":"https:\/\/www.voustensports.com\/fr\/genti-short-de-survetement-technique-bleu-gris-42638\/","og_locale":"fr_FR","og_type":"article","og_title":"GENTI - Short de surv\u00eatement technique bleu \/ gris (42638) - Vousten Sports","og_description":"Ce short de surv\u00eatement technique Genti allie performance sportive et confort moderne. Son m\u00e9lange technique de polyester et de coton garantit une coupe l\u00e9g\u00e8re et confortable. La couleur bleue lui conf\u00e8re un look frais et dynamique, id\u00e9al pour une garde-robe urbaine contemporaine. Composition : 55 % polyester, 45 % coton Couleur : Bleu\/Gris Fermeture : [...]","og_url":"https:\/\/www.voustensports.com\/fr\/genti-short-de-survetement-technique-bleu-gris-42638\/","og_site_name":"Vousten Sports","article_modified_time":"2026-03-21T18:27:10+00:00","og_image":[{"width":1365,"height":2048,"url":"https:\/\/www.voustensports.com\/wp-content\/uploads\/2023\/06\/Tech-Sweatshort-blauw-grijs-426381.jpg","type":"image\/jpeg"}],"twitter_card":"summary_large_image","twitter_misc":{"Est. reading time":"1 minute"},"schema":{"@context":"https:\/\/schema.org","@graph":[{"@type":"WebPage","@id":"https:\/\/www.voustensports.com\/fr\/genti-short-de-survetement-technique-bleu-gris-42638\/","url":"https:\/\/www.voustensports.com\/fr\/genti-short-de-survetement-technique-bleu-gris-42638\/","name":"GENTI - Short de surv\u00eatement technique bleu \/ gris (42638) - Vousten Sports","isPartOf":{"@id":"https:\/\/www.voustensports.com\/nl\/#website"},"primaryImageOfPage":{"@id":"https:\/\/www.voustensports.com\/fr\/genti-short-de-survetement-technique-bleu-gris-42638\/#primaryimage"},"image":{"@id":"https:\/\/www.voustensports.com\/fr\/genti-short-de-survetement-technique-bleu-gris-42638\/#primaryimage"},"thumbnailUrl":"https:\/\/www.voustensports.com\/wp-content\/uploads\/2023\/06\/Tech-Sweatshort-blauw-grijs-426381.jpg","datePublished":"2026-03-02T20:00:14+00:00","dateModified":"2026-03-21T18:27:10+00:00","breadcrumb":{"@id":"https:\/\/www.voustensports.com\/fr\/genti-short-de-survetement-technique-bleu-gris-42638\/#breadcrumb"},"inLanguage":"fr-FR","potentialAction":[{"@type":"ReadAction","target":["https:\/\/www.voustensports.com\/fr\/genti-short-de-survetement-technique-bleu-gris-42638\/"]}]},{"@type":"ImageObject","inLanguage":"fr-FR","@id":"https:\/\/www.voustensports.com\/fr\/genti-short-de-survetement-technique-bleu-gris-42638\/#primaryimage","url":"https:\/\/www.voustensports.com\/wp-content\/uploads\/2023\/06\/Tech-Sweatshort-blauw-grijs-426381.jpg","contentUrl":"https:\/\/www.voustensports.com\/wp-content\/uploads\/2023\/06\/Tech-Sweatshort-blauw-grijs-426381.jpg","width":1365,"height":2048},{"@type":"BreadcrumbList","@id":"https:\/\/www.voustensports.com\/fr\/genti-short-de-survetement-technique-bleu-gris-42638\/#breadcrumb","itemListElement":[{"@type":"ListItem","position":1,"name":"Home","item":"https:\/\/www.voustensports.com\/fr\/"},{"@type":"ListItem","position":2,"name":"Boutique","item":"https:\/\/www.voustensports.com\/fr\/shop\/"},{"@type":"ListItem","position":3,"name":"GENTI &#8211; Short de surv\u00eatement technique bleu \/ gris (42638)"}]},{"@type":"WebSite","@id":"https:\/\/www.voustensports.com\/nl\/#website","url":"https:\/\/www.voustensports.com\/nl\/","name":"Vousten Sports","description":"","potentialAction":[{"@type":"SearchAction","target":{"@type":"EntryPoint","urlTemplate":"https:\/\/www.voustensports.com\/nl\/?s={search_term_string}"},"query-input":{"@type":"PropertyValueSpecification","valueRequired":true,"valueName":"search_term_string"}}],"inLanguage":"fr-FR"}]}},"_links":{"self":[{"href":"https:\/\/www.voustensports.com\/fr\/wp-json\/wp\/v2\/product\/226323","targetHints":{"allow":["GET"]}}],"collection":[{"href":"https:\/\/www.voustensports.com\/fr\/wp-json\/wp\/v2\/product"}],"about":[{"href":"https:\/\/www.voustensports.com\/fr\/wp-json\/wp\/v2\/types\/product"}],"replies":[{"embeddable":true,"href":"https:\/\/www.voustensports.com\/fr\/wp-json\/wp\/v2\/comments?post=226323"}],"wp:featuredmedia":[{"embeddable":true,"href":"https:\/\/www.voustensports.com\/fr\/wp-json\/wp\/v2\/media\/226303"}],"wp:attachment":[{"href":"https:\/\/www.voustensports.com\/fr\/wp-json\/wp\/v2\/media?parent=226323"}],"wp:term":[{"taxonomy":"product_cat","embeddable":true,"href":"https:\/\/www.voustensports.com\/fr\/wp-json\/wp\/v2\/product_cat?post=226323"},{"taxonomy":"product_tag","embeddable":true,"href":"https:\/\/www.voustensports.com\/fr\/wp-json\/wp\/v2\/product_tag?post=226323"}],"curies":[{"name":"wp","href":"https:\/\/api.w.org\/{rel}","templated":true}]}}