{"id":226283,"date":"2026-03-02T19:18:11","date_gmt":"2026-03-02T18:18:11","guid":{"rendered":"https:\/\/www.voustensports.com\/genti-surchemise-oaks-bleu-fonce-42633\/"},"modified":"2026-04-04T02:21:14","modified_gmt":"2026-04-04T00:21:14","slug":"genti-surchemise-oaks-bleu-fonce-42633","status":"publish","type":"product","link":"https:\/\/www.voustensports.com\/fr\/genti-surchemise-oaks-bleu-fonce-42633\/","title":{"rendered":"GENTI &#8211; Surchemise Oaks bleu fonc\u00e9 (42633)"},"content":{"rendered":"<div>Cette surchemise Oaks de Genti allie l&rsquo;\u00e9l\u00e9gance d&rsquo;une chemise \u00e0 la fonctionnalit\u00e9 d&rsquo;une veste l\u00e9g\u00e8re. Sa teinte bleu fonc\u00e9 et ses finitions soign\u00e9es lui conf\u00e8rent un style urbain et moderne. Son tissu technique stretch assure confort et libert\u00e9 de mouvement optimale.<\/div>\n<ul>\n<li>Composition : 70 % polyester, 28 % viscose, 2 % \u00e9lasthanne<\/li>\n<li>Couleur : Bleu fonc\u00e9<\/li>\n<li>Coupe : Coupe classique<\/li>\n<li>Motif : Uni<\/li>\n<li>Fermeture : Fermeture \u00e9clair<\/li>\n<li>D\u00e9tails : Poches poitrine \u00e0 rabat<\/li>\n<\/ul>\n<div>Une surchemise polyvalente qui allie confort et style avec brio. Id\u00e9ale comme couche interm\u00e9diaire au printemps et en automne.<\/div>\n<div>Le m\u00e9lange polyester\/viscose offre un drap\u00e9 souple et un aspect luxueux, tandis que l&rsquo;\u00e9lasthanne apporte une \u00e9lasticit\u00e9 suppl\u00e9mentaire. Sa grande r\u00e9sistance lui permet de conserver sa forme et la rend parfaite pour un usage quotidien.<\/div>\n","protected":false},"excerpt":{"rendered":"<p>Cette surchemise Oaks de Genti allie l&rsquo;\u00e9l\u00e9gance d&rsquo;une chemise \u00e0 la fonctionnalit\u00e9 d&rsquo;une veste l\u00e9g\u00e8re. Sa teinte bleu fonc\u00e9 et ses finitions soign\u00e9es lui conf\u00e8rent un style urbain et moderne. Son tissu technique stretch assure confort et libert\u00e9 de mouvement optimale. Composition : 70 % polyester, 28 % viscose, 2 % \u00e9lasthanne Couleur : Bleu [&#8230;]\n","protected":false},"featured_media":226263,"comment_status":"open","ping_status":"closed","template":"","meta":{"rank_math_lock_modified_date":false},"product_cat":[710,739,446,450,462],"product_tag":[],"class_list":{"0":"post-226283","1":"product","2":"type-product","3":"status-publish","4":"has-post-thumbnail","6":"product_cat-genti-fr","7":"product_cat-overshirt-fr-2","8":"product_cat-kleding-fr","9":"product_cat-heren-fr","10":"product_cat-vousten-sports-fr-2","12":"first","13":"instock","14":"taxable","15":"shipping-taxable","16":"purchasable","17":"product-type-variable"},"acf":[],"yoast_head":"<!-- This site is optimized with the Yoast SEO plugin v23.9 - https:\/\/yoast.com\/wordpress\/plugins\/seo\/ -->\n<title>GENTI - Surchemise Oaks bleu fonc\u00e9 (42633) - Vousten Sports<\/title>\n<meta name=\"robots\" content=\"index, follow, max-snippet:-1, max-image-preview:large, max-video-preview:-1\" \/>\n<link rel=\"canonical\" href=\"https:\/\/www.voustensports.com\/fr\/genti-surchemise-oaks-bleu-fonce-42633\/\" \/>\n<meta property=\"og:locale\" content=\"fr_FR\" \/>\n<meta property=\"og:type\" content=\"article\" \/>\n<meta property=\"og:title\" content=\"GENTI - Surchemise Oaks bleu fonc\u00e9 (42633) - Vousten Sports\" \/>\n<meta property=\"og:description\" content=\"Cette surchemise Oaks de Genti allie l&rsquo;\u00e9l\u00e9gance d&rsquo;une chemise \u00e0 la fonctionnalit\u00e9 d&rsquo;une veste l\u00e9g\u00e8re. Sa teinte bleu fonc\u00e9 et ses finitions soign\u00e9es lui conf\u00e8rent un style urbain et moderne. Son tissu technique stretch assure confort et libert\u00e9 de mouvement optimale. Composition : 70 % polyester, 28 % viscose, 2 % \u00e9lasthanne Couleur : Bleu [...]\" \/>\n<meta property=\"og:url\" content=\"https:\/\/www.voustensports.com\/fr\/genti-surchemise-oaks-bleu-fonce-42633\/\" \/>\n<meta property=\"og:site_name\" content=\"Vousten Sports\" \/>\n<meta property=\"article:modified_time\" content=\"2026-04-04T00:21:14+00:00\" \/>\n<meta property=\"og:image\" content=\"https:\/\/www.voustensports.com\/wp-content\/uploads\/2023\/06\/Oaks-Overshirt-donkerblauw-426331.jpg\" \/>\n\t<meta property=\"og:image:width\" content=\"1365\" \/>\n\t<meta property=\"og:image:height\" content=\"2048\" \/>\n\t<meta property=\"og:image:type\" content=\"image\/jpeg\" \/>\n<meta name=\"twitter:card\" content=\"summary_large_image\" \/>\n<meta name=\"twitter:label1\" content=\"Est. reading time\" \/>\n\t<meta name=\"twitter:data1\" content=\"1 minute\" \/>\n<script type=\"application\/ld+json\" class=\"yoast-schema-graph\">{\"@context\":\"https:\/\/schema.org\",\"@graph\":[{\"@type\":\"WebPage\",\"@id\":\"https:\/\/www.voustensports.com\/fr\/genti-surchemise-oaks-bleu-fonce-42633\/\",\"url\":\"https:\/\/www.voustensports.com\/fr\/genti-surchemise-oaks-bleu-fonce-42633\/\",\"name\":\"GENTI - Surchemise Oaks bleu fonc\u00e9 (42633) - Vousten Sports\",\"isPartOf\":{\"@id\":\"https:\/\/www.voustensports.com\/nl\/#website\"},\"primaryImageOfPage\":{\"@id\":\"https:\/\/www.voustensports.com\/fr\/genti-surchemise-oaks-bleu-fonce-42633\/#primaryimage\"},\"image\":{\"@id\":\"https:\/\/www.voustensports.com\/fr\/genti-surchemise-oaks-bleu-fonce-42633\/#primaryimage\"},\"thumbnailUrl\":\"https:\/\/www.voustensports.com\/wp-content\/uploads\/2023\/06\/Oaks-Overshirt-donkerblauw-426331.jpg\",\"datePublished\":\"2026-03-02T18:18:11+00:00\",\"dateModified\":\"2026-04-04T00:21:14+00:00\",\"breadcrumb\":{\"@id\":\"https:\/\/www.voustensports.com\/fr\/genti-surchemise-oaks-bleu-fonce-42633\/#breadcrumb\"},\"inLanguage\":\"fr-FR\",\"potentialAction\":[{\"@type\":\"ReadAction\",\"target\":[\"https:\/\/www.voustensports.com\/fr\/genti-surchemise-oaks-bleu-fonce-42633\/\"]}]},{\"@type\":\"ImageObject\",\"inLanguage\":\"fr-FR\",\"@id\":\"https:\/\/www.voustensports.com\/fr\/genti-surchemise-oaks-bleu-fonce-42633\/#primaryimage\",\"url\":\"https:\/\/www.voustensports.com\/wp-content\/uploads\/2023\/06\/Oaks-Overshirt-donkerblauw-426331.jpg\",\"contentUrl\":\"https:\/\/www.voustensports.com\/wp-content\/uploads\/2023\/06\/Oaks-Overshirt-donkerblauw-426331.jpg\",\"width\":1365,\"height\":2048},{\"@type\":\"BreadcrumbList\",\"@id\":\"https:\/\/www.voustensports.com\/fr\/genti-surchemise-oaks-bleu-fonce-42633\/#breadcrumb\",\"itemListElement\":[{\"@type\":\"ListItem\",\"position\":1,\"name\":\"Home\",\"item\":\"https:\/\/www.voustensports.com\/fr\/\"},{\"@type\":\"ListItem\",\"position\":2,\"name\":\"Boutique\",\"item\":\"https:\/\/www.voustensports.com\/fr\/shop\/\"},{\"@type\":\"ListItem\",\"position\":3,\"name\":\"GENTI &#8211; Surchemise Oaks bleu fonc\u00e9 (42633)\"}]},{\"@type\":\"WebSite\",\"@id\":\"https:\/\/www.voustensports.com\/nl\/#website\",\"url\":\"https:\/\/www.voustensports.com\/nl\/\",\"name\":\"Vousten Sports\",\"description\":\"\",\"potentialAction\":[{\"@type\":\"SearchAction\",\"target\":{\"@type\":\"EntryPoint\",\"urlTemplate\":\"https:\/\/www.voustensports.com\/nl\/?s={search_term_string}\"},\"query-input\":{\"@type\":\"PropertyValueSpecification\",\"valueRequired\":true,\"valueName\":\"search_term_string\"}}],\"inLanguage\":\"fr-FR\"}]}<\/script>\n<!-- \/ Yoast SEO plugin. -->","yoast_head_json":{"title":"GENTI - Surchemise Oaks bleu fonc\u00e9 (42633) - Vousten Sports","robots":{"index":"index","follow":"follow","max-snippet":"max-snippet:-1","max-image-preview":"max-image-preview:large","max-video-preview":"max-video-preview:-1"},"canonical":"https:\/\/www.voustensports.com\/fr\/genti-surchemise-oaks-bleu-fonce-42633\/","og_locale":"fr_FR","og_type":"article","og_title":"GENTI - Surchemise Oaks bleu fonc\u00e9 (42633) - Vousten Sports","og_description":"Cette surchemise Oaks de Genti allie l&rsquo;\u00e9l\u00e9gance d&rsquo;une chemise \u00e0 la fonctionnalit\u00e9 d&rsquo;une veste l\u00e9g\u00e8re. Sa teinte bleu fonc\u00e9 et ses finitions soign\u00e9es lui conf\u00e8rent un style urbain et moderne. Son tissu technique stretch assure confort et libert\u00e9 de mouvement optimale. Composition : 70 % polyester, 28 % viscose, 2 % \u00e9lasthanne Couleur : Bleu [...]","og_url":"https:\/\/www.voustensports.com\/fr\/genti-surchemise-oaks-bleu-fonce-42633\/","og_site_name":"Vousten Sports","article_modified_time":"2026-04-04T00:21:14+00:00","og_image":[{"width":1365,"height":2048,"url":"https:\/\/www.voustensports.com\/wp-content\/uploads\/2023\/06\/Oaks-Overshirt-donkerblauw-426331.jpg","type":"image\/jpeg"}],"twitter_card":"summary_large_image","twitter_misc":{"Est. reading time":"1 minute"},"schema":{"@context":"https:\/\/schema.org","@graph":[{"@type":"WebPage","@id":"https:\/\/www.voustensports.com\/fr\/genti-surchemise-oaks-bleu-fonce-42633\/","url":"https:\/\/www.voustensports.com\/fr\/genti-surchemise-oaks-bleu-fonce-42633\/","name":"GENTI - Surchemise Oaks bleu fonc\u00e9 (42633) - Vousten Sports","isPartOf":{"@id":"https:\/\/www.voustensports.com\/nl\/#website"},"primaryImageOfPage":{"@id":"https:\/\/www.voustensports.com\/fr\/genti-surchemise-oaks-bleu-fonce-42633\/#primaryimage"},"image":{"@id":"https:\/\/www.voustensports.com\/fr\/genti-surchemise-oaks-bleu-fonce-42633\/#primaryimage"},"thumbnailUrl":"https:\/\/www.voustensports.com\/wp-content\/uploads\/2023\/06\/Oaks-Overshirt-donkerblauw-426331.jpg","datePublished":"2026-03-02T18:18:11+00:00","dateModified":"2026-04-04T00:21:14+00:00","breadcrumb":{"@id":"https:\/\/www.voustensports.com\/fr\/genti-surchemise-oaks-bleu-fonce-42633\/#breadcrumb"},"inLanguage":"fr-FR","potentialAction":[{"@type":"ReadAction","target":["https:\/\/www.voustensports.com\/fr\/genti-surchemise-oaks-bleu-fonce-42633\/"]}]},{"@type":"ImageObject","inLanguage":"fr-FR","@id":"https:\/\/www.voustensports.com\/fr\/genti-surchemise-oaks-bleu-fonce-42633\/#primaryimage","url":"https:\/\/www.voustensports.com\/wp-content\/uploads\/2023\/06\/Oaks-Overshirt-donkerblauw-426331.jpg","contentUrl":"https:\/\/www.voustensports.com\/wp-content\/uploads\/2023\/06\/Oaks-Overshirt-donkerblauw-426331.jpg","width":1365,"height":2048},{"@type":"BreadcrumbList","@id":"https:\/\/www.voustensports.com\/fr\/genti-surchemise-oaks-bleu-fonce-42633\/#breadcrumb","itemListElement":[{"@type":"ListItem","position":1,"name":"Home","item":"https:\/\/www.voustensports.com\/fr\/"},{"@type":"ListItem","position":2,"name":"Boutique","item":"https:\/\/www.voustensports.com\/fr\/shop\/"},{"@type":"ListItem","position":3,"name":"GENTI &#8211; Surchemise Oaks bleu fonc\u00e9 (42633)"}]},{"@type":"WebSite","@id":"https:\/\/www.voustensports.com\/nl\/#website","url":"https:\/\/www.voustensports.com\/nl\/","name":"Vousten Sports","description":"","potentialAction":[{"@type":"SearchAction","target":{"@type":"EntryPoint","urlTemplate":"https:\/\/www.voustensports.com\/nl\/?s={search_term_string}"},"query-input":{"@type":"PropertyValueSpecification","valueRequired":true,"valueName":"search_term_string"}}],"inLanguage":"fr-FR"}]}},"_links":{"self":[{"href":"https:\/\/www.voustensports.com\/fr\/wp-json\/wp\/v2\/product\/226283","targetHints":{"allow":["GET"]}}],"collection":[{"href":"https:\/\/www.voustensports.com\/fr\/wp-json\/wp\/v2\/product"}],"about":[{"href":"https:\/\/www.voustensports.com\/fr\/wp-json\/wp\/v2\/types\/product"}],"replies":[{"embeddable":true,"href":"https:\/\/www.voustensports.com\/fr\/wp-json\/wp\/v2\/comments?post=226283"}],"wp:featuredmedia":[{"embeddable":true,"href":"https:\/\/www.voustensports.com\/fr\/wp-json\/wp\/v2\/media\/226263"}],"wp:attachment":[{"href":"https:\/\/www.voustensports.com\/fr\/wp-json\/wp\/v2\/media?parent=226283"}],"wp:term":[{"taxonomy":"product_cat","embeddable":true,"href":"https:\/\/www.voustensports.com\/fr\/wp-json\/wp\/v2\/product_cat?post=226283"},{"taxonomy":"product_tag","embeddable":true,"href":"https:\/\/www.voustensports.com\/fr\/wp-json\/wp\/v2\/product_tag?post=226283"}],"curies":[{"name":"wp","href":"https:\/\/api.w.org\/{rel}","templated":true}]}}