{"id":226228,"date":"2026-03-02T07:15:08","date_gmt":"2026-03-02T06:15:08","guid":{"rendered":"https:\/\/www.voustensports.com\/jacob-cohen-veste-en-gabardine-de-laine-bleu-marine-t871a-y955-42281\/"},"modified":"2026-04-08T09:06:07","modified_gmt":"2026-04-08T07:06:07","slug":"jacob-cohen-veste-en-gabardine-de-laine-bleu-marine-t871a-y955-42281","status":"publish","type":"product","link":"https:\/\/www.voustensports.com\/fr\/jacob-cohen-veste-en-gabardine-de-laine-bleu-marine-t871a-y955-42281\/","title":{"rendered":"Jacob Coh\u00ebn &#8211; Veste en gabardine de laine bleu marine T871A Y955 (42281)"},"content":{"rendered":"<div>Veste en gabardine bleu chin\u00e9, 100 % laine vierge, avec empi\u00e8cements en nylon bleu clair.<\/div>\n<ul>\n<li>Coupe classique.<\/li>\n<li>Poches avant et poche poitrine.<\/li>\n<li>Fermeture boutonn\u00e9e sur la couche ext\u00e9rieure, fermeture zipp\u00e9e sur la couche int\u00e9rieure.<\/li>\n<li>\u00c9cusson logo au dos.<\/li>\n<li>Composition : Ext\u00e9rieur : 100 % pure laine vierge, Doublure : 100 % nylon.<\/li>\n<\/ul>\n<div>Fabriqu\u00e9e en Italie.<\/div>\n","protected":false},"excerpt":{"rendered":"<p>Veste en gabardine bleu chin\u00e9, 100 % laine vierge, avec empi\u00e8cements en nylon bleu clair. Coupe classique. Poches avant et poche poitrine. Fermeture boutonn\u00e9e sur la couche ext\u00e9rieure, fermeture zipp\u00e9e sur la couche int\u00e9rieure. \u00c9cusson logo au dos. Composition : Ext\u00e9rieur : 100 % pure laine vierge, Doublure : 100 % nylon. Fabriqu\u00e9e en Italie.<\/p>\n","protected":false},"featured_media":226218,"comment_status":"open","ping_status":"closed","template":"","meta":{"rank_math_lock_modified_date":false},"product_cat":[542,701,705,1016,446,450,462],"product_tag":[],"class_list":{"0":"post-226228","1":"product","2":"type-product","3":"status-publish","4":"has-post-thumbnail","6":"product_cat-jassen-fr","7":"product_cat-jackets-fr","8":"product_cat-jassen-jacks-fr","9":"product_cat-jacob-cohen-fr","10":"product_cat-kleding-fr","11":"product_cat-heren-fr","12":"product_cat-vousten-sports-fr-2","14":"first","15":"instock","16":"taxable","17":"shipping-taxable","18":"purchasable","19":"product-type-variable"},"acf":[],"yoast_head":"<!-- This site is optimized with the Yoast SEO plugin v23.9 - https:\/\/yoast.com\/wordpress\/plugins\/seo\/ -->\n<title>Jacob Coh\u00ebn - Veste en gabardine de laine bleu marine T871A Y955 (42281) - Vousten Sports<\/title>\n<meta name=\"robots\" content=\"index, follow, max-snippet:-1, max-image-preview:large, max-video-preview:-1\" \/>\n<link rel=\"canonical\" href=\"https:\/\/www.voustensports.com\/fr\/jacob-cohen-veste-en-gabardine-de-laine-bleu-marine-t871a-y955-42281\/\" \/>\n<meta property=\"og:locale\" content=\"fr_FR\" \/>\n<meta property=\"og:type\" content=\"article\" \/>\n<meta property=\"og:title\" content=\"Jacob Coh\u00ebn - Veste en gabardine de laine bleu marine T871A Y955 (42281) - Vousten Sports\" \/>\n<meta property=\"og:description\" content=\"Veste en gabardine bleu chin\u00e9, 100 % laine vierge, avec empi\u00e8cements en nylon bleu clair. Coupe classique. Poches avant et poche poitrine. Fermeture boutonn\u00e9e sur la couche ext\u00e9rieure, fermeture zipp\u00e9e sur la couche int\u00e9rieure. \u00c9cusson logo au dos. Composition : Ext\u00e9rieur : 100 % pure laine vierge, Doublure : 100 % nylon. Fabriqu\u00e9e en Italie.\" \/>\n<meta property=\"og:url\" content=\"https:\/\/www.voustensports.com\/fr\/jacob-cohen-veste-en-gabardine-de-laine-bleu-marine-t871a-y955-42281\/\" \/>\n<meta property=\"og:site_name\" content=\"Vousten Sports\" \/>\n<meta property=\"article:modified_time\" content=\"2026-04-08T07:06:07+00:00\" \/>\n<meta property=\"og:image\" content=\"https:\/\/www.voustensports.com\/wp-content\/uploads\/2023\/06\/Wool-Gabardine-Jacket-navy-T871A-Y955-422811.jpg\" \/>\n\t<meta property=\"og:image:width\" content=\"1638\" \/>\n\t<meta property=\"og:image:height\" content=\"2048\" \/>\n\t<meta property=\"og:image:type\" content=\"image\/jpeg\" \/>\n<meta name=\"twitter:card\" content=\"summary_large_image\" \/>\n<script type=\"application\/ld+json\" class=\"yoast-schema-graph\">{\"@context\":\"https:\/\/schema.org\",\"@graph\":[{\"@type\":\"WebPage\",\"@id\":\"https:\/\/www.voustensports.com\/fr\/jacob-cohen-veste-en-gabardine-de-laine-bleu-marine-t871a-y955-42281\/\",\"url\":\"https:\/\/www.voustensports.com\/fr\/jacob-cohen-veste-en-gabardine-de-laine-bleu-marine-t871a-y955-42281\/\",\"name\":\"Jacob Coh\u00ebn - Veste en gabardine de laine bleu marine T871A Y955 (42281) - Vousten Sports\",\"isPartOf\":{\"@id\":\"https:\/\/www.voustensports.com\/nl\/#website\"},\"primaryImageOfPage\":{\"@id\":\"https:\/\/www.voustensports.com\/fr\/jacob-cohen-veste-en-gabardine-de-laine-bleu-marine-t871a-y955-42281\/#primaryimage\"},\"image\":{\"@id\":\"https:\/\/www.voustensports.com\/fr\/jacob-cohen-veste-en-gabardine-de-laine-bleu-marine-t871a-y955-42281\/#primaryimage\"},\"thumbnailUrl\":\"https:\/\/www.voustensports.com\/wp-content\/uploads\/2023\/06\/Wool-Gabardine-Jacket-navy-T871A-Y955-422811.jpg\",\"datePublished\":\"2026-03-02T06:15:08+00:00\",\"dateModified\":\"2026-04-08T07:06:07+00:00\",\"breadcrumb\":{\"@id\":\"https:\/\/www.voustensports.com\/fr\/jacob-cohen-veste-en-gabardine-de-laine-bleu-marine-t871a-y955-42281\/#breadcrumb\"},\"inLanguage\":\"fr-FR\",\"potentialAction\":[{\"@type\":\"ReadAction\",\"target\":[\"https:\/\/www.voustensports.com\/fr\/jacob-cohen-veste-en-gabardine-de-laine-bleu-marine-t871a-y955-42281\/\"]}]},{\"@type\":\"ImageObject\",\"inLanguage\":\"fr-FR\",\"@id\":\"https:\/\/www.voustensports.com\/fr\/jacob-cohen-veste-en-gabardine-de-laine-bleu-marine-t871a-y955-42281\/#primaryimage\",\"url\":\"https:\/\/www.voustensports.com\/wp-content\/uploads\/2023\/06\/Wool-Gabardine-Jacket-navy-T871A-Y955-422811.jpg\",\"contentUrl\":\"https:\/\/www.voustensports.com\/wp-content\/uploads\/2023\/06\/Wool-Gabardine-Jacket-navy-T871A-Y955-422811.jpg\",\"width\":1638,\"height\":2048},{\"@type\":\"BreadcrumbList\",\"@id\":\"https:\/\/www.voustensports.com\/fr\/jacob-cohen-veste-en-gabardine-de-laine-bleu-marine-t871a-y955-42281\/#breadcrumb\",\"itemListElement\":[{\"@type\":\"ListItem\",\"position\":1,\"name\":\"Home\",\"item\":\"https:\/\/www.voustensports.com\/fr\/\"},{\"@type\":\"ListItem\",\"position\":2,\"name\":\"Boutique\",\"item\":\"https:\/\/www.voustensports.com\/fr\/shop\/\"},{\"@type\":\"ListItem\",\"position\":3,\"name\":\"Jacob Coh\u00ebn &#8211; Veste en gabardine de laine bleu marine T871A Y955 (42281)\"}]},{\"@type\":\"WebSite\",\"@id\":\"https:\/\/www.voustensports.com\/nl\/#website\",\"url\":\"https:\/\/www.voustensports.com\/nl\/\",\"name\":\"Vousten Sports\",\"description\":\"\",\"potentialAction\":[{\"@type\":\"SearchAction\",\"target\":{\"@type\":\"EntryPoint\",\"urlTemplate\":\"https:\/\/www.voustensports.com\/nl\/?s={search_term_string}\"},\"query-input\":{\"@type\":\"PropertyValueSpecification\",\"valueRequired\":true,\"valueName\":\"search_term_string\"}}],\"inLanguage\":\"fr-FR\"}]}<\/script>\n<!-- \/ Yoast SEO plugin. -->","yoast_head_json":{"title":"Jacob Coh\u00ebn - Veste en gabardine de laine bleu marine T871A Y955 (42281) - Vousten Sports","robots":{"index":"index","follow":"follow","max-snippet":"max-snippet:-1","max-image-preview":"max-image-preview:large","max-video-preview":"max-video-preview:-1"},"canonical":"https:\/\/www.voustensports.com\/fr\/jacob-cohen-veste-en-gabardine-de-laine-bleu-marine-t871a-y955-42281\/","og_locale":"fr_FR","og_type":"article","og_title":"Jacob Coh\u00ebn - Veste en gabardine de laine bleu marine T871A Y955 (42281) - Vousten Sports","og_description":"Veste en gabardine bleu chin\u00e9, 100 % laine vierge, avec empi\u00e8cements en nylon bleu clair. Coupe classique. Poches avant et poche poitrine. Fermeture boutonn\u00e9e sur la couche ext\u00e9rieure, fermeture zipp\u00e9e sur la couche int\u00e9rieure. \u00c9cusson logo au dos. Composition : Ext\u00e9rieur : 100 % pure laine vierge, Doublure : 100 % nylon. Fabriqu\u00e9e en Italie.","og_url":"https:\/\/www.voustensports.com\/fr\/jacob-cohen-veste-en-gabardine-de-laine-bleu-marine-t871a-y955-42281\/","og_site_name":"Vousten Sports","article_modified_time":"2026-04-08T07:06:07+00:00","og_image":[{"width":1638,"height":2048,"url":"https:\/\/www.voustensports.com\/wp-content\/uploads\/2023\/06\/Wool-Gabardine-Jacket-navy-T871A-Y955-422811.jpg","type":"image\/jpeg"}],"twitter_card":"summary_large_image","schema":{"@context":"https:\/\/schema.org","@graph":[{"@type":"WebPage","@id":"https:\/\/www.voustensports.com\/fr\/jacob-cohen-veste-en-gabardine-de-laine-bleu-marine-t871a-y955-42281\/","url":"https:\/\/www.voustensports.com\/fr\/jacob-cohen-veste-en-gabardine-de-laine-bleu-marine-t871a-y955-42281\/","name":"Jacob Coh\u00ebn - Veste en gabardine de laine bleu marine T871A Y955 (42281) - Vousten Sports","isPartOf":{"@id":"https:\/\/www.voustensports.com\/nl\/#website"},"primaryImageOfPage":{"@id":"https:\/\/www.voustensports.com\/fr\/jacob-cohen-veste-en-gabardine-de-laine-bleu-marine-t871a-y955-42281\/#primaryimage"},"image":{"@id":"https:\/\/www.voustensports.com\/fr\/jacob-cohen-veste-en-gabardine-de-laine-bleu-marine-t871a-y955-42281\/#primaryimage"},"thumbnailUrl":"https:\/\/www.voustensports.com\/wp-content\/uploads\/2023\/06\/Wool-Gabardine-Jacket-navy-T871A-Y955-422811.jpg","datePublished":"2026-03-02T06:15:08+00:00","dateModified":"2026-04-08T07:06:07+00:00","breadcrumb":{"@id":"https:\/\/www.voustensports.com\/fr\/jacob-cohen-veste-en-gabardine-de-laine-bleu-marine-t871a-y955-42281\/#breadcrumb"},"inLanguage":"fr-FR","potentialAction":[{"@type":"ReadAction","target":["https:\/\/www.voustensports.com\/fr\/jacob-cohen-veste-en-gabardine-de-laine-bleu-marine-t871a-y955-42281\/"]}]},{"@type":"ImageObject","inLanguage":"fr-FR","@id":"https:\/\/www.voustensports.com\/fr\/jacob-cohen-veste-en-gabardine-de-laine-bleu-marine-t871a-y955-42281\/#primaryimage","url":"https:\/\/www.voustensports.com\/wp-content\/uploads\/2023\/06\/Wool-Gabardine-Jacket-navy-T871A-Y955-422811.jpg","contentUrl":"https:\/\/www.voustensports.com\/wp-content\/uploads\/2023\/06\/Wool-Gabardine-Jacket-navy-T871A-Y955-422811.jpg","width":1638,"height":2048},{"@type":"BreadcrumbList","@id":"https:\/\/www.voustensports.com\/fr\/jacob-cohen-veste-en-gabardine-de-laine-bleu-marine-t871a-y955-42281\/#breadcrumb","itemListElement":[{"@type":"ListItem","position":1,"name":"Home","item":"https:\/\/www.voustensports.com\/fr\/"},{"@type":"ListItem","position":2,"name":"Boutique","item":"https:\/\/www.voustensports.com\/fr\/shop\/"},{"@type":"ListItem","position":3,"name":"Jacob Coh\u00ebn &#8211; Veste en gabardine de laine bleu marine T871A Y955 (42281)"}]},{"@type":"WebSite","@id":"https:\/\/www.voustensports.com\/nl\/#website","url":"https:\/\/www.voustensports.com\/nl\/","name":"Vousten Sports","description":"","potentialAction":[{"@type":"SearchAction","target":{"@type":"EntryPoint","urlTemplate":"https:\/\/www.voustensports.com\/nl\/?s={search_term_string}"},"query-input":{"@type":"PropertyValueSpecification","valueRequired":true,"valueName":"search_term_string"}}],"inLanguage":"fr-FR"}]}},"_links":{"self":[{"href":"https:\/\/www.voustensports.com\/fr\/wp-json\/wp\/v2\/product\/226228","targetHints":{"allow":["GET"]}}],"collection":[{"href":"https:\/\/www.voustensports.com\/fr\/wp-json\/wp\/v2\/product"}],"about":[{"href":"https:\/\/www.voustensports.com\/fr\/wp-json\/wp\/v2\/types\/product"}],"replies":[{"embeddable":true,"href":"https:\/\/www.voustensports.com\/fr\/wp-json\/wp\/v2\/comments?post=226228"}],"wp:featuredmedia":[{"embeddable":true,"href":"https:\/\/www.voustensports.com\/fr\/wp-json\/wp\/v2\/media\/226218"}],"wp:attachment":[{"href":"https:\/\/www.voustensports.com\/fr\/wp-json\/wp\/v2\/media?parent=226228"}],"wp:term":[{"taxonomy":"product_cat","embeddable":true,"href":"https:\/\/www.voustensports.com\/fr\/wp-json\/wp\/v2\/product_cat?post=226228"},{"taxonomy":"product_tag","embeddable":true,"href":"https:\/\/www.voustensports.com\/fr\/wp-json\/wp\/v2\/product_tag?post=226228"}],"curies":[{"name":"wp","href":"https:\/\/api.w.org\/{rel}","templated":true}]}}