{"id":226180,"date":"2026-03-02T03:30:08","date_gmt":"2026-03-02T02:30:08","guid":{"rendered":"https:\/\/www.voustensports.com\/jacob-cohen-surchemise-marine-s4343-y99-42282\/"},"modified":"2026-04-08T11:03:04","modified_gmt":"2026-04-08T09:03:04","slug":"jacob-cohen-surchemise-marine-s4343-y99-42282","status":"publish","type":"product","link":"https:\/\/www.voustensports.com\/fr\/jacob-cohen-surchemise-marine-s4343-y99-42282\/","title":{"rendered":"Jacob Coh\u00ebn &#8211; Surchemise marine S4343 Y99 (42282)"},"content":{"rendered":"<ul>\n<li>Surchemise l\u00e9g\u00e8re<\/li>\n<li>Coupe classique<\/li>\n<li>Tissu stretch marine en pure laine vierge et nylon, armure serg\u00e9e diagonale<\/li>\n<li>Boutons en corne v\u00e9ritable marron<\/li>\n<li>\u00c9cusson logo hexagonal au dos<\/li>\n<li>Poches plaqu\u00e9es et poches lat\u00e9rales<\/li>\n<li>Composition : 51 % pure laine vierge, 38 % viscose, 8 % nylon, 3 % \u00e9lasthanne<\/li>\n<\/ul>\n<div>Fabriqu\u00e9e en Italie<\/div>\n","protected":false},"excerpt":{"rendered":"<p>Surchemise l\u00e9g\u00e8re Coupe classique Tissu stretch marine en pure laine vierge et nylon, armure serg\u00e9e diagonale Boutons en corne v\u00e9ritable marron \u00c9cusson logo hexagonal au dos Poches plaqu\u00e9es et poches lat\u00e9rales Composition : 51 % pure laine vierge, 38 % viscose, 8 % nylon, 3 % \u00e9lasthanne Fabriqu\u00e9e en Italie<\/p>\n","protected":false},"featured_media":226170,"comment_status":"open","ping_status":"closed","template":"","meta":{"rank_math_lock_modified_date":false},"product_cat":[486,739,1016,446,450,462],"product_tag":[],"class_list":{"0":"post-226180","1":"product","2":"type-product","3":"status-publish","4":"has-post-thumbnail","6":"product_cat-shirt-fr-2","7":"product_cat-overshirt-fr-2","8":"product_cat-jacob-cohen-fr","9":"product_cat-kleding-fr","10":"product_cat-heren-fr","11":"product_cat-vousten-sports-fr-2","13":"first","14":"instock","15":"taxable","16":"shipping-taxable","17":"purchasable","18":"product-type-variable"},"acf":[],"yoast_head":"<!-- This site is optimized with the Yoast SEO plugin v23.9 - https:\/\/yoast.com\/wordpress\/plugins\/seo\/ -->\n<title>Jacob Coh\u00ebn - Surchemise marine S4343 Y99 (42282) - Vousten Sports<\/title>\n<meta name=\"robots\" content=\"index, follow, max-snippet:-1, max-image-preview:large, max-video-preview:-1\" \/>\n<link rel=\"canonical\" href=\"https:\/\/www.voustensports.com\/fr\/jacob-cohen-surchemise-marine-s4343-y99-42282\/\" \/>\n<meta property=\"og:locale\" content=\"fr_FR\" \/>\n<meta property=\"og:type\" content=\"article\" \/>\n<meta property=\"og:title\" content=\"Jacob Coh\u00ebn - Surchemise marine S4343 Y99 (42282) - Vousten Sports\" \/>\n<meta property=\"og:description\" content=\"Surchemise l\u00e9g\u00e8re Coupe classique Tissu stretch marine en pure laine vierge et nylon, armure serg\u00e9e diagonale Boutons en corne v\u00e9ritable marron \u00c9cusson logo hexagonal au dos Poches plaqu\u00e9es et poches lat\u00e9rales Composition : 51 % pure laine vierge, 38 % viscose, 8 % nylon, 3 % \u00e9lasthanne Fabriqu\u00e9e en Italie\" \/>\n<meta property=\"og:url\" content=\"https:\/\/www.voustensports.com\/fr\/jacob-cohen-surchemise-marine-s4343-y99-42282\/\" \/>\n<meta property=\"og:site_name\" content=\"Vousten Sports\" \/>\n<meta property=\"article:modified_time\" content=\"2026-04-08T09:03:04+00:00\" \/>\n<meta property=\"og:image\" content=\"https:\/\/www.voustensports.com\/wp-content\/uploads\/2023\/06\/Overshirt-navy-S4343-Y99-422821.jpg\" \/>\n\t<meta property=\"og:image:width\" content=\"1638\" \/>\n\t<meta property=\"og:image:height\" content=\"2048\" \/>\n\t<meta property=\"og:image:type\" content=\"image\/jpeg\" \/>\n<meta name=\"twitter:card\" content=\"summary_large_image\" \/>\n<script type=\"application\/ld+json\" class=\"yoast-schema-graph\">{\"@context\":\"https:\/\/schema.org\",\"@graph\":[{\"@type\":\"WebPage\",\"@id\":\"https:\/\/www.voustensports.com\/fr\/jacob-cohen-surchemise-marine-s4343-y99-42282\/\",\"url\":\"https:\/\/www.voustensports.com\/fr\/jacob-cohen-surchemise-marine-s4343-y99-42282\/\",\"name\":\"Jacob Coh\u00ebn - Surchemise marine S4343 Y99 (42282) - Vousten Sports\",\"isPartOf\":{\"@id\":\"https:\/\/www.voustensports.com\/nl\/#website\"},\"primaryImageOfPage\":{\"@id\":\"https:\/\/www.voustensports.com\/fr\/jacob-cohen-surchemise-marine-s4343-y99-42282\/#primaryimage\"},\"image\":{\"@id\":\"https:\/\/www.voustensports.com\/fr\/jacob-cohen-surchemise-marine-s4343-y99-42282\/#primaryimage\"},\"thumbnailUrl\":\"https:\/\/www.voustensports.com\/wp-content\/uploads\/2023\/06\/Overshirt-navy-S4343-Y99-422821.jpg\",\"datePublished\":\"2026-03-02T02:30:08+00:00\",\"dateModified\":\"2026-04-08T09:03:04+00:00\",\"breadcrumb\":{\"@id\":\"https:\/\/www.voustensports.com\/fr\/jacob-cohen-surchemise-marine-s4343-y99-42282\/#breadcrumb\"},\"inLanguage\":\"fr-FR\",\"potentialAction\":[{\"@type\":\"ReadAction\",\"target\":[\"https:\/\/www.voustensports.com\/fr\/jacob-cohen-surchemise-marine-s4343-y99-42282\/\"]}]},{\"@type\":\"ImageObject\",\"inLanguage\":\"fr-FR\",\"@id\":\"https:\/\/www.voustensports.com\/fr\/jacob-cohen-surchemise-marine-s4343-y99-42282\/#primaryimage\",\"url\":\"https:\/\/www.voustensports.com\/wp-content\/uploads\/2023\/06\/Overshirt-navy-S4343-Y99-422821.jpg\",\"contentUrl\":\"https:\/\/www.voustensports.com\/wp-content\/uploads\/2023\/06\/Overshirt-navy-S4343-Y99-422821.jpg\",\"width\":1638,\"height\":2048},{\"@type\":\"BreadcrumbList\",\"@id\":\"https:\/\/www.voustensports.com\/fr\/jacob-cohen-surchemise-marine-s4343-y99-42282\/#breadcrumb\",\"itemListElement\":[{\"@type\":\"ListItem\",\"position\":1,\"name\":\"Home\",\"item\":\"https:\/\/www.voustensports.com\/fr\/\"},{\"@type\":\"ListItem\",\"position\":2,\"name\":\"Boutique\",\"item\":\"https:\/\/www.voustensports.com\/fr\/shop\/\"},{\"@type\":\"ListItem\",\"position\":3,\"name\":\"Jacob Coh\u00ebn &#8211; Surchemise marine S4343 Y99 (42282)\"}]},{\"@type\":\"WebSite\",\"@id\":\"https:\/\/www.voustensports.com\/nl\/#website\",\"url\":\"https:\/\/www.voustensports.com\/nl\/\",\"name\":\"Vousten Sports\",\"description\":\"\",\"potentialAction\":[{\"@type\":\"SearchAction\",\"target\":{\"@type\":\"EntryPoint\",\"urlTemplate\":\"https:\/\/www.voustensports.com\/nl\/?s={search_term_string}\"},\"query-input\":{\"@type\":\"PropertyValueSpecification\",\"valueRequired\":true,\"valueName\":\"search_term_string\"}}],\"inLanguage\":\"fr-FR\"}]}<\/script>\n<!-- \/ Yoast SEO plugin. -->","yoast_head_json":{"title":"Jacob Coh\u00ebn - Surchemise marine S4343 Y99 (42282) - Vousten Sports","robots":{"index":"index","follow":"follow","max-snippet":"max-snippet:-1","max-image-preview":"max-image-preview:large","max-video-preview":"max-video-preview:-1"},"canonical":"https:\/\/www.voustensports.com\/fr\/jacob-cohen-surchemise-marine-s4343-y99-42282\/","og_locale":"fr_FR","og_type":"article","og_title":"Jacob Coh\u00ebn - Surchemise marine S4343 Y99 (42282) - Vousten Sports","og_description":"Surchemise l\u00e9g\u00e8re Coupe classique Tissu stretch marine en pure laine vierge et nylon, armure serg\u00e9e diagonale Boutons en corne v\u00e9ritable marron \u00c9cusson logo hexagonal au dos Poches plaqu\u00e9es et poches lat\u00e9rales Composition : 51 % pure laine vierge, 38 % viscose, 8 % nylon, 3 % \u00e9lasthanne Fabriqu\u00e9e en Italie","og_url":"https:\/\/www.voustensports.com\/fr\/jacob-cohen-surchemise-marine-s4343-y99-42282\/","og_site_name":"Vousten Sports","article_modified_time":"2026-04-08T09:03:04+00:00","og_image":[{"width":1638,"height":2048,"url":"https:\/\/www.voustensports.com\/wp-content\/uploads\/2023\/06\/Overshirt-navy-S4343-Y99-422821.jpg","type":"image\/jpeg"}],"twitter_card":"summary_large_image","schema":{"@context":"https:\/\/schema.org","@graph":[{"@type":"WebPage","@id":"https:\/\/www.voustensports.com\/fr\/jacob-cohen-surchemise-marine-s4343-y99-42282\/","url":"https:\/\/www.voustensports.com\/fr\/jacob-cohen-surchemise-marine-s4343-y99-42282\/","name":"Jacob Coh\u00ebn - Surchemise marine S4343 Y99 (42282) - Vousten Sports","isPartOf":{"@id":"https:\/\/www.voustensports.com\/nl\/#website"},"primaryImageOfPage":{"@id":"https:\/\/www.voustensports.com\/fr\/jacob-cohen-surchemise-marine-s4343-y99-42282\/#primaryimage"},"image":{"@id":"https:\/\/www.voustensports.com\/fr\/jacob-cohen-surchemise-marine-s4343-y99-42282\/#primaryimage"},"thumbnailUrl":"https:\/\/www.voustensports.com\/wp-content\/uploads\/2023\/06\/Overshirt-navy-S4343-Y99-422821.jpg","datePublished":"2026-03-02T02:30:08+00:00","dateModified":"2026-04-08T09:03:04+00:00","breadcrumb":{"@id":"https:\/\/www.voustensports.com\/fr\/jacob-cohen-surchemise-marine-s4343-y99-42282\/#breadcrumb"},"inLanguage":"fr-FR","potentialAction":[{"@type":"ReadAction","target":["https:\/\/www.voustensports.com\/fr\/jacob-cohen-surchemise-marine-s4343-y99-42282\/"]}]},{"@type":"ImageObject","inLanguage":"fr-FR","@id":"https:\/\/www.voustensports.com\/fr\/jacob-cohen-surchemise-marine-s4343-y99-42282\/#primaryimage","url":"https:\/\/www.voustensports.com\/wp-content\/uploads\/2023\/06\/Overshirt-navy-S4343-Y99-422821.jpg","contentUrl":"https:\/\/www.voustensports.com\/wp-content\/uploads\/2023\/06\/Overshirt-navy-S4343-Y99-422821.jpg","width":1638,"height":2048},{"@type":"BreadcrumbList","@id":"https:\/\/www.voustensports.com\/fr\/jacob-cohen-surchemise-marine-s4343-y99-42282\/#breadcrumb","itemListElement":[{"@type":"ListItem","position":1,"name":"Home","item":"https:\/\/www.voustensports.com\/fr\/"},{"@type":"ListItem","position":2,"name":"Boutique","item":"https:\/\/www.voustensports.com\/fr\/shop\/"},{"@type":"ListItem","position":3,"name":"Jacob Coh\u00ebn &#8211; Surchemise marine S4343 Y99 (42282)"}]},{"@type":"WebSite","@id":"https:\/\/www.voustensports.com\/nl\/#website","url":"https:\/\/www.voustensports.com\/nl\/","name":"Vousten Sports","description":"","potentialAction":[{"@type":"SearchAction","target":{"@type":"EntryPoint","urlTemplate":"https:\/\/www.voustensports.com\/nl\/?s={search_term_string}"},"query-input":{"@type":"PropertyValueSpecification","valueRequired":true,"valueName":"search_term_string"}}],"inLanguage":"fr-FR"}]}},"_links":{"self":[{"href":"https:\/\/www.voustensports.com\/fr\/wp-json\/wp\/v2\/product\/226180","targetHints":{"allow":["GET"]}}],"collection":[{"href":"https:\/\/www.voustensports.com\/fr\/wp-json\/wp\/v2\/product"}],"about":[{"href":"https:\/\/www.voustensports.com\/fr\/wp-json\/wp\/v2\/types\/product"}],"replies":[{"embeddable":true,"href":"https:\/\/www.voustensports.com\/fr\/wp-json\/wp\/v2\/comments?post=226180"}],"wp:featuredmedia":[{"embeddable":true,"href":"https:\/\/www.voustensports.com\/fr\/wp-json\/wp\/v2\/media\/226170"}],"wp:attachment":[{"href":"https:\/\/www.voustensports.com\/fr\/wp-json\/wp\/v2\/media?parent=226180"}],"wp:term":[{"taxonomy":"product_cat","embeddable":true,"href":"https:\/\/www.voustensports.com\/fr\/wp-json\/wp\/v2\/product_cat?post=226180"},{"taxonomy":"product_tag","embeddable":true,"href":"https:\/\/www.voustensports.com\/fr\/wp-json\/wp\/v2\/product_tag?post=226180"}],"curies":[{"name":"wp","href":"https:\/\/api.w.org\/{rel}","templated":true}]}}