{"id":226130,"date":"2026-03-01T17:42:19","date_gmt":"2026-03-01T16:42:19","guid":{"rendered":"https:\/\/www.voustensports.com\/jacob-cohen-short-de-bain-resort-yr004-0693s-42275\/"},"modified":"2026-04-15T08:48:15","modified_gmt":"2026-04-15T06:48:15","slug":"jacob-cohen-short-de-bain-resort-yr004-0693s-42275","status":"publish","type":"product","link":"https:\/\/www.voustensports.com\/fr\/jacob-cohen-short-de-bain-resort-yr004-0693s-42275\/","title":{"rendered":"Jacob Coh\u00ebn &#8211; Short de bain Resort YR004 0693S (42275)"},"content":{"rendered":"<div>\n<div>La collection Resort de Jacob Coh\u00ebn s&rsquo;inspire de l&rsquo;\u00e9l\u00e9gance raffin\u00e9e et du luxe intemporel des yacht clubs : des lieux o\u00f9 tradition, raffinement et passion pour la mer se conjuguent pour cr\u00e9er une atmosph\u00e8re unique. Chaque pi\u00e8ce de la collection est con\u00e7ue pour refl\u00e9ter le charme exclusif de ces havres priv\u00e9s, o\u00f9 l&rsquo;art de la voile se marie harmonieusement \u00e0 un style impeccable.<\/div>\n<ul>\n<li>Short de bain<\/li>\n<li>Tissu technique<\/li>\n<li>Taille mi-haute<\/li>\n<li>Ceinture \u00e9lastiqu\u00e9e avec cordon de serrage<\/li>\n<li>Poches lat\u00e9rales<\/li>\n<li>Poche arri\u00e8re<\/li>\n<li>\u00c9cusson logo bleu fonc\u00e9 au dos<\/li>\n<li>Composition : 63 % polyester, 37 % polyamide<\/li>\n<li>Fabriqu\u00e9 en Italie<\/li>\n<\/ul>\n<div>Livr\u00e9 avec un sac Resort assorti offert, id\u00e9al pour ranger des produits comme la cr\u00e8me solaire.<\/div>\n<\/div>\n<div><\/div>\n","protected":false},"excerpt":{"rendered":"<p>La collection Resort de Jacob Coh\u00ebn s&rsquo;inspire de l&rsquo;\u00e9l\u00e9gance raffin\u00e9e et du luxe intemporel des yacht clubs : des lieux o\u00f9 tradition, raffinement et passion pour la mer se conjuguent pour cr\u00e9er une atmosph\u00e8re unique. Chaque pi\u00e8ce de la collection est con\u00e7ue pour refl\u00e9ter le charme exclusif de ces havres priv\u00e9s, o\u00f9 l&rsquo;art de la [&#8230;]\n","protected":false},"featured_media":226116,"comment_status":"open","ping_status":"closed","template":"","meta":{"rank_math_lock_modified_date":false},"product_cat":[446,450,462,466,568,755,786,1016],"product_tag":[],"class_list":{"0":"post-226130","1":"product","2":"type-product","3":"status-publish","4":"has-post-thumbnail","6":"product_cat-kleding-fr","7":"product_cat-heren-fr","8":"product_cat-vousten-sports-fr-2","9":"product_cat-broeken-fr","10":"product_cat-jacob-cohen-jeans-fr","11":"product_cat-zwembroeken-fr-2","12":"product_cat-broek-fr","13":"product_cat-jacob-cohen-fr","15":"first","16":"instock","17":"taxable","18":"shipping-taxable","19":"purchasable","20":"product-type-variable"},"acf":[],"yoast_head":"<!-- This site is optimized with the Yoast SEO plugin v23.9 - https:\/\/yoast.com\/wordpress\/plugins\/seo\/ -->\n<title>Jacob Coh\u00ebn - Short de bain Resort YR004 0693S (42275) - Vousten Sports<\/title>\n<meta name=\"robots\" content=\"index, follow, max-snippet:-1, max-image-preview:large, max-video-preview:-1\" \/>\n<link rel=\"canonical\" href=\"https:\/\/www.voustensports.com\/fr\/jacob-cohen-short-de-bain-resort-yr004-0693s-42275\/\" \/>\n<meta property=\"og:locale\" content=\"fr_FR\" \/>\n<meta property=\"og:type\" content=\"article\" \/>\n<meta property=\"og:title\" content=\"Jacob Coh\u00ebn - Short de bain Resort YR004 0693S (42275) - Vousten Sports\" \/>\n<meta property=\"og:description\" content=\"La collection Resort de Jacob Coh\u00ebn s&rsquo;inspire de l&rsquo;\u00e9l\u00e9gance raffin\u00e9e et du luxe intemporel des yacht clubs : des lieux o\u00f9 tradition, raffinement et passion pour la mer se conjuguent pour cr\u00e9er une atmosph\u00e8re unique. Chaque pi\u00e8ce de la collection est con\u00e7ue pour refl\u00e9ter le charme exclusif de ces havres priv\u00e9s, o\u00f9 l&rsquo;art de la [...]\" \/>\n<meta property=\"og:url\" content=\"https:\/\/www.voustensports.com\/fr\/jacob-cohen-short-de-bain-resort-yr004-0693s-42275\/\" \/>\n<meta property=\"og:site_name\" content=\"Vousten Sports\" \/>\n<meta property=\"article:modified_time\" content=\"2026-04-15T06:48:15+00:00\" \/>\n<meta property=\"og:image\" content=\"https:\/\/www.voustensports.com\/wp-content\/uploads\/2023\/06\/Swim-Shorts-Resort-YR004-0693S-42275-1.jpg\" \/>\n\t<meta property=\"og:image:width\" content=\"2048\" \/>\n\t<meta property=\"og:image:height\" content=\"2048\" \/>\n\t<meta property=\"og:image:type\" content=\"image\/jpeg\" \/>\n<meta name=\"twitter:card\" content=\"summary_large_image\" \/>\n<meta name=\"twitter:label1\" content=\"Est. reading time\" \/>\n\t<meta name=\"twitter:data1\" content=\"1 minute\" \/>\n<script type=\"application\/ld+json\" class=\"yoast-schema-graph\">{\"@context\":\"https:\/\/schema.org\",\"@graph\":[{\"@type\":\"WebPage\",\"@id\":\"https:\/\/www.voustensports.com\/fr\/jacob-cohen-short-de-bain-resort-yr004-0693s-42275\/\",\"url\":\"https:\/\/www.voustensports.com\/fr\/jacob-cohen-short-de-bain-resort-yr004-0693s-42275\/\",\"name\":\"Jacob Coh\u00ebn - Short de bain Resort YR004 0693S (42275) - Vousten Sports\",\"isPartOf\":{\"@id\":\"https:\/\/www.voustensports.com\/nl\/#website\"},\"primaryImageOfPage\":{\"@id\":\"https:\/\/www.voustensports.com\/fr\/jacob-cohen-short-de-bain-resort-yr004-0693s-42275\/#primaryimage\"},\"image\":{\"@id\":\"https:\/\/www.voustensports.com\/fr\/jacob-cohen-short-de-bain-resort-yr004-0693s-42275\/#primaryimage\"},\"thumbnailUrl\":\"https:\/\/www.voustensports.com\/wp-content\/uploads\/2023\/06\/Swim-Shorts-Resort-YR004-0693S-42275-1.jpg\",\"datePublished\":\"2026-03-01T16:42:19+00:00\",\"dateModified\":\"2026-04-15T06:48:15+00:00\",\"breadcrumb\":{\"@id\":\"https:\/\/www.voustensports.com\/fr\/jacob-cohen-short-de-bain-resort-yr004-0693s-42275\/#breadcrumb\"},\"inLanguage\":\"fr-FR\",\"potentialAction\":[{\"@type\":\"ReadAction\",\"target\":[\"https:\/\/www.voustensports.com\/fr\/jacob-cohen-short-de-bain-resort-yr004-0693s-42275\/\"]}]},{\"@type\":\"ImageObject\",\"inLanguage\":\"fr-FR\",\"@id\":\"https:\/\/www.voustensports.com\/fr\/jacob-cohen-short-de-bain-resort-yr004-0693s-42275\/#primaryimage\",\"url\":\"https:\/\/www.voustensports.com\/wp-content\/uploads\/2023\/06\/Swim-Shorts-Resort-YR004-0693S-42275-1.jpg\",\"contentUrl\":\"https:\/\/www.voustensports.com\/wp-content\/uploads\/2023\/06\/Swim-Shorts-Resort-YR004-0693S-42275-1.jpg\",\"width\":2048,\"height\":2048},{\"@type\":\"BreadcrumbList\",\"@id\":\"https:\/\/www.voustensports.com\/fr\/jacob-cohen-short-de-bain-resort-yr004-0693s-42275\/#breadcrumb\",\"itemListElement\":[{\"@type\":\"ListItem\",\"position\":1,\"name\":\"Home\",\"item\":\"https:\/\/www.voustensports.com\/fr\/\"},{\"@type\":\"ListItem\",\"position\":2,\"name\":\"Boutique\",\"item\":\"https:\/\/www.voustensports.com\/fr\/shop\/\"},{\"@type\":\"ListItem\",\"position\":3,\"name\":\"Jacob Coh\u00ebn &#8211; Short de bain Resort YR004 0693S (42275)\"}]},{\"@type\":\"WebSite\",\"@id\":\"https:\/\/www.voustensports.com\/nl\/#website\",\"url\":\"https:\/\/www.voustensports.com\/nl\/\",\"name\":\"Vousten Sports\",\"description\":\"\",\"potentialAction\":[{\"@type\":\"SearchAction\",\"target\":{\"@type\":\"EntryPoint\",\"urlTemplate\":\"https:\/\/www.voustensports.com\/nl\/?s={search_term_string}\"},\"query-input\":{\"@type\":\"PropertyValueSpecification\",\"valueRequired\":true,\"valueName\":\"search_term_string\"}}],\"inLanguage\":\"fr-FR\"}]}<\/script>\n<!-- \/ Yoast SEO plugin. -->","yoast_head_json":{"title":"Jacob Coh\u00ebn - Short de bain Resort YR004 0693S (42275) - Vousten Sports","robots":{"index":"index","follow":"follow","max-snippet":"max-snippet:-1","max-image-preview":"max-image-preview:large","max-video-preview":"max-video-preview:-1"},"canonical":"https:\/\/www.voustensports.com\/fr\/jacob-cohen-short-de-bain-resort-yr004-0693s-42275\/","og_locale":"fr_FR","og_type":"article","og_title":"Jacob Coh\u00ebn - Short de bain Resort YR004 0693S (42275) - Vousten Sports","og_description":"La collection Resort de Jacob Coh\u00ebn s&rsquo;inspire de l&rsquo;\u00e9l\u00e9gance raffin\u00e9e et du luxe intemporel des yacht clubs : des lieux o\u00f9 tradition, raffinement et passion pour la mer se conjuguent pour cr\u00e9er une atmosph\u00e8re unique. Chaque pi\u00e8ce de la collection est con\u00e7ue pour refl\u00e9ter le charme exclusif de ces havres priv\u00e9s, o\u00f9 l&rsquo;art de la [...]","og_url":"https:\/\/www.voustensports.com\/fr\/jacob-cohen-short-de-bain-resort-yr004-0693s-42275\/","og_site_name":"Vousten Sports","article_modified_time":"2026-04-15T06:48:15+00:00","og_image":[{"width":2048,"height":2048,"url":"https:\/\/www.voustensports.com\/wp-content\/uploads\/2023\/06\/Swim-Shorts-Resort-YR004-0693S-42275-1.jpg","type":"image\/jpeg"}],"twitter_card":"summary_large_image","twitter_misc":{"Est. reading time":"1 minute"},"schema":{"@context":"https:\/\/schema.org","@graph":[{"@type":"WebPage","@id":"https:\/\/www.voustensports.com\/fr\/jacob-cohen-short-de-bain-resort-yr004-0693s-42275\/","url":"https:\/\/www.voustensports.com\/fr\/jacob-cohen-short-de-bain-resort-yr004-0693s-42275\/","name":"Jacob Coh\u00ebn - Short de bain Resort YR004 0693S (42275) - Vousten Sports","isPartOf":{"@id":"https:\/\/www.voustensports.com\/nl\/#website"},"primaryImageOfPage":{"@id":"https:\/\/www.voustensports.com\/fr\/jacob-cohen-short-de-bain-resort-yr004-0693s-42275\/#primaryimage"},"image":{"@id":"https:\/\/www.voustensports.com\/fr\/jacob-cohen-short-de-bain-resort-yr004-0693s-42275\/#primaryimage"},"thumbnailUrl":"https:\/\/www.voustensports.com\/wp-content\/uploads\/2023\/06\/Swim-Shorts-Resort-YR004-0693S-42275-1.jpg","datePublished":"2026-03-01T16:42:19+00:00","dateModified":"2026-04-15T06:48:15+00:00","breadcrumb":{"@id":"https:\/\/www.voustensports.com\/fr\/jacob-cohen-short-de-bain-resort-yr004-0693s-42275\/#breadcrumb"},"inLanguage":"fr-FR","potentialAction":[{"@type":"ReadAction","target":["https:\/\/www.voustensports.com\/fr\/jacob-cohen-short-de-bain-resort-yr004-0693s-42275\/"]}]},{"@type":"ImageObject","inLanguage":"fr-FR","@id":"https:\/\/www.voustensports.com\/fr\/jacob-cohen-short-de-bain-resort-yr004-0693s-42275\/#primaryimage","url":"https:\/\/www.voustensports.com\/wp-content\/uploads\/2023\/06\/Swim-Shorts-Resort-YR004-0693S-42275-1.jpg","contentUrl":"https:\/\/www.voustensports.com\/wp-content\/uploads\/2023\/06\/Swim-Shorts-Resort-YR004-0693S-42275-1.jpg","width":2048,"height":2048},{"@type":"BreadcrumbList","@id":"https:\/\/www.voustensports.com\/fr\/jacob-cohen-short-de-bain-resort-yr004-0693s-42275\/#breadcrumb","itemListElement":[{"@type":"ListItem","position":1,"name":"Home","item":"https:\/\/www.voustensports.com\/fr\/"},{"@type":"ListItem","position":2,"name":"Boutique","item":"https:\/\/www.voustensports.com\/fr\/shop\/"},{"@type":"ListItem","position":3,"name":"Jacob Coh\u00ebn &#8211; Short de bain Resort YR004 0693S (42275)"}]},{"@type":"WebSite","@id":"https:\/\/www.voustensports.com\/nl\/#website","url":"https:\/\/www.voustensports.com\/nl\/","name":"Vousten Sports","description":"","potentialAction":[{"@type":"SearchAction","target":{"@type":"EntryPoint","urlTemplate":"https:\/\/www.voustensports.com\/nl\/?s={search_term_string}"},"query-input":{"@type":"PropertyValueSpecification","valueRequired":true,"valueName":"search_term_string"}}],"inLanguage":"fr-FR"}]}},"_links":{"self":[{"href":"https:\/\/www.voustensports.com\/fr\/wp-json\/wp\/v2\/product\/226130","targetHints":{"allow":["GET"]}}],"collection":[{"href":"https:\/\/www.voustensports.com\/fr\/wp-json\/wp\/v2\/product"}],"about":[{"href":"https:\/\/www.voustensports.com\/fr\/wp-json\/wp\/v2\/types\/product"}],"replies":[{"embeddable":true,"href":"https:\/\/www.voustensports.com\/fr\/wp-json\/wp\/v2\/comments?post=226130"}],"wp:featuredmedia":[{"embeddable":true,"href":"https:\/\/www.voustensports.com\/fr\/wp-json\/wp\/v2\/media\/226116"}],"wp:attachment":[{"href":"https:\/\/www.voustensports.com\/fr\/wp-json\/wp\/v2\/media?parent=226130"}],"wp:term":[{"taxonomy":"product_cat","embeddable":true,"href":"https:\/\/www.voustensports.com\/fr\/wp-json\/wp\/v2\/product_cat?post=226130"},{"taxonomy":"product_tag","embeddable":true,"href":"https:\/\/www.voustensports.com\/fr\/wp-json\/wp\/v2\/product_tag?post=226130"}],"curies":[{"name":"wp","href":"https:\/\/api.w.org\/{rel}","templated":true}]}}