{"id":226026,"date":"2026-02-28T18:18:06","date_gmt":"2026-02-28T17:18:06","guid":{"rendered":"https:\/\/www.voustensports.com\/gran-sasso-t-shirt-en-maille-cotelee-taupe-42710\/"},"modified":"2026-04-11T04:33:09","modified_gmt":"2026-04-11T02:33:09","slug":"gran-sasso-t-shirt-en-maille-cotelee-taupe-42710","status":"publish","type":"product","link":"https:\/\/www.voustensports.com\/fr\/gran-sasso-t-shirt-en-maille-cotelee-taupe-42710\/","title":{"rendered":"Gran Sasso &#8211; T-shirt en maille c\u00f4tel\u00e9e taupe (42710)"},"content":{"rendered":"<p>Pull col rond en pur coton \u00e9gyptien. Un v\u00eatement polyvalent, confortable et jeune, id\u00e9al pour compl\u00e9ter diff\u00e9rentes tenues. Fabriqu\u00e9 en Italie.<\/p>\n<ul>\n<li>100 % COTON<\/li>\n<\/ul>\n","protected":false},"excerpt":{"rendered":"<p>Pull col rond en pur coton \u00e9gyptien. Un v\u00eatement polyvalent, confortable et jeune, id\u00e9al pour compl\u00e9ter diff\u00e9rentes tenues. Fabriqu\u00e9 en Italie. 100 % COTON<\/p>\n","protected":false},"featured_media":226018,"comment_status":"open","ping_status":"closed","template":"","meta":{"rank_math_lock_modified_date":false},"product_cat":[446,450,462,486,490,924],"product_tag":[],"class_list":{"0":"post-226026","1":"product","2":"type-product","3":"status-publish","4":"has-post-thumbnail","6":"product_cat-kleding-fr","7":"product_cat-heren-fr","8":"product_cat-vousten-sports-fr-2","9":"product_cat-shirt-fr-2","10":"product_cat-t-shirts-fr-2","11":"product_cat-gran-sasso-fr","13":"first","14":"instock","15":"taxable","16":"shipping-taxable","17":"purchasable","18":"product-type-variable"},"acf":[],"yoast_head":"<!-- This site is optimized with the Yoast SEO plugin v23.9 - https:\/\/yoast.com\/wordpress\/plugins\/seo\/ -->\n<title>Gran Sasso - T-shirt en maille c\u00f4tel\u00e9e taupe (42710) - Vousten Sports<\/title>\n<meta name=\"robots\" content=\"index, follow, max-snippet:-1, max-image-preview:large, max-video-preview:-1\" \/>\n<link rel=\"canonical\" href=\"https:\/\/www.voustensports.com\/fr\/gran-sasso-t-shirt-en-maille-cotelee-taupe-42710\/\" \/>\n<meta property=\"og:locale\" content=\"fr_FR\" \/>\n<meta property=\"og:type\" content=\"article\" \/>\n<meta property=\"og:title\" content=\"Gran Sasso - T-shirt en maille c\u00f4tel\u00e9e taupe (42710) - Vousten Sports\" \/>\n<meta property=\"og:description\" content=\"Pull col rond en pur coton \u00e9gyptien. Un v\u00eatement polyvalent, confortable et jeune, id\u00e9al pour compl\u00e9ter diff\u00e9rentes tenues. Fabriqu\u00e9 en Italie. 100 % COTON\" \/>\n<meta property=\"og:url\" content=\"https:\/\/www.voustensports.com\/fr\/gran-sasso-t-shirt-en-maille-cotelee-taupe-42710\/\" \/>\n<meta property=\"og:site_name\" content=\"Vousten Sports\" \/>\n<meta property=\"article:modified_time\" content=\"2026-04-11T02:33:09+00:00\" \/>\n<meta property=\"og:image\" content=\"https:\/\/www.voustensports.com\/wp-content\/uploads\/2023\/06\/Gran-Sasso-Ribbed-neck-knit-t-shirt-Navy-42710-1.jpg\" \/>\n\t<meta property=\"og:image:width\" content=\"1536\" \/>\n\t<meta property=\"og:image:height\" content=\"2048\" \/>\n\t<meta property=\"og:image:type\" content=\"image\/jpeg\" \/>\n<meta name=\"twitter:card\" content=\"summary_large_image\" \/>\n<script type=\"application\/ld+json\" class=\"yoast-schema-graph\">{\"@context\":\"https:\/\/schema.org\",\"@graph\":[{\"@type\":\"WebPage\",\"@id\":\"https:\/\/www.voustensports.com\/fr\/gran-sasso-t-shirt-en-maille-cotelee-taupe-42710\/\",\"url\":\"https:\/\/www.voustensports.com\/fr\/gran-sasso-t-shirt-en-maille-cotelee-taupe-42710\/\",\"name\":\"Gran Sasso - T-shirt en maille c\u00f4tel\u00e9e taupe (42710) - Vousten Sports\",\"isPartOf\":{\"@id\":\"https:\/\/www.voustensports.com\/nl\/#website\"},\"primaryImageOfPage\":{\"@id\":\"https:\/\/www.voustensports.com\/fr\/gran-sasso-t-shirt-en-maille-cotelee-taupe-42710\/#primaryimage\"},\"image\":{\"@id\":\"https:\/\/www.voustensports.com\/fr\/gran-sasso-t-shirt-en-maille-cotelee-taupe-42710\/#primaryimage\"},\"thumbnailUrl\":\"https:\/\/www.voustensports.com\/wp-content\/uploads\/2023\/06\/Gran-Sasso-Ribbed-neck-knit-t-shirt-Navy-42710-1.jpg\",\"datePublished\":\"2026-02-28T17:18:06+00:00\",\"dateModified\":\"2026-04-11T02:33:09+00:00\",\"breadcrumb\":{\"@id\":\"https:\/\/www.voustensports.com\/fr\/gran-sasso-t-shirt-en-maille-cotelee-taupe-42710\/#breadcrumb\"},\"inLanguage\":\"fr-FR\",\"potentialAction\":[{\"@type\":\"ReadAction\",\"target\":[\"https:\/\/www.voustensports.com\/fr\/gran-sasso-t-shirt-en-maille-cotelee-taupe-42710\/\"]}]},{\"@type\":\"ImageObject\",\"inLanguage\":\"fr-FR\",\"@id\":\"https:\/\/www.voustensports.com\/fr\/gran-sasso-t-shirt-en-maille-cotelee-taupe-42710\/#primaryimage\",\"url\":\"https:\/\/www.voustensports.com\/wp-content\/uploads\/2023\/06\/Gran-Sasso-Ribbed-neck-knit-t-shirt-Navy-42710-1.jpg\",\"contentUrl\":\"https:\/\/www.voustensports.com\/wp-content\/uploads\/2023\/06\/Gran-Sasso-Ribbed-neck-knit-t-shirt-Navy-42710-1.jpg\",\"width\":1536,\"height\":2048},{\"@type\":\"BreadcrumbList\",\"@id\":\"https:\/\/www.voustensports.com\/fr\/gran-sasso-t-shirt-en-maille-cotelee-taupe-42710\/#breadcrumb\",\"itemListElement\":[{\"@type\":\"ListItem\",\"position\":1,\"name\":\"Home\",\"item\":\"https:\/\/www.voustensports.com\/fr\/\"},{\"@type\":\"ListItem\",\"position\":2,\"name\":\"Boutique\",\"item\":\"https:\/\/www.voustensports.com\/fr\/shop\/\"},{\"@type\":\"ListItem\",\"position\":3,\"name\":\"Gran Sasso &#8211; T-shirt en maille c\u00f4tel\u00e9e taupe (42710)\"}]},{\"@type\":\"WebSite\",\"@id\":\"https:\/\/www.voustensports.com\/nl\/#website\",\"url\":\"https:\/\/www.voustensports.com\/nl\/\",\"name\":\"Vousten Sports\",\"description\":\"\",\"potentialAction\":[{\"@type\":\"SearchAction\",\"target\":{\"@type\":\"EntryPoint\",\"urlTemplate\":\"https:\/\/www.voustensports.com\/nl\/?s={search_term_string}\"},\"query-input\":{\"@type\":\"PropertyValueSpecification\",\"valueRequired\":true,\"valueName\":\"search_term_string\"}}],\"inLanguage\":\"fr-FR\"}]}<\/script>\n<!-- \/ Yoast SEO plugin. -->","yoast_head_json":{"title":"Gran Sasso - T-shirt en maille c\u00f4tel\u00e9e taupe (42710) - Vousten Sports","robots":{"index":"index","follow":"follow","max-snippet":"max-snippet:-1","max-image-preview":"max-image-preview:large","max-video-preview":"max-video-preview:-1"},"canonical":"https:\/\/www.voustensports.com\/fr\/gran-sasso-t-shirt-en-maille-cotelee-taupe-42710\/","og_locale":"fr_FR","og_type":"article","og_title":"Gran Sasso - T-shirt en maille c\u00f4tel\u00e9e taupe (42710) - Vousten Sports","og_description":"Pull col rond en pur coton \u00e9gyptien. Un v\u00eatement polyvalent, confortable et jeune, id\u00e9al pour compl\u00e9ter diff\u00e9rentes tenues. Fabriqu\u00e9 en Italie. 100 % COTON","og_url":"https:\/\/www.voustensports.com\/fr\/gran-sasso-t-shirt-en-maille-cotelee-taupe-42710\/","og_site_name":"Vousten Sports","article_modified_time":"2026-04-11T02:33:09+00:00","og_image":[{"width":1536,"height":2048,"url":"https:\/\/www.voustensports.com\/wp-content\/uploads\/2023\/06\/Gran-Sasso-Ribbed-neck-knit-t-shirt-Navy-42710-1.jpg","type":"image\/jpeg"}],"twitter_card":"summary_large_image","schema":{"@context":"https:\/\/schema.org","@graph":[{"@type":"WebPage","@id":"https:\/\/www.voustensports.com\/fr\/gran-sasso-t-shirt-en-maille-cotelee-taupe-42710\/","url":"https:\/\/www.voustensports.com\/fr\/gran-sasso-t-shirt-en-maille-cotelee-taupe-42710\/","name":"Gran Sasso - T-shirt en maille c\u00f4tel\u00e9e taupe (42710) - Vousten Sports","isPartOf":{"@id":"https:\/\/www.voustensports.com\/nl\/#website"},"primaryImageOfPage":{"@id":"https:\/\/www.voustensports.com\/fr\/gran-sasso-t-shirt-en-maille-cotelee-taupe-42710\/#primaryimage"},"image":{"@id":"https:\/\/www.voustensports.com\/fr\/gran-sasso-t-shirt-en-maille-cotelee-taupe-42710\/#primaryimage"},"thumbnailUrl":"https:\/\/www.voustensports.com\/wp-content\/uploads\/2023\/06\/Gran-Sasso-Ribbed-neck-knit-t-shirt-Navy-42710-1.jpg","datePublished":"2026-02-28T17:18:06+00:00","dateModified":"2026-04-11T02:33:09+00:00","breadcrumb":{"@id":"https:\/\/www.voustensports.com\/fr\/gran-sasso-t-shirt-en-maille-cotelee-taupe-42710\/#breadcrumb"},"inLanguage":"fr-FR","potentialAction":[{"@type":"ReadAction","target":["https:\/\/www.voustensports.com\/fr\/gran-sasso-t-shirt-en-maille-cotelee-taupe-42710\/"]}]},{"@type":"ImageObject","inLanguage":"fr-FR","@id":"https:\/\/www.voustensports.com\/fr\/gran-sasso-t-shirt-en-maille-cotelee-taupe-42710\/#primaryimage","url":"https:\/\/www.voustensports.com\/wp-content\/uploads\/2023\/06\/Gran-Sasso-Ribbed-neck-knit-t-shirt-Navy-42710-1.jpg","contentUrl":"https:\/\/www.voustensports.com\/wp-content\/uploads\/2023\/06\/Gran-Sasso-Ribbed-neck-knit-t-shirt-Navy-42710-1.jpg","width":1536,"height":2048},{"@type":"BreadcrumbList","@id":"https:\/\/www.voustensports.com\/fr\/gran-sasso-t-shirt-en-maille-cotelee-taupe-42710\/#breadcrumb","itemListElement":[{"@type":"ListItem","position":1,"name":"Home","item":"https:\/\/www.voustensports.com\/fr\/"},{"@type":"ListItem","position":2,"name":"Boutique","item":"https:\/\/www.voustensports.com\/fr\/shop\/"},{"@type":"ListItem","position":3,"name":"Gran Sasso &#8211; T-shirt en maille c\u00f4tel\u00e9e taupe (42710)"}]},{"@type":"WebSite","@id":"https:\/\/www.voustensports.com\/nl\/#website","url":"https:\/\/www.voustensports.com\/nl\/","name":"Vousten Sports","description":"","potentialAction":[{"@type":"SearchAction","target":{"@type":"EntryPoint","urlTemplate":"https:\/\/www.voustensports.com\/nl\/?s={search_term_string}"},"query-input":{"@type":"PropertyValueSpecification","valueRequired":true,"valueName":"search_term_string"}}],"inLanguage":"fr-FR"}]}},"_links":{"self":[{"href":"https:\/\/www.voustensports.com\/fr\/wp-json\/wp\/v2\/product\/226026","targetHints":{"allow":["GET"]}}],"collection":[{"href":"https:\/\/www.voustensports.com\/fr\/wp-json\/wp\/v2\/product"}],"about":[{"href":"https:\/\/www.voustensports.com\/fr\/wp-json\/wp\/v2\/types\/product"}],"replies":[{"embeddable":true,"href":"https:\/\/www.voustensports.com\/fr\/wp-json\/wp\/v2\/comments?post=226026"}],"wp:featuredmedia":[{"embeddable":true,"href":"https:\/\/www.voustensports.com\/fr\/wp-json\/wp\/v2\/media\/226018"}],"wp:attachment":[{"href":"https:\/\/www.voustensports.com\/fr\/wp-json\/wp\/v2\/media?parent=226026"}],"wp:term":[{"taxonomy":"product_cat","embeddable":true,"href":"https:\/\/www.voustensports.com\/fr\/wp-json\/wp\/v2\/product_cat?post=226026"},{"taxonomy":"product_tag","embeddable":true,"href":"https:\/\/www.voustensports.com\/fr\/wp-json\/wp\/v2\/product_tag?post=226026"}],"curies":[{"name":"wp","href":"https:\/\/api.w.org\/{rel}","templated":true}]}}