{"id":225933,"date":"2026-02-27T03:42:07","date_gmt":"2026-02-27T02:42:07","guid":{"rendered":"https:\/\/www.voustensports.com\/jacob-cohen-bob-short-bleu-glacier-3756-x75-42251\/"},"modified":"2026-04-07T14:33:04","modified_gmt":"2026-04-07T12:33:04","slug":"jacob-cohen-bob-short-bleu-glacier-3756-x75-42251","status":"publish","type":"product","link":"https:\/\/www.voustensports.com\/fr\/jacob-cohen-bob-short-bleu-glacier-3756-x75-42251\/","title":{"rendered":"Jacob Coh\u00ebn &#8211; Bob Short bleu glacier 3756 X75 (42251)"},"content":{"rendered":"<p>Ce sont des shorts semi-d\u00e9contract\u00e9s, d\u2019une longueur juste au-dessus du genou. en coton confortable.<\/p>\n<ul>\n<li>Short extensible<\/li>\n<li>Coupe ajust\u00e9e<\/li>\n<li>Hauteur de taille normale<\/li>\n<li>Qualit\u00e9 estivale plus fine<\/li>\n<li>Fermeture \u00e9clair<\/li>\n<li>Equip\u00e9 d\u2019un patch beige avec logo<\/li>\n<li>Passants de ceinture<\/li>\n<li>Poches lat\u00e9rales<\/li>\n<li>Pochette pour billets<\/li>\n<li>Poches arri\u00e8re passepoil\u00e9es<\/li>\n<li>Mati\u00e8re : 55 % coton, 42 lyocell, 3 % \u00e9lasthanne<\/li>\n<\/ul>\n<p>Ce short Jacob Cohen est fabriqu\u00e9 \u00e0 la main en V\u00e9n\u00e9tie, dans le nord-est de l\u2019Italie.<\/p>\n","protected":false},"excerpt":{"rendered":"<p>Ce sont des shorts semi-d\u00e9contract\u00e9s, d\u2019une longueur juste au-dessus du genou. en coton confortable. Short extensible Coupe ajust\u00e9e Hauteur de taille normale Qualit\u00e9 estivale plus fine Fermeture \u00e9clair Equip\u00e9 d\u2019un patch beige avec logo Passants de ceinture Poches lat\u00e9rales Pochette pour billets Poches arri\u00e8re passepoil\u00e9es Mati\u00e8re : 55 % coton, 42 lyocell, 3 % \u00e9lasthanne [&#8230;]\n","protected":false},"featured_media":225923,"comment_status":"open","ping_status":"closed","template":"","meta":{"rank_math_lock_modified_date":false},"product_cat":[466,568,786,1016,450,458,462],"product_tag":[],"class_list":{"0":"post-225933","1":"product","2":"type-product","3":"status-publish","4":"has-post-thumbnail","6":"product_cat-broeken-fr","7":"product_cat-jacob-cohen-jeans-fr","8":"product_cat-broek-fr","9":"product_cat-jacob-cohen-fr","10":"product_cat-heren-fr","11":"product_cat-shorts-fr-2","12":"product_cat-vousten-sports-fr-2","14":"first","15":"instock","16":"taxable","17":"shipping-taxable","18":"purchasable","19":"product-type-variable"},"acf":[],"yoast_head":"<!-- This site is optimized with the Yoast SEO plugin v23.9 - https:\/\/yoast.com\/wordpress\/plugins\/seo\/ -->\n<title>Jacob Coh\u00ebn - Bob Short bleu glacier 3756 X75 (42251) - Vousten Sports<\/title>\n<meta name=\"robots\" content=\"index, follow, max-snippet:-1, max-image-preview:large, max-video-preview:-1\" \/>\n<link rel=\"canonical\" href=\"https:\/\/www.voustensports.com\/fr\/jacob-cohen-bob-short-bleu-glacier-3756-x75-42251\/\" \/>\n<meta property=\"og:locale\" content=\"fr_FR\" \/>\n<meta property=\"og:type\" content=\"article\" \/>\n<meta property=\"og:title\" content=\"Jacob Coh\u00ebn - Bob Short bleu glacier 3756 X75 (42251) - Vousten Sports\" \/>\n<meta property=\"og:description\" content=\"Ce sont des shorts semi-d\u00e9contract\u00e9s, d\u2019une longueur juste au-dessus du genou. en coton confortable. Short extensible Coupe ajust\u00e9e Hauteur de taille normale Qualit\u00e9 estivale plus fine Fermeture \u00e9clair Equip\u00e9 d\u2019un patch beige avec logo Passants de ceinture Poches lat\u00e9rales Pochette pour billets Poches arri\u00e8re passepoil\u00e9es Mati\u00e8re : 55 % coton, 42 lyocell, 3 % \u00e9lasthanne [...]\" \/>\n<meta property=\"og:url\" content=\"https:\/\/www.voustensports.com\/fr\/jacob-cohen-bob-short-bleu-glacier-3756-x75-42251\/\" \/>\n<meta property=\"og:site_name\" content=\"Vousten Sports\" \/>\n<meta property=\"article:modified_time\" content=\"2026-04-07T12:33:04+00:00\" \/>\n<meta property=\"og:image\" content=\"https:\/\/www.voustensports.com\/wp-content\/uploads\/2023\/06\/Jacob-Cohen-Bob-Short-ijsblauw-3756-X75-42251-scaled-1.jpg\" \/>\n\t<meta property=\"og:image:width\" content=\"1897\" \/>\n\t<meta property=\"og:image:height\" content=\"2560\" \/>\n\t<meta property=\"og:image:type\" content=\"image\/jpeg\" \/>\n<meta name=\"twitter:card\" content=\"summary_large_image\" \/>\n<script type=\"application\/ld+json\" class=\"yoast-schema-graph\">{\"@context\":\"https:\/\/schema.org\",\"@graph\":[{\"@type\":\"WebPage\",\"@id\":\"https:\/\/www.voustensports.com\/fr\/jacob-cohen-bob-short-bleu-glacier-3756-x75-42251\/\",\"url\":\"https:\/\/www.voustensports.com\/fr\/jacob-cohen-bob-short-bleu-glacier-3756-x75-42251\/\",\"name\":\"Jacob Coh\u00ebn - Bob Short bleu glacier 3756 X75 (42251) - Vousten Sports\",\"isPartOf\":{\"@id\":\"https:\/\/www.voustensports.com\/nl\/#website\"},\"primaryImageOfPage\":{\"@id\":\"https:\/\/www.voustensports.com\/fr\/jacob-cohen-bob-short-bleu-glacier-3756-x75-42251\/#primaryimage\"},\"image\":{\"@id\":\"https:\/\/www.voustensports.com\/fr\/jacob-cohen-bob-short-bleu-glacier-3756-x75-42251\/#primaryimage\"},\"thumbnailUrl\":\"https:\/\/www.voustensports.com\/wp-content\/uploads\/2023\/06\/Jacob-Cohen-Bob-Short-ijsblauw-3756-X75-42251-scaled-1.jpg\",\"datePublished\":\"2026-02-27T02:42:07+00:00\",\"dateModified\":\"2026-04-07T12:33:04+00:00\",\"breadcrumb\":{\"@id\":\"https:\/\/www.voustensports.com\/fr\/jacob-cohen-bob-short-bleu-glacier-3756-x75-42251\/#breadcrumb\"},\"inLanguage\":\"fr-FR\",\"potentialAction\":[{\"@type\":\"ReadAction\",\"target\":[\"https:\/\/www.voustensports.com\/fr\/jacob-cohen-bob-short-bleu-glacier-3756-x75-42251\/\"]}]},{\"@type\":\"ImageObject\",\"inLanguage\":\"fr-FR\",\"@id\":\"https:\/\/www.voustensports.com\/fr\/jacob-cohen-bob-short-bleu-glacier-3756-x75-42251\/#primaryimage\",\"url\":\"https:\/\/www.voustensports.com\/wp-content\/uploads\/2023\/06\/Jacob-Cohen-Bob-Short-ijsblauw-3756-X75-42251-scaled-1.jpg\",\"contentUrl\":\"https:\/\/www.voustensports.com\/wp-content\/uploads\/2023\/06\/Jacob-Cohen-Bob-Short-ijsblauw-3756-X75-42251-scaled-1.jpg\",\"width\":1897,\"height\":2560},{\"@type\":\"BreadcrumbList\",\"@id\":\"https:\/\/www.voustensports.com\/fr\/jacob-cohen-bob-short-bleu-glacier-3756-x75-42251\/#breadcrumb\",\"itemListElement\":[{\"@type\":\"ListItem\",\"position\":1,\"name\":\"Home\",\"item\":\"https:\/\/www.voustensports.com\/fr\/\"},{\"@type\":\"ListItem\",\"position\":2,\"name\":\"Boutique\",\"item\":\"https:\/\/www.voustensports.com\/fr\/shop\/\"},{\"@type\":\"ListItem\",\"position\":3,\"name\":\"Jacob Coh\u00ebn &#8211; Bob Short bleu glacier 3756 X75 (42251)\"}]},{\"@type\":\"WebSite\",\"@id\":\"https:\/\/www.voustensports.com\/nl\/#website\",\"url\":\"https:\/\/www.voustensports.com\/nl\/\",\"name\":\"Vousten Sports\",\"description\":\"\",\"potentialAction\":[{\"@type\":\"SearchAction\",\"target\":{\"@type\":\"EntryPoint\",\"urlTemplate\":\"https:\/\/www.voustensports.com\/nl\/?s={search_term_string}\"},\"query-input\":{\"@type\":\"PropertyValueSpecification\",\"valueRequired\":true,\"valueName\":\"search_term_string\"}}],\"inLanguage\":\"fr-FR\"}]}<\/script>\n<!-- \/ Yoast SEO plugin. -->","yoast_head_json":{"title":"Jacob Coh\u00ebn - Bob Short bleu glacier 3756 X75 (42251) - Vousten Sports","robots":{"index":"index","follow":"follow","max-snippet":"max-snippet:-1","max-image-preview":"max-image-preview:large","max-video-preview":"max-video-preview:-1"},"canonical":"https:\/\/www.voustensports.com\/fr\/jacob-cohen-bob-short-bleu-glacier-3756-x75-42251\/","og_locale":"fr_FR","og_type":"article","og_title":"Jacob Coh\u00ebn - Bob Short bleu glacier 3756 X75 (42251) - Vousten Sports","og_description":"Ce sont des shorts semi-d\u00e9contract\u00e9s, d\u2019une longueur juste au-dessus du genou. en coton confortable. Short extensible Coupe ajust\u00e9e Hauteur de taille normale Qualit\u00e9 estivale plus fine Fermeture \u00e9clair Equip\u00e9 d\u2019un patch beige avec logo Passants de ceinture Poches lat\u00e9rales Pochette pour billets Poches arri\u00e8re passepoil\u00e9es Mati\u00e8re : 55 % coton, 42 lyocell, 3 % \u00e9lasthanne [...]","og_url":"https:\/\/www.voustensports.com\/fr\/jacob-cohen-bob-short-bleu-glacier-3756-x75-42251\/","og_site_name":"Vousten Sports","article_modified_time":"2026-04-07T12:33:04+00:00","og_image":[{"width":1897,"height":2560,"url":"https:\/\/www.voustensports.com\/wp-content\/uploads\/2023\/06\/Jacob-Cohen-Bob-Short-ijsblauw-3756-X75-42251-scaled-1.jpg","type":"image\/jpeg"}],"twitter_card":"summary_large_image","schema":{"@context":"https:\/\/schema.org","@graph":[{"@type":"WebPage","@id":"https:\/\/www.voustensports.com\/fr\/jacob-cohen-bob-short-bleu-glacier-3756-x75-42251\/","url":"https:\/\/www.voustensports.com\/fr\/jacob-cohen-bob-short-bleu-glacier-3756-x75-42251\/","name":"Jacob Coh\u00ebn - Bob Short bleu glacier 3756 X75 (42251) - Vousten Sports","isPartOf":{"@id":"https:\/\/www.voustensports.com\/nl\/#website"},"primaryImageOfPage":{"@id":"https:\/\/www.voustensports.com\/fr\/jacob-cohen-bob-short-bleu-glacier-3756-x75-42251\/#primaryimage"},"image":{"@id":"https:\/\/www.voustensports.com\/fr\/jacob-cohen-bob-short-bleu-glacier-3756-x75-42251\/#primaryimage"},"thumbnailUrl":"https:\/\/www.voustensports.com\/wp-content\/uploads\/2023\/06\/Jacob-Cohen-Bob-Short-ijsblauw-3756-X75-42251-scaled-1.jpg","datePublished":"2026-02-27T02:42:07+00:00","dateModified":"2026-04-07T12:33:04+00:00","breadcrumb":{"@id":"https:\/\/www.voustensports.com\/fr\/jacob-cohen-bob-short-bleu-glacier-3756-x75-42251\/#breadcrumb"},"inLanguage":"fr-FR","potentialAction":[{"@type":"ReadAction","target":["https:\/\/www.voustensports.com\/fr\/jacob-cohen-bob-short-bleu-glacier-3756-x75-42251\/"]}]},{"@type":"ImageObject","inLanguage":"fr-FR","@id":"https:\/\/www.voustensports.com\/fr\/jacob-cohen-bob-short-bleu-glacier-3756-x75-42251\/#primaryimage","url":"https:\/\/www.voustensports.com\/wp-content\/uploads\/2023\/06\/Jacob-Cohen-Bob-Short-ijsblauw-3756-X75-42251-scaled-1.jpg","contentUrl":"https:\/\/www.voustensports.com\/wp-content\/uploads\/2023\/06\/Jacob-Cohen-Bob-Short-ijsblauw-3756-X75-42251-scaled-1.jpg","width":1897,"height":2560},{"@type":"BreadcrumbList","@id":"https:\/\/www.voustensports.com\/fr\/jacob-cohen-bob-short-bleu-glacier-3756-x75-42251\/#breadcrumb","itemListElement":[{"@type":"ListItem","position":1,"name":"Home","item":"https:\/\/www.voustensports.com\/fr\/"},{"@type":"ListItem","position":2,"name":"Boutique","item":"https:\/\/www.voustensports.com\/fr\/shop\/"},{"@type":"ListItem","position":3,"name":"Jacob Coh\u00ebn &#8211; Bob Short bleu glacier 3756 X75 (42251)"}]},{"@type":"WebSite","@id":"https:\/\/www.voustensports.com\/nl\/#website","url":"https:\/\/www.voustensports.com\/nl\/","name":"Vousten Sports","description":"","potentialAction":[{"@type":"SearchAction","target":{"@type":"EntryPoint","urlTemplate":"https:\/\/www.voustensports.com\/nl\/?s={search_term_string}"},"query-input":{"@type":"PropertyValueSpecification","valueRequired":true,"valueName":"search_term_string"}}],"inLanguage":"fr-FR"}]}},"_links":{"self":[{"href":"https:\/\/www.voustensports.com\/fr\/wp-json\/wp\/v2\/product\/225933","targetHints":{"allow":["GET"]}}],"collection":[{"href":"https:\/\/www.voustensports.com\/fr\/wp-json\/wp\/v2\/product"}],"about":[{"href":"https:\/\/www.voustensports.com\/fr\/wp-json\/wp\/v2\/types\/product"}],"replies":[{"embeddable":true,"href":"https:\/\/www.voustensports.com\/fr\/wp-json\/wp\/v2\/comments?post=225933"}],"wp:featuredmedia":[{"embeddable":true,"href":"https:\/\/www.voustensports.com\/fr\/wp-json\/wp\/v2\/media\/225923"}],"wp:attachment":[{"href":"https:\/\/www.voustensports.com\/fr\/wp-json\/wp\/v2\/media?parent=225933"}],"wp:term":[{"taxonomy":"product_cat","embeddable":true,"href":"https:\/\/www.voustensports.com\/fr\/wp-json\/wp\/v2\/product_cat?post=225933"},{"taxonomy":"product_tag","embeddable":true,"href":"https:\/\/www.voustensports.com\/fr\/wp-json\/wp\/v2\/product_tag?post=225933"}],"curies":[{"name":"wp","href":"https:\/\/api.w.org\/{rel}","templated":true}]}}