{"id":225739,"date":"2026-02-26T09:00:12","date_gmt":"2026-02-26T08:00:12","guid":{"rendered":"https:\/\/www.voustensports.com\/jacob-cohen-escape-golf-t-shirt-gris-42248\/"},"modified":"2026-04-07T12:45:06","modified_gmt":"2026-04-07T10:45:06","slug":"jacob-cohen-escape-golf-t-shirt-gris-42248","status":"publish","type":"product","link":"https:\/\/www.voustensports.com\/fr\/jacob-cohen-escape-golf-t-shirt-gris-42248\/","title":{"rendered":"Jacob Coh\u00ebn &#8211; Escape Golf T-shirt gris (42248)"},"content":{"rendered":"<p>Ce t-shirt fait partie de la collection capsule Escape. La collection capsule Escape respire le plaisir d&rsquo;un week-end d&rsquo;\u00e9vasion luxueux !<\/p>\n<p>C&rsquo;est un t-shirt confortable \u00e0 la coupe normale.<\/p>\n<ul>\n<li>Orn\u00e9 d&rsquo;un imprim\u00e9 Jacob Coh\u00ebn Escape Golf.<\/li>\n<li>Fabriqu\u00e9 en Italie.<\/li>\n<li>Composition :<\/li>\n<li>100 % coton.<\/li>\n<\/ul>\n","protected":false},"excerpt":{"rendered":"<p>Ce t-shirt fait partie de la collection capsule Escape. La collection capsule Escape respire le plaisir d&rsquo;un week-end d&rsquo;\u00e9vasion luxueux ! C&rsquo;est un t-shirt confortable \u00e0 la coupe normale. Orn\u00e9 d&rsquo;un imprim\u00e9 Jacob Coh\u00ebn Escape Golf. Fabriqu\u00e9 en Italie. Composition : 100 % coton.<\/p>\n","protected":false},"featured_media":225729,"comment_status":"open","ping_status":"closed","template":"","meta":{"rank_math_lock_modified_date":false},"product_cat":[446,450,462,490,568,1016],"product_tag":[],"class_list":{"0":"post-225739","1":"product","2":"type-product","3":"status-publish","4":"has-post-thumbnail","6":"product_cat-kleding-fr","7":"product_cat-heren-fr","8":"product_cat-vousten-sports-fr-2","9":"product_cat-t-shirts-fr-2","10":"product_cat-jacob-cohen-jeans-fr","11":"product_cat-jacob-cohen-fr","13":"first","14":"instock","15":"taxable","16":"shipping-taxable","17":"purchasable","18":"product-type-variable"},"acf":[],"yoast_head":"<!-- This site is optimized with the Yoast SEO plugin v23.9 - https:\/\/yoast.com\/wordpress\/plugins\/seo\/ -->\n<title>Jacob Coh\u00ebn - Escape Golf T-shirt gris (42248) - Vousten Sports<\/title>\n<meta name=\"robots\" content=\"index, follow, max-snippet:-1, max-image-preview:large, max-video-preview:-1\" \/>\n<link rel=\"canonical\" href=\"https:\/\/www.voustensports.com\/fr\/jacob-cohen-escape-golf-t-shirt-gris-42248\/\" \/>\n<meta property=\"og:locale\" content=\"fr_FR\" \/>\n<meta property=\"og:type\" content=\"article\" \/>\n<meta property=\"og:title\" content=\"Jacob Coh\u00ebn - Escape Golf T-shirt gris (42248) - Vousten Sports\" \/>\n<meta property=\"og:description\" content=\"Ce t-shirt fait partie de la collection capsule Escape. La collection capsule Escape respire le plaisir d&rsquo;un week-end d&rsquo;\u00e9vasion luxueux ! C&rsquo;est un t-shirt confortable \u00e0 la coupe normale. Orn\u00e9 d&rsquo;un imprim\u00e9 Jacob Coh\u00ebn Escape Golf. Fabriqu\u00e9 en Italie. Composition : 100 % coton.\" \/>\n<meta property=\"og:url\" content=\"https:\/\/www.voustensports.com\/fr\/jacob-cohen-escape-golf-t-shirt-gris-42248\/\" \/>\n<meta property=\"og:site_name\" content=\"Vousten Sports\" \/>\n<meta property=\"article:modified_time\" content=\"2026-04-07T10:45:06+00:00\" \/>\n<meta property=\"og:image\" content=\"https:\/\/www.voustensports.com\/wp-content\/uploads\/2023\/06\/Jacob-Cohen-Escape-Golf-T-shirt-grijs-42248-scaled-1.jpg\" \/>\n\t<meta property=\"og:image:width\" content=\"2261\" \/>\n\t<meta property=\"og:image:height\" content=\"2560\" \/>\n\t<meta property=\"og:image:type\" content=\"image\/jpeg\" \/>\n<meta name=\"twitter:card\" content=\"summary_large_image\" \/>\n<script type=\"application\/ld+json\" class=\"yoast-schema-graph\">{\"@context\":\"https:\/\/schema.org\",\"@graph\":[{\"@type\":\"WebPage\",\"@id\":\"https:\/\/www.voustensports.com\/fr\/jacob-cohen-escape-golf-t-shirt-gris-42248\/\",\"url\":\"https:\/\/www.voustensports.com\/fr\/jacob-cohen-escape-golf-t-shirt-gris-42248\/\",\"name\":\"Jacob Coh\u00ebn - Escape Golf T-shirt gris (42248) - Vousten Sports\",\"isPartOf\":{\"@id\":\"https:\/\/www.voustensports.com\/nl\/#website\"},\"primaryImageOfPage\":{\"@id\":\"https:\/\/www.voustensports.com\/fr\/jacob-cohen-escape-golf-t-shirt-gris-42248\/#primaryimage\"},\"image\":{\"@id\":\"https:\/\/www.voustensports.com\/fr\/jacob-cohen-escape-golf-t-shirt-gris-42248\/#primaryimage\"},\"thumbnailUrl\":\"https:\/\/www.voustensports.com\/wp-content\/uploads\/2023\/06\/Jacob-Cohen-Escape-Golf-T-shirt-grijs-42248-scaled-1.jpg\",\"datePublished\":\"2026-02-26T08:00:12+00:00\",\"dateModified\":\"2026-04-07T10:45:06+00:00\",\"breadcrumb\":{\"@id\":\"https:\/\/www.voustensports.com\/fr\/jacob-cohen-escape-golf-t-shirt-gris-42248\/#breadcrumb\"},\"inLanguage\":\"fr-FR\",\"potentialAction\":[{\"@type\":\"ReadAction\",\"target\":[\"https:\/\/www.voustensports.com\/fr\/jacob-cohen-escape-golf-t-shirt-gris-42248\/\"]}]},{\"@type\":\"ImageObject\",\"inLanguage\":\"fr-FR\",\"@id\":\"https:\/\/www.voustensports.com\/fr\/jacob-cohen-escape-golf-t-shirt-gris-42248\/#primaryimage\",\"url\":\"https:\/\/www.voustensports.com\/wp-content\/uploads\/2023\/06\/Jacob-Cohen-Escape-Golf-T-shirt-grijs-42248-scaled-1.jpg\",\"contentUrl\":\"https:\/\/www.voustensports.com\/wp-content\/uploads\/2023\/06\/Jacob-Cohen-Escape-Golf-T-shirt-grijs-42248-scaled-1.jpg\",\"width\":2261,\"height\":2560},{\"@type\":\"BreadcrumbList\",\"@id\":\"https:\/\/www.voustensports.com\/fr\/jacob-cohen-escape-golf-t-shirt-gris-42248\/#breadcrumb\",\"itemListElement\":[{\"@type\":\"ListItem\",\"position\":1,\"name\":\"Home\",\"item\":\"https:\/\/www.voustensports.com\/fr\/\"},{\"@type\":\"ListItem\",\"position\":2,\"name\":\"Boutique\",\"item\":\"https:\/\/www.voustensports.com\/fr\/shop\/\"},{\"@type\":\"ListItem\",\"position\":3,\"name\":\"Jacob Coh\u00ebn &#8211; Escape Golf T-shirt gris (42248)\"}]},{\"@type\":\"WebSite\",\"@id\":\"https:\/\/www.voustensports.com\/nl\/#website\",\"url\":\"https:\/\/www.voustensports.com\/nl\/\",\"name\":\"Vousten Sports\",\"description\":\"\",\"potentialAction\":[{\"@type\":\"SearchAction\",\"target\":{\"@type\":\"EntryPoint\",\"urlTemplate\":\"https:\/\/www.voustensports.com\/nl\/?s={search_term_string}\"},\"query-input\":{\"@type\":\"PropertyValueSpecification\",\"valueRequired\":true,\"valueName\":\"search_term_string\"}}],\"inLanguage\":\"fr-FR\"}]}<\/script>\n<!-- \/ Yoast SEO plugin. -->","yoast_head_json":{"title":"Jacob Coh\u00ebn - Escape Golf T-shirt gris (42248) - Vousten Sports","robots":{"index":"index","follow":"follow","max-snippet":"max-snippet:-1","max-image-preview":"max-image-preview:large","max-video-preview":"max-video-preview:-1"},"canonical":"https:\/\/www.voustensports.com\/fr\/jacob-cohen-escape-golf-t-shirt-gris-42248\/","og_locale":"fr_FR","og_type":"article","og_title":"Jacob Coh\u00ebn - Escape Golf T-shirt gris (42248) - Vousten Sports","og_description":"Ce t-shirt fait partie de la collection capsule Escape. La collection capsule Escape respire le plaisir d&rsquo;un week-end d&rsquo;\u00e9vasion luxueux ! C&rsquo;est un t-shirt confortable \u00e0 la coupe normale. Orn\u00e9 d&rsquo;un imprim\u00e9 Jacob Coh\u00ebn Escape Golf. Fabriqu\u00e9 en Italie. Composition : 100 % coton.","og_url":"https:\/\/www.voustensports.com\/fr\/jacob-cohen-escape-golf-t-shirt-gris-42248\/","og_site_name":"Vousten Sports","article_modified_time":"2026-04-07T10:45:06+00:00","og_image":[{"width":2261,"height":2560,"url":"https:\/\/www.voustensports.com\/wp-content\/uploads\/2023\/06\/Jacob-Cohen-Escape-Golf-T-shirt-grijs-42248-scaled-1.jpg","type":"image\/jpeg"}],"twitter_card":"summary_large_image","schema":{"@context":"https:\/\/schema.org","@graph":[{"@type":"WebPage","@id":"https:\/\/www.voustensports.com\/fr\/jacob-cohen-escape-golf-t-shirt-gris-42248\/","url":"https:\/\/www.voustensports.com\/fr\/jacob-cohen-escape-golf-t-shirt-gris-42248\/","name":"Jacob Coh\u00ebn - Escape Golf T-shirt gris (42248) - Vousten Sports","isPartOf":{"@id":"https:\/\/www.voustensports.com\/nl\/#website"},"primaryImageOfPage":{"@id":"https:\/\/www.voustensports.com\/fr\/jacob-cohen-escape-golf-t-shirt-gris-42248\/#primaryimage"},"image":{"@id":"https:\/\/www.voustensports.com\/fr\/jacob-cohen-escape-golf-t-shirt-gris-42248\/#primaryimage"},"thumbnailUrl":"https:\/\/www.voustensports.com\/wp-content\/uploads\/2023\/06\/Jacob-Cohen-Escape-Golf-T-shirt-grijs-42248-scaled-1.jpg","datePublished":"2026-02-26T08:00:12+00:00","dateModified":"2026-04-07T10:45:06+00:00","breadcrumb":{"@id":"https:\/\/www.voustensports.com\/fr\/jacob-cohen-escape-golf-t-shirt-gris-42248\/#breadcrumb"},"inLanguage":"fr-FR","potentialAction":[{"@type":"ReadAction","target":["https:\/\/www.voustensports.com\/fr\/jacob-cohen-escape-golf-t-shirt-gris-42248\/"]}]},{"@type":"ImageObject","inLanguage":"fr-FR","@id":"https:\/\/www.voustensports.com\/fr\/jacob-cohen-escape-golf-t-shirt-gris-42248\/#primaryimage","url":"https:\/\/www.voustensports.com\/wp-content\/uploads\/2023\/06\/Jacob-Cohen-Escape-Golf-T-shirt-grijs-42248-scaled-1.jpg","contentUrl":"https:\/\/www.voustensports.com\/wp-content\/uploads\/2023\/06\/Jacob-Cohen-Escape-Golf-T-shirt-grijs-42248-scaled-1.jpg","width":2261,"height":2560},{"@type":"BreadcrumbList","@id":"https:\/\/www.voustensports.com\/fr\/jacob-cohen-escape-golf-t-shirt-gris-42248\/#breadcrumb","itemListElement":[{"@type":"ListItem","position":1,"name":"Home","item":"https:\/\/www.voustensports.com\/fr\/"},{"@type":"ListItem","position":2,"name":"Boutique","item":"https:\/\/www.voustensports.com\/fr\/shop\/"},{"@type":"ListItem","position":3,"name":"Jacob Coh\u00ebn &#8211; Escape Golf T-shirt gris (42248)"}]},{"@type":"WebSite","@id":"https:\/\/www.voustensports.com\/nl\/#website","url":"https:\/\/www.voustensports.com\/nl\/","name":"Vousten Sports","description":"","potentialAction":[{"@type":"SearchAction","target":{"@type":"EntryPoint","urlTemplate":"https:\/\/www.voustensports.com\/nl\/?s={search_term_string}"},"query-input":{"@type":"PropertyValueSpecification","valueRequired":true,"valueName":"search_term_string"}}],"inLanguage":"fr-FR"}]}},"_links":{"self":[{"href":"https:\/\/www.voustensports.com\/fr\/wp-json\/wp\/v2\/product\/225739","targetHints":{"allow":["GET"]}}],"collection":[{"href":"https:\/\/www.voustensports.com\/fr\/wp-json\/wp\/v2\/product"}],"about":[{"href":"https:\/\/www.voustensports.com\/fr\/wp-json\/wp\/v2\/types\/product"}],"replies":[{"embeddable":true,"href":"https:\/\/www.voustensports.com\/fr\/wp-json\/wp\/v2\/comments?post=225739"}],"wp:featuredmedia":[{"embeddable":true,"href":"https:\/\/www.voustensports.com\/fr\/wp-json\/wp\/v2\/media\/225729"}],"wp:attachment":[{"href":"https:\/\/www.voustensports.com\/fr\/wp-json\/wp\/v2\/media?parent=225739"}],"wp:term":[{"taxonomy":"product_cat","embeddable":true,"href":"https:\/\/www.voustensports.com\/fr\/wp-json\/wp\/v2\/product_cat?post=225739"},{"taxonomy":"product_tag","embeddable":true,"href":"https:\/\/www.voustensports.com\/fr\/wp-json\/wp\/v2\/product_tag?post=225739"}],"curies":[{"name":"wp","href":"https:\/\/api.w.org\/{rel}","templated":true}]}}