{"id":225638,"date":"2026-02-25T17:30:33","date_gmt":"2026-02-25T16:30:33","guid":{"rendered":"https:\/\/www.voustensports.com\/gran-sasso-polo-zippe-en-maille-taupe-42702\/"},"modified":"2026-03-28T16:42:09","modified_gmt":"2026-03-28T15:42:09","slug":"gran-sasso-polo-zippe-en-maille-taupe-42702","status":"publish","type":"product","link":"https:\/\/www.voustensports.com\/fr\/gran-sasso-polo-zippe-en-maille-taupe-42702\/","title":{"rendered":"Gran Sasso &#8211; Polo zipp\u00e9 en maille taupe (42702)"},"content":{"rendered":"<p>Polo zipp\u00e9 en coton \u00e0 manches courtes. Fin, r\u00e9sistant et lumineux, il offre un toucher doux et agr\u00e9able.<\/p>\n<ul>\n<li>Coupe tendance.<\/li>\n<li>100 % COTON<\/li>\n<\/ul>\n","protected":false},"excerpt":{"rendered":"<p>Polo zipp\u00e9 en coton \u00e0 manches courtes. Fin, r\u00e9sistant et lumineux, il offre un toucher doux et agr\u00e9able. Coupe tendance. 100 % COTON<\/p>\n","protected":false},"featured_media":225630,"comment_status":"open","ping_status":"closed","template":"","meta":{"rank_math_lock_modified_date":false},"product_cat":[478,924,446,450,462],"product_tag":[],"class_list":{"0":"post-225638","1":"product","2":"type-product","3":"status-publish","4":"has-post-thumbnail","6":"product_cat-polos-fr-2","7":"product_cat-gran-sasso-fr","8":"product_cat-kleding-fr","9":"product_cat-heren-fr","10":"product_cat-vousten-sports-fr-2","12":"first","13":"instock","14":"taxable","15":"shipping-taxable","16":"purchasable","17":"product-type-variable"},"acf":[],"yoast_head":"<!-- This site is optimized with the Yoast SEO plugin v23.9 - https:\/\/yoast.com\/wordpress\/plugins\/seo\/ -->\n<title>Gran Sasso - Polo zipp\u00e9 en maille taupe (42702) - Vousten Sports<\/title>\n<meta name=\"robots\" content=\"index, follow, max-snippet:-1, max-image-preview:large, max-video-preview:-1\" \/>\n<link rel=\"canonical\" href=\"https:\/\/www.voustensports.com\/fr\/gran-sasso-polo-zippe-en-maille-taupe-42702\/\" \/>\n<meta property=\"og:locale\" content=\"fr_FR\" \/>\n<meta property=\"og:type\" content=\"article\" \/>\n<meta property=\"og:title\" content=\"Gran Sasso - Polo zipp\u00e9 en maille taupe (42702) - Vousten Sports\" \/>\n<meta property=\"og:description\" content=\"Polo zipp\u00e9 en coton \u00e0 manches courtes. Fin, r\u00e9sistant et lumineux, il offre un toucher doux et agr\u00e9able. Coupe tendance. 100 % COTON\" \/>\n<meta property=\"og:url\" content=\"https:\/\/www.voustensports.com\/fr\/gran-sasso-polo-zippe-en-maille-taupe-42702\/\" \/>\n<meta property=\"og:site_name\" content=\"Vousten Sports\" \/>\n<meta property=\"article:modified_time\" content=\"2026-03-28T15:42:09+00:00\" \/>\n<meta property=\"og:image\" content=\"https:\/\/www.voustensports.com\/wp-content\/uploads\/2023\/06\/Gran-Sasso-Knit-polo-zip-taupe-42702-1-scaled-1.png\" \/>\n\t<meta property=\"og:image:width\" content=\"1920\" \/>\n\t<meta property=\"og:image:height\" content=\"2560\" \/>\n\t<meta property=\"og:image:type\" content=\"image\/png\" \/>\n<meta name=\"twitter:card\" content=\"summary_large_image\" \/>\n<script type=\"application\/ld+json\" class=\"yoast-schema-graph\">{\"@context\":\"https:\/\/schema.org\",\"@graph\":[{\"@type\":\"WebPage\",\"@id\":\"https:\/\/www.voustensports.com\/fr\/gran-sasso-polo-zippe-en-maille-taupe-42702\/\",\"url\":\"https:\/\/www.voustensports.com\/fr\/gran-sasso-polo-zippe-en-maille-taupe-42702\/\",\"name\":\"Gran Sasso - Polo zipp\u00e9 en maille taupe (42702) - Vousten Sports\",\"isPartOf\":{\"@id\":\"https:\/\/www.voustensports.com\/nl\/#website\"},\"primaryImageOfPage\":{\"@id\":\"https:\/\/www.voustensports.com\/fr\/gran-sasso-polo-zippe-en-maille-taupe-42702\/#primaryimage\"},\"image\":{\"@id\":\"https:\/\/www.voustensports.com\/fr\/gran-sasso-polo-zippe-en-maille-taupe-42702\/#primaryimage\"},\"thumbnailUrl\":\"https:\/\/www.voustensports.com\/wp-content\/uploads\/2023\/06\/Gran-Sasso-Knit-polo-zip-taupe-42702-1-scaled-1.png\",\"datePublished\":\"2026-02-25T16:30:33+00:00\",\"dateModified\":\"2026-03-28T15:42:09+00:00\",\"breadcrumb\":{\"@id\":\"https:\/\/www.voustensports.com\/fr\/gran-sasso-polo-zippe-en-maille-taupe-42702\/#breadcrumb\"},\"inLanguage\":\"fr-FR\",\"potentialAction\":[{\"@type\":\"ReadAction\",\"target\":[\"https:\/\/www.voustensports.com\/fr\/gran-sasso-polo-zippe-en-maille-taupe-42702\/\"]}]},{\"@type\":\"ImageObject\",\"inLanguage\":\"fr-FR\",\"@id\":\"https:\/\/www.voustensports.com\/fr\/gran-sasso-polo-zippe-en-maille-taupe-42702\/#primaryimage\",\"url\":\"https:\/\/www.voustensports.com\/wp-content\/uploads\/2023\/06\/Gran-Sasso-Knit-polo-zip-taupe-42702-1-scaled-1.png\",\"contentUrl\":\"https:\/\/www.voustensports.com\/wp-content\/uploads\/2023\/06\/Gran-Sasso-Knit-polo-zip-taupe-42702-1-scaled-1.png\",\"width\":1920,\"height\":2560},{\"@type\":\"BreadcrumbList\",\"@id\":\"https:\/\/www.voustensports.com\/fr\/gran-sasso-polo-zippe-en-maille-taupe-42702\/#breadcrumb\",\"itemListElement\":[{\"@type\":\"ListItem\",\"position\":1,\"name\":\"Home\",\"item\":\"https:\/\/www.voustensports.com\/fr\/\"},{\"@type\":\"ListItem\",\"position\":2,\"name\":\"Boutique\",\"item\":\"https:\/\/www.voustensports.com\/fr\/shop\/\"},{\"@type\":\"ListItem\",\"position\":3,\"name\":\"Gran Sasso &#8211; Polo zipp\u00e9 en maille taupe (42702)\"}]},{\"@type\":\"WebSite\",\"@id\":\"https:\/\/www.voustensports.com\/nl\/#website\",\"url\":\"https:\/\/www.voustensports.com\/nl\/\",\"name\":\"Vousten Sports\",\"description\":\"\",\"potentialAction\":[{\"@type\":\"SearchAction\",\"target\":{\"@type\":\"EntryPoint\",\"urlTemplate\":\"https:\/\/www.voustensports.com\/nl\/?s={search_term_string}\"},\"query-input\":{\"@type\":\"PropertyValueSpecification\",\"valueRequired\":true,\"valueName\":\"search_term_string\"}}],\"inLanguage\":\"fr-FR\"}]}<\/script>\n<!-- \/ Yoast SEO plugin. -->","yoast_head_json":{"title":"Gran Sasso - Polo zipp\u00e9 en maille taupe (42702) - Vousten Sports","robots":{"index":"index","follow":"follow","max-snippet":"max-snippet:-1","max-image-preview":"max-image-preview:large","max-video-preview":"max-video-preview:-1"},"canonical":"https:\/\/www.voustensports.com\/fr\/gran-sasso-polo-zippe-en-maille-taupe-42702\/","og_locale":"fr_FR","og_type":"article","og_title":"Gran Sasso - Polo zipp\u00e9 en maille taupe (42702) - Vousten Sports","og_description":"Polo zipp\u00e9 en coton \u00e0 manches courtes. Fin, r\u00e9sistant et lumineux, il offre un toucher doux et agr\u00e9able. Coupe tendance. 100 % COTON","og_url":"https:\/\/www.voustensports.com\/fr\/gran-sasso-polo-zippe-en-maille-taupe-42702\/","og_site_name":"Vousten Sports","article_modified_time":"2026-03-28T15:42:09+00:00","og_image":[{"width":1920,"height":2560,"url":"https:\/\/www.voustensports.com\/wp-content\/uploads\/2023\/06\/Gran-Sasso-Knit-polo-zip-taupe-42702-1-scaled-1.png","type":"image\/png"}],"twitter_card":"summary_large_image","schema":{"@context":"https:\/\/schema.org","@graph":[{"@type":"WebPage","@id":"https:\/\/www.voustensports.com\/fr\/gran-sasso-polo-zippe-en-maille-taupe-42702\/","url":"https:\/\/www.voustensports.com\/fr\/gran-sasso-polo-zippe-en-maille-taupe-42702\/","name":"Gran Sasso - Polo zipp\u00e9 en maille taupe (42702) - Vousten Sports","isPartOf":{"@id":"https:\/\/www.voustensports.com\/nl\/#website"},"primaryImageOfPage":{"@id":"https:\/\/www.voustensports.com\/fr\/gran-sasso-polo-zippe-en-maille-taupe-42702\/#primaryimage"},"image":{"@id":"https:\/\/www.voustensports.com\/fr\/gran-sasso-polo-zippe-en-maille-taupe-42702\/#primaryimage"},"thumbnailUrl":"https:\/\/www.voustensports.com\/wp-content\/uploads\/2023\/06\/Gran-Sasso-Knit-polo-zip-taupe-42702-1-scaled-1.png","datePublished":"2026-02-25T16:30:33+00:00","dateModified":"2026-03-28T15:42:09+00:00","breadcrumb":{"@id":"https:\/\/www.voustensports.com\/fr\/gran-sasso-polo-zippe-en-maille-taupe-42702\/#breadcrumb"},"inLanguage":"fr-FR","potentialAction":[{"@type":"ReadAction","target":["https:\/\/www.voustensports.com\/fr\/gran-sasso-polo-zippe-en-maille-taupe-42702\/"]}]},{"@type":"ImageObject","inLanguage":"fr-FR","@id":"https:\/\/www.voustensports.com\/fr\/gran-sasso-polo-zippe-en-maille-taupe-42702\/#primaryimage","url":"https:\/\/www.voustensports.com\/wp-content\/uploads\/2023\/06\/Gran-Sasso-Knit-polo-zip-taupe-42702-1-scaled-1.png","contentUrl":"https:\/\/www.voustensports.com\/wp-content\/uploads\/2023\/06\/Gran-Sasso-Knit-polo-zip-taupe-42702-1-scaled-1.png","width":1920,"height":2560},{"@type":"BreadcrumbList","@id":"https:\/\/www.voustensports.com\/fr\/gran-sasso-polo-zippe-en-maille-taupe-42702\/#breadcrumb","itemListElement":[{"@type":"ListItem","position":1,"name":"Home","item":"https:\/\/www.voustensports.com\/fr\/"},{"@type":"ListItem","position":2,"name":"Boutique","item":"https:\/\/www.voustensports.com\/fr\/shop\/"},{"@type":"ListItem","position":3,"name":"Gran Sasso &#8211; Polo zipp\u00e9 en maille taupe (42702)"}]},{"@type":"WebSite","@id":"https:\/\/www.voustensports.com\/nl\/#website","url":"https:\/\/www.voustensports.com\/nl\/","name":"Vousten Sports","description":"","potentialAction":[{"@type":"SearchAction","target":{"@type":"EntryPoint","urlTemplate":"https:\/\/www.voustensports.com\/nl\/?s={search_term_string}"},"query-input":{"@type":"PropertyValueSpecification","valueRequired":true,"valueName":"search_term_string"}}],"inLanguage":"fr-FR"}]}},"_links":{"self":[{"href":"https:\/\/www.voustensports.com\/fr\/wp-json\/wp\/v2\/product\/225638","targetHints":{"allow":["GET"]}}],"collection":[{"href":"https:\/\/www.voustensports.com\/fr\/wp-json\/wp\/v2\/product"}],"about":[{"href":"https:\/\/www.voustensports.com\/fr\/wp-json\/wp\/v2\/types\/product"}],"replies":[{"embeddable":true,"href":"https:\/\/www.voustensports.com\/fr\/wp-json\/wp\/v2\/comments?post=225638"}],"wp:featuredmedia":[{"embeddable":true,"href":"https:\/\/www.voustensports.com\/fr\/wp-json\/wp\/v2\/media\/225630"}],"wp:attachment":[{"href":"https:\/\/www.voustensports.com\/fr\/wp-json\/wp\/v2\/media?parent=225638"}],"wp:term":[{"taxonomy":"product_cat","embeddable":true,"href":"https:\/\/www.voustensports.com\/fr\/wp-json\/wp\/v2\/product_cat?post=225638"},{"taxonomy":"product_tag","embeddable":true,"href":"https:\/\/www.voustensports.com\/fr\/wp-json\/wp\/v2\/product_tag?post=225638"}],"curies":[{"name":"wp","href":"https:\/\/api.w.org\/{rel}","templated":true}]}}