{"id":225570,"date":"2026-02-25T15:23:32","date_gmt":"2026-02-25T14:23:32","guid":{"rendered":"https:\/\/www.voustensports.com\/gran-sasso-zip-integral-en-coton-taupe-42706\/"},"modified":"2026-04-11T12:30:09","modified_gmt":"2026-04-11T10:30:09","slug":"gran-sasso-zip-integral-en-coton-taupe-42706","status":"publish","type":"product","link":"https:\/\/www.voustensports.com\/fr\/gran-sasso-zip-integral-en-coton-taupe-42706\/","title":{"rendered":"Gran Sasso &#8211; Zip int\u00e9gral en coton taupe (42706)"},"content":{"rendered":"<p>Un cardigan en pur coton \u00e0 double fermeture \u00e9clair. Pi\u00e8ce facile \u00e0 porter, id\u00e9ale au bureau avec une chemise \u00e0 manches longues ou un polo, ou pour une tenue d\u00e9contract\u00e9e avec un t-shirt. Coupe classique. Fabriqu\u00e9 en Italie.<\/p>\n<ul>\n<li>100 % COTON<\/li>\n<\/ul>\n","protected":false},"excerpt":{"rendered":"<p>Un cardigan en pur coton \u00e0 double fermeture \u00e9clair. Pi\u00e8ce facile \u00e0 porter, id\u00e9ale au bureau avec une chemise \u00e0 manches longues ou un polo, ou pour une tenue d\u00e9contract\u00e9e avec un t-shirt. Coupe classique. Fabriqu\u00e9 en Italie. 100 % COTON<\/p>\n","protected":false},"featured_media":225558,"comment_status":"open","ping_status":"closed","template":"","meta":{"rank_math_lock_modified_date":false},"product_cat":[446,450,462,677,694,924],"product_tag":[],"class_list":{"0":"post-225570","1":"product","2":"type-product","3":"status-publish","4":"has-post-thumbnail","6":"product_cat-kleding-fr","7":"product_cat-heren-fr","8":"product_cat-vousten-sports-fr-2","9":"product_cat-gilets-fr","10":"product_cat-truien-vesten-fr-2","11":"product_cat-gran-sasso-fr","13":"first","14":"instock","15":"taxable","16":"shipping-taxable","17":"purchasable","18":"product-type-variable"},"acf":[],"yoast_head":"<!-- This site is optimized with the Yoast SEO plugin v23.9 - https:\/\/yoast.com\/wordpress\/plugins\/seo\/ -->\n<title>Gran Sasso - Zip int\u00e9gral en coton taupe (42706) - Vousten Sports<\/title>\n<meta name=\"robots\" content=\"index, follow, max-snippet:-1, max-image-preview:large, max-video-preview:-1\" \/>\n<link rel=\"canonical\" href=\"https:\/\/www.voustensports.com\/fr\/gran-sasso-zip-integral-en-coton-taupe-42706\/\" \/>\n<meta property=\"og:locale\" content=\"fr_FR\" \/>\n<meta property=\"og:type\" content=\"article\" \/>\n<meta property=\"og:title\" content=\"Gran Sasso - Zip int\u00e9gral en coton taupe (42706) - Vousten Sports\" \/>\n<meta property=\"og:description\" content=\"Un cardigan en pur coton \u00e0 double fermeture \u00e9clair. Pi\u00e8ce facile \u00e0 porter, id\u00e9ale au bureau avec une chemise \u00e0 manches longues ou un polo, ou pour une tenue d\u00e9contract\u00e9e avec un t-shirt. Coupe classique. Fabriqu\u00e9 en Italie. 100 % COTON\" \/>\n<meta property=\"og:url\" content=\"https:\/\/www.voustensports.com\/fr\/gran-sasso-zip-integral-en-coton-taupe-42706\/\" \/>\n<meta property=\"og:site_name\" content=\"Vousten Sports\" \/>\n<meta property=\"article:modified_time\" content=\"2026-04-11T10:30:09+00:00\" \/>\n<meta property=\"og:image\" content=\"https:\/\/www.voustensports.com\/wp-content\/uploads\/2023\/06\/Gran-Sasso-Full-zip-in-cotone-taupe-42706-1.jpg\" \/>\n\t<meta property=\"og:image:width\" content=\"1536\" \/>\n\t<meta property=\"og:image:height\" content=\"2048\" \/>\n\t<meta property=\"og:image:type\" content=\"image\/jpeg\" \/>\n<meta name=\"twitter:card\" content=\"summary_large_image\" \/>\n<script type=\"application\/ld+json\" class=\"yoast-schema-graph\">{\"@context\":\"https:\/\/schema.org\",\"@graph\":[{\"@type\":\"WebPage\",\"@id\":\"https:\/\/www.voustensports.com\/fr\/gran-sasso-zip-integral-en-coton-taupe-42706\/\",\"url\":\"https:\/\/www.voustensports.com\/fr\/gran-sasso-zip-integral-en-coton-taupe-42706\/\",\"name\":\"Gran Sasso - Zip int\u00e9gral en coton taupe (42706) - Vousten Sports\",\"isPartOf\":{\"@id\":\"https:\/\/www.voustensports.com\/nl\/#website\"},\"primaryImageOfPage\":{\"@id\":\"https:\/\/www.voustensports.com\/fr\/gran-sasso-zip-integral-en-coton-taupe-42706\/#primaryimage\"},\"image\":{\"@id\":\"https:\/\/www.voustensports.com\/fr\/gran-sasso-zip-integral-en-coton-taupe-42706\/#primaryimage\"},\"thumbnailUrl\":\"https:\/\/www.voustensports.com\/wp-content\/uploads\/2023\/06\/Gran-Sasso-Full-zip-in-cotone-taupe-42706-1.jpg\",\"datePublished\":\"2026-02-25T14:23:32+00:00\",\"dateModified\":\"2026-04-11T10:30:09+00:00\",\"breadcrumb\":{\"@id\":\"https:\/\/www.voustensports.com\/fr\/gran-sasso-zip-integral-en-coton-taupe-42706\/#breadcrumb\"},\"inLanguage\":\"fr-FR\",\"potentialAction\":[{\"@type\":\"ReadAction\",\"target\":[\"https:\/\/www.voustensports.com\/fr\/gran-sasso-zip-integral-en-coton-taupe-42706\/\"]}]},{\"@type\":\"ImageObject\",\"inLanguage\":\"fr-FR\",\"@id\":\"https:\/\/www.voustensports.com\/fr\/gran-sasso-zip-integral-en-coton-taupe-42706\/#primaryimage\",\"url\":\"https:\/\/www.voustensports.com\/wp-content\/uploads\/2023\/06\/Gran-Sasso-Full-zip-in-cotone-taupe-42706-1.jpg\",\"contentUrl\":\"https:\/\/www.voustensports.com\/wp-content\/uploads\/2023\/06\/Gran-Sasso-Full-zip-in-cotone-taupe-42706-1.jpg\",\"width\":1536,\"height\":2048},{\"@type\":\"BreadcrumbList\",\"@id\":\"https:\/\/www.voustensports.com\/fr\/gran-sasso-zip-integral-en-coton-taupe-42706\/#breadcrumb\",\"itemListElement\":[{\"@type\":\"ListItem\",\"position\":1,\"name\":\"Home\",\"item\":\"https:\/\/www.voustensports.com\/fr\/\"},{\"@type\":\"ListItem\",\"position\":2,\"name\":\"Boutique\",\"item\":\"https:\/\/www.voustensports.com\/fr\/shop\/\"},{\"@type\":\"ListItem\",\"position\":3,\"name\":\"Gran Sasso &#8211; Zip int\u00e9gral en coton taupe (42706)\"}]},{\"@type\":\"WebSite\",\"@id\":\"https:\/\/www.voustensports.com\/nl\/#website\",\"url\":\"https:\/\/www.voustensports.com\/nl\/\",\"name\":\"Vousten Sports\",\"description\":\"\",\"potentialAction\":[{\"@type\":\"SearchAction\",\"target\":{\"@type\":\"EntryPoint\",\"urlTemplate\":\"https:\/\/www.voustensports.com\/nl\/?s={search_term_string}\"},\"query-input\":{\"@type\":\"PropertyValueSpecification\",\"valueRequired\":true,\"valueName\":\"search_term_string\"}}],\"inLanguage\":\"fr-FR\"}]}<\/script>\n<!-- \/ Yoast SEO plugin. -->","yoast_head_json":{"title":"Gran Sasso - Zip int\u00e9gral en coton taupe (42706) - Vousten Sports","robots":{"index":"index","follow":"follow","max-snippet":"max-snippet:-1","max-image-preview":"max-image-preview:large","max-video-preview":"max-video-preview:-1"},"canonical":"https:\/\/www.voustensports.com\/fr\/gran-sasso-zip-integral-en-coton-taupe-42706\/","og_locale":"fr_FR","og_type":"article","og_title":"Gran Sasso - Zip int\u00e9gral en coton taupe (42706) - Vousten Sports","og_description":"Un cardigan en pur coton \u00e0 double fermeture \u00e9clair. Pi\u00e8ce facile \u00e0 porter, id\u00e9ale au bureau avec une chemise \u00e0 manches longues ou un polo, ou pour une tenue d\u00e9contract\u00e9e avec un t-shirt. Coupe classique. Fabriqu\u00e9 en Italie. 100 % COTON","og_url":"https:\/\/www.voustensports.com\/fr\/gran-sasso-zip-integral-en-coton-taupe-42706\/","og_site_name":"Vousten Sports","article_modified_time":"2026-04-11T10:30:09+00:00","og_image":[{"width":1536,"height":2048,"url":"https:\/\/www.voustensports.com\/wp-content\/uploads\/2023\/06\/Gran-Sasso-Full-zip-in-cotone-taupe-42706-1.jpg","type":"image\/jpeg"}],"twitter_card":"summary_large_image","schema":{"@context":"https:\/\/schema.org","@graph":[{"@type":"WebPage","@id":"https:\/\/www.voustensports.com\/fr\/gran-sasso-zip-integral-en-coton-taupe-42706\/","url":"https:\/\/www.voustensports.com\/fr\/gran-sasso-zip-integral-en-coton-taupe-42706\/","name":"Gran Sasso - Zip int\u00e9gral en coton taupe (42706) - Vousten Sports","isPartOf":{"@id":"https:\/\/www.voustensports.com\/nl\/#website"},"primaryImageOfPage":{"@id":"https:\/\/www.voustensports.com\/fr\/gran-sasso-zip-integral-en-coton-taupe-42706\/#primaryimage"},"image":{"@id":"https:\/\/www.voustensports.com\/fr\/gran-sasso-zip-integral-en-coton-taupe-42706\/#primaryimage"},"thumbnailUrl":"https:\/\/www.voustensports.com\/wp-content\/uploads\/2023\/06\/Gran-Sasso-Full-zip-in-cotone-taupe-42706-1.jpg","datePublished":"2026-02-25T14:23:32+00:00","dateModified":"2026-04-11T10:30:09+00:00","breadcrumb":{"@id":"https:\/\/www.voustensports.com\/fr\/gran-sasso-zip-integral-en-coton-taupe-42706\/#breadcrumb"},"inLanguage":"fr-FR","potentialAction":[{"@type":"ReadAction","target":["https:\/\/www.voustensports.com\/fr\/gran-sasso-zip-integral-en-coton-taupe-42706\/"]}]},{"@type":"ImageObject","inLanguage":"fr-FR","@id":"https:\/\/www.voustensports.com\/fr\/gran-sasso-zip-integral-en-coton-taupe-42706\/#primaryimage","url":"https:\/\/www.voustensports.com\/wp-content\/uploads\/2023\/06\/Gran-Sasso-Full-zip-in-cotone-taupe-42706-1.jpg","contentUrl":"https:\/\/www.voustensports.com\/wp-content\/uploads\/2023\/06\/Gran-Sasso-Full-zip-in-cotone-taupe-42706-1.jpg","width":1536,"height":2048},{"@type":"BreadcrumbList","@id":"https:\/\/www.voustensports.com\/fr\/gran-sasso-zip-integral-en-coton-taupe-42706\/#breadcrumb","itemListElement":[{"@type":"ListItem","position":1,"name":"Home","item":"https:\/\/www.voustensports.com\/fr\/"},{"@type":"ListItem","position":2,"name":"Boutique","item":"https:\/\/www.voustensports.com\/fr\/shop\/"},{"@type":"ListItem","position":3,"name":"Gran Sasso &#8211; Zip int\u00e9gral en coton taupe (42706)"}]},{"@type":"WebSite","@id":"https:\/\/www.voustensports.com\/nl\/#website","url":"https:\/\/www.voustensports.com\/nl\/","name":"Vousten Sports","description":"","potentialAction":[{"@type":"SearchAction","target":{"@type":"EntryPoint","urlTemplate":"https:\/\/www.voustensports.com\/nl\/?s={search_term_string}"},"query-input":{"@type":"PropertyValueSpecification","valueRequired":true,"valueName":"search_term_string"}}],"inLanguage":"fr-FR"}]}},"_links":{"self":[{"href":"https:\/\/www.voustensports.com\/fr\/wp-json\/wp\/v2\/product\/225570","targetHints":{"allow":["GET"]}}],"collection":[{"href":"https:\/\/www.voustensports.com\/fr\/wp-json\/wp\/v2\/product"}],"about":[{"href":"https:\/\/www.voustensports.com\/fr\/wp-json\/wp\/v2\/types\/product"}],"replies":[{"embeddable":true,"href":"https:\/\/www.voustensports.com\/fr\/wp-json\/wp\/v2\/comments?post=225570"}],"wp:featuredmedia":[{"embeddable":true,"href":"https:\/\/www.voustensports.com\/fr\/wp-json\/wp\/v2\/media\/225558"}],"wp:attachment":[{"href":"https:\/\/www.voustensports.com\/fr\/wp-json\/wp\/v2\/media?parent=225570"}],"wp:term":[{"taxonomy":"product_cat","embeddable":true,"href":"https:\/\/www.voustensports.com\/fr\/wp-json\/wp\/v2\/product_cat?post=225570"},{"taxonomy":"product_tag","embeddable":true,"href":"https:\/\/www.voustensports.com\/fr\/wp-json\/wp\/v2\/product_tag?post=225570"}],"curies":[{"name":"wp","href":"https:\/\/api.w.org\/{rel}","templated":true}]}}