{"id":225540,"date":"2026-02-25T14:22:21","date_gmt":"2026-02-25T13:22:21","guid":{"rendered":"https:\/\/www.voustensports.com\/brams-fruit-fck-off-im-gardening-t-shirt-blanc-casse-42580\/"},"modified":"2026-04-01T14:00:15","modified_gmt":"2026-04-01T12:00:15","slug":"brams-fruit-fck-off-im-gardening-t-shirt-blanc-casse-42580","status":"publish","type":"product","link":"https:\/\/www.voustensports.com\/fr\/brams-fruit-fck-off-im-gardening-t-shirt-blanc-casse-42580\/","title":{"rendered":"BRAM&#8217;S FRUIT &#8211; \u201cF*ck Off I&#8217;m Gardening\u201d T-shirt blanc cass\u00e9 (42580)"},"content":{"rendered":"<div>D\u00c9TAILS DU PRODUIT<\/div>\n<ul>\n<li>Coupe d\u00e9contract\u00e9e<\/li>\n<li>Motif vert \u00ab F*ck Off I&rsquo;m Gardening \u00bb<\/li>\n<li>Col rond c\u00f4tel\u00e9 avec effet us\u00e9<\/li>\n<li>Composition : coton premium lav\u00e9 270 g\/m\u00b2<\/li>\n<\/ul>\n","protected":false},"excerpt":{"rendered":"<p>D\u00c9TAILS DU PRODUIT Coupe d\u00e9contract\u00e9e Motif vert \u00ab F*ck Off I&rsquo;m Gardening \u00bb Col rond c\u00f4tel\u00e9 avec effet us\u00e9 Composition : coton premium lav\u00e9 270 g\/m\u00b2<\/p>\n","protected":false},"featured_media":225516,"comment_status":"open","ping_status":"closed","template":"","meta":{"rank_math_lock_modified_date":false},"product_cat":[486,490,1170,446,450,462],"product_tag":[],"class_list":{"0":"post-225540","1":"product","2":"type-product","3":"status-publish","4":"has-post-thumbnail","6":"product_cat-shirt-fr-2","7":"product_cat-t-shirts-fr-2","8":"product_cat-brams-fruit-fr","9":"product_cat-kleding-fr","10":"product_cat-heren-fr","11":"product_cat-vousten-sports-fr-2","13":"first","14":"instock","15":"taxable","16":"shipping-taxable","17":"purchasable","18":"product-type-variable"},"acf":[],"yoast_head":"<!-- This site is optimized with the Yoast SEO plugin v23.9 - https:\/\/yoast.com\/wordpress\/plugins\/seo\/ -->\n<title>BRAM&#8217;S FRUIT - \u201cF*ck Off I&#8217;m Gardening\u201d T-shirt blanc cass\u00e9 (42580) - Vousten Sports<\/title>\n<meta name=\"robots\" content=\"index, follow, max-snippet:-1, max-image-preview:large, max-video-preview:-1\" \/>\n<link rel=\"canonical\" href=\"https:\/\/www.voustensports.com\/fr\/brams-fruit-fck-off-im-gardening-t-shirt-blanc-casse-42580\/\" \/>\n<meta property=\"og:locale\" content=\"fr_FR\" \/>\n<meta property=\"og:type\" content=\"article\" \/>\n<meta property=\"og:title\" content=\"BRAM&#8217;S FRUIT - \u201cF*ck Off I&#8217;m Gardening\u201d T-shirt blanc cass\u00e9 (42580) - Vousten Sports\" \/>\n<meta property=\"og:description\" content=\"D\u00c9TAILS DU PRODUIT Coupe d\u00e9contract\u00e9e Motif vert \u00ab F*ck Off I&rsquo;m Gardening \u00bb Col rond c\u00f4tel\u00e9 avec effet us\u00e9 Composition : coton premium lav\u00e9 270 g\/m\u00b2\" \/>\n<meta property=\"og:url\" content=\"https:\/\/www.voustensports.com\/fr\/brams-fruit-fck-off-im-gardening-t-shirt-blanc-casse-42580\/\" \/>\n<meta property=\"og:site_name\" content=\"Vousten Sports\" \/>\n<meta property=\"article:modified_time\" content=\"2026-04-01T12:00:15+00:00\" \/>\n<meta property=\"og:image\" content=\"https:\/\/www.voustensports.com\/wp-content\/uploads\/2023\/06\/Fck-Off-Im-Gardening-T-shirt-off-white-425801.jpg\" \/>\n\t<meta property=\"og:image:width\" content=\"2048\" \/>\n\t<meta property=\"og:image:height\" content=\"2048\" \/>\n\t<meta property=\"og:image:type\" content=\"image\/jpeg\" \/>\n<meta name=\"twitter:card\" content=\"summary_large_image\" \/>\n<script type=\"application\/ld+json\" class=\"yoast-schema-graph\">{\"@context\":\"https:\/\/schema.org\",\"@graph\":[{\"@type\":\"WebPage\",\"@id\":\"https:\/\/www.voustensports.com\/fr\/brams-fruit-fck-off-im-gardening-t-shirt-blanc-casse-42580\/\",\"url\":\"https:\/\/www.voustensports.com\/fr\/brams-fruit-fck-off-im-gardening-t-shirt-blanc-casse-42580\/\",\"name\":\"BRAM&#8217;S FRUIT - \u201cF*ck Off I&#8217;m Gardening\u201d T-shirt blanc cass\u00e9 (42580) - Vousten Sports\",\"isPartOf\":{\"@id\":\"https:\/\/www.voustensports.com\/nl\/#website\"},\"primaryImageOfPage\":{\"@id\":\"https:\/\/www.voustensports.com\/fr\/brams-fruit-fck-off-im-gardening-t-shirt-blanc-casse-42580\/#primaryimage\"},\"image\":{\"@id\":\"https:\/\/www.voustensports.com\/fr\/brams-fruit-fck-off-im-gardening-t-shirt-blanc-casse-42580\/#primaryimage\"},\"thumbnailUrl\":\"https:\/\/www.voustensports.com\/wp-content\/uploads\/2023\/06\/Fck-Off-Im-Gardening-T-shirt-off-white-425801.jpg\",\"datePublished\":\"2026-02-25T13:22:21+00:00\",\"dateModified\":\"2026-04-01T12:00:15+00:00\",\"breadcrumb\":{\"@id\":\"https:\/\/www.voustensports.com\/fr\/brams-fruit-fck-off-im-gardening-t-shirt-blanc-casse-42580\/#breadcrumb\"},\"inLanguage\":\"fr-FR\",\"potentialAction\":[{\"@type\":\"ReadAction\",\"target\":[\"https:\/\/www.voustensports.com\/fr\/brams-fruit-fck-off-im-gardening-t-shirt-blanc-casse-42580\/\"]}]},{\"@type\":\"ImageObject\",\"inLanguage\":\"fr-FR\",\"@id\":\"https:\/\/www.voustensports.com\/fr\/brams-fruit-fck-off-im-gardening-t-shirt-blanc-casse-42580\/#primaryimage\",\"url\":\"https:\/\/www.voustensports.com\/wp-content\/uploads\/2023\/06\/Fck-Off-Im-Gardening-T-shirt-off-white-425801.jpg\",\"contentUrl\":\"https:\/\/www.voustensports.com\/wp-content\/uploads\/2023\/06\/Fck-Off-Im-Gardening-T-shirt-off-white-425801.jpg\",\"width\":2048,\"height\":2048},{\"@type\":\"BreadcrumbList\",\"@id\":\"https:\/\/www.voustensports.com\/fr\/brams-fruit-fck-off-im-gardening-t-shirt-blanc-casse-42580\/#breadcrumb\",\"itemListElement\":[{\"@type\":\"ListItem\",\"position\":1,\"name\":\"Home\",\"item\":\"https:\/\/www.voustensports.com\/fr\/\"},{\"@type\":\"ListItem\",\"position\":2,\"name\":\"Boutique\",\"item\":\"https:\/\/www.voustensports.com\/fr\/shop\/\"},{\"@type\":\"ListItem\",\"position\":3,\"name\":\"BRAM&#8217;S FRUIT &#8211; \u201cF*ck Off I&#8217;m Gardening\u201d T-shirt blanc cass\u00e9 (42580)\"}]},{\"@type\":\"WebSite\",\"@id\":\"https:\/\/www.voustensports.com\/nl\/#website\",\"url\":\"https:\/\/www.voustensports.com\/nl\/\",\"name\":\"Vousten Sports\",\"description\":\"\",\"potentialAction\":[{\"@type\":\"SearchAction\",\"target\":{\"@type\":\"EntryPoint\",\"urlTemplate\":\"https:\/\/www.voustensports.com\/nl\/?s={search_term_string}\"},\"query-input\":{\"@type\":\"PropertyValueSpecification\",\"valueRequired\":true,\"valueName\":\"search_term_string\"}}],\"inLanguage\":\"fr-FR\"}]}<\/script>\n<!-- \/ Yoast SEO plugin. -->","yoast_head_json":{"title":"BRAM&#8217;S FRUIT - \u201cF*ck Off I&#8217;m Gardening\u201d T-shirt blanc cass\u00e9 (42580) - Vousten Sports","robots":{"index":"index","follow":"follow","max-snippet":"max-snippet:-1","max-image-preview":"max-image-preview:large","max-video-preview":"max-video-preview:-1"},"canonical":"https:\/\/www.voustensports.com\/fr\/brams-fruit-fck-off-im-gardening-t-shirt-blanc-casse-42580\/","og_locale":"fr_FR","og_type":"article","og_title":"BRAM&#8217;S FRUIT - \u201cF*ck Off I&#8217;m Gardening\u201d T-shirt blanc cass\u00e9 (42580) - Vousten Sports","og_description":"D\u00c9TAILS DU PRODUIT Coupe d\u00e9contract\u00e9e Motif vert \u00ab F*ck Off I&rsquo;m Gardening \u00bb Col rond c\u00f4tel\u00e9 avec effet us\u00e9 Composition : coton premium lav\u00e9 270 g\/m\u00b2","og_url":"https:\/\/www.voustensports.com\/fr\/brams-fruit-fck-off-im-gardening-t-shirt-blanc-casse-42580\/","og_site_name":"Vousten Sports","article_modified_time":"2026-04-01T12:00:15+00:00","og_image":[{"width":2048,"height":2048,"url":"https:\/\/www.voustensports.com\/wp-content\/uploads\/2023\/06\/Fck-Off-Im-Gardening-T-shirt-off-white-425801.jpg","type":"image\/jpeg"}],"twitter_card":"summary_large_image","schema":{"@context":"https:\/\/schema.org","@graph":[{"@type":"WebPage","@id":"https:\/\/www.voustensports.com\/fr\/brams-fruit-fck-off-im-gardening-t-shirt-blanc-casse-42580\/","url":"https:\/\/www.voustensports.com\/fr\/brams-fruit-fck-off-im-gardening-t-shirt-blanc-casse-42580\/","name":"BRAM&#8217;S FRUIT - \u201cF*ck Off I&#8217;m Gardening\u201d T-shirt blanc cass\u00e9 (42580) - Vousten Sports","isPartOf":{"@id":"https:\/\/www.voustensports.com\/nl\/#website"},"primaryImageOfPage":{"@id":"https:\/\/www.voustensports.com\/fr\/brams-fruit-fck-off-im-gardening-t-shirt-blanc-casse-42580\/#primaryimage"},"image":{"@id":"https:\/\/www.voustensports.com\/fr\/brams-fruit-fck-off-im-gardening-t-shirt-blanc-casse-42580\/#primaryimage"},"thumbnailUrl":"https:\/\/www.voustensports.com\/wp-content\/uploads\/2023\/06\/Fck-Off-Im-Gardening-T-shirt-off-white-425801.jpg","datePublished":"2026-02-25T13:22:21+00:00","dateModified":"2026-04-01T12:00:15+00:00","breadcrumb":{"@id":"https:\/\/www.voustensports.com\/fr\/brams-fruit-fck-off-im-gardening-t-shirt-blanc-casse-42580\/#breadcrumb"},"inLanguage":"fr-FR","potentialAction":[{"@type":"ReadAction","target":["https:\/\/www.voustensports.com\/fr\/brams-fruit-fck-off-im-gardening-t-shirt-blanc-casse-42580\/"]}]},{"@type":"ImageObject","inLanguage":"fr-FR","@id":"https:\/\/www.voustensports.com\/fr\/brams-fruit-fck-off-im-gardening-t-shirt-blanc-casse-42580\/#primaryimage","url":"https:\/\/www.voustensports.com\/wp-content\/uploads\/2023\/06\/Fck-Off-Im-Gardening-T-shirt-off-white-425801.jpg","contentUrl":"https:\/\/www.voustensports.com\/wp-content\/uploads\/2023\/06\/Fck-Off-Im-Gardening-T-shirt-off-white-425801.jpg","width":2048,"height":2048},{"@type":"BreadcrumbList","@id":"https:\/\/www.voustensports.com\/fr\/brams-fruit-fck-off-im-gardening-t-shirt-blanc-casse-42580\/#breadcrumb","itemListElement":[{"@type":"ListItem","position":1,"name":"Home","item":"https:\/\/www.voustensports.com\/fr\/"},{"@type":"ListItem","position":2,"name":"Boutique","item":"https:\/\/www.voustensports.com\/fr\/shop\/"},{"@type":"ListItem","position":3,"name":"BRAM&#8217;S FRUIT &#8211; \u201cF*ck Off I&#8217;m Gardening\u201d T-shirt blanc cass\u00e9 (42580)"}]},{"@type":"WebSite","@id":"https:\/\/www.voustensports.com\/nl\/#website","url":"https:\/\/www.voustensports.com\/nl\/","name":"Vousten Sports","description":"","potentialAction":[{"@type":"SearchAction","target":{"@type":"EntryPoint","urlTemplate":"https:\/\/www.voustensports.com\/nl\/?s={search_term_string}"},"query-input":{"@type":"PropertyValueSpecification","valueRequired":true,"valueName":"search_term_string"}}],"inLanguage":"fr-FR"}]}},"_links":{"self":[{"href":"https:\/\/www.voustensports.com\/fr\/wp-json\/wp\/v2\/product\/225540","targetHints":{"allow":["GET"]}}],"collection":[{"href":"https:\/\/www.voustensports.com\/fr\/wp-json\/wp\/v2\/product"}],"about":[{"href":"https:\/\/www.voustensports.com\/fr\/wp-json\/wp\/v2\/types\/product"}],"replies":[{"embeddable":true,"href":"https:\/\/www.voustensports.com\/fr\/wp-json\/wp\/v2\/comments?post=225540"}],"wp:featuredmedia":[{"embeddable":true,"href":"https:\/\/www.voustensports.com\/fr\/wp-json\/wp\/v2\/media\/225516"}],"wp:attachment":[{"href":"https:\/\/www.voustensports.com\/fr\/wp-json\/wp\/v2\/media?parent=225540"}],"wp:term":[{"taxonomy":"product_cat","embeddable":true,"href":"https:\/\/www.voustensports.com\/fr\/wp-json\/wp\/v2\/product_cat?post=225540"},{"taxonomy":"product_tag","embeddable":true,"href":"https:\/\/www.voustensports.com\/fr\/wp-json\/wp\/v2\/product_tag?post=225540"}],"curies":[{"name":"wp","href":"https:\/\/api.w.org\/{rel}","templated":true}]}}