{"id":225325,"date":"2026-02-25T09:09:08","date_gmt":"2026-02-25T08:09:08","guid":{"rendered":"https:\/\/www.voustensports.com\/genti-t-shirt-imprime-plage-blanc-42624\/"},"modified":"2026-04-11T05:21:10","modified_gmt":"2026-04-11T03:21:10","slug":"genti-t-shirt-imprime-plage-blanc-42624","status":"publish","type":"product","link":"https:\/\/www.voustensports.com\/fr\/genti-t-shirt-imprime-plage-blanc-42624\/","title":{"rendered":"GENTI &#8211; T-shirt imprim\u00e9 plage blanc (42624)"},"content":{"rendered":"<div>Ce t-shirt blanc Genti associe une base \u00e9pur\u00e9e \u00e0 un imprim\u00e9 graphique audacieux au dos. Confectionn\u00e9 en 100 % coton pour un confort optimal et une respirabilit\u00e9 exceptionnelle, il arbore un logo discret sur la poitrine et un imprim\u00e9 plage artistique au dos, lui conf\u00e9rant une allure estivale et moderne.<\/div>\n<ul>\n<li>Composition : 100 % coton<\/li>\n<li>Couleur : Blanc<\/li>\n<li>Coupe : Classique<\/li>\n<li>Motif : Imprim\u00e9 plage<\/li>\n<li>Encolure : Ronde<\/li>\n<li>D\u00e9tails : Imprim\u00e9 plage au dos, imprim\u00e9 discret sur la poitrine<\/li>\n<\/ul>\n<div>Un t-shirt contemporain qui allie confort et style avec brio. Id\u00e9al pour affirmer votre personnalit\u00e9 lors d&rsquo;une tenue d\u00e9contract\u00e9e.<\/div>\n<div>Le coton de haute qualit\u00e9 offre une douceur incomparable et un confort optimal tout au long de la journ\u00e9e. L&rsquo;imprim\u00e9, appliqu\u00e9 avec soin, apporte du caract\u00e8re au t-shirt sans alt\u00e9rer le style et les finitions impeccables propres \u00e0 Genti.<\/div>\n","protected":false},"excerpt":{"rendered":"<p>Ce t-shirt blanc Genti associe une base \u00e9pur\u00e9e \u00e0 un imprim\u00e9 graphique audacieux au dos. Confectionn\u00e9 en 100 % coton pour un confort optimal et une respirabilit\u00e9 exceptionnelle, il arbore un logo discret sur la poitrine et un imprim\u00e9 plage artistique au dos, lui conf\u00e9rant une allure estivale et moderne. Composition : 100 % coton [&#8230;]\n","protected":false},"featured_media":225313,"comment_status":"open","ping_status":"closed","template":"","meta":{"rank_math_lock_modified_date":false},"product_cat":[446,450,462,486,490,710],"product_tag":[],"class_list":{"0":"post-225325","1":"product","2":"type-product","3":"status-publish","4":"has-post-thumbnail","6":"product_cat-kleding-fr","7":"product_cat-heren-fr","8":"product_cat-vousten-sports-fr-2","9":"product_cat-shirt-fr-2","10":"product_cat-t-shirts-fr-2","11":"product_cat-genti-fr","13":"first","14":"instock","15":"taxable","16":"shipping-taxable","17":"purchasable","18":"product-type-variable"},"acf":[],"yoast_head":"<!-- This site is optimized with the Yoast SEO plugin v23.9 - https:\/\/yoast.com\/wordpress\/plugins\/seo\/ -->\n<title>GENTI - T-shirt imprim\u00e9 plage blanc (42624) - Vousten Sports<\/title>\n<meta name=\"robots\" content=\"index, follow, max-snippet:-1, max-image-preview:large, max-video-preview:-1\" \/>\n<link rel=\"canonical\" href=\"https:\/\/www.voustensports.com\/fr\/genti-t-shirt-imprime-plage-blanc-42624\/\" \/>\n<meta property=\"og:locale\" content=\"fr_FR\" \/>\n<meta property=\"og:type\" content=\"article\" \/>\n<meta property=\"og:title\" content=\"GENTI - T-shirt imprim\u00e9 plage blanc (42624) - Vousten Sports\" \/>\n<meta property=\"og:description\" content=\"Ce t-shirt blanc Genti associe une base \u00e9pur\u00e9e \u00e0 un imprim\u00e9 graphique audacieux au dos. Confectionn\u00e9 en 100 % coton pour un confort optimal et une respirabilit\u00e9 exceptionnelle, il arbore un logo discret sur la poitrine et un imprim\u00e9 plage artistique au dos, lui conf\u00e9rant une allure estivale et moderne. Composition : 100 % coton [...]\" \/>\n<meta property=\"og:url\" content=\"https:\/\/www.voustensports.com\/fr\/genti-t-shirt-imprime-plage-blanc-42624\/\" \/>\n<meta property=\"og:site_name\" content=\"Vousten Sports\" \/>\n<meta property=\"article:modified_time\" content=\"2026-04-11T03:21:10+00:00\" \/>\n<meta property=\"og:image\" content=\"https:\/\/www.voustensports.com\/wp-content\/uploads\/2023\/06\/T-shirt-Strand-print-wit-426241.jpg\" \/>\n\t<meta property=\"og:image:width\" content=\"1365\" \/>\n\t<meta property=\"og:image:height\" content=\"2048\" \/>\n\t<meta property=\"og:image:type\" content=\"image\/jpeg\" \/>\n<meta name=\"twitter:card\" content=\"summary_large_image\" \/>\n<meta name=\"twitter:label1\" content=\"Est. reading time\" \/>\n\t<meta name=\"twitter:data1\" content=\"1 minute\" \/>\n<script type=\"application\/ld+json\" class=\"yoast-schema-graph\">{\"@context\":\"https:\/\/schema.org\",\"@graph\":[{\"@type\":\"WebPage\",\"@id\":\"https:\/\/www.voustensports.com\/fr\/genti-t-shirt-imprime-plage-blanc-42624\/\",\"url\":\"https:\/\/www.voustensports.com\/fr\/genti-t-shirt-imprime-plage-blanc-42624\/\",\"name\":\"GENTI - T-shirt imprim\u00e9 plage blanc (42624) - Vousten Sports\",\"isPartOf\":{\"@id\":\"https:\/\/www.voustensports.com\/nl\/#website\"},\"primaryImageOfPage\":{\"@id\":\"https:\/\/www.voustensports.com\/fr\/genti-t-shirt-imprime-plage-blanc-42624\/#primaryimage\"},\"image\":{\"@id\":\"https:\/\/www.voustensports.com\/fr\/genti-t-shirt-imprime-plage-blanc-42624\/#primaryimage\"},\"thumbnailUrl\":\"https:\/\/www.voustensports.com\/wp-content\/uploads\/2023\/06\/T-shirt-Strand-print-wit-426241.jpg\",\"datePublished\":\"2026-02-25T08:09:08+00:00\",\"dateModified\":\"2026-04-11T03:21:10+00:00\",\"breadcrumb\":{\"@id\":\"https:\/\/www.voustensports.com\/fr\/genti-t-shirt-imprime-plage-blanc-42624\/#breadcrumb\"},\"inLanguage\":\"fr-FR\",\"potentialAction\":[{\"@type\":\"ReadAction\",\"target\":[\"https:\/\/www.voustensports.com\/fr\/genti-t-shirt-imprime-plage-blanc-42624\/\"]}]},{\"@type\":\"ImageObject\",\"inLanguage\":\"fr-FR\",\"@id\":\"https:\/\/www.voustensports.com\/fr\/genti-t-shirt-imprime-plage-blanc-42624\/#primaryimage\",\"url\":\"https:\/\/www.voustensports.com\/wp-content\/uploads\/2023\/06\/T-shirt-Strand-print-wit-426241.jpg\",\"contentUrl\":\"https:\/\/www.voustensports.com\/wp-content\/uploads\/2023\/06\/T-shirt-Strand-print-wit-426241.jpg\",\"width\":1365,\"height\":2048},{\"@type\":\"BreadcrumbList\",\"@id\":\"https:\/\/www.voustensports.com\/fr\/genti-t-shirt-imprime-plage-blanc-42624\/#breadcrumb\",\"itemListElement\":[{\"@type\":\"ListItem\",\"position\":1,\"name\":\"Home\",\"item\":\"https:\/\/www.voustensports.com\/fr\/\"},{\"@type\":\"ListItem\",\"position\":2,\"name\":\"Boutique\",\"item\":\"https:\/\/www.voustensports.com\/fr\/shop\/\"},{\"@type\":\"ListItem\",\"position\":3,\"name\":\"GENTI &#8211; T-shirt imprim\u00e9 plage blanc (42624)\"}]},{\"@type\":\"WebSite\",\"@id\":\"https:\/\/www.voustensports.com\/nl\/#website\",\"url\":\"https:\/\/www.voustensports.com\/nl\/\",\"name\":\"Vousten Sports\",\"description\":\"\",\"potentialAction\":[{\"@type\":\"SearchAction\",\"target\":{\"@type\":\"EntryPoint\",\"urlTemplate\":\"https:\/\/www.voustensports.com\/nl\/?s={search_term_string}\"},\"query-input\":{\"@type\":\"PropertyValueSpecification\",\"valueRequired\":true,\"valueName\":\"search_term_string\"}}],\"inLanguage\":\"fr-FR\"}]}<\/script>\n<!-- \/ Yoast SEO plugin. -->","yoast_head_json":{"title":"GENTI - T-shirt imprim\u00e9 plage blanc (42624) - Vousten Sports","robots":{"index":"index","follow":"follow","max-snippet":"max-snippet:-1","max-image-preview":"max-image-preview:large","max-video-preview":"max-video-preview:-1"},"canonical":"https:\/\/www.voustensports.com\/fr\/genti-t-shirt-imprime-plage-blanc-42624\/","og_locale":"fr_FR","og_type":"article","og_title":"GENTI - T-shirt imprim\u00e9 plage blanc (42624) - Vousten Sports","og_description":"Ce t-shirt blanc Genti associe une base \u00e9pur\u00e9e \u00e0 un imprim\u00e9 graphique audacieux au dos. Confectionn\u00e9 en 100 % coton pour un confort optimal et une respirabilit\u00e9 exceptionnelle, il arbore un logo discret sur la poitrine et un imprim\u00e9 plage artistique au dos, lui conf\u00e9rant une allure estivale et moderne. Composition : 100 % coton [...]","og_url":"https:\/\/www.voustensports.com\/fr\/genti-t-shirt-imprime-plage-blanc-42624\/","og_site_name":"Vousten Sports","article_modified_time":"2026-04-11T03:21:10+00:00","og_image":[{"width":1365,"height":2048,"url":"https:\/\/www.voustensports.com\/wp-content\/uploads\/2023\/06\/T-shirt-Strand-print-wit-426241.jpg","type":"image\/jpeg"}],"twitter_card":"summary_large_image","twitter_misc":{"Est. reading time":"1 minute"},"schema":{"@context":"https:\/\/schema.org","@graph":[{"@type":"WebPage","@id":"https:\/\/www.voustensports.com\/fr\/genti-t-shirt-imprime-plage-blanc-42624\/","url":"https:\/\/www.voustensports.com\/fr\/genti-t-shirt-imprime-plage-blanc-42624\/","name":"GENTI - T-shirt imprim\u00e9 plage blanc (42624) - Vousten Sports","isPartOf":{"@id":"https:\/\/www.voustensports.com\/nl\/#website"},"primaryImageOfPage":{"@id":"https:\/\/www.voustensports.com\/fr\/genti-t-shirt-imprime-plage-blanc-42624\/#primaryimage"},"image":{"@id":"https:\/\/www.voustensports.com\/fr\/genti-t-shirt-imprime-plage-blanc-42624\/#primaryimage"},"thumbnailUrl":"https:\/\/www.voustensports.com\/wp-content\/uploads\/2023\/06\/T-shirt-Strand-print-wit-426241.jpg","datePublished":"2026-02-25T08:09:08+00:00","dateModified":"2026-04-11T03:21:10+00:00","breadcrumb":{"@id":"https:\/\/www.voustensports.com\/fr\/genti-t-shirt-imprime-plage-blanc-42624\/#breadcrumb"},"inLanguage":"fr-FR","potentialAction":[{"@type":"ReadAction","target":["https:\/\/www.voustensports.com\/fr\/genti-t-shirt-imprime-plage-blanc-42624\/"]}]},{"@type":"ImageObject","inLanguage":"fr-FR","@id":"https:\/\/www.voustensports.com\/fr\/genti-t-shirt-imprime-plage-blanc-42624\/#primaryimage","url":"https:\/\/www.voustensports.com\/wp-content\/uploads\/2023\/06\/T-shirt-Strand-print-wit-426241.jpg","contentUrl":"https:\/\/www.voustensports.com\/wp-content\/uploads\/2023\/06\/T-shirt-Strand-print-wit-426241.jpg","width":1365,"height":2048},{"@type":"BreadcrumbList","@id":"https:\/\/www.voustensports.com\/fr\/genti-t-shirt-imprime-plage-blanc-42624\/#breadcrumb","itemListElement":[{"@type":"ListItem","position":1,"name":"Home","item":"https:\/\/www.voustensports.com\/fr\/"},{"@type":"ListItem","position":2,"name":"Boutique","item":"https:\/\/www.voustensports.com\/fr\/shop\/"},{"@type":"ListItem","position":3,"name":"GENTI &#8211; T-shirt imprim\u00e9 plage blanc (42624)"}]},{"@type":"WebSite","@id":"https:\/\/www.voustensports.com\/nl\/#website","url":"https:\/\/www.voustensports.com\/nl\/","name":"Vousten Sports","description":"","potentialAction":[{"@type":"SearchAction","target":{"@type":"EntryPoint","urlTemplate":"https:\/\/www.voustensports.com\/nl\/?s={search_term_string}"},"query-input":{"@type":"PropertyValueSpecification","valueRequired":true,"valueName":"search_term_string"}}],"inLanguage":"fr-FR"}]}},"_links":{"self":[{"href":"https:\/\/www.voustensports.com\/fr\/wp-json\/wp\/v2\/product\/225325","targetHints":{"allow":["GET"]}}],"collection":[{"href":"https:\/\/www.voustensports.com\/fr\/wp-json\/wp\/v2\/product"}],"about":[{"href":"https:\/\/www.voustensports.com\/fr\/wp-json\/wp\/v2\/types\/product"}],"replies":[{"embeddable":true,"href":"https:\/\/www.voustensports.com\/fr\/wp-json\/wp\/v2\/comments?post=225325"}],"wp:featuredmedia":[{"embeddable":true,"href":"https:\/\/www.voustensports.com\/fr\/wp-json\/wp\/v2\/media\/225313"}],"wp:attachment":[{"href":"https:\/\/www.voustensports.com\/fr\/wp-json\/wp\/v2\/media?parent=225325"}],"wp:term":[{"taxonomy":"product_cat","embeddable":true,"href":"https:\/\/www.voustensports.com\/fr\/wp-json\/wp\/v2\/product_cat?post=225325"},{"taxonomy":"product_tag","embeddable":true,"href":"https:\/\/www.voustensports.com\/fr\/wp-json\/wp\/v2\/product_tag?post=225325"}],"curies":[{"name":"wp","href":"https:\/\/api.w.org\/{rel}","templated":true}]}}