{"id":225159,"date":"2026-02-24T23:46:35","date_gmt":"2026-02-24T22:46:35","guid":{"rendered":"https:\/\/www.voustensports.com\/pal-sweat-a-capuche-zippe-pre-game-bleu-marine-42482\/"},"modified":"2026-02-26T00:45:09","modified_gmt":"2026-02-25T23:45:09","slug":"pal-sweat-a-capuche-zippe-pre-game-bleu-marine-42482","status":"publish","type":"product","link":"https:\/\/www.voustensports.com\/fr\/pal-sweat-a-capuche-zippe-pre-game-bleu-marine-42482\/","title":{"rendered":"PAL &#8211; Sweat \u00e0 capuche zipp\u00e9 Pre Game bleu marine (42482)"},"content":{"rendered":"<div>\n<div>Sweat \u00e0 capuche zipp\u00e9 Pre Game 26<\/div>\n<ul>\n<li>Taille standard<\/li>\n<li>Composition : Coton 550 g\/m\u00b2<\/li>\n<\/ul>\n<\/div>\n<div><\/div>\n<div><\/div>\n<div><\/div>\n<div><\/div>\n<div><\/div>\n<div><\/div>\n<div><\/div>\n<div><\/div>\n<div><\/div>\n<div><\/div>\n<div><\/div>\n<div><\/div>\n<div><\/div>\n<div><\/div>\n<div><\/div>\n<div><\/div>\n<div><\/div>\n<div><\/div>\n<div><\/div>\n","protected":false},"excerpt":{"rendered":"<p>Sweat \u00e0 capuche zipp\u00e9 Pre Game 26 Taille standard Composition : Coton 550 g\/m\u00b2<\/p>\n","protected":false},"featured_media":225151,"comment_status":"open","ping_status":"closed","template":"","meta":{"rank_math_lock_modified_date":false},"product_cat":[677,694,1008,446,450,462],"product_tag":[],"class_list":{"0":"post-225159","1":"product","2":"type-product","3":"status-publish","4":"has-post-thumbnail","6":"product_cat-gilets-fr","7":"product_cat-truien-vesten-fr-2","8":"product_cat-pal-fr","9":"product_cat-kleding-fr","10":"product_cat-heren-fr","11":"product_cat-vousten-sports-fr-2","13":"first","14":"instock","15":"taxable","16":"shipping-taxable","17":"purchasable","18":"product-type-variable"},"acf":[],"yoast_head":"<!-- This site is optimized with the Yoast SEO plugin v23.9 - https:\/\/yoast.com\/wordpress\/plugins\/seo\/ -->\n<title>PAL - Sweat \u00e0 capuche zipp\u00e9 Pre Game bleu marine (42482) - Vousten Sports<\/title>\n<meta name=\"robots\" content=\"index, follow, max-snippet:-1, max-image-preview:large, max-video-preview:-1\" \/>\n<link rel=\"canonical\" href=\"https:\/\/www.voustensports.com\/fr\/pal-sweat-a-capuche-zippe-pre-game-bleu-marine-42482\/\" \/>\n<meta property=\"og:locale\" content=\"fr_FR\" \/>\n<meta property=\"og:type\" content=\"article\" \/>\n<meta property=\"og:title\" content=\"PAL - Sweat \u00e0 capuche zipp\u00e9 Pre Game bleu marine (42482) - Vousten Sports\" \/>\n<meta property=\"og:description\" content=\"Sweat \u00e0 capuche zipp\u00e9 Pre Game 26 Taille standard Composition : Coton 550 g\/m\u00b2\" \/>\n<meta property=\"og:url\" content=\"https:\/\/www.voustensports.com\/fr\/pal-sweat-a-capuche-zippe-pre-game-bleu-marine-42482\/\" \/>\n<meta property=\"og:site_name\" content=\"Vousten Sports\" \/>\n<meta property=\"article:modified_time\" content=\"2026-02-25T23:45:09+00:00\" \/>\n<meta property=\"og:image\" content=\"https:\/\/www.voustensports.com\/wp-content\/uploads\/2023\/06\/Pre-Game-Full-Zip-Hoody-navy-42482-1.jpg\" \/>\n\t<meta property=\"og:image:width\" content=\"2048\" \/>\n\t<meta property=\"og:image:height\" content=\"2048\" \/>\n\t<meta property=\"og:image:type\" content=\"image\/jpeg\" \/>\n<meta name=\"twitter:card\" content=\"summary_large_image\" \/>\n<script type=\"application\/ld+json\" class=\"yoast-schema-graph\">{\"@context\":\"https:\/\/schema.org\",\"@graph\":[{\"@type\":\"WebPage\",\"@id\":\"https:\/\/www.voustensports.com\/fr\/pal-sweat-a-capuche-zippe-pre-game-bleu-marine-42482\/\",\"url\":\"https:\/\/www.voustensports.com\/fr\/pal-sweat-a-capuche-zippe-pre-game-bleu-marine-42482\/\",\"name\":\"PAL - Sweat \u00e0 capuche zipp\u00e9 Pre Game bleu marine (42482) - Vousten Sports\",\"isPartOf\":{\"@id\":\"https:\/\/www.voustensports.com\/nl\/#website\"},\"primaryImageOfPage\":{\"@id\":\"https:\/\/www.voustensports.com\/fr\/pal-sweat-a-capuche-zippe-pre-game-bleu-marine-42482\/#primaryimage\"},\"image\":{\"@id\":\"https:\/\/www.voustensports.com\/fr\/pal-sweat-a-capuche-zippe-pre-game-bleu-marine-42482\/#primaryimage\"},\"thumbnailUrl\":\"https:\/\/www.voustensports.com\/wp-content\/uploads\/2023\/06\/Pre-Game-Full-Zip-Hoody-navy-42482-1.jpg\",\"datePublished\":\"2026-02-24T22:46:35+00:00\",\"dateModified\":\"2026-02-25T23:45:09+00:00\",\"breadcrumb\":{\"@id\":\"https:\/\/www.voustensports.com\/fr\/pal-sweat-a-capuche-zippe-pre-game-bleu-marine-42482\/#breadcrumb\"},\"inLanguage\":\"fr-FR\",\"potentialAction\":[{\"@type\":\"ReadAction\",\"target\":[\"https:\/\/www.voustensports.com\/fr\/pal-sweat-a-capuche-zippe-pre-game-bleu-marine-42482\/\"]}]},{\"@type\":\"ImageObject\",\"inLanguage\":\"fr-FR\",\"@id\":\"https:\/\/www.voustensports.com\/fr\/pal-sweat-a-capuche-zippe-pre-game-bleu-marine-42482\/#primaryimage\",\"url\":\"https:\/\/www.voustensports.com\/wp-content\/uploads\/2023\/06\/Pre-Game-Full-Zip-Hoody-navy-42482-1.jpg\",\"contentUrl\":\"https:\/\/www.voustensports.com\/wp-content\/uploads\/2023\/06\/Pre-Game-Full-Zip-Hoody-navy-42482-1.jpg\",\"width\":2048,\"height\":2048},{\"@type\":\"BreadcrumbList\",\"@id\":\"https:\/\/www.voustensports.com\/fr\/pal-sweat-a-capuche-zippe-pre-game-bleu-marine-42482\/#breadcrumb\",\"itemListElement\":[{\"@type\":\"ListItem\",\"position\":1,\"name\":\"Home\",\"item\":\"https:\/\/www.voustensports.com\/fr\/\"},{\"@type\":\"ListItem\",\"position\":2,\"name\":\"Boutique\",\"item\":\"https:\/\/www.voustensports.com\/fr\/shop\/\"},{\"@type\":\"ListItem\",\"position\":3,\"name\":\"PAL &#8211; Sweat \u00e0 capuche zipp\u00e9 Pre Game bleu marine (42482)\"}]},{\"@type\":\"WebSite\",\"@id\":\"https:\/\/www.voustensports.com\/nl\/#website\",\"url\":\"https:\/\/www.voustensports.com\/nl\/\",\"name\":\"Vousten Sports\",\"description\":\"\",\"potentialAction\":[{\"@type\":\"SearchAction\",\"target\":{\"@type\":\"EntryPoint\",\"urlTemplate\":\"https:\/\/www.voustensports.com\/nl\/?s={search_term_string}\"},\"query-input\":{\"@type\":\"PropertyValueSpecification\",\"valueRequired\":true,\"valueName\":\"search_term_string\"}}],\"inLanguage\":\"fr-FR\"}]}<\/script>\n<!-- \/ Yoast SEO plugin. -->","yoast_head_json":{"title":"PAL - Sweat \u00e0 capuche zipp\u00e9 Pre Game bleu marine (42482) - Vousten Sports","robots":{"index":"index","follow":"follow","max-snippet":"max-snippet:-1","max-image-preview":"max-image-preview:large","max-video-preview":"max-video-preview:-1"},"canonical":"https:\/\/www.voustensports.com\/fr\/pal-sweat-a-capuche-zippe-pre-game-bleu-marine-42482\/","og_locale":"fr_FR","og_type":"article","og_title":"PAL - Sweat \u00e0 capuche zipp\u00e9 Pre Game bleu marine (42482) - Vousten Sports","og_description":"Sweat \u00e0 capuche zipp\u00e9 Pre Game 26 Taille standard Composition : Coton 550 g\/m\u00b2","og_url":"https:\/\/www.voustensports.com\/fr\/pal-sweat-a-capuche-zippe-pre-game-bleu-marine-42482\/","og_site_name":"Vousten Sports","article_modified_time":"2026-02-25T23:45:09+00:00","og_image":[{"width":2048,"height":2048,"url":"https:\/\/www.voustensports.com\/wp-content\/uploads\/2023\/06\/Pre-Game-Full-Zip-Hoody-navy-42482-1.jpg","type":"image\/jpeg"}],"twitter_card":"summary_large_image","schema":{"@context":"https:\/\/schema.org","@graph":[{"@type":"WebPage","@id":"https:\/\/www.voustensports.com\/fr\/pal-sweat-a-capuche-zippe-pre-game-bleu-marine-42482\/","url":"https:\/\/www.voustensports.com\/fr\/pal-sweat-a-capuche-zippe-pre-game-bleu-marine-42482\/","name":"PAL - Sweat \u00e0 capuche zipp\u00e9 Pre Game bleu marine (42482) - Vousten Sports","isPartOf":{"@id":"https:\/\/www.voustensports.com\/nl\/#website"},"primaryImageOfPage":{"@id":"https:\/\/www.voustensports.com\/fr\/pal-sweat-a-capuche-zippe-pre-game-bleu-marine-42482\/#primaryimage"},"image":{"@id":"https:\/\/www.voustensports.com\/fr\/pal-sweat-a-capuche-zippe-pre-game-bleu-marine-42482\/#primaryimage"},"thumbnailUrl":"https:\/\/www.voustensports.com\/wp-content\/uploads\/2023\/06\/Pre-Game-Full-Zip-Hoody-navy-42482-1.jpg","datePublished":"2026-02-24T22:46:35+00:00","dateModified":"2026-02-25T23:45:09+00:00","breadcrumb":{"@id":"https:\/\/www.voustensports.com\/fr\/pal-sweat-a-capuche-zippe-pre-game-bleu-marine-42482\/#breadcrumb"},"inLanguage":"fr-FR","potentialAction":[{"@type":"ReadAction","target":["https:\/\/www.voustensports.com\/fr\/pal-sweat-a-capuche-zippe-pre-game-bleu-marine-42482\/"]}]},{"@type":"ImageObject","inLanguage":"fr-FR","@id":"https:\/\/www.voustensports.com\/fr\/pal-sweat-a-capuche-zippe-pre-game-bleu-marine-42482\/#primaryimage","url":"https:\/\/www.voustensports.com\/wp-content\/uploads\/2023\/06\/Pre-Game-Full-Zip-Hoody-navy-42482-1.jpg","contentUrl":"https:\/\/www.voustensports.com\/wp-content\/uploads\/2023\/06\/Pre-Game-Full-Zip-Hoody-navy-42482-1.jpg","width":2048,"height":2048},{"@type":"BreadcrumbList","@id":"https:\/\/www.voustensports.com\/fr\/pal-sweat-a-capuche-zippe-pre-game-bleu-marine-42482\/#breadcrumb","itemListElement":[{"@type":"ListItem","position":1,"name":"Home","item":"https:\/\/www.voustensports.com\/fr\/"},{"@type":"ListItem","position":2,"name":"Boutique","item":"https:\/\/www.voustensports.com\/fr\/shop\/"},{"@type":"ListItem","position":3,"name":"PAL &#8211; Sweat \u00e0 capuche zipp\u00e9 Pre Game bleu marine (42482)"}]},{"@type":"WebSite","@id":"https:\/\/www.voustensports.com\/nl\/#website","url":"https:\/\/www.voustensports.com\/nl\/","name":"Vousten Sports","description":"","potentialAction":[{"@type":"SearchAction","target":{"@type":"EntryPoint","urlTemplate":"https:\/\/www.voustensports.com\/nl\/?s={search_term_string}"},"query-input":{"@type":"PropertyValueSpecification","valueRequired":true,"valueName":"search_term_string"}}],"inLanguage":"fr-FR"}]}},"_links":{"self":[{"href":"https:\/\/www.voustensports.com\/fr\/wp-json\/wp\/v2\/product\/225159","targetHints":{"allow":["GET"]}}],"collection":[{"href":"https:\/\/www.voustensports.com\/fr\/wp-json\/wp\/v2\/product"}],"about":[{"href":"https:\/\/www.voustensports.com\/fr\/wp-json\/wp\/v2\/types\/product"}],"replies":[{"embeddable":true,"href":"https:\/\/www.voustensports.com\/fr\/wp-json\/wp\/v2\/comments?post=225159"}],"wp:featuredmedia":[{"embeddable":true,"href":"https:\/\/www.voustensports.com\/fr\/wp-json\/wp\/v2\/media\/225151"}],"wp:attachment":[{"href":"https:\/\/www.voustensports.com\/fr\/wp-json\/wp\/v2\/media?parent=225159"}],"wp:term":[{"taxonomy":"product_cat","embeddable":true,"href":"https:\/\/www.voustensports.com\/fr\/wp-json\/wp\/v2\/product_cat?post=225159"},{"taxonomy":"product_tag","embeddable":true,"href":"https:\/\/www.voustensports.com\/fr\/wp-json\/wp\/v2\/product_tag?post=225159"}],"curies":[{"name":"wp","href":"https:\/\/api.w.org\/{rel}","templated":true}]}}