{"id":225091,"date":"2026-02-24T03:21:26","date_gmt":"2026-02-24T02:21:26","guid":{"rendered":"https:\/\/www.voustensports.com\/hogan-femme-baskets-cool-beige-42180\/"},"modified":"2026-04-07T11:09:07","modified_gmt":"2026-04-07T09:09:07","slug":"hogan-femme-baskets-cool-beige-42180","status":"publish","type":"product","link":"https:\/\/www.voustensports.com\/fr\/hogan-femme-baskets-cool-beige-42180\/","title":{"rendered":"HOGAN &#8211; Femme Baskets Cool beige (42180)"},"content":{"rendered":"<div>M\u00e9lange parfait d&rsquo;\u00e9l\u00e9ments r\u00e9tro et de lignes contemporaines, les baskets Hogan Cool se distinguent par leur style sobre et raffin\u00e9. Dot\u00e9es d&rsquo;une languette rembourr\u00e9e, elles pr\u00e9sentent une tige en cuir nappa souple et daim, orn\u00e9e d&rsquo;un H crant\u00e9 sur le c\u00f4t\u00e9. La semelle ext\u00e9rieure reprend le monogramme oblique de la semelle ext\u00e9rieure, tandis que la semelle int\u00e9rieure en mousse \u00e0 m\u00e9moire de forme assure un confort optimal.<\/div>\n<div><\/div>\n<div>D\u00e9tails :<\/div>\n<ul>\n<li>Baskets Femme Hogan Cool<\/li>\n<li>Tige en cuir nappa et daim<\/li>\n<li>H crant\u00e9 sur le c\u00f4t\u00e9<\/li>\n<li>Semelle int\u00e9rieure en mousse \u00e0 m\u00e9moire de forme 8 mm<\/li>\n<li>Semelle ext\u00e9rieure en caoutchouc (TPU)<\/li>\n<li>Hauteur totale : 3,2 cm<\/li>\n<li>Cartes d&rsquo;entretien incluses<\/li>\n<li>Pochette de protection en tissu incluse<\/li>\n<li>Lacets suppl\u00e9mentaires inclus<\/li>\n<\/ul>\n","protected":false},"excerpt":{"rendered":"<p>M\u00e9lange parfait d&rsquo;\u00e9l\u00e9ments r\u00e9tro et de lignes contemporaines, les baskets Hogan Cool se distinguent par leur style sobre et raffin\u00e9. Dot\u00e9es d&rsquo;une languette rembourr\u00e9e, elles pr\u00e9sentent une tige en cuir nappa souple et daim, orn\u00e9e d&rsquo;un H crant\u00e9 sur le c\u00f4t\u00e9. La semelle ext\u00e9rieure reprend le monogramme oblique de la semelle ext\u00e9rieure, tandis que la [&#8230;]\n","protected":false},"featured_media":225071,"comment_status":"open","ping_status":"closed","template":"","meta":{"rank_math_lock_modified_date":false},"product_cat":[522,526,637,887,916,929,446,462,518],"product_tag":[],"class_list":{"0":"post-225091","1":"product","2":"type-product","3":"status-publish","4":"has-post-thumbnail","6":"product_cat-schoenen-fr-2","7":"product_cat-sneakers-fr-2","8":"product_cat-dames-fr","9":"product_cat-damesschoenen-fr","10":"product_cat-veterschoenen-fr","11":"product_cat-lage-sneakers-fr","12":"product_cat-kleding-fr","13":"product_cat-vousten-sports-fr-2","14":"product_cat-hogan-fr","16":"first","17":"instock","18":"taxable","19":"shipping-taxable","20":"purchasable","21":"product-type-variable"},"acf":[],"yoast_head":"<!-- This site is optimized with the Yoast SEO plugin v23.9 - https:\/\/yoast.com\/wordpress\/plugins\/seo\/ -->\n<title>HOGAN - Femme Baskets Cool beige (42180) - Vousten Sports<\/title>\n<meta name=\"robots\" content=\"index, follow, max-snippet:-1, max-image-preview:large, max-video-preview:-1\" \/>\n<link rel=\"canonical\" href=\"https:\/\/www.voustensports.com\/fr\/hogan-femme-baskets-cool-beige-42180\/\" \/>\n<meta property=\"og:locale\" content=\"fr_FR\" \/>\n<meta property=\"og:type\" content=\"article\" \/>\n<meta property=\"og:title\" content=\"HOGAN - Femme Baskets Cool beige (42180) - Vousten Sports\" \/>\n<meta property=\"og:description\" content=\"M\u00e9lange parfait d&rsquo;\u00e9l\u00e9ments r\u00e9tro et de lignes contemporaines, les baskets Hogan Cool se distinguent par leur style sobre et raffin\u00e9. Dot\u00e9es d&rsquo;une languette rembourr\u00e9e, elles pr\u00e9sentent une tige en cuir nappa souple et daim, orn\u00e9e d&rsquo;un H crant\u00e9 sur le c\u00f4t\u00e9. La semelle ext\u00e9rieure reprend le monogramme oblique de la semelle ext\u00e9rieure, tandis que la [...]\" \/>\n<meta property=\"og:url\" content=\"https:\/\/www.voustensports.com\/fr\/hogan-femme-baskets-cool-beige-42180\/\" \/>\n<meta property=\"og:site_name\" content=\"Vousten Sports\" \/>\n<meta property=\"article:modified_time\" content=\"2026-04-07T09:09:07+00:00\" \/>\n<meta property=\"og:image\" content=\"https:\/\/www.voustensports.com\/wp-content\/uploads\/2023\/06\/Dames-Sneakers-Cool-beige-421801.png\" \/>\n\t<meta property=\"og:image:width\" content=\"2000\" \/>\n\t<meta property=\"og:image:height\" content=\"2000\" \/>\n\t<meta property=\"og:image:type\" content=\"image\/png\" \/>\n<meta name=\"twitter:card\" content=\"summary_large_image\" \/>\n<meta name=\"twitter:label1\" content=\"Est. reading time\" \/>\n\t<meta name=\"twitter:data1\" content=\"1 minute\" \/>\n<script type=\"application\/ld+json\" class=\"yoast-schema-graph\">{\"@context\":\"https:\/\/schema.org\",\"@graph\":[{\"@type\":\"WebPage\",\"@id\":\"https:\/\/www.voustensports.com\/fr\/hogan-femme-baskets-cool-beige-42180\/\",\"url\":\"https:\/\/www.voustensports.com\/fr\/hogan-femme-baskets-cool-beige-42180\/\",\"name\":\"HOGAN - Femme Baskets Cool beige (42180) - Vousten Sports\",\"isPartOf\":{\"@id\":\"https:\/\/www.voustensports.com\/nl\/#website\"},\"primaryImageOfPage\":{\"@id\":\"https:\/\/www.voustensports.com\/fr\/hogan-femme-baskets-cool-beige-42180\/#primaryimage\"},\"image\":{\"@id\":\"https:\/\/www.voustensports.com\/fr\/hogan-femme-baskets-cool-beige-42180\/#primaryimage\"},\"thumbnailUrl\":\"https:\/\/www.voustensports.com\/wp-content\/uploads\/2023\/06\/Dames-Sneakers-Cool-beige-421801.png\",\"datePublished\":\"2026-02-24T02:21:26+00:00\",\"dateModified\":\"2026-04-07T09:09:07+00:00\",\"breadcrumb\":{\"@id\":\"https:\/\/www.voustensports.com\/fr\/hogan-femme-baskets-cool-beige-42180\/#breadcrumb\"},\"inLanguage\":\"fr-FR\",\"potentialAction\":[{\"@type\":\"ReadAction\",\"target\":[\"https:\/\/www.voustensports.com\/fr\/hogan-femme-baskets-cool-beige-42180\/\"]}]},{\"@type\":\"ImageObject\",\"inLanguage\":\"fr-FR\",\"@id\":\"https:\/\/www.voustensports.com\/fr\/hogan-femme-baskets-cool-beige-42180\/#primaryimage\",\"url\":\"https:\/\/www.voustensports.com\/wp-content\/uploads\/2023\/06\/Dames-Sneakers-Cool-beige-421801.png\",\"contentUrl\":\"https:\/\/www.voustensports.com\/wp-content\/uploads\/2023\/06\/Dames-Sneakers-Cool-beige-421801.png\",\"width\":2000,\"height\":2000},{\"@type\":\"BreadcrumbList\",\"@id\":\"https:\/\/www.voustensports.com\/fr\/hogan-femme-baskets-cool-beige-42180\/#breadcrumb\",\"itemListElement\":[{\"@type\":\"ListItem\",\"position\":1,\"name\":\"Home\",\"item\":\"https:\/\/www.voustensports.com\/fr\/\"},{\"@type\":\"ListItem\",\"position\":2,\"name\":\"Boutique\",\"item\":\"https:\/\/www.voustensports.com\/fr\/shop\/\"},{\"@type\":\"ListItem\",\"position\":3,\"name\":\"HOGAN &#8211; Femme Baskets Cool beige (42180)\"}]},{\"@type\":\"WebSite\",\"@id\":\"https:\/\/www.voustensports.com\/nl\/#website\",\"url\":\"https:\/\/www.voustensports.com\/nl\/\",\"name\":\"Vousten Sports\",\"description\":\"\",\"potentialAction\":[{\"@type\":\"SearchAction\",\"target\":{\"@type\":\"EntryPoint\",\"urlTemplate\":\"https:\/\/www.voustensports.com\/nl\/?s={search_term_string}\"},\"query-input\":{\"@type\":\"PropertyValueSpecification\",\"valueRequired\":true,\"valueName\":\"search_term_string\"}}],\"inLanguage\":\"fr-FR\"}]}<\/script>\n<!-- \/ Yoast SEO plugin. -->","yoast_head_json":{"title":"HOGAN - Femme Baskets Cool beige (42180) - Vousten Sports","robots":{"index":"index","follow":"follow","max-snippet":"max-snippet:-1","max-image-preview":"max-image-preview:large","max-video-preview":"max-video-preview:-1"},"canonical":"https:\/\/www.voustensports.com\/fr\/hogan-femme-baskets-cool-beige-42180\/","og_locale":"fr_FR","og_type":"article","og_title":"HOGAN - Femme Baskets Cool beige (42180) - Vousten Sports","og_description":"M\u00e9lange parfait d&rsquo;\u00e9l\u00e9ments r\u00e9tro et de lignes contemporaines, les baskets Hogan Cool se distinguent par leur style sobre et raffin\u00e9. Dot\u00e9es d&rsquo;une languette rembourr\u00e9e, elles pr\u00e9sentent une tige en cuir nappa souple et daim, orn\u00e9e d&rsquo;un H crant\u00e9 sur le c\u00f4t\u00e9. La semelle ext\u00e9rieure reprend le monogramme oblique de la semelle ext\u00e9rieure, tandis que la [...]","og_url":"https:\/\/www.voustensports.com\/fr\/hogan-femme-baskets-cool-beige-42180\/","og_site_name":"Vousten Sports","article_modified_time":"2026-04-07T09:09:07+00:00","og_image":[{"width":2000,"height":2000,"url":"https:\/\/www.voustensports.com\/wp-content\/uploads\/2023\/06\/Dames-Sneakers-Cool-beige-421801.png","type":"image\/png"}],"twitter_card":"summary_large_image","twitter_misc":{"Est. reading time":"1 minute"},"schema":{"@context":"https:\/\/schema.org","@graph":[{"@type":"WebPage","@id":"https:\/\/www.voustensports.com\/fr\/hogan-femme-baskets-cool-beige-42180\/","url":"https:\/\/www.voustensports.com\/fr\/hogan-femme-baskets-cool-beige-42180\/","name":"HOGAN - Femme Baskets Cool beige (42180) - Vousten Sports","isPartOf":{"@id":"https:\/\/www.voustensports.com\/nl\/#website"},"primaryImageOfPage":{"@id":"https:\/\/www.voustensports.com\/fr\/hogan-femme-baskets-cool-beige-42180\/#primaryimage"},"image":{"@id":"https:\/\/www.voustensports.com\/fr\/hogan-femme-baskets-cool-beige-42180\/#primaryimage"},"thumbnailUrl":"https:\/\/www.voustensports.com\/wp-content\/uploads\/2023\/06\/Dames-Sneakers-Cool-beige-421801.png","datePublished":"2026-02-24T02:21:26+00:00","dateModified":"2026-04-07T09:09:07+00:00","breadcrumb":{"@id":"https:\/\/www.voustensports.com\/fr\/hogan-femme-baskets-cool-beige-42180\/#breadcrumb"},"inLanguage":"fr-FR","potentialAction":[{"@type":"ReadAction","target":["https:\/\/www.voustensports.com\/fr\/hogan-femme-baskets-cool-beige-42180\/"]}]},{"@type":"ImageObject","inLanguage":"fr-FR","@id":"https:\/\/www.voustensports.com\/fr\/hogan-femme-baskets-cool-beige-42180\/#primaryimage","url":"https:\/\/www.voustensports.com\/wp-content\/uploads\/2023\/06\/Dames-Sneakers-Cool-beige-421801.png","contentUrl":"https:\/\/www.voustensports.com\/wp-content\/uploads\/2023\/06\/Dames-Sneakers-Cool-beige-421801.png","width":2000,"height":2000},{"@type":"BreadcrumbList","@id":"https:\/\/www.voustensports.com\/fr\/hogan-femme-baskets-cool-beige-42180\/#breadcrumb","itemListElement":[{"@type":"ListItem","position":1,"name":"Home","item":"https:\/\/www.voustensports.com\/fr\/"},{"@type":"ListItem","position":2,"name":"Boutique","item":"https:\/\/www.voustensports.com\/fr\/shop\/"},{"@type":"ListItem","position":3,"name":"HOGAN &#8211; Femme Baskets Cool beige (42180)"}]},{"@type":"WebSite","@id":"https:\/\/www.voustensports.com\/nl\/#website","url":"https:\/\/www.voustensports.com\/nl\/","name":"Vousten Sports","description":"","potentialAction":[{"@type":"SearchAction","target":{"@type":"EntryPoint","urlTemplate":"https:\/\/www.voustensports.com\/nl\/?s={search_term_string}"},"query-input":{"@type":"PropertyValueSpecification","valueRequired":true,"valueName":"search_term_string"}}],"inLanguage":"fr-FR"}]}},"_links":{"self":[{"href":"https:\/\/www.voustensports.com\/fr\/wp-json\/wp\/v2\/product\/225091","targetHints":{"allow":["GET"]}}],"collection":[{"href":"https:\/\/www.voustensports.com\/fr\/wp-json\/wp\/v2\/product"}],"about":[{"href":"https:\/\/www.voustensports.com\/fr\/wp-json\/wp\/v2\/types\/product"}],"replies":[{"embeddable":true,"href":"https:\/\/www.voustensports.com\/fr\/wp-json\/wp\/v2\/comments?post=225091"}],"wp:featuredmedia":[{"embeddable":true,"href":"https:\/\/www.voustensports.com\/fr\/wp-json\/wp\/v2\/media\/225071"}],"wp:attachment":[{"href":"https:\/\/www.voustensports.com\/fr\/wp-json\/wp\/v2\/media?parent=225091"}],"wp:term":[{"taxonomy":"product_cat","embeddable":true,"href":"https:\/\/www.voustensports.com\/fr\/wp-json\/wp\/v2\/product_cat?post=225091"},{"taxonomy":"product_tag","embeddable":true,"href":"https:\/\/www.voustensports.com\/fr\/wp-json\/wp\/v2\/product_tag?post=225091"}],"curies":[{"name":"wp","href":"https:\/\/api.w.org\/{rel}","templated":true}]}}