{"id":225050,"date":"2026-02-23T16:09:06","date_gmt":"2026-02-23T15:09:06","guid":{"rendered":"https:\/\/www.voustensports.com\/valenza-polo-zippe-gris-plomb-42654\/"},"modified":"2026-02-23T17:51:08","modified_gmt":"2026-02-23T16:51:08","slug":"valenza-polo-zippe-gris-plomb-42654","status":"publish","type":"product","link":"https:\/\/www.voustensports.com\/fr\/valenza-polo-zippe-gris-plomb-42654\/","title":{"rendered":"VALENZA &#8211; Polo zipp\u00e9 gris plomb (42654)"},"content":{"rendered":"<ul>\n<li>Coupe ajust\u00e9e<\/li>\n<li>Manches courtes<\/li>\n<li>Col zipp\u00e9<\/li>\n<li>Tissu\u00a0: Coton Supima interlock<\/li>\n<li>Fabriqu\u00e9 en Italie<\/li>\n<li>Composition\u00a0: 100\u00a0% coton<\/li>\n<li>Grammage\u00a0: 190\u00a0g\/m\u00b2<\/li>\n<li>\u00c9tiquettes en coton recycl\u00e9<\/li>\n<li>\u00c9tiquettes volantes en papier recycl\u00e9<\/li>\n<li>Fermeture\u00a0: Fermeture \u00e9clair et tirette en m\u00e9tal<\/li>\n<li>Produit dans les Marches, en Italie. Certifi\u00e9 100\u00a0% Made in Italy. Toutes les \u00e9tapes de la production de ce polo ont \u00e9t\u00e9 r\u00e9alis\u00e9es dans les Marches, en Italie, selon des m\u00e9thodes artisanales.<\/li>\n<\/ul>\n","protected":false},"excerpt":{"rendered":"<p>Coupe ajust\u00e9e Manches courtes Col zipp\u00e9 Tissu\u00a0: Coton Supima interlock Fabriqu\u00e9 en Italie Composition\u00a0: 100\u00a0% coton Grammage\u00a0: 190\u00a0g\/m\u00b2 \u00c9tiquettes en coton recycl\u00e9 \u00c9tiquettes volantes en papier recycl\u00e9 Fermeture\u00a0: Fermeture \u00e9clair et tirette en m\u00e9tal Produit dans les Marches, en Italie. Certifi\u00e9 100\u00a0% Made in Italy. Toutes les \u00e9tapes de la production de ce polo ont [&#8230;]\n","protected":false},"featured_media":225042,"comment_status":"open","ping_status":"closed","template":"","meta":{"rank_math_lock_modified_date":false},"product_cat":[478,778,446,450,462],"product_tag":[],"class_list":{"0":"post-225050","1":"product","2":"type-product","3":"status-publish","4":"has-post-thumbnail","6":"product_cat-polos-fr-2","7":"product_cat-valenza-fr","8":"product_cat-kleding-fr","9":"product_cat-heren-fr","10":"product_cat-vousten-sports-fr-2","12":"first","13":"instock","14":"taxable","15":"shipping-taxable","16":"purchasable","17":"product-type-variable"},"acf":[],"yoast_head":"<!-- This site is optimized with the Yoast SEO plugin v23.9 - https:\/\/yoast.com\/wordpress\/plugins\/seo\/ -->\n<title>VALENZA - Polo zipp\u00e9 gris plomb (42654) - Vousten Sports<\/title>\n<meta name=\"robots\" content=\"index, follow, max-snippet:-1, max-image-preview:large, max-video-preview:-1\" \/>\n<link rel=\"canonical\" href=\"https:\/\/www.voustensports.com\/fr\/valenza-polo-zippe-gris-plomb-42654\/\" \/>\n<meta property=\"og:locale\" content=\"fr_FR\" \/>\n<meta property=\"og:type\" content=\"article\" \/>\n<meta property=\"og:title\" content=\"VALENZA - Polo zipp\u00e9 gris plomb (42654) - Vousten Sports\" \/>\n<meta property=\"og:description\" content=\"Coupe ajust\u00e9e Manches courtes Col zipp\u00e9 Tissu\u00a0: Coton Supima interlock Fabriqu\u00e9 en Italie Composition\u00a0: 100\u00a0% coton Grammage\u00a0: 190\u00a0g\/m\u00b2 \u00c9tiquettes en coton recycl\u00e9 \u00c9tiquettes volantes en papier recycl\u00e9 Fermeture\u00a0: Fermeture \u00e9clair et tirette en m\u00e9tal Produit dans les Marches, en Italie. Certifi\u00e9 100\u00a0% Made in Italy. Toutes les \u00e9tapes de la production de ce polo ont [...]\" \/>\n<meta property=\"og:url\" content=\"https:\/\/www.voustensports.com\/fr\/valenza-polo-zippe-gris-plomb-42654\/\" \/>\n<meta property=\"og:site_name\" content=\"Vousten Sports\" \/>\n<meta property=\"article:modified_time\" content=\"2026-02-23T16:51:08+00:00\" \/>\n<meta property=\"og:image\" content=\"https:\/\/www.voustensports.com\/wp-content\/uploads\/2023\/06\/VALENZA-Polo-Zip-Lead-Grey-42654-1.jpg\" \/>\n\t<meta property=\"og:image:width\" content=\"1365\" \/>\n\t<meta property=\"og:image:height\" content=\"2048\" \/>\n\t<meta property=\"og:image:type\" content=\"image\/jpeg\" \/>\n<meta name=\"twitter:card\" content=\"summary_large_image\" \/>\n<script type=\"application\/ld+json\" class=\"yoast-schema-graph\">{\"@context\":\"https:\/\/schema.org\",\"@graph\":[{\"@type\":\"WebPage\",\"@id\":\"https:\/\/www.voustensports.com\/fr\/valenza-polo-zippe-gris-plomb-42654\/\",\"url\":\"https:\/\/www.voustensports.com\/fr\/valenza-polo-zippe-gris-plomb-42654\/\",\"name\":\"VALENZA - Polo zipp\u00e9 gris plomb (42654) - Vousten Sports\",\"isPartOf\":{\"@id\":\"https:\/\/www.voustensports.com\/nl\/#website\"},\"primaryImageOfPage\":{\"@id\":\"https:\/\/www.voustensports.com\/fr\/valenza-polo-zippe-gris-plomb-42654\/#primaryimage\"},\"image\":{\"@id\":\"https:\/\/www.voustensports.com\/fr\/valenza-polo-zippe-gris-plomb-42654\/#primaryimage\"},\"thumbnailUrl\":\"https:\/\/www.voustensports.com\/wp-content\/uploads\/2023\/06\/VALENZA-Polo-Zip-Lead-Grey-42654-1.jpg\",\"datePublished\":\"2026-02-23T15:09:06+00:00\",\"dateModified\":\"2026-02-23T16:51:08+00:00\",\"breadcrumb\":{\"@id\":\"https:\/\/www.voustensports.com\/fr\/valenza-polo-zippe-gris-plomb-42654\/#breadcrumb\"},\"inLanguage\":\"fr-FR\",\"potentialAction\":[{\"@type\":\"ReadAction\",\"target\":[\"https:\/\/www.voustensports.com\/fr\/valenza-polo-zippe-gris-plomb-42654\/\"]}]},{\"@type\":\"ImageObject\",\"inLanguage\":\"fr-FR\",\"@id\":\"https:\/\/www.voustensports.com\/fr\/valenza-polo-zippe-gris-plomb-42654\/#primaryimage\",\"url\":\"https:\/\/www.voustensports.com\/wp-content\/uploads\/2023\/06\/VALENZA-Polo-Zip-Lead-Grey-42654-1.jpg\",\"contentUrl\":\"https:\/\/www.voustensports.com\/wp-content\/uploads\/2023\/06\/VALENZA-Polo-Zip-Lead-Grey-42654-1.jpg\",\"width\":1365,\"height\":2048},{\"@type\":\"BreadcrumbList\",\"@id\":\"https:\/\/www.voustensports.com\/fr\/valenza-polo-zippe-gris-plomb-42654\/#breadcrumb\",\"itemListElement\":[{\"@type\":\"ListItem\",\"position\":1,\"name\":\"Home\",\"item\":\"https:\/\/www.voustensports.com\/fr\/\"},{\"@type\":\"ListItem\",\"position\":2,\"name\":\"Boutique\",\"item\":\"https:\/\/www.voustensports.com\/fr\/shop\/\"},{\"@type\":\"ListItem\",\"position\":3,\"name\":\"VALENZA &#8211; Polo zipp\u00e9 gris plomb (42654)\"}]},{\"@type\":\"WebSite\",\"@id\":\"https:\/\/www.voustensports.com\/nl\/#website\",\"url\":\"https:\/\/www.voustensports.com\/nl\/\",\"name\":\"Vousten Sports\",\"description\":\"\",\"potentialAction\":[{\"@type\":\"SearchAction\",\"target\":{\"@type\":\"EntryPoint\",\"urlTemplate\":\"https:\/\/www.voustensports.com\/nl\/?s={search_term_string}\"},\"query-input\":{\"@type\":\"PropertyValueSpecification\",\"valueRequired\":true,\"valueName\":\"search_term_string\"}}],\"inLanguage\":\"fr-FR\"}]}<\/script>\n<!-- \/ Yoast SEO plugin. -->","yoast_head_json":{"title":"VALENZA - Polo zipp\u00e9 gris plomb (42654) - Vousten Sports","robots":{"index":"index","follow":"follow","max-snippet":"max-snippet:-1","max-image-preview":"max-image-preview:large","max-video-preview":"max-video-preview:-1"},"canonical":"https:\/\/www.voustensports.com\/fr\/valenza-polo-zippe-gris-plomb-42654\/","og_locale":"fr_FR","og_type":"article","og_title":"VALENZA - Polo zipp\u00e9 gris plomb (42654) - Vousten Sports","og_description":"Coupe ajust\u00e9e Manches courtes Col zipp\u00e9 Tissu\u00a0: Coton Supima interlock Fabriqu\u00e9 en Italie Composition\u00a0: 100\u00a0% coton Grammage\u00a0: 190\u00a0g\/m\u00b2 \u00c9tiquettes en coton recycl\u00e9 \u00c9tiquettes volantes en papier recycl\u00e9 Fermeture\u00a0: Fermeture \u00e9clair et tirette en m\u00e9tal Produit dans les Marches, en Italie. Certifi\u00e9 100\u00a0% Made in Italy. Toutes les \u00e9tapes de la production de ce polo ont [...]","og_url":"https:\/\/www.voustensports.com\/fr\/valenza-polo-zippe-gris-plomb-42654\/","og_site_name":"Vousten Sports","article_modified_time":"2026-02-23T16:51:08+00:00","og_image":[{"width":1365,"height":2048,"url":"https:\/\/www.voustensports.com\/wp-content\/uploads\/2023\/06\/VALENZA-Polo-Zip-Lead-Grey-42654-1.jpg","type":"image\/jpeg"}],"twitter_card":"summary_large_image","schema":{"@context":"https:\/\/schema.org","@graph":[{"@type":"WebPage","@id":"https:\/\/www.voustensports.com\/fr\/valenza-polo-zippe-gris-plomb-42654\/","url":"https:\/\/www.voustensports.com\/fr\/valenza-polo-zippe-gris-plomb-42654\/","name":"VALENZA - Polo zipp\u00e9 gris plomb (42654) - Vousten Sports","isPartOf":{"@id":"https:\/\/www.voustensports.com\/nl\/#website"},"primaryImageOfPage":{"@id":"https:\/\/www.voustensports.com\/fr\/valenza-polo-zippe-gris-plomb-42654\/#primaryimage"},"image":{"@id":"https:\/\/www.voustensports.com\/fr\/valenza-polo-zippe-gris-plomb-42654\/#primaryimage"},"thumbnailUrl":"https:\/\/www.voustensports.com\/wp-content\/uploads\/2023\/06\/VALENZA-Polo-Zip-Lead-Grey-42654-1.jpg","datePublished":"2026-02-23T15:09:06+00:00","dateModified":"2026-02-23T16:51:08+00:00","breadcrumb":{"@id":"https:\/\/www.voustensports.com\/fr\/valenza-polo-zippe-gris-plomb-42654\/#breadcrumb"},"inLanguage":"fr-FR","potentialAction":[{"@type":"ReadAction","target":["https:\/\/www.voustensports.com\/fr\/valenza-polo-zippe-gris-plomb-42654\/"]}]},{"@type":"ImageObject","inLanguage":"fr-FR","@id":"https:\/\/www.voustensports.com\/fr\/valenza-polo-zippe-gris-plomb-42654\/#primaryimage","url":"https:\/\/www.voustensports.com\/wp-content\/uploads\/2023\/06\/VALENZA-Polo-Zip-Lead-Grey-42654-1.jpg","contentUrl":"https:\/\/www.voustensports.com\/wp-content\/uploads\/2023\/06\/VALENZA-Polo-Zip-Lead-Grey-42654-1.jpg","width":1365,"height":2048},{"@type":"BreadcrumbList","@id":"https:\/\/www.voustensports.com\/fr\/valenza-polo-zippe-gris-plomb-42654\/#breadcrumb","itemListElement":[{"@type":"ListItem","position":1,"name":"Home","item":"https:\/\/www.voustensports.com\/fr\/"},{"@type":"ListItem","position":2,"name":"Boutique","item":"https:\/\/www.voustensports.com\/fr\/shop\/"},{"@type":"ListItem","position":3,"name":"VALENZA &#8211; Polo zipp\u00e9 gris plomb (42654)"}]},{"@type":"WebSite","@id":"https:\/\/www.voustensports.com\/nl\/#website","url":"https:\/\/www.voustensports.com\/nl\/","name":"Vousten Sports","description":"","potentialAction":[{"@type":"SearchAction","target":{"@type":"EntryPoint","urlTemplate":"https:\/\/www.voustensports.com\/nl\/?s={search_term_string}"},"query-input":{"@type":"PropertyValueSpecification","valueRequired":true,"valueName":"search_term_string"}}],"inLanguage":"fr-FR"}]}},"_links":{"self":[{"href":"https:\/\/www.voustensports.com\/fr\/wp-json\/wp\/v2\/product\/225050","targetHints":{"allow":["GET"]}}],"collection":[{"href":"https:\/\/www.voustensports.com\/fr\/wp-json\/wp\/v2\/product"}],"about":[{"href":"https:\/\/www.voustensports.com\/fr\/wp-json\/wp\/v2\/types\/product"}],"replies":[{"embeddable":true,"href":"https:\/\/www.voustensports.com\/fr\/wp-json\/wp\/v2\/comments?post=225050"}],"wp:featuredmedia":[{"embeddable":true,"href":"https:\/\/www.voustensports.com\/fr\/wp-json\/wp\/v2\/media\/225042"}],"wp:attachment":[{"href":"https:\/\/www.voustensports.com\/fr\/wp-json\/wp\/v2\/media?parent=225050"}],"wp:term":[{"taxonomy":"product_cat","embeddable":true,"href":"https:\/\/www.voustensports.com\/fr\/wp-json\/wp\/v2\/product_cat?post=225050"},{"taxonomy":"product_tag","embeddable":true,"href":"https:\/\/www.voustensports.com\/fr\/wp-json\/wp\/v2\/product_tag?post=225050"}],"curies":[{"name":"wp","href":"https:\/\/api.w.org\/{rel}","templated":true}]}}